{"id":5922,"date":"2024-01-26T12:46:39","date_gmt":"2024-01-26T11:46:39","guid":{"rendered":"https:\/\/schupp.ch\/p\/fils-de-commutation-nomex\/"},"modified":"2025-12-06T12:38:20","modified_gmt":"2025-12-06T11:38:20","slug":"fils-de-commutation-nomex","status":"publish","type":"product","link":"https:\/\/schupp.ch\/fr\/p\/fils-de-commutation-nomex\/","title":{"rendered":"Fils souples Nomex"},"content":{"rendered":"<p>&nbsp;<\/p>\n<h5>Properi\u00e9t\u00e9s<\/h5>\n<p>&nbsp;<\/p>\n<p><strong>Mat\u00e9riaux:<\/strong><\/p>\n<ul>\n<li>conducteur en cuivre \u00e9tam\u00e9<\/li>\n<li>Film polyester<\/li>\n<li>Bande Nomex<\/li>\n<li>Fil polyester avec vernis polyur\u00e9thane<\/li>\n<\/ul>\n<p><strong>Classe de temp\u00e9rature :<br \/>\n<\/strong>F (155\u00b0C), \u00e0 court terme jusqu&rsquo;\u00e0 180\u00b0C<\/p>\n<p><strong>Caract\u00e9ristiques techniques :<br \/>\n<\/strong>Tension d&rsquo;essai : 2000 V<br \/>\nTension de service : 500 V<br \/>\nR\u00e9sistance di\u00e9lectrique : 4 kV Haute r\u00e9sistance m\u00e9canique<br \/>\nBonne compatibilit\u00e9 avec tous les produits d&rsquo;impr\u00e9gnation courants<br \/>\nLargement compatible avec le fr\u00e9on<\/p>\n<p><strong>Conditionnement :<br \/>\n<\/strong>0,25 &#8211; 1,50 mm2 Anneaux de 100 m\u00e8tres<br \/>\n2,50 &#8211; 35,00 mm2 Anneaux de 50 m\u00e8tres<br \/>\n\u00e0 partir de 50 mm2 Anneaux de 25 m\u00e8tres<\/p>\n<p>&nbsp;<\/p>\n<p><strong>Dimensions et donn\u00e9es techniques:<\/strong><\/p>\n<table>\n<tbody>\n<tr>\n<td rowspan=\"3\" width=\"94\"><strong>Num\u00e9ro principal<\/strong><\/td>\n<td colspan=\"2\" width=\"126\">Conducteur en cuivre<\/td>\n<td colspan=\"2\" width=\"118\">Isolation<\/td>\n<td width=\"59\">Poids total<\/td>\n<td colspan=\"7\" width=\"236\">Couleur de base blanc avec fils d&rsquo;identification color\u00e9s<\/td>\n<\/tr>\n<tr>\n<td width=\"58\">Coupe transversale<\/td>\n<td width=\"68\">Nombre de fils x \u00d8 nominal<\/td>\n<td width=\"59\">\u00d8 nominal<\/td>\n<td width=\"59\">\u00d8 ext\u00e9rieur<\/td>\n<td width=\"59\"><\/td>\n<td rowspan=\"2\" width=\"31\">RT<\/td>\n<td rowspan=\"2\" width=\"30\">BL<\/td>\n<td rowspan=\"2\" width=\"32\">SW<\/td>\n<td rowspan=\"2\" width=\"37\">WS<\/td>\n<td rowspan=\"2\" width=\"33\">GN<\/td>\n<td rowspan=\"2\" width=\"34\">GE<\/td>\n<td rowspan=\"2\" width=\"40\">BR<\/td>\n<\/tr>\n<tr>\n<td width=\"58\">[mm2]<\/td>\n<td width=\"68\">[mm]<\/td>\n<td width=\"59\">[mm]<\/td>\n<td width=\"59\">[mm]<\/td>\n<td width=\"59\">[kg\/km]<\/td>\n<\/tr>\n<tr>\n<td width=\"94\"><strong>SLNO0025<\/strong><\/td>\n<td width=\"58\">0,25<\/td>\n<td width=\"68\">14 x 0,15<\/td>\n<td width=\"59\">0,7<\/td>\n<td width=\"59\">1,5<\/td>\n<td width=\"59\">3,9<\/td>\n<td width=\"31\"><span style=\"color: #00ff00;\">\u2666<\/span><\/td>\n<td width=\"30\"><span style=\"color: #00ff00;\">\u2666<\/span><\/td>\n<td width=\"32\"><span style=\"color: #00ff00;\">\u2666<\/span><\/td>\n<td width=\"37\"><span style=\"color: #00ff00;\">\u2666<\/span><\/td>\n<td width=\"33\"><span style=\"color: #00ff00;\">\u2666<\/span><\/td>\n<td width=\"34\"><span style=\"color: #ff9900;\">\u2666<\/span><\/td>\n<td width=\"40\"><span style=\"color: #ff9900;\">\u2666<\/span><\/td>\n<\/tr>\n<tr>\n<td width=\"94\"><strong>SLNO0050<\/strong><\/td>\n<td width=\"58\">0,50<\/td>\n<td width=\"68\">16 x 0,20<\/td>\n<td width=\"59\">0,9<\/td>\n<td width=\"59\">1,7<\/td>\n<td width=\"59\">6,4<\/td>\n<td width=\"31\"><span style=\"color: #00ff00;\">\u2666<\/span><\/td>\n<td width=\"30\"><span style=\"color: #00ff00;\">\u2666<\/span><\/td>\n<td width=\"32\"><span style=\"color: #00ff00;\">\u2666<\/span><\/td>\n<td width=\"37\"><span style=\"color: #00ff00;\">\u2666<\/span><\/td>\n<td width=\"33\">&#8211;<\/td>\n<td width=\"34\"><span style=\"color: #ff9900;\">\u2666<\/span><\/td>\n<td width=\"40\"><span style=\"color: #ff9900;\">\u2666<\/span><\/td>\n<\/tr>\n<tr>\n<td width=\"94\"><strong>SLNO0075<\/strong><\/td>\n<td width=\"58\">0,75<\/td>\n<td width=\"68\">24 x 0,20<\/td>\n<td width=\"59\">1,2<\/td>\n<td width=\"59\">2,0<\/td>\n<td width=\"59\">8,9<\/td>\n<td width=\"31\"><span style=\"color: #00ff00;\">\u2666<\/span><\/td>\n<td width=\"30\"><span style=\"color: #00ff00;\">\u2666<\/span><\/td>\n<td width=\"32\"><span style=\"color: #00ff00;\">\u2666<\/span><\/td>\n<td width=\"37\"><span style=\"color: #00ff00;\">\u2666<\/span><\/td>\n<td width=\"33\"><span style=\"color: #00ff00;\">\u2666<\/span><\/td>\n<td width=\"34\"><span style=\"color: #00ff00;\">\u2666<\/span><\/td>\n<td width=\"40\"><span style=\"color: #ff9900;\">\u2666<\/span><\/td>\n<\/tr>\n<tr>\n<td width=\"94\"><strong>SLNO0100<\/strong><\/td>\n<td width=\"58\">1,00<\/td>\n<td width=\"68\">32 x 0,20<\/td>\n<td width=\"59\">1,3<\/td>\n<td width=\"59\">2,1<\/td>\n<td width=\"59\">11,6<\/td>\n<td width=\"31\"><span style=\"color: #00ff00;\">\u2666<\/span><\/td>\n<td width=\"30\"><span style=\"color: #00ff00;\">\u2666<\/span><\/td>\n<td width=\"32\"><span style=\"color: #00ff00;\">\u2666<\/span><\/td>\n<td width=\"37\"><span style=\"color: #00ff00;\">\u2666<\/span><\/td>\n<td width=\"33\"><span style=\"color: #00ff00;\">\u2666<\/span><\/td>\n<td width=\"34\"><span style=\"color: #00ff00;\">\u2666<\/span><\/td>\n<td width=\"40\"><span style=\"color: #ff9900;\">\u2666<\/span><\/td>\n<\/tr>\n<tr>\n<td width=\"94\"><strong>SLNO0150<\/strong><\/td>\n<td width=\"58\">1,50<\/td>\n<td width=\"68\">30 x 0,25<\/td>\n<td width=\"59\">1,6<\/td>\n<td width=\"59\">2,4<\/td>\n<td width=\"59\">16,0<\/td>\n<td width=\"31\"><span style=\"color: #00ff00;\">\u2666<\/span><\/td>\n<td width=\"30\"><span style=\"color: #00ff00;\">\u2666<\/span><\/td>\n<td width=\"32\"><span style=\"color: #00ff00;\">\u2666<\/span><\/td>\n<td width=\"37\"><span style=\"color: #00ff00;\">\u2666<\/span><\/td>\n<td width=\"33\"><span style=\"color: #00ff00;\">\u2666<\/span><\/td>\n<td width=\"34\"><span style=\"color: #00ff00;\">\u2666<\/span><\/td>\n<td width=\"40\"><span style=\"color: #ff9900;\">\u2666<\/span><\/td>\n<\/tr>\n<tr>\n<td width=\"94\"><strong>SLNO0250<\/strong><\/td>\n<td width=\"58\">2,50<\/td>\n<td width=\"68\">50 x 0,25<\/td>\n<td width=\"59\">2,0<\/td>\n<td width=\"59\">3,1<\/td>\n<td width=\"59\">26,4<\/td>\n<td width=\"31\"><span style=\"color: #00ff00;\">\u2666<\/span><\/td>\n<td width=\"30\"><span style=\"color: #00ff00;\">\u2666<\/span><\/td>\n<td width=\"32\"><span style=\"color: #00ff00;\">\u2666<\/span><\/td>\n<td width=\"37\"><span style=\"color: #00ff00;\">\u2666<\/span><\/td>\n<td width=\"33\"><span style=\"color: #00ff00;\">\u2666<\/span><\/td>\n<td width=\"34\"><span style=\"color: #00ff00;\">\u2666<\/span><\/td>\n<td width=\"40\"><span style=\"color: #ff9900;\">\u2666<\/span><\/td>\n<\/tr>\n<tr>\n<td width=\"94\"><strong>SLNO0400<\/strong><\/td>\n<td width=\"58\">4,00<\/td>\n<td width=\"68\">56 x 0,30<\/td>\n<td width=\"59\">2,6<\/td>\n<td width=\"59\">3,6<\/td>\n<td width=\"59\">41,0<\/td>\n<td width=\"31\"><span style=\"color: #00ff00;\">\u2666<\/span><\/td>\n<td width=\"30\"><span style=\"color: #00ff00;\">\u2666<\/span><\/td>\n<td width=\"32\"><span style=\"color: #00ff00;\">\u2666<\/span><\/td>\n<td width=\"37\"><span style=\"color: #00ff00;\">\u2666<\/span><\/td>\n<td width=\"33\"><span style=\"color: #00ff00;\">\u2666<\/span><\/td>\n<td width=\"34\"><span style=\"color: #00ff00;\">\u2666<\/span><\/td>\n<td width=\"40\"><span style=\"color: #ff9900;\">\u2666<\/span><\/td>\n<\/tr>\n<tr>\n<td width=\"94\"><strong>SLNO0600<\/strong><\/td>\n<td width=\"58\">6,00<\/td>\n<td width=\"68\">84 x 0,30<\/td>\n<td width=\"59\">3,6<\/td>\n<td width=\"59\">4,1<\/td>\n<td width=\"59\">60,0<\/td>\n<td width=\"31\"><span style=\"color: #00ff00;\">\u2666<\/span><\/td>\n<td width=\"30\"><span style=\"color: #00ff00;\">\u2666<\/span><\/td>\n<td width=\"32\"><span style=\"color: #00ff00;\">\u2666<\/span><\/td>\n<td width=\"37\"><span style=\"color: #00ff00;\">\u2666<\/span><\/td>\n<td width=\"33\"><span style=\"color: #00ff00;\">\u2666<\/span><\/td>\n<td width=\"34\"><span style=\"color: #00ff00;\">\u2666<\/span><\/td>\n<td width=\"40\"><span style=\"color: #ff9900;\">\u2666<\/span><\/td>\n<\/tr>\n<tr>\n<td width=\"94\"><strong>SLNO1000<\/strong><\/td>\n<td width=\"58\">10,00<\/td>\n<td width=\"68\">80 x 0,40<\/td>\n<td width=\"59\">4,8<\/td>\n<td width=\"59\">6,1<\/td>\n<td width=\"59\">115,0<\/td>\n<td width=\"31\"><span style=\"color: #00ff00;\">\u2666<\/span><\/td>\n<td width=\"30\"><span style=\"color: #00ff00;\">\u2666<\/span><\/td>\n<td width=\"32\"><span style=\"color: #00ff00;\">\u2666<\/span><\/td>\n<td width=\"37\"><span style=\"color: #00ff00;\">\u2666<\/span><\/td>\n<td width=\"33\"><span style=\"color: #00ff00;\">\u2666<\/span><\/td>\n<td width=\"34\"><span style=\"color: #00ff00;\">\u2666<\/span><\/td>\n<td width=\"40\"><span style=\"color: #ff9900;\">\u2666<\/span><\/td>\n<\/tr>\n<tr>\n<td width=\"94\"><strong>SLNO1600<\/strong><\/td>\n<td width=\"58\">16,00<\/td>\n<td width=\"68\">126 x 0,40<\/td>\n<td width=\"59\">6,0<\/td>\n<td width=\"59\">7,8<\/td>\n<td width=\"59\">190,0<\/td>\n<td width=\"31\"><span style=\"color: #ff9900;\">\u2666<\/span><\/td>\n<td width=\"30\"><span style=\"color: #ff9900;\">\u2666<\/span><\/td>\n<td width=\"32\"><span style=\"color: #ff9900;\">\u2666<\/span><\/td>\n<td width=\"37\"><span style=\"color: #00ff00;\">\u2666<\/span><\/td>\n<td width=\"33\"><span style=\"color: #ff9900;\">\u2666<\/span><\/td>\n<td width=\"34\"><span style=\"color: #ff9900;\">\u2666<\/span><\/td>\n<td width=\"40\"><span style=\"color: #ff9900;\">\u2666<\/span><\/td>\n<\/tr>\n<tr>\n<td width=\"94\"><strong>SLNO2500<\/strong><\/td>\n<td width=\"58\">25,00<\/td>\n<td width=\"68\">196 x 0,40<\/td>\n<td width=\"59\">7,5<\/td>\n<td width=\"59\">10,1<\/td>\n<td width=\"59\">323,5<\/td>\n<td width=\"31\"><span style=\"color: #ff9900;\">\u2666<\/span><\/td>\n<td width=\"30\"><span style=\"color: #ff9900;\">\u2666<\/span><\/td>\n<td width=\"32\"><span style=\"color: #ff9900;\">\u2666<\/span><\/td>\n<td width=\"37\"><span style=\"color: #00ff00;\">\u2666<\/span><\/td>\n<td width=\"33\"><span style=\"color: #ff9900;\">\u2666<\/span><\/td>\n<td width=\"34\"><span style=\"color: #ff9900;\">\u2666<\/span><\/td>\n<td width=\"40\"><span style=\"color: #ff9900;\">\u2666<\/span><\/td>\n<\/tr>\n<tr>\n<td width=\"94\"><strong>SLNO3500<\/strong><\/td>\n<td width=\"58\">35,00<\/td>\n<td width=\"68\">276 x 0,40<\/td>\n<td width=\"59\">8,8<\/td>\n<td width=\"59\">12,0<\/td>\n<td width=\"59\">423,5<\/td>\n<td width=\"31\"><span style=\"color: #ff9900;\">\u2666<\/span><\/td>\n<td width=\"30\"><span style=\"color: #ff9900;\">\u2666<\/span><\/td>\n<td width=\"32\"><span style=\"color: #ff9900;\">\u2666<\/span><\/td>\n<td width=\"37\"><span style=\"color: #00ff00;\">\u2666<\/span><\/td>\n<td width=\"33\"><span style=\"color: #ff9900;\">\u2666<\/span><\/td>\n<td width=\"34\"><span style=\"color: #ff9900;\">\u2666<\/span><\/td>\n<td width=\"40\"><span style=\"color: #ff9900;\">\u2666<\/span><\/td>\n<\/tr>\n<tr>\n<td width=\"94\"><strong>SLNO5000<\/strong><\/td>\n<td width=\"58\">50,00<\/td>\n<td width=\"68\">396x 0,40<\/td>\n<td width=\"59\">10,7<\/td>\n<td width=\"59\">13,2<\/td>\n<td width=\"59\">590,6<\/td>\n<td width=\"31\"><span style=\"color: #ff9900;\">\u2666<\/span><\/td>\n<td width=\"30\"><span style=\"color: #ff9900;\">\u2666<\/span><\/td>\n<td width=\"32\"><span style=\"color: #ff9900;\">\u2666<\/span><\/td>\n<td width=\"37\"><span style=\"color: #00ff00;\">\u2666<\/span><\/td>\n<td width=\"33\"><span style=\"color: #ff9900;\">\u2666<\/span><\/td>\n<td width=\"34\"><span style=\"color: #ff9900;\">\u2666<\/span><\/td>\n<td width=\"40\"><span style=\"color: #ff9900;\">\u2666<\/span><\/td>\n<\/tr>\n<tr>\n<td width=\"94\"><strong>SLNO7000<\/strong><\/td>\n<td width=\"58\">70,00<\/td>\n<td width=\"68\">360 x 0,50<\/td>\n<td width=\"59\">12,8<\/td>\n<td width=\"59\">16,3<\/td>\n<td width=\"59\">805,1<\/td>\n<td width=\"31\"><span style=\"color: #ff9900;\">\u2666<\/span><\/td>\n<td width=\"30\"><span style=\"color: #ff9900;\">\u2666<\/span><\/td>\n<td width=\"32\"><span style=\"color: #ff9900;\">\u2666<\/span><\/td>\n<td width=\"37\"><span style=\"color: #00ff00;\">\u2666<\/span><\/td>\n<td width=\"33\"><span style=\"color: #ff9900;\">\u2666<\/span><\/td>\n<td width=\"34\"><span style=\"color: #ff9900;\">\u2666<\/span><\/td>\n<td width=\"40\"><span style=\"color: #ff9900;\">\u2666<\/span><\/td>\n<\/tr>\n<tr>\n<td width=\"94\"><strong>SLNO9500<\/strong><\/td>\n<td width=\"58\">95,00<\/td>\n<td width=\"68\">485 x 0,50<\/td>\n<td width=\"59\">14,8<\/td>\n<td width=\"59\">18,0<\/td>\n<td width=\"59\">1089,8<\/td>\n<td width=\"31\"><span style=\"color: #ff9900;\">\u2666<\/span><\/td>\n<td width=\"30\"><span style=\"color: #ff9900;\">\u2666<\/span><\/td>\n<td width=\"32\"><span style=\"color: #ff9900;\">\u2666<\/span><\/td>\n<td width=\"37\"><span style=\"color: #00ff00;\">\u2666<\/span><\/td>\n<td width=\"33\"><span style=\"color: #ff9900;\">\u2666<\/span><\/td>\n<td width=\"34\"><span style=\"color: #ff9900;\">\u2666<\/span><\/td>\n<td width=\"40\"><span style=\"color: #ff9900;\">\u2666<\/span><\/td>\n<\/tr>\n<\/tbody>\n<\/table>\n<p>\u2666 sur demande<\/p>\n<p><span style=\"color: #00ff00;\">\u2666<\/span> d\u00e9part magasin d&rsquo;usine<\/p>\n<p>&nbsp;<\/p>\n<p><strong>Num\u00e9ro d&rsquo;article :<\/strong><\/p>\n<p>Exemple : SLNO0150SW<br \/>\nSLNO0150 = num\u00e9ro de base<br \/>\nSW = couleur noire<\/p>\n<p>&nbsp;<\/p>\n","protected":false},"excerpt":{"rendered":"<p>&nbsp;<\/p>\n<h5>Fils souples r\u00e9sistant \u00e0 l&rsquo;huile pour la construction de moteurs et de transformateurs. Gr\u00e2ce \u00e0 sa structure multicouche, les fils souples ont d&rsquo;excellentes propri\u00e9t\u00e9s \u00e9lectriques.<\/h5>\n<p>&nbsp;<\/p>\n","protected":false},"featured_media":1979,"template":"","meta":{"_acf_changed":false},"product_brand":[],"product_cat":[146,150],"product_tag":[],"class_list":{"0":"post-5922","1":"product","2":"type-product","3":"status-publish","4":"has-post-thumbnail","6":"product_cat-cables-electriques","7":"product_cat-torons-et-fils-selon-la-classe-thermique-a-f-h","9":"first","10":"instock","11":"shipping-taxable","12":"purchasable","13":"product-type-simple"},"acf":[],"_links":{"self":[{"href":"https:\/\/schupp.ch\/fr\/wp-json\/wp\/v2\/product\/5922","targetHints":{"allow":["GET"]}}],"collection":[{"href":"https:\/\/schupp.ch\/fr\/wp-json\/wp\/v2\/product"}],"about":[{"href":"https:\/\/schupp.ch\/fr\/wp-json\/wp\/v2\/types\/product"}],"wp:featuredmedia":[{"embeddable":true,"href":"https:\/\/schupp.ch\/fr\/wp-json\/wp\/v2\/media\/1979"}],"wp:attachment":[{"href":"https:\/\/schupp.ch\/fr\/wp-json\/wp\/v2\/media?parent=5922"}],"wp:term":[{"taxonomy":"product_brand","embeddable":true,"href":"https:\/\/schupp.ch\/fr\/wp-json\/wp\/v2\/product_brand?post=5922"},{"taxonomy":"product_cat","embeddable":true,"href":"https:\/\/schupp.ch\/fr\/wp-json\/wp\/v2\/product_cat?post=5922"},{"taxonomy":"product_tag","embeddable":true,"href":"https:\/\/schupp.ch\/fr\/wp-json\/wp\/v2\/product_tag?post=5922"}],"curies":[{"name":"wp","href":"https:\/\/api.w.org\/{rel}","templated":true}]}}