{"id":5923,"date":"2024-01-26T13:43:46","date_gmt":"2024-01-26T12:43:46","guid":{"rendered":"https:\/\/schupp.ch\/p\/bande-de-silicone-autosoudable-a-profil-rectangulaire-en-partie-disponible-en-stock\/"},"modified":"2025-11-17T18:41:12","modified_gmt":"2025-11-17T17:41:12","slug":"bande-de-silicone-autosoudable-a-profil-rectangulaire-en-partie-disponible-en-stock","status":"publish","type":"product","link":"https:\/\/schupp.ch\/fr\/p\/bande-de-silicone-autosoudable-a-profil-rectangulaire-en-partie-disponible-en-stock\/","title":{"rendered":"Ruban de silicone autosoudable \u00e0 profil rectangulaire"},"content":{"rendered":"<p>&nbsp;<\/p>\n<table>\n<tbody>\n<tr>\n<td width=\"201\"><img loading=\"lazy\" decoding=\"async\" class=\"wp-image-4852 aligncenter\" src=\"https:\/\/schupp.ch\/wp-content\/uploads\/2024\/01\/SBAR_01.jpg\" alt=\"\" width=\"222\" height=\"209\" \/><\/td>\n<td width=\"201\"><img loading=\"lazy\" decoding=\"async\" class=\"wp-image-4855 aligncenter\" src=\"https:\/\/schupp.ch\/wp-content\/uploads\/2024\/01\/SBAR_02.jpg\" alt=\"\" width=\"200\" height=\"210\" \/><\/td>\n<td width=\"201\"><img loading=\"lazy\" decoding=\"async\" class=\"wp-image-4858 aligncenter\" src=\"https:\/\/schupp.ch\/wp-content\/uploads\/2024\/01\/SBAR_03.jpg\" alt=\"\" width=\"213\" height=\"163\" \/><\/td>\n<\/tr>\n<\/tbody>\n<\/table>\n<p>&nbsp;<\/p>\n<table width=\"643\">\n<tbody>\n<tr>\n<td colspan=\"4\" width=\"639\"><strong>Description<\/strong><\/td>\n<\/tr>\n<tr>\n<td width=\"275\">Cette ruban de silicone autosoudable est un profil rectangulaire. Les couches juxtapos\u00e9es forment de l\u00e9g\u00e8res ar\u00eates d&rsquo;impact une fois soud\u00e9es<\/td>\n<td colspan=\"3\" width=\"362\"><img loading=\"lazy\" decoding=\"async\" class=\"alignnone size-full wp-image-3958\" src=\"https:\/\/schupp.ch\/wp-content\/uploads\/2024\/01\/Arlon_01.jpg\" alt=\"\" width=\"247\" height=\"50\" \/><\/p>\n<p>couches juxtapos\u00e9es<\/td>\n<\/tr>\n<tr>\n<td colspan=\"4\" width=\"639\"><strong>Structure<\/strong><\/td>\n<\/tr>\n<tr>\n<td width=\"275\">Mat\u00e9riau<\/td>\n<td colspan=\"3\" width=\"362\">caoutchouc de silicone vulcanis\u00e9 et auto-soudant<\/td>\n<\/tr>\n<tr>\n<td width=\"275\"><strong>Dimensions<\/strong><\/td>\n<td colspan=\"3\" width=\"362\"><\/td>\n<\/tr>\n<tr>\n<td width=\"275\">Largeur standard<\/td>\n<td colspan=\"3\" width=\"362\">25,4 mm ( autres largeurs sur demande )<\/td>\n<\/tr>\n<tr>\n<td width=\"275\">\u00c9paisseur standard<\/td>\n<td colspan=\"3\" width=\"362\">0,51 mm = 20 mils ( autres \u00e9paisseurs sur demande )<\/td>\n<\/tr>\n<tr>\n<td width=\"275\">Longueur standard<\/td>\n<td colspan=\"3\" width=\"362\">11 m = 12 yards<\/td>\n<\/tr>\n<tr>\n<td width=\"275\">Film de s\u00e9paration<\/td>\n<td colspan=\"3\" width=\"362\">Poly\u00e9thyl\u00e8ne de 0,08 mm<\/td>\n<\/tr>\n<tr>\n<td width=\"275\">Couleur standard<\/td>\n<td colspan=\"3\" width=\"362\">rouge-brun ( autres couleurs sur demande )<\/td>\n<\/tr>\n<tr>\n<td width=\"275\"><strong>Propri\u00e9t\u00e9s physiques du mat\u00e9riel de silicone<\/strong><\/td>\n<td width=\"109\">Unit\u00e9<\/td>\n<td width=\"98\">Valeur<\/td>\n<td width=\"151\">M\u00e9thode d&rsquo;essai<\/td>\n<\/tr>\n<tr>\n<td width=\"275\">R\u00e9sistance \u00e0 la traction<\/td>\n<td width=\"109\">N\/mm2<\/td>\n<td width=\"98\">79<\/td>\n<td width=\"151\">ASTM D 412<\/td>\n<\/tr>\n<tr>\n<td width=\"275\">Extensibilit\u00e9<\/td>\n<td width=\"109\">%<\/td>\n<td width=\"98\">430<\/td>\n<td width=\"151\">ASTM D 412<\/td>\n<\/tr>\n<tr>\n<td width=\"275\">Duret\u00e9<\/td>\n<td width=\"109\">Shore A<\/td>\n<td width=\"98\">55<\/td>\n<td width=\"151\">ASTM D 2240<\/td>\n<\/tr>\n<tr>\n<td width=\"275\">Densit\u00e9<\/td>\n<td width=\"109\">&#8212;<\/td>\n<td width=\"98\">1,17<\/td>\n<td width=\"151\">Arlon SQA-TMS-024<\/td>\n<\/tr>\n<tr>\n<td width=\"275\"><strong>Propri\u00e9t\u00e9s physiques du produit<\/strong><\/td>\n<td width=\"109\"><\/td>\n<td width=\"98\"><\/td>\n<td width=\"151\"><\/td>\n<\/tr>\n<tr>\n<td width=\"275\">Plage de temp\u00e9rature<\/td>\n<td width=\"109\">\u00b0C<\/td>\n<td width=\"98\">-54 \u00e0 +260<\/td>\n<td width=\"151\"><\/td>\n<\/tr>\n<tr>\n<td width=\"275\">R\u00e9sistance au claquage \u00e9lectrique<\/td>\n<td width=\"109\">kV\/mm<\/td>\n<td width=\"98\">29<\/td>\n<td width=\"151\">ASTM D 149<\/td>\n<\/tr>\n<tr>\n<td width=\"275\">Absorption d&rsquo;eau<\/td>\n<td width=\"109\">%<\/td>\n<td width=\"98\">2,8<\/td>\n<td width=\"151\">MIL-I-46852C<\/td>\n<\/tr>\n<tr>\n<td width=\"275\">Dur\u00e9e de stockage<\/td>\n<td colspan=\"3\" width=\"362\">12 mois \u00e0 partir de la date de fabrication \u00e0 24\u00b0 C<\/td>\n<\/tr>\n<tr>\n<td colspan=\"4\" width=\"639\"><strong>Note<\/strong><\/td>\n<\/tr>\n<tr>\n<td colspan=\"4\" width=\"639\">Les donn\u00e9es mentionn\u00e9es sont indicatives et ne peuvent pas \u00eatre utilis\u00e9es comme sp\u00e9cification, ni garantir que le produit est adapt\u00e9 \u00e0 toutes les applications.<\/td>\n<\/tr>\n<\/tbody>\n<\/table>\n<p>&nbsp;<\/p>\n<p><strong>No. d&rsquo;article<\/strong>: BARddbbllxx ou SBMRddbbllxx<\/p>\n<p>Exemple : SBMR502511RT SBAR = num\u00e9ro de r\u00e9f\u00e9rence pour ruban Arlon rectangulaire<br \/>\nSBMR = num\u00e9ro de r\u00e9f\u00e9rence pour ruban MOX rectangulaire<br \/>\ndd = \u00e9paisseur 0,51 mm<br \/>\nbb = largeur 25,4 mm<br \/>\nll = longueur 11 m<br \/>\nxx = couleur rouge<\/p>\n<p><strong>Type de stock<\/strong>:<br \/>\nSBAR502511RT\u00a0\u00a0\u00a0\u00a0\u00a0\u00a0\u00a0\u00a0\u00a0\u00a0 Quantit\u00e9 min.\u00a0 1 rouleau<br \/>\ntous les autres types sont\u00a0sur demande<\/p>\n<p>&nbsp;<\/p>\n","protected":false},"excerpt":{"rendered":"<p>&nbsp;<\/p>\n<h5>Cette ruban de silicone autosoudable pr\u00e9sente un profil rectangulaire. Les couches juxtapos\u00e9es forment de l\u00e9g\u00e8res ar\u00eates d&rsquo;impact une fois soud\u00e9es.<\/h5>\n<p>&nbsp;<\/p>\n","protected":false},"featured_media":1996,"template":"","meta":{"_acf_changed":false},"product_brand":[],"product_cat":[165,200],"product_tag":[],"class_list":{"0":"post-5923","1":"product","2":"type-product","3":"status-publish","4":"has-post-thumbnail","6":"product_cat-bandes-techniques","7":"product_cat-rubans-de-silicone-arlon-mox","9":"first","10":"instock","11":"shipping-taxable","12":"purchasable","13":"product-type-simple"},"acf":[],"_links":{"self":[{"href":"https:\/\/schupp.ch\/fr\/wp-json\/wp\/v2\/product\/5923","targetHints":{"allow":["GET"]}}],"collection":[{"href":"https:\/\/schupp.ch\/fr\/wp-json\/wp\/v2\/product"}],"about":[{"href":"https:\/\/schupp.ch\/fr\/wp-json\/wp\/v2\/types\/product"}],"wp:featuredmedia":[{"embeddable":true,"href":"https:\/\/schupp.ch\/fr\/wp-json\/wp\/v2\/media\/1996"}],"wp:attachment":[{"href":"https:\/\/schupp.ch\/fr\/wp-json\/wp\/v2\/media?parent=5923"}],"wp:term":[{"taxonomy":"product_brand","embeddable":true,"href":"https:\/\/schupp.ch\/fr\/wp-json\/wp\/v2\/product_brand?post=5923"},{"taxonomy":"product_cat","embeddable":true,"href":"https:\/\/schupp.ch\/fr\/wp-json\/wp\/v2\/product_cat?post=5923"},{"taxonomy":"product_tag","embeddable":true,"href":"https:\/\/schupp.ch\/fr\/wp-json\/wp\/v2\/product_tag?post=5923"}],"curies":[{"name":"wp","href":"https:\/\/api.w.org\/{rel}","templated":true}]}}