{"id":5924,"date":"2024-01-26T13:47:33","date_gmt":"2024-01-26T12:47:33","guid":{"rendered":"https:\/\/schupp.ch\/p\/bande-de-silicone-auto-soudante-avec-fibre-de-verre-integree\/"},"modified":"2025-11-18T13:23:25","modified_gmt":"2025-11-18T12:23:25","slug":"bande-de-silicone-auto-soudante-avec-fibre-de-verre-integree","status":"publish","type":"product","link":"https:\/\/schupp.ch\/fr\/p\/bande-de-silicone-auto-soudante-avec-fibre-de-verre-integree\/","title":{"rendered":"Bande de silicone auto-soudante avec fibre de verre int\u00e9gr\u00e9e"},"content":{"rendered":"<p>&nbsp;<\/p>\n<table>\n<tbody>\n<tr>\n<td width=\"201\"><img loading=\"lazy\" decoding=\"async\" class=\"size-medium wp-image-4861 aligncenter\" src=\"https:\/\/schupp.ch\/wp-content\/uploads\/2024\/01\/SBAR_04-254x300.jpg\" alt=\"\" width=\"254\" height=\"300\" srcset=\"https:\/\/schupp.ch\/wp-content\/uploads\/2024\/01\/SBAR_04-254x300.jpg 254w, https:\/\/schupp.ch\/wp-content\/uploads\/2024\/01\/SBAR_04.jpg 285w\" sizes=\"auto, (max-width: 254px) 100vw, 254px\" \/><\/td>\n<td width=\"201\"><img loading=\"lazy\" decoding=\"async\" class=\"size-medium wp-image-4864 aligncenter\" src=\"https:\/\/schupp.ch\/wp-content\/uploads\/2024\/01\/SBAR_05-227x300.jpg\" alt=\"\" width=\"227\" height=\"300\" srcset=\"https:\/\/schupp.ch\/wp-content\/uploads\/2024\/01\/SBAR_05-227x300.jpg 227w, https:\/\/schupp.ch\/wp-content\/uploads\/2024\/01\/SBAR_05.jpg 231w\" sizes=\"auto, (max-width: 227px) 100vw, 227px\" \/><\/td>\n<td width=\"201\"><img loading=\"lazy\" decoding=\"async\" class=\"wp-image-4867 aligncenter\" src=\"https:\/\/schupp.ch\/wp-content\/uploads\/2024\/01\/SBAR_06.jpg\" alt=\"\" width=\"263\" height=\"297\" \/><\/td>\n<\/tr>\n<\/tbody>\n<\/table>\n<p>&nbsp;<\/p>\n<table>\n<tbody>\n<tr>\n<td width=\"302\"><strong>Description<\/strong><\/td>\n<td colspan=\"2\" width=\"302\">S\u00e9rie Arlon A30.. \/ A40..<br \/>\nMOX s\u00e9rie T30.. \/ T40..<\/td>\n<\/tr>\n<tr>\n<td width=\"302\">Cette bande en silicone autosoudable contient des fibres de verre ins\u00e9r\u00e9es de mani\u00e8re sinuso\u00efdale qui limitent l&rsquo;allongement et prot\u00e8gent la bande contre la d\u00e9chirure. Les bandes sont disponibles avec deux allongements diff\u00e9rents :<br \/>\nS\u00e9ries A40.. \/ T40.. avec 15%S\u00e9ries A30.. \/ T30.. avec 25%.<\/td>\n<td width=\"151\">Couche sup\u00e9rieure<br \/>\nInsert<br \/>\nCouche inf\u00e9rieure<\/td>\n<td width=\"151\"><img loading=\"lazy\" decoding=\"async\" class=\"alignnone wp-image-3963\" src=\"https:\/\/schupp.ch\/wp-content\/uploads\/2024\/01\/Arlon_03.jpg\" alt=\"\" width=\"157\" height=\"75\" \/><\/td>\n<\/tr>\n<\/tbody>\n<\/table>\n<p>&nbsp;<\/p>\n<table>\n<tbody>\n<tr>\n<td colspan=\"3\" width=\"601\"><strong>Structure<\/strong><\/td>\n<\/tr>\n<tr>\n<td width=\"267\">Couche sup\u00e9rieure<\/td>\n<td colspan=\"2\" width=\"332\">caoutchouc de silicone vulcanis\u00e9 et auto-soudant<\/td>\n<\/tr>\n<tr>\n<td width=\"267\">Insert<\/td>\n<td colspan=\"2\" width=\"332\">15 % \/ 25 % fibres de verre sinuso\u00efdales<\/td>\n<\/tr>\n<tr>\n<td width=\"267\">Couche inf\u00e9rieure<\/td>\n<td colspan=\"2\" width=\"332\">caoutchouc de silicone vulcanis\u00e9 et auto-soudant<\/td>\n<\/tr>\n<tr>\n<td colspan=\"3\" width=\"601\"><strong>Dimensions<\/strong><\/td>\n<\/tr>\n<tr>\n<td width=\"267\">Largeur standard<\/td>\n<td colspan=\"2\" width=\"332\">25,4 mm ( autres largeurs sur demande )<\/td>\n<\/tr>\n<tr>\n<td width=\"267\">\u00c9paisseur standard<\/td>\n<td colspan=\"2\" width=\"332\">0,51 mm = 20 mils ( autres \u00e9paisseurs sur demande )<\/td>\n<\/tr>\n<tr>\n<td width=\"267\">Longueur standard<\/td>\n<td colspan=\"2\" width=\"332\">11 m = 12 yards<\/td>\n<\/tr>\n<tr>\n<td width=\"267\">Couche de s\u00e9paration<\/td>\n<td colspan=\"2\" width=\"332\">Film polyester de 0,02 mm<\/td>\n<\/tr>\n<tr>\n<td width=\"267\">Couleur standard<\/td>\n<td colspan=\"2\" width=\"332\">rouge-brun, transparent ( autres couleurs sur demande )<\/td>\n<\/tr>\n<tr>\n<td width=\"267\"><strong>Propri\u00e9t\u00e9s physiques de la p\u00e2te de silicone<\/strong><\/td>\n<td width=\"204\">Valeur<\/td>\n<td width=\"126\">M\u00e9thode d&rsquo;essai<\/td>\n<\/tr>\n<tr>\n<td width=\"267\">R\u00e9sistance \u00e0 la traction\u00a0 N\/mm2<\/td>\n<td width=\"204\">79<\/td>\n<td width=\"126\">ASTM D 412<\/td>\n<\/tr>\n<tr>\n<td width=\"267\">Extensibilit\u00e9\u00a0 %<\/td>\n<td width=\"204\">%<\/p>\n<p>430<\/td>\n<td width=\"126\">ASTM D 412<\/td>\n<\/tr>\n<tr>\n<td width=\"267\">Duret\u00e9\u00a0 Shore A<\/td>\n<td width=\"204\">55<\/td>\n<td width=\"126\">ASTM D 2240<\/td>\n<\/tr>\n<tr>\n<td width=\"267\">Densit\u00e9<\/td>\n<td width=\"204\">1,2<\/td>\n<td width=\"126\">Arlon SQA-TMS-024<\/td>\n<\/tr>\n<tr>\n<td colspan=\"3\" width=\"601\"><strong>Caract\u00e9ristiques de l&rsquo;insert<\/strong><\/td>\n<\/tr>\n<tr>\n<td width=\"267\">\u00c9paisseur\u00a0 mm<\/td>\n<td width=\"204\">0,2<\/td>\n<td width=\"126\">Arlon SQA-TMS-003<\/td>\n<\/tr>\n<tr>\n<td width=\"267\">Couleur<\/td>\n<td width=\"204\">blanc<\/td>\n<td width=\"126\">&#8212;<\/td>\n<\/tr>\n<tr>\n<td colspan=\"3\" width=\"601\"><strong>Caract\u00e9ristiques de la bande<\/strong><\/td>\n<\/tr>\n<tr>\n<td width=\"267\">Range de temp\u00e9rature\u00a0 \u00b0C<\/td>\n<td width=\"204\">-50 \u00e0 +240<\/td>\n<td width=\"126\"><\/td>\n<\/tr>\n<tr>\n<td width=\"267\">R\u00e9sistance au claquage \u00e9lectrique\u00a0 kV\/mm<\/td>\n<td width=\"204\">&gt; 26<\/td>\n<td width=\"126\">ASTM D 149<\/td>\n<\/tr>\n<tr>\n<td width=\"267\">Extensibilit\u00e9\u00a0 %<\/td>\n<td width=\"204\">15 pour A40.. \/ T40..<\/p>\n<p>25 pour A30.. \/ T30..<\/td>\n<td width=\"126\">Arlon SQA-TMS-048<\/td>\n<\/tr>\n<tr>\n<td width=\"267\">Dur\u00e9e de stockage<\/td>\n<td colspan=\"2\" width=\"332\">12 mois \u00e0 partir de la date de fabrication \u00e0 24\u00b0 C<\/td>\n<\/tr>\n<tr>\n<td colspan=\"3\" width=\"601\"><strong>Note<\/strong><\/td>\n<\/tr>\n<tr>\n<td colspan=\"3\" width=\"601\">Les donn\u00e9es mentionn\u00e9es sont indicatives et ne peuvent pas \u00eatre utilis\u00e9es comme sp\u00e9cification, de m\u00eame qu&rsquo;elles ne garantissent pas que le produit convienne \u00e0 toutes les applications.<\/td>\n<\/tr>\n<\/tbody>\n<\/table>\n<p>Pas d&rsquo;article de stock<\/p>\n<p>&nbsp;<\/p>\n<p><strong>Quantit\u00e9 minimale de commande<\/strong>:<br \/>\n72 rouleaux pour tous les types<\/p>\n<p><strong>Num\u00e9ro d&rsquo;article<\/strong>:<br \/>\nSBAV%%ddbbllxx ou SBMV%%ddbbllxx<br \/>\nExemple : SBMV15502511RT<br \/>\nSBAV = num\u00e9ro de stam pour Arlon-Tape avec insert<br \/>\nSBMV= Num\u00e9ro d&rsquo;\u00e9tai pour MOX-Tape avec insert<br \/>\n%% = extensibilit\u00e9 15<br \/>\nDd = \u00e9paisseur 0,51 mm<br \/>\nBb = largeur 25,4 mm<br \/>\nll = longueur 11 m<br \/>\nx = couleur rouge<\/p>\n<p>&nbsp;<\/p>\n","protected":false},"excerpt":{"rendered":"<p>&nbsp;<\/p>\n<h5>Cette bande en silicone autosoudable contient des fibres de verre ins\u00e9r\u00e9es de mani\u00e8re sinuso\u00efdale qui limitent l&rsquo;allongement et prot\u00e8gent la bande contre la d\u00e9chirure. Les bandes sont disponibles avec deux allongements diff\u00e9rents.<\/h5>\n<p>&nbsp;<\/p>\n","protected":false},"featured_media":2010,"template":"","meta":{"_acf_changed":false},"product_brand":[],"product_cat":[165,200],"product_tag":[],"class_list":{"0":"post-5924","1":"product","2":"type-product","3":"status-publish","4":"has-post-thumbnail","6":"product_cat-bandes-techniques","7":"product_cat-rubans-de-silicone-arlon-mox","9":"first","10":"instock","11":"shipping-taxable","12":"purchasable","13":"product-type-simple"},"acf":[],"_links":{"self":[{"href":"https:\/\/schupp.ch\/fr\/wp-json\/wp\/v2\/product\/5924","targetHints":{"allow":["GET"]}}],"collection":[{"href":"https:\/\/schupp.ch\/fr\/wp-json\/wp\/v2\/product"}],"about":[{"href":"https:\/\/schupp.ch\/fr\/wp-json\/wp\/v2\/types\/product"}],"wp:featuredmedia":[{"embeddable":true,"href":"https:\/\/schupp.ch\/fr\/wp-json\/wp\/v2\/media\/2010"}],"wp:attachment":[{"href":"https:\/\/schupp.ch\/fr\/wp-json\/wp\/v2\/media?parent=5924"}],"wp:term":[{"taxonomy":"product_brand","embeddable":true,"href":"https:\/\/schupp.ch\/fr\/wp-json\/wp\/v2\/product_brand?post=5924"},{"taxonomy":"product_cat","embeddable":true,"href":"https:\/\/schupp.ch\/fr\/wp-json\/wp\/v2\/product_cat?post=5924"},{"taxonomy":"product_tag","embeddable":true,"href":"https:\/\/schupp.ch\/fr\/wp-json\/wp\/v2\/product_tag?post=5924"}],"curies":[{"name":"wp","href":"https:\/\/api.w.org\/{rel}","templated":true}]}}