{"id":5925,"date":"2024-01-26T16:00:27","date_gmt":"2024-01-26T15:00:27","guid":{"rendered":"https:\/\/schupp.ch\/p\/gaines-isolantes-tressees-16c\/"},"modified":"2025-11-06T15:12:09","modified_gmt":"2025-11-06T14:12:09","slug":"gaines-isolantes-tressees-16c","status":"publish","type":"product","link":"https:\/\/schupp.ch\/fr\/p\/gaines-isolantes-tressees-16c\/","title":{"rendered":"Gaines isolantes tress\u00e9es 16C"},"content":{"rendered":"<p>&nbsp;<\/p>\n<h5>Donn\u00e9es techniques<\/h5>\n<p>&nbsp;<\/p>\n<p>&nbsp;<\/p>\n<p><strong>Mat\u00e9riau :<br \/>\n<\/strong>Tresse en fibres de verre avec rev\u00eatement en caoutchouc de silicone<\/p>\n<p><strong>R\u00e9sistance \u00e0 la temp\u00e9rature :<br \/>\n<\/strong>230\u00b0C, 300\u00b0C \u00e0 court terme<\/p>\n<p><strong>R\u00e9sistance di\u00e9lectrique :<br \/>\n<\/strong>4 kV min. Disponible sur commande avec des r\u00e9sistances di\u00e9lectriques plus \u00e9lev\u00e9es.<\/p>\n<p><strong>Caract\u00e9ristiques techniques :<br \/>\n<\/strong>Les gaines isolantes 16C pr\u00e9sentent une tr\u00e8s grande r\u00e9sistance \u00e0 la temp\u00e9rature et sont tr\u00e8s flexibles.<\/p>\n<p><strong>Couleurs :<br \/>\n<\/strong>beige, autres couleurs sur demande<\/p>\n<p><strong>Conditionnement :<br \/>\n<\/strong>0,3 &#8211; 4,0 mm \u00d8 : torches de 200 m<br \/>\n4,5 -10,0 mm \u00d8 : torches de 100 m<br \/>\n12,0 -18,0 mm \u00d8 : torches de 50 m<br \/>\n\u00e0 partir de 20,0 mm \u00d8 : pi\u00e8ces \u00e0 1 m\u00e8tre<br \/>\n(Changements r\u00e9serv\u00e9s)<\/p>\n<p>&nbsp;<\/p>\n<p>&nbsp;<\/p>\n<h5><strong>Dimensions :<\/strong><\/h5>\n<table width=\"643\">\n<tbody>\n<tr>\n<td colspan=\"2\" width=\"104\"><strong>Num\u00e9ro d&rsquo;article<\/strong><\/td>\n<td width=\"57\"><strong>\u00d8 int\u00e9rieur<\/strong><\/td>\n<td width=\"47\"><strong>\u00c9paisseur de paroi<\/strong><\/td>\n<td width=\"19\"><\/td>\n<td colspan=\"2\" width=\"95\"><strong>Num\u00e9ro d&rsquo;article<\/strong><\/td>\n<td width=\"57\"><strong>\u00d8 int\u00e9rieur<\/strong><\/td>\n<td width=\"47\"><strong>\u00c9paisseur de paroi<\/strong><\/td>\n<td width=\"19\"><\/td>\n<td colspan=\"2\" width=\"94\"><strong>Num\u00e9ro d&rsquo;article<\/strong><\/td>\n<td width=\"57\"><strong>\u00d8 int\u00e9rieur<\/strong><\/td>\n<td width=\"47\"><strong>\u00c9paisseur de paroi<\/strong><\/td>\n<\/tr>\n<tr>\n<td width=\"82\"><strong>IS16C003<\/strong><\/td>\n<td width=\"23\"><span style=\"color: #00ff00;\">\u2666<\/span><\/td>\n<td width=\"57\">0,3<\/td>\n<td width=\"47\">0,4<\/td>\n<td width=\"19\"><\/td>\n<td width=\"66\"><strong>IS16C050<\/strong><\/td>\n<td width=\"28\"><span style=\"color: #00ff00;\">\u2666<\/span><\/td>\n<td width=\"57\">5,0<\/td>\n<td width=\"47\">0,6<\/td>\n<td width=\"19\"><\/td>\n<td width=\"76\"><strong>IS16C140<\/strong><\/td>\n<td width=\"19\"><span style=\"color: #ff6600;\">\u2666<\/span><\/td>\n<td width=\"57\">14,0<\/td>\n<td width=\"47\">1,0<\/td>\n<\/tr>\n<tr>\n<td width=\"82\"><strong>IS16C005<\/strong><\/td>\n<td width=\"23\"><span style=\"color: #00ff00;\">\u2666<\/span><\/td>\n<td width=\"57\">0,5<\/td>\n<td width=\"47\">0,4<\/td>\n<td width=\"19\"><\/td>\n<td width=\"66\"><strong>IS16C055<\/strong><\/td>\n<td width=\"28\"><span style=\"color: #ff6600;\">\u2666<\/span><\/td>\n<td width=\"57\">5,5<\/td>\n<td width=\"47\">0,6<\/td>\n<td width=\"19\"><\/td>\n<td width=\"76\"><strong>IS16C160<\/strong><\/td>\n<td width=\"19\"><span style=\"color: #ff6600;\">\u2666<\/span><\/td>\n<td width=\"57\">16,0<\/td>\n<td width=\"47\">1,0<\/td>\n<\/tr>\n<tr>\n<td width=\"82\"><strong>IS16C010<\/strong><\/td>\n<td width=\"23\"><span style=\"color: #00ff00;\">\u2666<\/span><\/td>\n<td width=\"57\">1,0<\/td>\n<td width=\"47\">0,4<\/td>\n<td width=\"19\"><\/td>\n<td width=\"66\"><strong>IS16C060<\/strong><\/td>\n<td width=\"28\"><span style=\"color: #00ff00;\">\u2666<\/span><\/td>\n<td width=\"57\">6,0<\/td>\n<td width=\"47\">0,6<\/td>\n<td width=\"19\"><\/td>\n<td width=\"76\"><strong>IS16C180<\/strong><\/td>\n<td width=\"19\"><span style=\"color: #ff6600;\">\u2666<\/span><\/td>\n<td width=\"57\">18,0<\/td>\n<td width=\"47\">1,0<\/td>\n<\/tr>\n<tr>\n<td width=\"82\"><strong>IS16C015<\/strong><\/td>\n<td width=\"23\"><span style=\"color: #00ff00;\">\u2666<\/span><\/td>\n<td width=\"57\">1,5<\/td>\n<td width=\"47\">0,4<\/td>\n<td width=\"19\"><\/td>\n<td width=\"66\"><strong>IS16C065<\/strong><\/td>\n<td width=\"28\"><span style=\"color: #00ff00;\">\u2666<\/span><\/td>\n<td width=\"57\">6,5<\/td>\n<td width=\"47\">0,6<\/td>\n<td width=\"19\"><\/td>\n<td width=\"76\"><strong>IS16C200<\/strong><\/td>\n<td width=\"19\"><span style=\"color: #ff6600;\">\u2666<\/span><\/td>\n<td width=\"57\">20,0<\/td>\n<td width=\"47\">1,0<\/td>\n<\/tr>\n<tr>\n<td width=\"82\"><strong>IS16C020<\/strong><\/td>\n<td width=\"23\"><span style=\"color: #00ff00;\">\u2666<\/span><\/td>\n<td width=\"57\">2,0<\/td>\n<td width=\"47\">0,4<\/td>\n<td width=\"19\"><\/td>\n<td width=\"66\"><strong>IS16C070<\/strong><\/td>\n<td width=\"28\"><span style=\"color: #00ff00;\">\u2666<\/span><\/td>\n<td width=\"57\">7,0<\/td>\n<td width=\"47\">0,7<\/td>\n<td width=\"19\"><\/td>\n<td width=\"76\"><strong>IS16C220<\/strong><\/td>\n<td width=\"19\"><span style=\"color: #ff6600;\">\u2666<\/span><\/td>\n<td width=\"57\">22,0<\/td>\n<td width=\"47\">1,2<\/td>\n<\/tr>\n<tr>\n<td width=\"82\"><strong>IS16C025<\/strong><\/td>\n<td width=\"23\"><span style=\"color: #00ff00;\">\u2666<\/span><\/td>\n<td width=\"57\">2,5<\/td>\n<td width=\"47\">0,4<\/td>\n<td width=\"19\"><\/td>\n<td width=\"66\"><strong>IS16C080<\/strong><\/td>\n<td width=\"28\"><span style=\"color: #00ff00;\">\u2666<\/span><\/td>\n<td width=\"57\">8,0<\/td>\n<td width=\"47\">0,7<\/td>\n<td width=\"19\"><\/td>\n<td width=\"76\"><strong>IS16C240<\/strong><\/td>\n<td width=\"19\"><span style=\"color: #ff6600;\">\u2666<\/span><\/td>\n<td width=\"57\">24,0<\/td>\n<td width=\"47\">1,2<\/td>\n<\/tr>\n<tr>\n<td width=\"82\"><strong>IS16C030<\/strong><\/td>\n<td width=\"23\"><span style=\"color: #00ff00;\">\u2666<\/span><\/td>\n<td width=\"57\">3,0<\/td>\n<td width=\"47\">0,4<\/td>\n<td width=\"19\"><\/td>\n<td width=\"66\"><strong>IS16C090<\/strong><\/td>\n<td width=\"28\"><span style=\"color: #00ff00;\">\u2666<\/span><\/td>\n<td width=\"57\">9,0<\/td>\n<td width=\"47\">0,7<\/td>\n<td width=\"19\"><\/td>\n<td width=\"76\"><strong>IS16C260<\/strong><\/td>\n<td width=\"19\"><span style=\"color: #ff6600;\">\u2666<\/span><\/td>\n<td width=\"57\">26,0<\/td>\n<td width=\"47\">1,2<\/td>\n<\/tr>\n<tr>\n<td width=\"82\"><strong>IS16C035<\/strong><\/td>\n<td width=\"23\"><span style=\"color: #00ff00;\">\u2666<\/span><\/td>\n<td width=\"57\">3,5<\/td>\n<td width=\"47\">0,4<\/td>\n<td width=\"19\"><\/td>\n<td width=\"66\"><strong>IS16C100<\/strong><\/td>\n<td width=\"28\"><span style=\"color: #00ff00;\">\u2666<\/span><\/td>\n<td width=\"57\">10,0<\/td>\n<td width=\"47\">0,7<\/td>\n<td width=\"19\"><\/td>\n<td width=\"76\"><strong>IS16C280<\/strong><\/td>\n<td width=\"19\"><span style=\"color: #ff6600;\">\u2666<\/span><\/td>\n<td width=\"57\">28,0<\/td>\n<td width=\"47\">1,2<\/td>\n<\/tr>\n<tr>\n<td width=\"82\"><strong>IS16C040<\/strong><\/td>\n<td width=\"23\"><span style=\"color: #00ff00;\">\u2666<\/span><\/td>\n<td width=\"57\">4,0<\/td>\n<td width=\"47\">0,5<\/td>\n<td width=\"19\"><\/td>\n<td width=\"66\"><strong>IS16C110<\/strong><\/td>\n<td width=\"28\"><span style=\"color: #ff6600;\">\u2666<\/span><\/td>\n<td width=\"57\">11,0<\/td>\n<td width=\"47\">0,7<\/td>\n<td width=\"19\"><\/td>\n<td width=\"76\"><strong>IS16C300<\/strong><\/td>\n<td width=\"19\"><span style=\"color: #ff6600;\">\u2666<\/span><\/td>\n<td width=\"57\">30,0<\/td>\n<td width=\"47\">1,2<\/td>\n<\/tr>\n<tr>\n<td width=\"82\"><strong>IS16C045<\/strong><\/td>\n<td width=\"23\"><span style=\"color: #ff6600;\">\u2666<\/span><\/td>\n<td width=\"57\">4,5<\/td>\n<td width=\"47\">0,5<\/td>\n<td width=\"19\"><\/td>\n<td width=\"66\"><strong>IS16C120<\/strong><\/td>\n<td width=\"28\"><span style=\"color: #00ff00;\">\u2666<\/span><\/td>\n<td width=\"57\">12,0<\/td>\n<td width=\"47\">0,8<\/td>\n<td width=\"19\"><\/td>\n<td width=\"76\"><\/td>\n<td width=\"19\"><\/td>\n<td width=\"57\"><\/td>\n<td width=\"47\"><\/td>\n<\/tr>\n<\/tbody>\n<\/table>\n<p><span style=\"color: #00ff00;\">\u2666 <\/span>disponible de stock<\/p>\n<p>\u2666 <span style=\"color: #ff6600;\">s<\/span>ur demande<\/p>\n","protected":false},"excerpt":{"rendered":"<p>&nbsp;<\/p>\n<h5>Gaine tress\u00e9e en fibre de verre de classe thermique C (230 \u00b0C), recouvert d&rsquo;une dispersion de silicone, conforme \u00e0 la norme DIN 60684-3<\/h5>\n<p>&nbsp;<\/p>\n<p>&nbsp;<\/p>\n","protected":false},"featured_media":2051,"template":"","meta":{"_acf_changed":false},"product_brand":[],"product_cat":[217,218],"product_tag":[],"class_list":{"0":"post-5925","1":"product","2":"type-product","3":"status-publish","4":"has-post-thumbnail","6":"product_cat-tuyaux-techniques","7":"product_cat-tuyaux-tresses","9":"first","10":"instock","11":"shipping-taxable","12":"purchasable","13":"product-type-simple"},"acf":[],"_links":{"self":[{"href":"https:\/\/schupp.ch\/fr\/wp-json\/wp\/v2\/product\/5925","targetHints":{"allow":["GET"]}}],"collection":[{"href":"https:\/\/schupp.ch\/fr\/wp-json\/wp\/v2\/product"}],"about":[{"href":"https:\/\/schupp.ch\/fr\/wp-json\/wp\/v2\/types\/product"}],"wp:featuredmedia":[{"embeddable":true,"href":"https:\/\/schupp.ch\/fr\/wp-json\/wp\/v2\/media\/2051"}],"wp:attachment":[{"href":"https:\/\/schupp.ch\/fr\/wp-json\/wp\/v2\/media?parent=5925"}],"wp:term":[{"taxonomy":"product_brand","embeddable":true,"href":"https:\/\/schupp.ch\/fr\/wp-json\/wp\/v2\/product_brand?post=5925"},{"taxonomy":"product_cat","embeddable":true,"href":"https:\/\/schupp.ch\/fr\/wp-json\/wp\/v2\/product_cat?post=5925"},{"taxonomy":"product_tag","embeddable":true,"href":"https:\/\/schupp.ch\/fr\/wp-json\/wp\/v2\/product_tag?post=5925"}],"curies":[{"name":"wp","href":"https:\/\/api.w.org\/{rel}","templated":true}]}}