{"id":5927,"date":"2024-01-26T16:06:13","date_gmt":"2024-01-26T15:06:13","guid":{"rendered":"https:\/\/schupp.ch\/p\/gaines-isolantes-en-pvc-tq\/"},"modified":"2025-12-28T16:29:53","modified_gmt":"2025-12-28T15:29:53","slug":"gaines-isolantes-en-pvc-tq","status":"publish","type":"product","link":"https:\/\/schupp.ch\/fr\/p\/gaines-isolantes-en-pvc-tq\/","title":{"rendered":"Gaines isolantes en PVC TQ"},"content":{"rendered":"<p>&nbsp;<\/p>\n<h5>Donn\u00e9es techniques<\/h5>\n<p>&nbsp;<\/p>\n<p><strong>Mati\u00e8re :<br \/>\n<\/strong>PVC plastifi\u00e9 de qualit\u00e9 r\u00e9sistant \u00e0 la chaleur et \u00e0 l&rsquo;impr\u00e9gnation TQ<\/p>\n<p><strong>Classe de temp\u00e9rature :<br \/>\n<\/strong>A (105\u00b0C) \u00e0 court terme 135\u00b0C<\/p>\n<p><strong>Caract\u00e9ristiques techniques :<br \/>\n<\/strong>R\u00e9sistance di\u00e9lectrique 3 &#8211; 10 kV selon l&rsquo;\u00e9paisseur de la paroi<br \/>\nR\u00e9sistance d&rsquo;isolation min. 1013 ohms<br \/>\nBonne compatibilit\u00e9 avec tous les produits d&rsquo;impr\u00e9gnation courants r\u00e9sistant \u00e0 l&rsquo;huile<\/p>\n<p><strong>Conditionnement :<br \/>\n<\/strong>de 0,3 \u00e0 5,0 mm \u00d8 : anneaux de 200<br \/>\n\u00e0 partir de 6,0 mm \u00d8 : anneaux de 100 m<\/p>\n<p><strong>Gaines d\u00e9coup\u00e9es :<br \/>\n<\/strong>de individuellement \u00e0 longueur selon vos besoins<\/p>\n<p>&nbsp;<\/p>\n<p><strong>Dimensions :<\/strong><\/p>\n<table width=\"633\">\n<tbody>\n<tr>\n<td rowspan=\"2\" width=\"66\"><strong>Num\u00e9ro principal<\/strong><\/td>\n<td rowspan=\"2\" width=\"29\"><strong>\u00d8 int\u00e9rieur<\/strong><br \/>\n<strong>[mm]<\/strong><\/td>\n<td rowspan=\"2\" width=\"32\"><strong>\u00c9paisseur de la paroi [mm]<\/strong><\/td>\n<td colspan=\"9\" width=\"169\"><strong>Couleurs<\/strong><br \/>\n<strong>( autres couleurs sur demande )<\/strong><\/td>\n<td width=\"22\"><\/td>\n<td rowspan=\"2\" width=\"72\"><strong>Num\u00e9ro principal<\/strong><\/td>\n<td rowspan=\"2\" width=\"29\"><strong>\u00d8 int\u00e9rieur<\/strong><br \/>\n<strong>[mm]<\/strong><\/td>\n<td rowspan=\"2\" width=\"26\"><strong>\u00c9paisseur de la paroi [mm]<\/strong><\/td>\n<td colspan=\"10\" width=\"188\"><strong>Couleurs<\/strong><br \/>\n<strong>( autres couleurs sur demande )<\/strong><\/td>\n<\/tr>\n<tr>\n<td width=\"19\"><strong>BL<\/strong><\/td>\n<td width=\"19\"><strong>BL<\/strong><\/td>\n<td width=\"19\"><strong>SW<\/strong><\/td>\n<td width=\"19\"><strong>WS<\/strong><\/td>\n<td width=\"19\"><strong>GN<\/strong><\/td>\n<td width=\"19\"><strong>GE<\/strong><\/td>\n<td width=\"19\"><strong>GR<\/strong><\/td>\n<td width=\"19\"><strong>BR<\/strong><\/td>\n<td width=\"19\"><strong>OR<\/strong><\/td>\n<td width=\"22\"><\/td>\n<td width=\"19\"><strong>RT<\/strong><\/td>\n<td width=\"19\"><strong>BL<\/strong><\/td>\n<td width=\"19\"><strong>SW<\/strong><\/td>\n<td width=\"19\"><strong>WS<\/strong><\/td>\n<td width=\"19\"><strong>GN<\/strong><\/td>\n<td width=\"19\"><strong>GE<\/strong><\/td>\n<td width=\"19\"><strong>GR<\/strong><\/td>\n<td width=\"19\"><strong>BR<\/strong><\/td>\n<td width=\"19\"><strong>OR<\/strong><\/td>\n<td width=\"19\"><strong>VI<\/strong><\/td>\n<\/tr>\n<tr>\n<td width=\"66\"><strong>ISTQ0030\/25<\/strong><\/td>\n<td width=\"29\">0,3<\/td>\n<td width=\"32\">0,25<\/td>\n<td width=\"19\">*<\/td>\n<td width=\"19\">*<\/td>\n<td width=\"19\">*<\/td>\n<td width=\"19\">*<\/td>\n<td width=\"19\">*<\/td>\n<td width=\"19\">*<\/td>\n<td width=\"19\">*<\/td>\n<td width=\"19\">*<\/td>\n<td width=\"19\">*<\/td>\n<td width=\"22\"><\/td>\n<td width=\"72\"><strong>ISTQ0900\/70<\/strong><\/td>\n<td width=\"29\">9,0<\/td>\n<td width=\"26\">0,70<\/td>\n<td width=\"19\">*<\/td>\n<td width=\"19\">*<\/td>\n<td width=\"19\">*<\/td>\n<td width=\"19\">*<\/td>\n<td width=\"19\">*<\/td>\n<td width=\"19\">*<\/td>\n<td width=\"19\">*<\/td>\n<td width=\"19\">*<\/td>\n<td width=\"19\">*<\/td>\n<td width=\"19\">*<\/td>\n<\/tr>\n<tr>\n<td width=\"66\"><strong>ISTQ0040\/25<\/strong><\/td>\n<td width=\"29\">0,4<\/td>\n<td width=\"32\">0,25<\/td>\n<td width=\"19\">*<\/td>\n<td width=\"19\">*<\/td>\n<td width=\"19\">*<\/td>\n<td width=\"19\">*<\/td>\n<td width=\"19\">*<\/td>\n<td width=\"19\">*<\/td>\n<td width=\"19\">*<\/td>\n<td width=\"19\">*<\/td>\n<td width=\"19\">*<\/td>\n<td width=\"22\"><\/td>\n<td width=\"72\"><strong>ISTQ1000\/70<\/strong><\/td>\n<td width=\"29\">10<\/td>\n<td width=\"26\">0,70<\/td>\n<td width=\"19\">*<\/td>\n<td width=\"19\">*<\/td>\n<td width=\"19\">*<\/td>\n<td width=\"19\">*<\/td>\n<td width=\"19\">*<\/td>\n<td width=\"19\">*<\/td>\n<td width=\"19\">*<\/td>\n<td width=\"19\">*<\/td>\n<td width=\"19\">*<\/td>\n<td width=\"19\">*<\/td>\n<\/tr>\n<tr>\n<td width=\"66\"><strong>ISTQ0050\/25<\/strong><\/td>\n<td width=\"29\">0,5<\/td>\n<td width=\"32\">0,25<\/td>\n<td width=\"19\">*<\/td>\n<td width=\"19\">*<\/td>\n<td width=\"19\">*<\/td>\n<td width=\"19\">*<\/td>\n<td width=\"19\">*<\/td>\n<td width=\"19\">*<\/td>\n<td width=\"19\">*<\/td>\n<td width=\"19\">*<\/td>\n<td width=\"19\">*<\/td>\n<td width=\"22\"><\/td>\n<td width=\"72\"><strong>ISTQ1100\/70<\/strong><\/td>\n<td width=\"29\">11<\/td>\n<td width=\"26\">0,70<\/td>\n<td width=\"19\">*<\/td>\n<td width=\"19\">*<\/td>\n<td width=\"19\">*<\/td>\n<td width=\"19\">*<\/td>\n<td width=\"19\">*<\/td>\n<td width=\"19\">*<\/td>\n<td width=\"19\">*<\/td>\n<td width=\"19\">*<\/td>\n<td width=\"19\">*<\/td>\n<td width=\"19\">*<\/td>\n<\/tr>\n<tr>\n<td width=\"66\"><strong>ISTQ0050\/40<\/strong><\/td>\n<td width=\"29\">0,5<\/td>\n<td width=\"32\">0,40<\/td>\n<td width=\"19\">*<\/td>\n<td width=\"19\">*<\/td>\n<td width=\"19\">*<\/td>\n<td width=\"19\">*<\/td>\n<td width=\"19\">*<\/td>\n<td width=\"19\">*<\/td>\n<td width=\"19\">*<\/td>\n<td width=\"19\">*<\/td>\n<td width=\"19\">*<\/td>\n<td width=\"22\"><\/td>\n<td width=\"72\"><strong>ISTQ1200\/80<\/strong><\/td>\n<td width=\"29\">12<\/td>\n<td width=\"26\">0,80<\/td>\n<td width=\"19\">*<\/td>\n<td width=\"19\">*<\/td>\n<td width=\"19\">*<\/td>\n<td width=\"19\">*<\/td>\n<td width=\"19\">*<\/td>\n<td width=\"19\">*<\/td>\n<td width=\"19\">*<\/td>\n<td width=\"19\">*<\/td>\n<td width=\"19\">*<\/td>\n<td width=\"19\">*<\/td>\n<\/tr>\n<tr>\n<td width=\"66\"><strong>ISTQ0080\/25<\/strong><\/td>\n<td width=\"29\">0.8<\/td>\n<td width=\"32\">0,25<\/td>\n<td width=\"19\">*<\/td>\n<td width=\"19\">*<\/td>\n<td width=\"19\">*<\/td>\n<td width=\"19\">*<\/td>\n<td width=\"19\">*<\/td>\n<td width=\"19\">*<\/td>\n<td width=\"19\">*<\/td>\n<td width=\"19\">*<\/td>\n<td width=\"19\">*<\/td>\n<td width=\"22\"><\/td>\n<td width=\"72\"><strong>ISTQ1300\/80<\/strong><\/td>\n<td width=\"29\">13<\/td>\n<td width=\"26\">0,80<\/td>\n<td width=\"19\">*<\/td>\n<td width=\"19\">*<\/td>\n<td width=\"19\">*<\/td>\n<td width=\"19\">*<\/td>\n<td width=\"19\">*<\/td>\n<td width=\"19\">*<\/td>\n<td width=\"19\">*<\/td>\n<td width=\"19\">*<\/td>\n<td width=\"19\">*<\/td>\n<td width=\"19\">*<\/td>\n<\/tr>\n<tr>\n<td width=\"66\"><strong>ISTQ0080\/40<\/strong><\/td>\n<td width=\"29\">0,8<\/td>\n<td width=\"32\">0,40<\/td>\n<td width=\"19\">*<\/td>\n<td width=\"19\">*<\/td>\n<td width=\"19\">*<\/td>\n<td width=\"19\">*<\/td>\n<td width=\"19\">*<\/td>\n<td width=\"19\">*<\/td>\n<td width=\"19\">*<\/td>\n<td width=\"19\">*<\/td>\n<td width=\"19\">*<\/td>\n<td width=\"22\"><\/td>\n<td width=\"72\"><strong>ISTQ1400\/100<\/strong><\/td>\n<td width=\"29\">14<\/td>\n<td width=\"26\">1,0<\/td>\n<td width=\"19\">*<\/td>\n<td width=\"19\">*<\/td>\n<td width=\"19\">*<\/td>\n<td width=\"19\">*<\/td>\n<td width=\"19\">*<\/td>\n<td width=\"19\">*<\/td>\n<td width=\"19\">*<\/td>\n<td width=\"19\">*<\/td>\n<td width=\"19\">*<\/td>\n<td width=\"19\">*<\/td>\n<\/tr>\n<tr>\n<td width=\"66\"><strong>ISTQ0100\/25<\/strong><\/td>\n<td width=\"29\">1,0<\/td>\n<td width=\"32\">0,25<\/td>\n<td width=\"19\">*<\/td>\n<td width=\"19\">*<\/td>\n<td width=\"19\">*<\/td>\n<td width=\"19\">*<\/td>\n<td width=\"19\">*<\/td>\n<td width=\"19\">*<\/td>\n<td width=\"19\">*<\/td>\n<td width=\"19\">*<\/td>\n<td width=\"19\">*<\/td>\n<td width=\"22\"><\/td>\n<td width=\"72\"><strong>ISTQ1500\/100<\/strong><\/td>\n<td width=\"29\">15<\/td>\n<td width=\"26\">1,0<\/td>\n<td width=\"19\">*<\/td>\n<td width=\"19\">*<\/td>\n<td width=\"19\">*<\/td>\n<td width=\"19\">*<\/td>\n<td width=\"19\">*<\/td>\n<td width=\"19\">*<\/td>\n<td width=\"19\">*<\/td>\n<td width=\"19\">*<\/td>\n<td width=\"19\">*<\/td>\n<td width=\"19\">*<\/td>\n<\/tr>\n<tr>\n<td width=\"66\"><strong>ISTQ0100\/40<\/strong><\/td>\n<td width=\"29\">1,0<\/td>\n<td width=\"32\">0,40<\/td>\n<td width=\"19\">*<\/td>\n<td width=\"19\">*<\/td>\n<td width=\"19\">*<\/td>\n<td width=\"19\">*<\/td>\n<td width=\"19\">*<\/td>\n<td width=\"19\">*<\/td>\n<td width=\"19\">*<\/td>\n<td width=\"19\">*<\/td>\n<td width=\"19\">*<\/td>\n<td width=\"22\"><\/td>\n<td width=\"72\"><strong>ISTQ1600\/100<\/strong><\/td>\n<td width=\"29\">16<\/td>\n<td width=\"26\">1,0<\/td>\n<td width=\"19\">*<\/td>\n<td width=\"19\">*<\/td>\n<td width=\"19\">*<\/td>\n<td width=\"19\">*<\/td>\n<td width=\"19\">*<\/td>\n<td width=\"19\">*<\/td>\n<td width=\"19\">*<\/td>\n<td width=\"19\">*<\/td>\n<td width=\"19\">*<\/td>\n<td width=\"19\">*<\/td>\n<\/tr>\n<tr>\n<td width=\"66\"><strong>ISTQ0120\/25<\/strong><\/td>\n<td width=\"29\">1,2<\/td>\n<td width=\"32\">0,25<\/td>\n<td width=\"19\">*<\/td>\n<td width=\"19\">*<\/td>\n<td width=\"19\">*<\/td>\n<td width=\"19\">*<\/td>\n<td width=\"19\">*<\/td>\n<td width=\"19\">*<\/td>\n<td width=\"19\">*<\/td>\n<td width=\"19\">*<\/td>\n<td width=\"19\">*<\/td>\n<td width=\"22\"><\/td>\n<td width=\"72\"><strong>ISTQ1700\/100<\/strong><\/td>\n<td width=\"29\">17<\/td>\n<td width=\"26\">1,0<\/td>\n<td width=\"19\">*<\/td>\n<td width=\"19\">*<\/td>\n<td width=\"19\">*<\/td>\n<td width=\"19\">*<\/td>\n<td width=\"19\">*<\/td>\n<td width=\"19\">*<\/td>\n<td width=\"19\">*<\/td>\n<td width=\"19\">*<\/td>\n<td width=\"19\">*<\/td>\n<td width=\"19\">*<\/td>\n<\/tr>\n<tr>\n<td width=\"66\"><strong>ISTQ0120\/40<\/strong><\/td>\n<td width=\"29\">1,2<\/td>\n<td width=\"32\">0,40<\/td>\n<td width=\"19\">*<\/td>\n<td width=\"19\">*<\/td>\n<td width=\"19\">*<\/td>\n<td width=\"19\">*<\/td>\n<td width=\"19\">*<\/td>\n<td width=\"19\">*<\/td>\n<td width=\"19\">*<\/td>\n<td width=\"19\">*<\/td>\n<td width=\"19\">*<\/td>\n<td width=\"22\"><\/td>\n<td width=\"72\"><strong>ISTQ1800\/100<\/strong><\/td>\n<td width=\"29\">18<\/td>\n<td width=\"26\">1,0<\/td>\n<td width=\"19\">*<\/td>\n<td width=\"19\">*<\/td>\n<td width=\"19\">*<\/td>\n<td width=\"19\">*<\/td>\n<td width=\"19\">*<\/td>\n<td width=\"19\">*<\/td>\n<td width=\"19\">*<\/td>\n<td width=\"19\">*<\/td>\n<td width=\"19\">*<\/td>\n<td width=\"19\">*<\/td>\n<\/tr>\n<tr>\n<td width=\"66\"><strong>ISTQ0150\/25<\/strong><\/td>\n<td width=\"29\">1,5<\/td>\n<td width=\"32\">0,25<\/td>\n<td width=\"19\">*<\/td>\n<td width=\"19\">*<\/td>\n<td width=\"19\">*<\/td>\n<td width=\"19\">*<\/td>\n<td width=\"19\">*<\/td>\n<td width=\"19\">*<\/td>\n<td width=\"19\">*<\/td>\n<td width=\"19\">*<\/td>\n<td width=\"19\">*<\/td>\n<td width=\"22\"><\/td>\n<td width=\"72\"><strong>ISTQ1900\/100<\/strong><\/td>\n<td width=\"29\">19<\/td>\n<td width=\"26\">1,0<\/td>\n<td width=\"19\">*<\/td>\n<td width=\"19\">*<\/td>\n<td width=\"19\">*<\/td>\n<td width=\"19\">*<\/td>\n<td width=\"19\">*<\/td>\n<td width=\"19\">*<\/td>\n<td width=\"19\">*<\/td>\n<td width=\"19\">*<\/td>\n<td width=\"19\">*<\/td>\n<td width=\"19\">*<\/td>\n<\/tr>\n<tr>\n<td width=\"66\"><strong>ISTQ0150\/40<\/strong><\/td>\n<td width=\"29\">1,5<\/td>\n<td width=\"32\">0,40<\/td>\n<td width=\"19\">*<\/td>\n<td width=\"19\">*<\/td>\n<td width=\"19\">*<\/td>\n<td width=\"19\">*<\/td>\n<td width=\"19\">*<\/td>\n<td width=\"19\">*<\/td>\n<td width=\"19\">*<\/td>\n<td width=\"19\">*<\/td>\n<td width=\"19\">*<\/td>\n<td width=\"22\"><\/td>\n<td width=\"72\"><strong>ISTQ2000\/120<\/strong><\/td>\n<td width=\"29\">20<\/td>\n<td width=\"26\">1,2<\/td>\n<td width=\"19\">*<\/td>\n<td width=\"19\">*<\/td>\n<td width=\"19\">*<\/td>\n<td width=\"19\">*<\/td>\n<td width=\"19\">*<\/td>\n<td width=\"19\">*<\/td>\n<td width=\"19\">*<\/td>\n<td width=\"19\">*<\/td>\n<td width=\"19\">*<\/td>\n<td width=\"19\">*<\/td>\n<\/tr>\n<tr>\n<td width=\"66\"><strong>ISTQ0200\/40<\/strong><\/td>\n<td width=\"29\">2,0<\/td>\n<td width=\"32\">0,40<\/td>\n<td width=\"19\">*<\/td>\n<td width=\"19\">*<\/td>\n<td width=\"19\">*<\/td>\n<td width=\"19\">*<\/td>\n<td width=\"19\">*<\/td>\n<td width=\"19\">*<\/td>\n<td width=\"19\">*<\/td>\n<td width=\"19\">*<\/td>\n<td width=\"19\">*<\/td>\n<td width=\"22\"><\/td>\n<td width=\"72\"><strong>ISTQ2100\/120<\/strong><\/td>\n<td width=\"29\">21<\/td>\n<td width=\"26\">1,2<\/td>\n<td width=\"19\">*<\/td>\n<td width=\"19\">*<\/td>\n<td width=\"19\">*<\/td>\n<td width=\"19\">*<\/td>\n<td width=\"19\">*<\/td>\n<td width=\"19\">*<\/td>\n<td width=\"19\">*<\/td>\n<td width=\"19\">*<\/td>\n<td width=\"19\">*<\/td>\n<td width=\"19\">*<\/td>\n<\/tr>\n<tr>\n<td width=\"66\"><strong>ISTQ0250\/40<\/strong><\/td>\n<td width=\"29\">2,5<\/td>\n<td width=\"32\">0,40<\/td>\n<td width=\"19\">*<\/td>\n<td width=\"19\">*<\/td>\n<td width=\"19\">*<\/td>\n<td width=\"19\">*<\/td>\n<td width=\"19\">*<\/td>\n<td width=\"19\">*<\/td>\n<td width=\"19\">*<\/td>\n<td width=\"19\">*<\/td>\n<td width=\"19\">*<\/td>\n<td width=\"22\"><\/td>\n<td width=\"72\"><strong>ISTQ2200\/120<\/strong><\/td>\n<td width=\"29\">22<\/td>\n<td width=\"26\">1,2<\/td>\n<td width=\"19\">*<\/td>\n<td width=\"19\">*<\/td>\n<td width=\"19\">*<\/td>\n<td width=\"19\">*<\/td>\n<td width=\"19\">*<\/td>\n<td width=\"19\">*<\/td>\n<td width=\"19\">*<\/td>\n<td width=\"19\">*<\/td>\n<td width=\"19\">*<\/td>\n<td width=\"19\">*<\/td>\n<\/tr>\n<tr>\n<td width=\"66\"><strong>ISTQ0300\/40<\/strong><\/td>\n<td width=\"29\">3,0<\/td>\n<td width=\"32\">0,40<\/td>\n<td width=\"19\">*<\/td>\n<td width=\"19\">*<\/td>\n<td width=\"19\">*<\/td>\n<td width=\"19\">*<\/td>\n<td width=\"19\">*<\/td>\n<td width=\"19\">*<\/td>\n<td width=\"19\">*<\/td>\n<td width=\"19\">*<\/td>\n<td width=\"19\">*<\/td>\n<td width=\"22\"><\/td>\n<td width=\"72\"><strong>ISTQ2300\/120<\/strong><\/td>\n<td width=\"29\">23<\/td>\n<td width=\"26\">1,2<\/td>\n<td width=\"19\">*<\/td>\n<td width=\"19\">*<\/td>\n<td width=\"19\">*<\/td>\n<td width=\"19\">*<\/td>\n<td width=\"19\">*<\/td>\n<td width=\"19\">*<\/td>\n<td width=\"19\">*<\/td>\n<td width=\"19\">*<\/td>\n<td width=\"19\">*<\/td>\n<td width=\"19\">*<\/td>\n<\/tr>\n<tr>\n<td width=\"66\"><strong>ISTQ0350\/40<\/strong><\/td>\n<td width=\"29\">3,5<\/td>\n<td width=\"32\">0,40<\/td>\n<td width=\"19\">*<\/td>\n<td width=\"19\">*<\/td>\n<td width=\"19\">*<\/td>\n<td width=\"19\">*<\/td>\n<td width=\"19\">*<\/td>\n<td width=\"19\">*<\/td>\n<td width=\"19\">*<\/td>\n<td width=\"19\">*<\/td>\n<td width=\"19\">*<\/td>\n<td width=\"22\"><\/td>\n<td width=\"72\"><strong>ISTQ2400\/120<\/strong><\/td>\n<td width=\"29\">24<\/td>\n<td width=\"26\">1,2<\/td>\n<td width=\"19\">*<\/td>\n<td width=\"19\">*<\/td>\n<td width=\"19\">*<\/td>\n<td width=\"19\">*<\/td>\n<td width=\"19\">*<\/td>\n<td width=\"19\">*<\/td>\n<td width=\"19\">*<\/td>\n<td width=\"19\">*<\/td>\n<td width=\"19\">*<\/td>\n<td width=\"19\">*<\/td>\n<\/tr>\n<tr>\n<td width=\"66\"><strong>ISTQ0400\/50<\/strong><\/td>\n<td width=\"29\">4,0<\/td>\n<td width=\"32\">0,50<\/td>\n<td width=\"19\">*<\/td>\n<td width=\"19\">*<\/td>\n<td width=\"19\">*<\/td>\n<td width=\"19\">*<\/td>\n<td width=\"19\">*<\/td>\n<td width=\"19\">*<\/td>\n<td width=\"19\">*<\/td>\n<td width=\"19\">*<\/td>\n<td width=\"19\">*<\/td>\n<td width=\"22\"><\/td>\n<td width=\"72\"><strong>ISTQ2500\/120<\/strong><\/td>\n<td width=\"29\">25<\/td>\n<td width=\"26\">1,2<\/td>\n<td width=\"19\">*<\/td>\n<td width=\"19\">*<\/td>\n<td width=\"19\">*<\/td>\n<td width=\"19\">*<\/td>\n<td width=\"19\">*<\/td>\n<td width=\"19\">*<\/td>\n<td width=\"19\">*<\/td>\n<td width=\"19\">*<\/td>\n<td width=\"19\">*<\/td>\n<td width=\"19\">*<\/td>\n<\/tr>\n<tr>\n<td width=\"66\"><strong>ISTQ0450\/50<\/strong><\/td>\n<td width=\"29\">4,5<\/td>\n<td width=\"32\">0,50<\/td>\n<td width=\"19\">*<\/td>\n<td width=\"19\">*<\/td>\n<td width=\"19\">*<\/td>\n<td width=\"19\">*<\/td>\n<td width=\"19\">*<\/td>\n<td width=\"19\">*<\/td>\n<td width=\"19\">*<\/td>\n<td width=\"19\">*<\/td>\n<td width=\"19\">*<\/td>\n<td width=\"22\"><\/td>\n<td width=\"72\"><strong>ISTQ2600\/120<\/strong><\/td>\n<td width=\"29\">26<\/td>\n<td width=\"26\">1,2<\/td>\n<td width=\"19\">*<\/td>\n<td width=\"19\">*<\/td>\n<td width=\"19\">*<\/td>\n<td width=\"19\">*<\/td>\n<td width=\"19\">*<\/td>\n<td width=\"19\">*<\/td>\n<td width=\"19\">*<\/td>\n<td width=\"19\">*<\/td>\n<td width=\"19\">*<\/td>\n<td width=\"19\">*<\/td>\n<\/tr>\n<tr>\n<td width=\"66\"><strong>ISTQ0500\/60<\/strong><\/td>\n<td width=\"29\">5,0<\/td>\n<td width=\"32\">0,60<\/td>\n<td width=\"19\">*<\/td>\n<td width=\"19\">*<\/td>\n<td width=\"19\">*<\/td>\n<td width=\"19\">*<\/td>\n<td width=\"19\">*<\/td>\n<td width=\"19\">*<\/td>\n<td width=\"19\">*<\/td>\n<td width=\"19\">*<\/td>\n<td width=\"19\">*<\/td>\n<td width=\"22\"><\/td>\n<td width=\"72\"><strong>ISTQ2700\/120<\/strong><\/td>\n<td width=\"29\">27<\/td>\n<td width=\"26\">1,2<\/td>\n<td width=\"19\">*<\/td>\n<td width=\"19\">*<\/td>\n<td width=\"19\">*<\/td>\n<td width=\"19\">*<\/td>\n<td width=\"19\">*<\/td>\n<td width=\"19\">*<\/td>\n<td width=\"19\">*<\/td>\n<td width=\"19\">*<\/td>\n<td width=\"19\">*<\/td>\n<td width=\"19\">*<\/td>\n<\/tr>\n<tr>\n<td width=\"66\"><strong>ISTQ0600\/60<\/strong><\/td>\n<td width=\"29\">6,0<\/td>\n<td width=\"32\">0,60<\/td>\n<td width=\"19\">*<\/td>\n<td width=\"19\">*<\/td>\n<td width=\"19\">*<\/td>\n<td width=\"19\">*<\/td>\n<td width=\"19\">*<\/td>\n<td width=\"19\">*<\/td>\n<td width=\"19\">*<\/td>\n<td width=\"19\">*<\/td>\n<td width=\"19\">*<\/td>\n<td width=\"22\"><\/td>\n<td width=\"72\"><strong>ISTQ2800\/120<\/strong><\/td>\n<td width=\"29\">28<\/td>\n<td width=\"26\">1,2<\/td>\n<td width=\"19\">*<\/td>\n<td width=\"19\">*<\/td>\n<td width=\"19\">*<\/td>\n<td width=\"19\">*<\/td>\n<td width=\"19\">*<\/td>\n<td width=\"19\">*<\/td>\n<td width=\"19\">*<\/td>\n<td width=\"19\">*<\/td>\n<td width=\"19\">*<\/td>\n<td width=\"19\">*<\/td>\n<\/tr>\n<tr>\n<td width=\"66\"><strong>ISTQ0700\/70<\/strong><\/td>\n<td width=\"29\">7,0<\/td>\n<td width=\"32\">0,70<\/td>\n<td width=\"19\">*<\/td>\n<td width=\"19\">*<\/td>\n<td width=\"19\">*<\/td>\n<td width=\"19\">*<\/td>\n<td width=\"19\">*<\/td>\n<td width=\"19\">*<\/td>\n<td width=\"19\">*<\/td>\n<td width=\"19\">*<\/td>\n<td width=\"19\">*<\/td>\n<td width=\"22\"><\/td>\n<td width=\"72\"><strong>ISTQ2900\/120<\/strong><\/td>\n<td width=\"29\">29<\/td>\n<td width=\"26\">1,2<\/td>\n<td width=\"19\">*<\/td>\n<td width=\"19\">*<\/td>\n<td width=\"19\">*<\/td>\n<td width=\"19\">*<\/td>\n<td width=\"19\">*<\/td>\n<td width=\"19\">*<\/td>\n<td width=\"19\">*<\/td>\n<td width=\"19\">*<\/td>\n<td width=\"19\">*<\/td>\n<td width=\"19\">*<\/td>\n<\/tr>\n<tr>\n<td width=\"66\"><strong>ISTQ0800\/70<\/strong><\/td>\n<td width=\"29\">8,0<\/td>\n<td width=\"32\">0,70<\/td>\n<td width=\"19\">*<\/td>\n<td width=\"19\">*<\/td>\n<td width=\"19\">*<\/td>\n<td width=\"19\">*<\/td>\n<td width=\"19\">*<\/td>\n<td width=\"19\">*<\/td>\n<td width=\"19\">*<\/td>\n<td width=\"19\">*<\/td>\n<td width=\"19\">*<\/td>\n<td width=\"22\"><\/td>\n<td width=\"72\"><strong>ISTQ3000\/120<\/strong><\/td>\n<td width=\"29\">30<\/td>\n<td width=\"26\">1,2<\/td>\n<td width=\"19\">*<\/td>\n<td width=\"19\">*<\/td>\n<td width=\"19\">*<\/td>\n<td width=\"19\">*<\/td>\n<td width=\"19\">*<\/td>\n<td width=\"19\">*<\/td>\n<td width=\"19\">*<\/td>\n<td width=\"19\">*<\/td>\n<td width=\"19\">*<\/td>\n<td width=\"19\">*<\/td>\n<\/tr>\n<\/tbody>\n<\/table>\n<p>* sur demande<\/p>\n<p><strong>Num\u00e9ro d&rsquo;article :<\/strong><\/p>\n<p>Exemple : ISTQ0250\/40SW<br \/>\nISTQ0250\/40 = num\u00e9ro de base<br \/>\nSW = couleur noire<\/p>\n<p>&nbsp;<\/p>\n","protected":false},"excerpt":{"rendered":"<p>&nbsp;<\/p>\n<h5>Ces gaines isolantes en PVC sans tissu conviennent aux installations \u00e9lectriques dans le domaine des t\u00e9l\u00e9communications, de la construction d&rsquo;appareils m\u00e9nagers et d&rsquo;appareils \u00e9lectriques en g\u00e9n\u00e9ral, etc. o\u00f9 des exigences normales en mati\u00e8re de propri\u00e9t\u00e9s \u00e9lectriques et m\u00e9caniques sont requises.<\/h5>\n<p>&nbsp;<\/p>\n<p>&nbsp;<\/p>\n","protected":false},"featured_media":2059,"template":"","meta":{"_acf_changed":false},"product_brand":[],"product_cat":[217,284],"product_tag":[],"class_list":{"0":"post-5927","1":"product","2":"type-product","3":"status-publish","4":"has-post-thumbnail","6":"product_cat-tuyaux-techniques","7":"product_cat-tuyaux-extrudes","9":"first","10":"instock","11":"shipping-taxable","12":"purchasable","13":"product-type-simple"},"acf":[],"_links":{"self":[{"href":"https:\/\/schupp.ch\/fr\/wp-json\/wp\/v2\/product\/5927","targetHints":{"allow":["GET"]}}],"collection":[{"href":"https:\/\/schupp.ch\/fr\/wp-json\/wp\/v2\/product"}],"about":[{"href":"https:\/\/schupp.ch\/fr\/wp-json\/wp\/v2\/types\/product"}],"wp:featuredmedia":[{"embeddable":true,"href":"https:\/\/schupp.ch\/fr\/wp-json\/wp\/v2\/media\/2059"}],"wp:attachment":[{"href":"https:\/\/schupp.ch\/fr\/wp-json\/wp\/v2\/media?parent=5927"}],"wp:term":[{"taxonomy":"product_brand","embeddable":true,"href":"https:\/\/schupp.ch\/fr\/wp-json\/wp\/v2\/product_brand?post=5927"},{"taxonomy":"product_cat","embeddable":true,"href":"https:\/\/schupp.ch\/fr\/wp-json\/wp\/v2\/product_cat?post=5927"},{"taxonomy":"product_tag","embeddable":true,"href":"https:\/\/schupp.ch\/fr\/wp-json\/wp\/v2\/product_tag?post=5927"}],"curies":[{"name":"wp","href":"https:\/\/api.w.org\/{rel}","templated":true}]}}