{"id":5928,"date":"2024-01-26T15:55:57","date_gmt":"2024-01-26T14:55:57","guid":{"rendered":"https:\/\/schupp.ch\/p\/gaines-isolantes-tressees-15c4\/"},"modified":"2025-11-06T16:15:07","modified_gmt":"2025-11-06T15:15:07","slug":"gaines-isolantes-tressees-15c4","status":"publish","type":"product","link":"https:\/\/schupp.ch\/fr\/p\/gaines-isolantes-tressees-15c4\/","title":{"rendered":"Gaines isolantes tress\u00e9es 15C4"},"content":{"rendered":"<h5>Donn\u00e9es techniques<\/h5>\n<p>&nbsp;<\/p>\n<p><strong>Mat\u00e9riaux :<br \/>\n<\/strong>Tresse en fibres de verre avec rev\u00eatement en caoutchouc de silicone<\/p>\n<p><strong>Classe de temp\u00e9rature :<br \/>\n<\/strong>C (&gt;220\u00b0C)<\/p>\n<p><strong>Rigidit\u00e9 di\u00e9lectrique :<\/strong><br \/>\n4 kV min.<\/p>\n<p><strong>Caract\u00e9ristiques techniques :<br \/>\n<\/strong>Les gaines isolantes 15C pr\u00e9sentent une tr\u00e8s grande r\u00e9sistance \u00e0 la temp\u00e9rature et sont tr\u00e8s souples.<\/p>\n<p><strong>Couleur :<br \/>\n<\/strong>rouge-brun<\/p>\n<p><strong>Conditionnement :<br \/>\n<\/strong>0,5 &#8211; 4,0 mm \u00d8 : torches de 200 m<br \/>\n5,0 &#8211; 14,0 mm \u00d8 : torches de 100 m<br \/>\n\u00e0 partir de 16,0 mm \u00d8 : torches de 50 m<br \/>\n(Changements r\u00e9serv\u00e9s)<\/p>\n<p>&nbsp;<\/p>\n<h5><\/h5>\n<h5><strong>Dimensions :<\/strong><\/h5>\n<table>\n<tbody>\n<tr>\n<td colspan=\"2\" width=\"104\"><strong>Num\u00e9ro d&rsquo;article<\/strong><\/td>\n<td width=\"60\"><strong>\u00d8 int\u00e9rieur<\/strong><\/td>\n<td width=\"46\"><strong>\u00c9paisseur de paroi<\/strong><\/td>\n<td width=\"17\"><\/td>\n<td colspan=\"2\" width=\"104\"><strong>Num\u00e9ro d&rsquo;article<\/strong><\/td>\n<td width=\"66\"><strong>\u00d8 int\u00e9rieur<\/strong><\/td>\n<td width=\"19\"><strong>\u00c9paisseur de paroi<\/strong><\/td>\n<td colspan=\"2\" width=\"104\"><strong>Num\u00e9ro d&rsquo;article<\/strong><\/td>\n<td width=\"76\"><strong>\u00d8 int\u00e9rieur<\/strong><\/td>\n<td width=\"45\"><strong>\u00c9paisseur de paroi<\/strong><\/td>\n<\/tr>\n<tr>\n<td width=\"82\"><strong>IS15C40005<\/strong><\/td>\n<td width=\"22\"><span style=\"color: #00ff00;\">\u2666<\/span><\/td>\n<td width=\"60\">0,5<\/td>\n<td width=\"46\">0,4<\/td>\n<td width=\"17\"><\/td>\n<td width=\"85\"><strong>IS15C40035<\/strong><\/td>\n<td width=\"19\"><span style=\"color: #00ff00;\">\u2666<\/span><\/td>\n<td width=\"66\">3,5<\/td>\n<td width=\"19\">0,4<\/td>\n<td width=\"85\"><strong>IS15C40100<\/strong><\/td>\n<td width=\"19\"><span style=\"color: #00ff00;\">\u2666<\/span><\/td>\n<td width=\"76\">10,0<\/td>\n<td width=\"45\">0,7<\/td>\n<\/tr>\n<tr>\n<td width=\"82\"><strong>IS15C40010<\/strong><\/td>\n<td width=\"22\"><span style=\"color: #00ff00;\">\u2666<\/span><\/td>\n<td width=\"60\">1,0<\/td>\n<td width=\"46\">0,4<\/td>\n<td width=\"17\"><\/td>\n<td width=\"85\"><strong>IS15C40040<\/strong><\/td>\n<td width=\"19\"><span style=\"color: #00ff00;\">\u2666<\/span><\/td>\n<td width=\"66\">4,0<\/td>\n<td width=\"19\">0,5<\/td>\n<td width=\"85\"><strong>IS15C40120<\/strong><\/td>\n<td width=\"19\"><span style=\"color: #00ff00;\">\u2666<\/span><\/td>\n<td width=\"76\">12,0<\/td>\n<td width=\"45\">0,8<\/td>\n<\/tr>\n<tr>\n<td width=\"82\"><strong>IS15C40015<\/strong><\/td>\n<td width=\"22\"><span style=\"color: #00ff00;\">\u2666<\/span><\/td>\n<td width=\"60\">1,5<\/td>\n<td width=\"46\">0,4<\/td>\n<td width=\"17\"><\/td>\n<td width=\"85\"><strong>IS15C40050<\/strong><\/td>\n<td width=\"19\"><span style=\"color: #00ff00;\">\u2666<\/span><\/td>\n<td width=\"66\">5,0<\/td>\n<td width=\"19\">0,6<\/td>\n<td width=\"85\"><strong>IS15C40140<\/strong><\/td>\n<td width=\"19\"><span style=\"color: #ff9900;\">\u2666<\/span><\/td>\n<td width=\"76\">14,0<\/td>\n<td width=\"45\">1,0<\/td>\n<\/tr>\n<tr>\n<td width=\"82\"><strong>IS15C40020<\/strong><\/td>\n<td width=\"22\"><span style=\"color: #00ff00;\">\u2666<\/span><\/td>\n<td width=\"60\">2,0<\/td>\n<td width=\"46\">0,4<\/td>\n<td width=\"17\"><\/td>\n<td width=\"85\"><strong>IS15C40060<\/strong><\/td>\n<td width=\"19\"><span style=\"color: #00ff00;\">\u2666<\/span><\/td>\n<td width=\"66\">6,0<\/td>\n<td width=\"19\">0,6<\/td>\n<td width=\"85\"><strong>IS15C40160<\/strong><\/td>\n<td width=\"19\"><span style=\"color: #ff9900;\">\u2666<\/span><\/td>\n<td width=\"76\">16,0<\/td>\n<td width=\"45\">1,0<\/td>\n<\/tr>\n<tr>\n<td width=\"82\"><strong>IS15C40025<\/strong><\/td>\n<td width=\"22\"><span style=\"color: #00ff00;\">\u2666<\/span><\/td>\n<td width=\"60\">2,5<\/td>\n<td width=\"46\">0,4<\/td>\n<td width=\"17\"><\/td>\n<td width=\"85\"><strong>IS15C40070<\/strong><\/td>\n<td width=\"19\"><span style=\"color: #00ff00;\">\u2666<\/span><\/td>\n<td width=\"66\">7,0<\/td>\n<td width=\"19\">0,7<\/td>\n<td width=\"85\"><strong>IS15C40180<\/strong><\/td>\n<td width=\"19\"><span style=\"color: #ff9900;\">\u2666<\/span><\/td>\n<td width=\"76\">18,0<\/td>\n<td width=\"45\">1,0<\/td>\n<\/tr>\n<tr>\n<td width=\"82\"><strong>IS15C40030<\/strong><\/td>\n<td width=\"22\"><span style=\"color: #00ff00;\">\u2666<\/span><\/td>\n<td width=\"60\">3,0<\/td>\n<td width=\"46\">0,4<\/td>\n<td width=\"17\"><\/td>\n<td width=\"85\"><strong>IS15C40080<\/strong><\/td>\n<td width=\"19\"><span style=\"color: #00ff00;\">\u2666<\/span><\/td>\n<td width=\"66\">8,0<\/td>\n<td width=\"19\">0,7<\/td>\n<td width=\"85\"><strong>IS15C40200<\/strong><\/td>\n<td width=\"19\"><span style=\"color: #ff9900;\">\u2666<\/span><\/td>\n<td width=\"76\">20,0<\/td>\n<td width=\"45\">1,0<\/td>\n<\/tr>\n<\/tbody>\n<\/table>\n<p><span style=\"color: #00ff00;\">\u2666<\/span> disponible de stock<\/p>\n<p>\u2666 <span style=\"color: #ff9900;\">s<\/span>ur demande<\/p>\n<p>&nbsp;<\/p>\n","protected":false},"excerpt":{"rendered":"<p>&nbsp;<\/p>\n<h5>Cette gaine flexible en fibre de verre auto-extinguible de classe thermique C (220 \u00b0C) est recouvert d&rsquo;une dispersion de silicone et convient particuli\u00e8rement aux applications \u00e0 temp\u00e9ratures ambiantes \u00e9lev\u00e9es dans l&rsquo;industrie \u00e9lectrom\u00e9canique ou \u00e9lectronique.<\/h5>\n<p>&nbsp;<\/p>\n<p>&nbsp;<\/p>\n","protected":false},"featured_media":2047,"template":"","meta":{"_acf_changed":false},"product_brand":[],"product_cat":[217,218],"product_tag":[],"class_list":{"0":"post-5928","1":"product","2":"type-product","3":"status-publish","4":"has-post-thumbnail","6":"product_cat-tuyaux-techniques","7":"product_cat-tuyaux-tresses","9":"first","10":"instock","11":"shipping-taxable","12":"purchasable","13":"product-type-simple"},"acf":[],"_links":{"self":[{"href":"https:\/\/schupp.ch\/fr\/wp-json\/wp\/v2\/product\/5928","targetHints":{"allow":["GET"]}}],"collection":[{"href":"https:\/\/schupp.ch\/fr\/wp-json\/wp\/v2\/product"}],"about":[{"href":"https:\/\/schupp.ch\/fr\/wp-json\/wp\/v2\/types\/product"}],"wp:featuredmedia":[{"embeddable":true,"href":"https:\/\/schupp.ch\/fr\/wp-json\/wp\/v2\/media\/2047"}],"wp:attachment":[{"href":"https:\/\/schupp.ch\/fr\/wp-json\/wp\/v2\/media?parent=5928"}],"wp:term":[{"taxonomy":"product_brand","embeddable":true,"href":"https:\/\/schupp.ch\/fr\/wp-json\/wp\/v2\/product_brand?post=5928"},{"taxonomy":"product_cat","embeddable":true,"href":"https:\/\/schupp.ch\/fr\/wp-json\/wp\/v2\/product_cat?post=5928"},{"taxonomy":"product_tag","embeddable":true,"href":"https:\/\/schupp.ch\/fr\/wp-json\/wp\/v2\/product_tag?post=5928"}],"curies":[{"name":"wp","href":"https:\/\/api.w.org\/{rel}","templated":true}]}}