{"id":5929,"date":"2024-01-26T16:10:49","date_gmt":"2024-01-26T15:10:49","guid":{"rendered":"https:\/\/schupp.ch\/p\/gaines-isolantes-en-pvc-reconnues-ul-csa-resistantes-a-la-chaleur-et-a-limpregnation\/"},"modified":"2025-12-28T16:41:47","modified_gmt":"2025-12-28T15:41:47","slug":"gaines-isolantes-en-pvc-reconnues-ul-csa-resistantes-a-la-chaleur-et-a-limpregnation","status":"publish","type":"product","link":"https:\/\/schupp.ch\/fr\/p\/gaines-isolantes-en-pvc-reconnues-ul-csa-resistantes-a-la-chaleur-et-a-limpregnation\/","title":{"rendered":"Gaines isolantes en PVC, approuv\u00e9 UL\/CSA, r\u00e9sistantes \u00e0 la chaleur et \u00e0 l&rsquo;impr\u00e9gnation"},"content":{"rendered":"<p>&nbsp;<\/p>\n<h5>Donn\u00e9es techniques<\/h5>\n<p>&nbsp;<\/p>\n<p><strong>Mati\u00e8re :<br \/>\n<\/strong>PVC plastifi\u00e9, r\u00e9sistant \u00e0 la chaleur et \u00e0 l&rsquo;impr\u00e9gnation<\/p>\n<p><strong>Plage de temp\u00e9rature :<br \/>\n<\/strong>20\u00b0C \u00e0 +105\u00b0C<\/p>\n<p><strong>Homologations :<br \/>\n<\/strong>ASTM D-922\/MIL-I-631, Type F, Grade C<br \/>\nUL 224 (VW-1, 60\u00b0, oil resistant) UL-File #E-157822<br \/>\nCSA File Card #217824<\/p>\n<p><strong>Inflammabilit\u00e9 :<\/strong><br \/>\nVW-1 Bonne compatibilit\u00e9 avec tous les produits d&rsquo;impr\u00e9gnation courants R\u00e9sistant \u00e0 l&rsquo;huile, \u00e0 l&rsquo;essence<\/p>\n<p><strong>Rigidit\u00e9 di\u00e9lectrique:<br \/>\n<\/strong>0,5\u00a0 &#8211;\u00a0 2,5 mm \u00d8 = env. 12 kV\/mm<br \/>\n3,0\u00a0 &#8211;\u00a0 32 mm \u00d8 = env. 16 kV\/mm<\/p>\n<p><strong>Tension de service :<br \/>\n<\/strong>300 V pour SW Standard Wall 600 V pour HW Heavy Wall<\/p>\n<p><strong>Couleurs :<br \/>\n<\/strong>Couleur standard : noir, autres couleurs sur demande<\/p>\n<p><strong>Conditionnement:<br \/>\n<\/strong>0.5 &#8211; 1.5 mm \u00d8\u00a0 \u00a0 \u00a0 \u00a0 \u00a0 300 m sur bobine<br \/>\n2.0 &#8211; 4.5 mm \u00d8\u00a0 \u00a0 \u00a0 \u00a0 \u00a0 200 m sur bobine<br \/>\n5.0 &#8211; 7.0 mm \u00d8\u00a0 \u00a0 \u00a0 \u00a0 \u00a0 150 m sur bobine<br \/>\n8.0 &#8211; 12.0 mm \u00d8\u00a0 \u00a0 \u00a0 \u00a0 100 m en anneau<br \/>\n14.0 &#8211; 16.0 mm \u00d8\u00a0 \u00a0 \u00a0 50 m en anneau<br \/>\n20.0 &#8211; 32.0 mm \u00d8\u00a0 \u00a0 \u00a0 30 m en anneau<\/p>\n<p>&nbsp;<\/p>\n<h5><strong>\u00a0Dimensions<\/strong><\/h5>\n<table>\n<tbody>\n<tr>\n<td colspan=\"6\" width=\"444\"><strong>Standard Wall (Paroi normale)<\/strong><\/td>\n<\/tr>\n<tr>\n<td width=\"47\"><strong>AWG<\/strong><\/td>\n<td colspan=\"2\" width=\"117\"><strong>Num\u00e9ro principale<\/strong><\/td>\n<td width=\"48\"><strong>\u00d8 int\u00e9rieur (mm)<\/strong><\/td>\n<td width=\"89\"><strong>Epaisseur de la paroi (mm)<\/strong><\/td>\n<td width=\"134\"><strong>Tension de service (V)<\/strong><\/td>\n<\/tr>\n<tr>\n<td width=\"47\">24<\/td>\n<td width=\"94\"><strong>ISULSW24<\/strong><\/td>\n<td width=\"21\">\u2666<\/td>\n<td width=\"48\">0,56<\/td>\n<td width=\"89\">0,30<\/td>\n<td width=\"134\">300<\/td>\n<\/tr>\n<tr>\n<td width=\"47\">20<\/td>\n<td width=\"94\"><strong>ISULSW20<\/strong><\/td>\n<td width=\"21\">\u2666<\/td>\n<td width=\"48\">0,86<\/td>\n<td width=\"89\">0,40<\/td>\n<td width=\"134\">300<\/td>\n<\/tr>\n<tr>\n<td width=\"47\">18<\/td>\n<td width=\"94\"><strong>ISULSW18<\/strong><\/td>\n<td width=\"21\">\u2666<\/td>\n<td width=\"48\">1,07<\/td>\n<td width=\"89\">0,40<\/td>\n<td width=\"134\">300<\/td>\n<\/tr>\n<tr>\n<td width=\"47\">15<\/td>\n<td width=\"94\"><strong>ISULSW15<\/strong><\/td>\n<td width=\"21\">\u2666<\/td>\n<td width=\"48\">1,50<\/td>\n<td width=\"89\">0,40<\/td>\n<td width=\"134\">300<\/td>\n<\/tr>\n<tr>\n<td width=\"47\">12<\/td>\n<td width=\"94\"><strong>ISULSW12<\/strong><\/td>\n<td width=\"21\">\u2666<\/td>\n<td width=\"48\">2,16<\/td>\n<td width=\"89\">0,40<\/td>\n<td width=\"134\">300<\/td>\n<\/tr>\n<tr>\n<td width=\"47\">11<\/td>\n<td width=\"94\"><strong>ISULSW11<\/strong><\/td>\n<td width=\"21\">\u2666<\/td>\n<td width=\"48\">2,41<\/td>\n<td width=\"89\">0,40<\/td>\n<td width=\"134\">300<\/td>\n<\/tr>\n<tr>\n<td width=\"47\">9<\/td>\n<td width=\"94\"><strong>ISULSW09<\/strong><\/td>\n<td width=\"21\">\u2666<\/td>\n<td width=\"48\">3,00<\/td>\n<td width=\"89\">0,50<\/td>\n<td width=\"134\">300<\/td>\n<\/tr>\n<tr>\n<td width=\"47\">8<\/td>\n<td width=\"94\"><strong>ISULSW08<\/strong><\/td>\n<td width=\"21\">\u2666<\/td>\n<td width=\"48\">3,38<\/td>\n<td width=\"89\">0,50<\/td>\n<td width=\"134\">300<\/td>\n<\/tr>\n<tr>\n<td width=\"47\">6<\/td>\n<td width=\"94\"><strong>ISULSW06<\/strong><\/td>\n<td width=\"21\">\u2666<\/td>\n<td width=\"48\">4,22<\/td>\n<td width=\"89\">0,50<\/td>\n<td width=\"134\">300<\/td>\n<\/tr>\n<tr>\n<td width=\"47\">5<\/td>\n<td width=\"94\"><strong>ISULSW05<\/strong><\/td>\n<td width=\"21\">\u2666<\/td>\n<td width=\"48\">4,72<\/td>\n<td width=\"89\">0,50<\/td>\n<td width=\"134\">300<\/td>\n<\/tr>\n<tr>\n<td width=\"47\">4<\/td>\n<td width=\"94\"><strong>ISULSW04<\/strong><\/td>\n<td width=\"21\">\u2666<\/td>\n<td width=\"48\">5,28<\/td>\n<td width=\"89\">0,50<\/td>\n<td width=\"134\">300<\/td>\n<\/tr>\n<tr>\n<td width=\"47\">3<\/td>\n<td width=\"94\"><strong>ISULSW03<\/strong><\/td>\n<td width=\"21\">\u2666<\/td>\n<td width=\"48\">5,94<\/td>\n<td width=\"89\">0,50<\/td>\n<td width=\"134\">300<\/td>\n<\/tr>\n<tr>\n<td width=\"47\">2<\/td>\n<td width=\"94\"><strong>ISULSW02<\/strong><\/td>\n<td width=\"21\">\u2666<\/td>\n<td width=\"48\">6,68<\/td>\n<td width=\"89\">0,50<\/td>\n<td width=\"134\">300<\/td>\n<\/tr>\n<tr>\n<td width=\"47\">1<\/td>\n<td width=\"94\"><strong>ISULSW01<\/strong><\/td>\n<td width=\"21\">\u2666<\/td>\n<td width=\"48\">7,47<\/td>\n<td width=\"89\">0,50<\/td>\n<td width=\"134\">300<\/td>\n<\/tr>\n<tr>\n<td width=\"47\">0<\/td>\n<td width=\"94\"><strong>ISULSW00<\/strong><\/td>\n<td width=\"21\">\u2666<\/td>\n<td width=\"48\">8,38<\/td>\n<td width=\"89\">0,50<\/td>\n<td width=\"134\">300<\/td>\n<\/tr>\n<\/tbody>\n<\/table>\n<p>&nbsp;<\/p>\n<table>\n<tbody>\n<tr>\n<td colspan=\"6\" width=\"359\"><strong>Heavy Wall (Paroi \u00e9paisse)<\/strong><\/td>\n<\/tr>\n<tr>\n<td width=\"47\"><strong>AWG<\/strong><\/td>\n<td colspan=\"2\" width=\"123\"><strong>Num\u00e9ro principale<\/strong><\/td>\n<td width=\"52\"><strong>\u00d8 int\u00e9rieur (mm)<\/strong><\/td>\n<td width=\"52\"><strong>Epaisseur de la paroi (mm)<\/strong><\/td>\n<td width=\"77\"><strong>Tension de service (V)<\/strong><\/td>\n<\/tr>\n<tr>\n<td width=\"47\">4<\/td>\n<td width=\"102\"><strong>ISULHW24<\/strong><\/td>\n<td width=\"19\">\u2666<\/td>\n<td width=\"52\">0,56<\/td>\n<td width=\"52\">0,40<\/td>\n<td width=\"77\">600<\/td>\n<\/tr>\n<tr>\n<td width=\"47\">20<\/td>\n<td width=\"102\"><strong>ISULHW20<\/strong><\/td>\n<td width=\"19\">\u2666<\/td>\n<td width=\"52\">0,86<\/td>\n<td width=\"52\">0,50<\/td>\n<td width=\"77\">600<\/td>\n<\/tr>\n<tr>\n<td width=\"47\">18<\/td>\n<td width=\"102\"><strong>ISULHW18<\/strong><\/td>\n<td width=\"19\">\u2666<\/td>\n<td width=\"52\">1,07<\/td>\n<td width=\"52\">0,50<\/td>\n<td width=\"77\">600<\/td>\n<\/tr>\n<tr>\n<td width=\"47\">15<\/td>\n<td width=\"102\"><strong>ISULHW15<\/strong><\/td>\n<td width=\"19\">\u2666<\/td>\n<td width=\"52\">1,50<\/td>\n<td width=\"52\">0,60<\/td>\n<td width=\"77\">600<\/td>\n<\/tr>\n<tr>\n<td width=\"47\">12<\/td>\n<td width=\"102\"><strong>ISULHW12<\/strong><\/td>\n<td width=\"19\">\u2666<\/td>\n<td width=\"52\">2,16<\/td>\n<td width=\"52\">0,60<\/td>\n<td width=\"77\">600<\/td>\n<\/tr>\n<tr>\n<td width=\"47\">11<\/td>\n<td width=\"102\"><strong>ISULHW11<\/strong><\/td>\n<td width=\"19\">\u2666<\/td>\n<td width=\"52\">2,41<\/td>\n<td width=\"52\">0,60<\/td>\n<td width=\"77\">600<\/td>\n<\/tr>\n<tr>\n<td width=\"47\">9<\/td>\n<td width=\"102\"><strong>ISULHW09<\/strong><\/td>\n<td width=\"19\">\u2666<\/td>\n<td width=\"52\">3,00<\/td>\n<td width=\"52\">0,60<\/td>\n<td width=\"77\">600<\/td>\n<\/tr>\n<tr>\n<td width=\"47\">8<\/td>\n<td width=\"102\"><strong>ISULHW08<\/strong><\/td>\n<td width=\"19\">\u2666<\/td>\n<td width=\"52\">3,38<\/td>\n<td width=\"52\">0,60<\/td>\n<td width=\"77\">600<\/td>\n<\/tr>\n<tr>\n<td width=\"47\">6<\/td>\n<td width=\"102\"><strong>ISULHW06<\/strong><\/td>\n<td width=\"19\">\u2666<\/td>\n<td width=\"52\">4,22<\/td>\n<td width=\"52\">0,60<\/td>\n<td width=\"77\">600<\/td>\n<\/tr>\n<tr>\n<td width=\"47\">5<\/td>\n<td width=\"102\"><strong>ISULHW05<\/strong><\/td>\n<td width=\"19\">\u2666<\/td>\n<td width=\"52\">4,72<\/td>\n<td width=\"52\">0,60<\/td>\n<td width=\"77\">600<\/td>\n<\/tr>\n<tr>\n<td width=\"47\">4<\/td>\n<td width=\"102\"><strong>ISULHW04<\/strong><\/td>\n<td width=\"19\">\u2666<\/td>\n<td width=\"52\">5,28<\/td>\n<td width=\"52\">0,60<\/td>\n<td width=\"77\">600<\/td>\n<\/tr>\n<tr>\n<td width=\"47\">3<\/td>\n<td width=\"102\"><strong>ISULHW03<\/strong><\/td>\n<td width=\"19\">\u2666<\/td>\n<td width=\"52\">5,94<\/td>\n<td width=\"52\">0,60<\/td>\n<td width=\"77\">600<\/td>\n<\/tr>\n<tr>\n<td width=\"47\">2<\/td>\n<td width=\"102\"><strong>ISULHW02<\/strong><\/td>\n<td width=\"19\">\u2666<\/td>\n<td width=\"52\">6,68<\/td>\n<td width=\"52\">0,60<\/td>\n<td width=\"77\">600<\/td>\n<\/tr>\n<tr>\n<td width=\"47\">1<\/td>\n<td width=\"102\"><strong>ISULHW01<\/strong><\/td>\n<td width=\"19\">\u2666<\/td>\n<td width=\"52\">7,47<\/td>\n<td width=\"52\">0,60<\/td>\n<td width=\"77\">600<\/td>\n<\/tr>\n<tr>\n<td width=\"47\">0<\/td>\n<td width=\"102\"><strong>ISULHW00<\/strong><\/td>\n<td width=\"19\">\u2666<\/td>\n<td width=\"52\">8,38<\/td>\n<td width=\"52\">0,60<\/td>\n<td width=\"77\">600<\/td>\n<\/tr>\n<\/tbody>\n<\/table>\n<p>&nbsp;<\/p>\n<table>\n<tbody>\n<tr>\n<td colspan=\"6\" width=\"359\"><strong>Dimensions en Inch<\/strong><\/td>\n<\/tr>\n<tr>\n<td width=\"47\"><strong>Taille<\/strong><\/td>\n<td width=\"102\"><strong>Num\u00e9ro principal<\/strong><\/td>\n<td width=\"19\"><\/td>\n<td width=\"52\"><strong>\u00d8 int\u00e9rieur (mm)<\/strong><\/td>\n<td width=\"52\"><strong>Epaisseur de la paroi (mm)<\/strong><\/td>\n<td width=\"77\"><strong>Tension de service \u00a0(V)<\/strong><\/td>\n<\/tr>\n<tr>\n<td width=\"47\">3\/8\u201c<\/td>\n<td width=\"102\">ISULHW3\/8\u201c<\/td>\n<td width=\"19\">\u2666<\/td>\n<td width=\"52\">9,53<\/td>\n<td width=\"52\">0,64<\/td>\n<td width=\"77\">600<\/td>\n<\/tr>\n<tr>\n<td width=\"47\">7\/16\u201c<\/td>\n<td width=\"102\">ISULHW7\/16\u201c<\/td>\n<td width=\"19\">\u2666<\/td>\n<td width=\"52\">11,13<\/td>\n<td width=\"52\">0,64<\/td>\n<td width=\"77\">600<\/td>\n<\/tr>\n<tr>\n<td width=\"47\">1\/2\u201c<\/td>\n<td width=\"102\">ISULHW1\/2\u201c<\/td>\n<td width=\"19\">\u2666<\/td>\n<td width=\"52\">12,70<\/td>\n<td width=\"52\">0,64<\/td>\n<td width=\"77\">600<\/td>\n<\/tr>\n<tr>\n<td width=\"47\">9\/16\u201c<\/td>\n<td width=\"102\">ISULHW9\/16\u201c<\/td>\n<td width=\"19\">\u2666<\/td>\n<td width=\"52\">14,30<\/td>\n<td width=\"52\">0,70<\/td>\n<td width=\"77\">600<\/td>\n<\/tr>\n<tr>\n<td width=\"47\">5\/8\u201c<\/td>\n<td width=\"102\">ISULHW5\/8\u201c<\/td>\n<td width=\"19\">\u2666<\/td>\n<td width=\"52\">15,88<\/td>\n<td width=\"52\">0,70<\/td>\n<td width=\"77\">600<\/td>\n<\/tr>\n<tr>\n<td width=\"47\">3\/4\u201c<\/td>\n<td width=\"102\">ISULHW3\/4\u201c<\/td>\n<td width=\"19\">\u2666<\/td>\n<td width=\"52\">19,05<\/td>\n<td width=\"52\">0,77<\/td>\n<td width=\"77\">600<\/td>\n<\/tr>\n<tr>\n<td width=\"47\">1\u201c<\/td>\n<td width=\"102\">ISULHW1\u201c<\/td>\n<td width=\"19\">\u2666<\/td>\n<td width=\"52\">25,40<\/td>\n<td width=\"52\">0,77<\/td>\n<td width=\"77\">600<\/td>\n<\/tr>\n<\/tbody>\n<\/table>\n<p>&nbsp;<\/p>\n<p>\u2666 partiellement disponible du stock ou sur demande<\/p>\n<p>&nbsp;<\/p>\n","protected":false},"excerpt":{"rendered":"<p>&nbsp;<\/p>\n<h5>Ces gaines isolantes en PVC sans tissu sont certifi\u00e9es UL et conviennent aux installations \u00e9lectriques dans le domaine des t\u00e9l\u00e9communications, de la construction d&rsquo;appareils m\u00e9nagers et d&rsquo;appareils \u00e9lectriques en g\u00e9n\u00e9ral, etc. o\u00f9 des exigences normales en mati\u00e8re de propri\u00e9t\u00e9s \u00e9lectriques et m\u00e9caniques sont requises.<\/h5>\n<p>&nbsp;<\/p>\n","protected":false},"featured_media":2063,"template":"","meta":{"_acf_changed":false},"product_brand":[],"product_cat":[217,284],"product_tag":[],"class_list":{"0":"post-5929","1":"product","2":"type-product","3":"status-publish","4":"has-post-thumbnail","6":"product_cat-tuyaux-techniques","7":"product_cat-tuyaux-extrudes","9":"first","10":"instock","11":"shipping-taxable","12":"purchasable","13":"product-type-simple"},"acf":[],"_links":{"self":[{"href":"https:\/\/schupp.ch\/fr\/wp-json\/wp\/v2\/product\/5929","targetHints":{"allow":["GET"]}}],"collection":[{"href":"https:\/\/schupp.ch\/fr\/wp-json\/wp\/v2\/product"}],"about":[{"href":"https:\/\/schupp.ch\/fr\/wp-json\/wp\/v2\/types\/product"}],"wp:featuredmedia":[{"embeddable":true,"href":"https:\/\/schupp.ch\/fr\/wp-json\/wp\/v2\/media\/2063"}],"wp:attachment":[{"href":"https:\/\/schupp.ch\/fr\/wp-json\/wp\/v2\/media?parent=5929"}],"wp:term":[{"taxonomy":"product_brand","embeddable":true,"href":"https:\/\/schupp.ch\/fr\/wp-json\/wp\/v2\/product_brand?post=5929"},{"taxonomy":"product_cat","embeddable":true,"href":"https:\/\/schupp.ch\/fr\/wp-json\/wp\/v2\/product_cat?post=5929"},{"taxonomy":"product_tag","embeddable":true,"href":"https:\/\/schupp.ch\/fr\/wp-json\/wp\/v2\/product_tag?post=5929"}],"curies":[{"name":"wp","href":"https:\/\/api.w.org\/{rel}","templated":true}]}}