{"id":5930,"date":"2024-01-29T09:37:06","date_gmt":"2024-01-29T08:37:06","guid":{"rendered":"https:\/\/schupp.ch\/p\/gaine-thermoretractable-en-polyolefine-type-ssposb-difficilement-inflammable\/"},"modified":"2026-01-06T21:33:21","modified_gmt":"2026-01-06T20:33:21","slug":"gaine-thermoretractable-en-polyolefine-type-ssposb-difficilement-inflammable","status":"publish","type":"product","link":"https:\/\/schupp.ch\/fr\/p\/gaine-thermoretractable-en-polyolefine-type-ssposb-difficilement-inflammable\/","title":{"rendered":"Gaine thermor\u00e9tractable en polyol\u00e9fine type SSPOSB, difficilement inflammable"},"content":{"rendered":"<p>&nbsp;<\/p>\n<h5><strong>Donn\u00e9es techniques :<\/strong><\/h5>\n<p>&nbsp;<\/p>\n<p><strong>Mat\u00e9riau : <\/strong>Polyol\u00e9fine<br \/>\n<strong>Rappor de r\u00e9train : <\/strong>2 : 1<br \/>\n<strong>Temp\u00e9rature de service: <\/strong>-30 \u00b0C \u00e0 125 \u00b0C<br \/>\n<strong>Temp\u00e9rature de r\u00e9traction : <\/strong>&gt; 100 \u00b0C<br \/>\n<strong>Inflammabilit\u00e9 : <\/strong>difficilement inflammable, ignifug\u00e9<br \/>\n<strong>Application : <\/strong>si faible \u00e9mission de fum\u00e9e requise<\/p>\n<p>&nbsp;<\/p>\n<table width=\"643\">\n<tbody>\n<tr>\n<td width=\"255\"><\/td>\n<td width=\"165\"><strong>D\u00e9scription<\/strong><\/td>\n<td width=\"223\"><strong>Donn\u00e9s<\/strong><\/td>\n<\/tr>\n<tr>\n<td width=\"255\">R\u00e9sistance \u00e0 la traction<\/td>\n<td width=\"165\">ISO 37<\/td>\n<td width=\"223\">&gt; 7 MPa<\/td>\n<\/tr>\n<tr>\n<td width=\"255\">Allongement \u00e0 la rupture<\/td>\n<td width=\"165\">ISO 37<\/td>\n<td width=\"223\">&gt; 200%<\/td>\n<\/tr>\n<tr>\n<td width=\"255\">R\u00e9sistance \u00e0 la chaleur<\/td>\n<td width=\"165\">ASTM D2671 (4 h \u00e0 175\u00b0C)<\/td>\n<td width=\"223\">pas de gouttes, de rupture ou d&rsquo;\u00e9coulement<\/td>\n<\/tr>\n<tr>\n<td width=\"255\">Vieillissement \u00e0 la chaleur<\/td>\n<td width=\"165\">ISO 188 (168 h \u00e0 135\u00b0C)<\/td>\n<td width=\"223\">pas de rupture<\/td>\n<\/tr>\n<tr>\n<td width=\"255\">Flexibilit\u00e9 \u00e0 froid<\/td>\n<td width=\"165\">ASTM D2671 (4h \u00e0 -30\u00b0C)<\/td>\n<td width=\"223\">pas de rupture<\/td>\n<\/tr>\n<tr>\n<td width=\"255\">Inflammabilit\u00e9<\/td>\n<td width=\"165\">ASTM D876<\/td>\n<td width=\"223\">pass\u00e9<\/td>\n<\/tr>\n<tr>\n<td width=\"255\">R\u00e9sistance au claquage \u00e9lectrique<\/td>\n<td width=\"165\">IEC 243-1<\/td>\n<td width=\"223\">&gt; 15kV\/mm<\/td>\n<\/tr>\n<tr>\n<td width=\"255\">R\u00e9sistance \u00e0 la corrosion (Cuivre)<\/td>\n<td width=\"165\">ASTM D2671<\/td>\n<td width=\"223\">pas de corrosion<\/td>\n<\/tr>\n<tr>\n<td width=\"255\">R\u00e9sistance aux liquides agressifs<\/p>\n<blockquote><p>&gt; Diesel, essence, k\u00e9ros\u00e8ne<br \/>\n&gt; Huiles lubrifiantes<br \/>\n<span style=\"font-family: inherit; font-size: inherit;\">&gt; Huiles hydrauliques<br \/>\n<\/span><span style=\"font-family: inherit; font-size: inherit;\">&gt; R\u00e9sistance \u00e0 la traction<br \/>\n<\/span><span style=\"font-family: inherit; font-size: inherit;\">&gt; Allongement \u00e0 la rupture<\/span><\/p><\/blockquote>\n<\/td>\n<td width=\"165\">ISO 1817<br \/>\nISO 37<\/td>\n<td width=\"223\">\n<blockquote><p>4 MPa<br \/>\n&gt; 100%<\/p><\/blockquote>\n<\/td>\n<\/tr>\n<tr>\n<td width=\"255\">Indice d&rsquo;oxyg\u00e8ne \u00e0 temp\u00e9rature ambiante<\/td>\n<td width=\"165\">ISO 4589-2<\/td>\n<td width=\"223\">&gt; 32<\/td>\n<\/tr>\n<tr>\n<td width=\"255\">Indice de fum\u00e9e<\/td>\n<td width=\"165\">IEC 60684-2<\/td>\n<td width=\"223\">&lt; 20<\/td>\n<\/tr>\n<tr>\n<td width=\"255\">Indice de toxicit\u00e9<\/td>\n<td width=\"165\">IEC 60684-2<\/td>\n<td width=\"223\">&gt; 5 pour 100 g<\/td>\n<\/tr>\n<tr>\n<td width=\"255\">R\u00e9sistance fongique<\/td>\n<td width=\"165\">IEC 68-2-10<\/td>\n<td width=\"223\">&lt; 2<\/td>\n<\/tr>\n<\/tbody>\n<\/table>\n<p>&nbsp;<\/p>\n<p><strong>Homologations :<\/strong><\/p>\n<table width=\"643\">\n<tbody>\n<tr>\n<td width=\"255\"><strong>Militaire<\/strong><\/td>\n<td width=\"388\"><strong>B. S.<\/strong><\/td>\n<\/tr>\n<tr>\n<td width=\"255\">DEF STAN 59-97<\/td>\n<td width=\"388\">BS3G &#8211; 198 Pt. 3 Type 15<\/td>\n<\/tr>\n<\/tbody>\n<\/table>\n<p>&nbsp;<\/p>\n<p><strong>Dimensions :<\/strong><\/p>\n<table width=\"643\">\n<tbody>\n<tr>\n<td rowspan=\"2\" width=\"113\"><strong>Num\u00e9ro pricipal<\/strong><\/td>\n<td colspan=\"2\" width=\"133\"><strong>min. Diam\u00e8tre<\/strong><\/td>\n<td colspan=\"2\" width=\"137\"><strong>max. Diam\u00e8tre\u00a0<\/strong><strong>r\u00e9tr\u00e9ci<\/strong><\/td>\n<td colspan=\"2\" width=\"137\"><strong>\u00c9paisseur de paroi apr\u00e8s\u00a0<\/strong><strong>R\u00e9tr\u00e9cissement<\/strong><\/td>\n<td rowspan=\"2\" width=\"123\"><strong>Conditionnement<\/strong><br \/>\n<strong>[m]<\/strong><\/td>\n<\/tr>\n<tr>\n<td width=\"64\"><strong>[mm]<\/strong><\/td>\n<td width=\"68\"><strong>[inches]<\/strong><\/td>\n<td width=\"68\"><strong>[mm]<\/strong><\/td>\n<td width=\"68\"><strong>[inches]<\/strong><\/td>\n<td width=\"68\"><strong>[mm]<\/strong><\/td>\n<td width=\"68\"><strong>[inches]<\/strong><\/td>\n<\/tr>\n<tr>\n<td width=\"113\"><strong>SSPOSB3\/64&Prime;<\/strong><\/td>\n<td width=\"64\">1,2<\/td>\n<td width=\"68\">0.046<\/td>\n<td width=\"68\">0,6<\/td>\n<td width=\"68\">0.023<\/td>\n<td width=\"68\">0,40<\/td>\n<td width=\"68\">0.016<\/td>\n<td width=\"123\">150<\/td>\n<\/tr>\n<tr>\n<td width=\"113\"><strong>SSPOSB1\/16&Prime;<\/strong><\/td>\n<td width=\"64\">1,6<\/td>\n<td width=\"68\">0.063<\/td>\n<td width=\"68\">0,8<\/td>\n<td width=\"68\">0.031<\/td>\n<td width=\"68\">0,43<\/td>\n<td width=\"68\">0.017<\/td>\n<td width=\"123\">150<\/td>\n<\/tr>\n<tr>\n<td width=\"113\"><strong>SSPOSB3\/32&Prime;<\/strong><\/td>\n<td width=\"64\">2,4<\/td>\n<td width=\"68\">0.093<\/td>\n<td width=\"68\">1,2<\/td>\n<td width=\"68\">0.046<\/td>\n<td width=\"68\">0,51<\/td>\n<td width=\"68\">0.020<\/td>\n<td width=\"123\">150<\/td>\n<\/tr>\n<tr>\n<td width=\"113\"><strong>SSPOSB1\/8&Prime;<\/strong><\/td>\n<td width=\"64\">3,2<\/td>\n<td width=\"68\">0.125<\/td>\n<td width=\"68\">1,6<\/td>\n<td width=\"68\">0.062<\/td>\n<td width=\"68\">0,51<\/td>\n<td width=\"68\">0.020<\/td>\n<td width=\"123\">150<\/td>\n<\/tr>\n<tr>\n<td width=\"113\"><strong>SSPOSB3\/16&Prime;<\/strong><\/td>\n<td width=\"64\">4,8<\/td>\n<td width=\"68\">0.187<\/td>\n<td width=\"68\">2,4<\/td>\n<td width=\"68\">0.093<\/td>\n<td width=\"68\">0,51<\/td>\n<td width=\"68\">0.020<\/td>\n<td width=\"123\">150<\/td>\n<\/tr>\n<tr>\n<td width=\"113\"><strong>SSPOSB1\/4&Prime;<\/strong><\/td>\n<td width=\"64\">6,4<\/td>\n<td width=\"68\">0.250<\/td>\n<td width=\"68\">3,2<\/td>\n<td width=\"68\">0.125<\/td>\n<td width=\"68\">0,64<\/td>\n<td width=\"68\">0.025<\/td>\n<td width=\"123\">75<\/td>\n<\/tr>\n<tr>\n<td width=\"113\"><strong>SSPOSB3\/8&Prime;<\/strong><\/td>\n<td width=\"64\">9,5<\/td>\n<td width=\"68\">0.375<\/td>\n<td width=\"68\">4,8<\/td>\n<td width=\"68\">0.187<\/td>\n<td width=\"68\">0,64<\/td>\n<td width=\"68\">0.025<\/td>\n<td width=\"123\">75<\/td>\n<\/tr>\n<tr>\n<td width=\"113\"><strong>SSPOSB1\/2&Prime;<\/strong><\/td>\n<td width=\"64\">12,7<\/td>\n<td width=\"68\">0.500<\/td>\n<td width=\"68\">6,4<\/td>\n<td width=\"68\">0.250<\/td>\n<td width=\"68\">0,64<\/td>\n<td width=\"68\">0.025<\/td>\n<td width=\"123\">75<\/td>\n<\/tr>\n<tr>\n<td width=\"113\"><strong>SSPOSB3\/4&Prime;<\/strong><\/td>\n<td width=\"64\">19,0<\/td>\n<td width=\"68\">0.750<\/td>\n<td width=\"68\">9,5<\/td>\n<td width=\"68\">0.375<\/td>\n<td width=\"68\">0,76<\/td>\n<td width=\"68\">0.030<\/td>\n<td width=\"123\">60<\/td>\n<\/tr>\n<tr>\n<td width=\"113\"><strong>SSPOSB1&Prime;<\/strong><\/td>\n<td width=\"64\">25,4<\/td>\n<td width=\"68\">1.000<\/td>\n<td width=\"68\">12,7<\/td>\n<td width=\"68\">0.500<\/td>\n<td width=\"68\">0,89<\/td>\n<td width=\"68\">0.035<\/td>\n<td width=\"123\">60<\/td>\n<\/tr>\n<\/tbody>\n<\/table>\n<p>&nbsp;<\/p>\n<p><strong>Couleurs standard :<br \/>\n<\/strong>noir (sw), autres couleurs sur demande<\/p>\n<p><strong>Num\u00e9ro d&rsquo;article :<br \/>\n<\/strong>Exemple : SSPOSB3\/64 SW<br \/>\nSSPOSB3\/64 \u00bb = num\u00e9ro principal<br \/>\nSW = couleur noire<\/p>\n<p>&nbsp;<\/p>\n","protected":false},"excerpt":{"rendered":"<p>&nbsp;<\/p>\n<h5>Cette gaine thermor\u00e9tractable en polyol\u00e9fine convient aux applications soumises \u00e0 des r\u00e9glementations particuli\u00e8res en mati\u00e8re de protection contre les incendies, car elle est difficilement inflammable et g\u00e9n\u00e9re peu de fum\u00e9e.<\/h5>\n<p>&nbsp;<\/p>\n<p>&nbsp;<\/p>\n","protected":false},"featured_media":2121,"template":"","meta":{"_acf_changed":false},"product_brand":[],"product_cat":[217,228],"product_tag":[],"class_list":{"0":"post-5930","1":"product","2":"type-product","3":"status-publish","4":"has-post-thumbnail","6":"product_cat-tuyaux-techniques","7":"product_cat-gaines-thermoretractables","9":"first","10":"instock","11":"shipping-taxable","12":"purchasable","13":"product-type-simple"},"acf":[],"_links":{"self":[{"href":"https:\/\/schupp.ch\/fr\/wp-json\/wp\/v2\/product\/5930","targetHints":{"allow":["GET"]}}],"collection":[{"href":"https:\/\/schupp.ch\/fr\/wp-json\/wp\/v2\/product"}],"about":[{"href":"https:\/\/schupp.ch\/fr\/wp-json\/wp\/v2\/types\/product"}],"wp:featuredmedia":[{"embeddable":true,"href":"https:\/\/schupp.ch\/fr\/wp-json\/wp\/v2\/media\/2121"}],"wp:attachment":[{"href":"https:\/\/schupp.ch\/fr\/wp-json\/wp\/v2\/media?parent=5930"}],"wp:term":[{"taxonomy":"product_brand","embeddable":true,"href":"https:\/\/schupp.ch\/fr\/wp-json\/wp\/v2\/product_brand?post=5930"},{"taxonomy":"product_cat","embeddable":true,"href":"https:\/\/schupp.ch\/fr\/wp-json\/wp\/v2\/product_cat?post=5930"},{"taxonomy":"product_tag","embeddable":true,"href":"https:\/\/schupp.ch\/fr\/wp-json\/wp\/v2\/product_tag?post=5930"}],"curies":[{"name":"wp","href":"https:\/\/api.w.org\/{rel}","templated":true}]}}