{"id":5932,"date":"2024-01-29T09:40:14","date_gmt":"2024-01-29T08:40:14","guid":{"rendered":"https:\/\/schupp.ch\/p\/gaine-thermoretractable-en-polyolefine-type-sspotw-paroi-extremement-fine\/"},"modified":"2026-01-06T21:43:51","modified_gmt":"2026-01-06T20:43:51","slug":"gaine-thermoretractable-en-polyolefine-type-sspotw-paroi-extremement-fine","status":"publish","type":"product","link":"https:\/\/schupp.ch\/fr\/p\/gaine-thermoretractable-en-polyolefine-type-sspotw-paroi-extremement-fine\/","title":{"rendered":"Gaine thermor\u00e9tractable en polyol\u00e9fine Type SSPOTW, paroi extr\u00eamement fine"},"content":{"rendered":"<p>&nbsp;<\/p>\n<h5><strong>Donn\u00e9es techniques :<\/strong><\/h5>\n<p>&nbsp;<\/p>\n<p><strong>Mat\u00e9riau : <\/strong>Polyol\u00e9fine<br \/>\n<strong>Rapport de r\u00e9train: <\/strong>2 : 1<br \/>\n<strong>Temp\u00e9rature de service : <\/strong>-55 \u00b0C \u00e0 125 \u00b0C<br \/>\n<strong>Temp\u00e9rature de r\u00e9traction : <\/strong>&gt; 100 \u00b0C<br \/>\n<strong>Application : <\/strong>en cas d&rsquo;espace restreint<\/p>\n<p>&nbsp;<\/p>\n<table width=\"643\">\n<tbody>\n<tr>\n<td width=\"255\"><\/td>\n<td width=\"165\"><strong>D\u00e9scription<\/strong><\/td>\n<td width=\"223\"><strong>Donn\u00e9s<\/strong><\/td>\n<\/tr>\n<tr>\n<td width=\"255\">R\u00e9sistance \u00e0 la traction<\/td>\n<td width=\"165\">ISO 37<\/td>\n<td width=\"223\">&gt; 10 MPa<\/td>\n<\/tr>\n<tr>\n<td width=\"255\">Allongement \u00e0 la rupture<\/td>\n<td width=\"165\">ISO 37<\/td>\n<td width=\"223\">&gt; 250%<\/td>\n<\/tr>\n<tr>\n<td width=\"255\">Choc thermique<\/td>\n<td width=\"165\">ASTM D2671 (4 h \u00e0 250\u00b0C)<\/td>\n<td width=\"223\">pas de gouttes, de rupture ou de fluage<\/td>\n<\/tr>\n<tr>\n<td width=\"255\">Vieillissement \u00e0 la chaleur<br \/>\nAllongement \u00e0 la rupture<\/td>\n<td width=\"165\">ISO 188 (168 h \u00e0 175\u00b0C) ISO37<\/td>\n<td width=\"223\">&gt; 150%<\/td>\n<\/tr>\n<tr>\n<td width=\"255\">Flexibilit\u00e9 \u00e0 froid<\/td>\n<td width=\"165\">ASTM D2671 (4h \u00e0 -55\u00b0C)<\/td>\n<td width=\"223\">pas de rupture<\/td>\n<\/tr>\n<tr>\n<td width=\"255\">Inflammabilit\u00e9<\/td>\n<td width=\"165\">ASTM D876<\/td>\n<td width=\"223\">pass\u00e9<\/td>\n<\/tr>\n<tr>\n<td width=\"255\">R\u00e9sistance au claquage \u00e9lectrique<\/td>\n<td width=\"165\">IEC 243<\/td>\n<td width=\"223\">&gt; 20 kV\/mm<\/td>\n<\/tr>\n<tr>\n<td width=\"255\">R\u00e9sistance \u00e0 la corrosion (Cuivre)<\/td>\n<td width=\"165\">ASTM D2671<\/td>\n<td width=\"223\">pas de corrosion<\/td>\n<\/tr>\n<\/tbody>\n<\/table>\n<p>&nbsp;<\/p>\n<p><strong>Homologations :<\/strong><\/p>\n<table width=\"643\">\n<tbody>\n<tr>\n<td width=\"255\"><strong>UL<\/strong><\/td>\n<td width=\"388\"><strong>CSA<\/strong><\/td>\n<\/tr>\n<tr>\n<td width=\"255\">UL 224 VW1\u00a0 \/\u00a0 300 V, 125 \u02daC<\/td>\n<td width=\"388\">150 V, 125 \u02daC (OFC)<\/td>\n<\/tr>\n<\/tbody>\n<\/table>\n<p>&nbsp;<\/p>\n<p><strong>Dimensions :<\/strong><\/p>\n<table width=\"643\">\n<tbody>\n<tr>\n<td rowspan=\"2\" width=\"118\"><strong>Num\u00e9ro principal<\/strong><\/td>\n<td colspan=\"2\" width=\"133\"><strong>min. Diam\u00e8tre<\/strong><\/td>\n<td colspan=\"2\" width=\"137\"><strong>max. Diam\u00e8tre r\u00e9tr\u00e9ci<\/strong><\/td>\n<td colspan=\"2\" width=\"137\"><strong>\u00c9paisseur de paroi apr\u00e8s r\u00e9traction<\/strong><\/td>\n<td rowspan=\"2\" width=\"117\"><strong>Conditionnement<\/strong><br \/>\n<strong>[m]<\/strong><\/td>\n<\/tr>\n<tr>\n<td width=\"64\"><strong>[mm]<\/strong><\/td>\n<td width=\"68\"><strong>[inches]<\/strong><\/td>\n<td width=\"68\"><strong>[mm]<\/strong><\/td>\n<td width=\"68\"><strong>[inches]<\/strong><\/td>\n<td width=\"68\"><strong>[mm]<\/strong><\/td>\n<td width=\"68\"><strong>[inches]<\/strong><\/td>\n<\/tr>\n<tr>\n<td width=\"118\"><strong>SSPOTW3\/64&Prime;<\/strong><\/td>\n<td width=\"64\">1,2<\/td>\n<td width=\"68\">0.046<\/td>\n<td width=\"68\">0,6<\/td>\n<td width=\"68\">0.023<\/td>\n<td width=\"68\">0.18<\/td>\n<td width=\"68\">0.007<\/td>\n<td width=\"117\">100<\/td>\n<\/tr>\n<tr>\n<td width=\"118\"><strong>SSPOTW1\/16&Prime;<\/strong><\/td>\n<td width=\"64\">1,6<\/td>\n<td width=\"68\">0.063<\/td>\n<td width=\"68\">0,8<\/td>\n<td width=\"68\">0.031<\/td>\n<td width=\"68\">0.18<\/td>\n<td width=\"68\">0.007<\/td>\n<td width=\"117\">100<\/td>\n<\/tr>\n<tr>\n<td width=\"118\"><strong>SSPOTW3\/32&Prime;<\/strong><\/td>\n<td width=\"64\">2,4<\/td>\n<td width=\"68\">0.093<\/td>\n<td width=\"68\">1,2<\/td>\n<td width=\"68\">0.046<\/td>\n<td width=\"68\">0.18<\/td>\n<td width=\"68\">0.007<\/td>\n<td width=\"117\">100<\/td>\n<\/tr>\n<tr>\n<td width=\"118\"><strong>SSPOTW1\/8&Prime;<\/strong><\/td>\n<td width=\"64\">3,2<\/td>\n<td width=\"68\">0.125<\/td>\n<td width=\"68\">1,6<\/td>\n<td width=\"68\">0.062<\/td>\n<td width=\"68\">0.18<\/td>\n<td width=\"68\">0.007<\/td>\n<td width=\"117\">100<\/td>\n<\/tr>\n<tr>\n<td width=\"118\"><strong>SSPOTW3\/16&Prime;<\/strong><\/td>\n<td width=\"64\">4,8<\/td>\n<td width=\"68\">0.187<\/td>\n<td width=\"68\">2,4<\/td>\n<td width=\"68\">0.093<\/td>\n<td width=\"68\">0.25<\/td>\n<td width=\"68\">0.010<\/td>\n<td width=\"117\">100<\/td>\n<\/tr>\n<tr>\n<td width=\"118\"><strong>SSPOTW1\/4&Prime;<\/strong><\/td>\n<td width=\"64\">6,4<\/td>\n<td width=\"68\">0.250<\/td>\n<td width=\"68\">3,2<\/td>\n<td width=\"68\">0.125<\/td>\n<td width=\"68\">0.25<\/td>\n<td width=\"68\">0.010<\/td>\n<td width=\"117\">100<\/td>\n<\/tr>\n<\/tbody>\n<\/table>\n<p>&nbsp;<\/p>\n<p><strong>Couleur standard :<br \/>\n<\/strong>noir (sw), autres couleurs sur demande<\/p>\n<p><strong>No.d&rsquo;article<\/strong>:<br \/>\nExample: SSPOTW3\/64\u201cSW<br \/>\nSSPOTW3\/64\u201c = No. principal<br \/>\nSW = Couleur noir<\/p>\n<p>&nbsp;<\/p>\n","protected":false},"excerpt":{"rendered":"<p>&nbsp;<\/p>\n<h5>Cette gaine thermor\u00e9tractable en polyol\u00e9fine \u00e0 paroi mince convient \u00e0 une utilisation dans les c\u00e2blages denses et autres applications o\u00f9 l&rsquo;espace est limit\u00e9.<\/h5>\n<p>&nbsp;<\/p>\n","protected":false},"featured_media":2126,"template":"","meta":{"_acf_changed":false},"product_brand":[],"product_cat":[217,228],"product_tag":[],"class_list":{"0":"post-5932","1":"product","2":"type-product","3":"status-publish","4":"has-post-thumbnail","6":"product_cat-tuyaux-techniques","7":"product_cat-gaines-thermoretractables","9":"first","10":"instock","11":"shipping-taxable","12":"purchasable","13":"product-type-simple"},"acf":[],"_links":{"self":[{"href":"https:\/\/schupp.ch\/fr\/wp-json\/wp\/v2\/product\/5932","targetHints":{"allow":["GET"]}}],"collection":[{"href":"https:\/\/schupp.ch\/fr\/wp-json\/wp\/v2\/product"}],"about":[{"href":"https:\/\/schupp.ch\/fr\/wp-json\/wp\/v2\/types\/product"}],"wp:featuredmedia":[{"embeddable":true,"href":"https:\/\/schupp.ch\/fr\/wp-json\/wp\/v2\/media\/2126"}],"wp:attachment":[{"href":"https:\/\/schupp.ch\/fr\/wp-json\/wp\/v2\/media?parent=5932"}],"wp:term":[{"taxonomy":"product_brand","embeddable":true,"href":"https:\/\/schupp.ch\/fr\/wp-json\/wp\/v2\/product_brand?post=5932"},{"taxonomy":"product_cat","embeddable":true,"href":"https:\/\/schupp.ch\/fr\/wp-json\/wp\/v2\/product_cat?post=5932"},{"taxonomy":"product_tag","embeddable":true,"href":"https:\/\/schupp.ch\/fr\/wp-json\/wp\/v2\/product_tag?post=5932"}],"curies":[{"name":"wp","href":"https:\/\/api.w.org\/{rel}","templated":true}]}}