{"id":5933,"date":"2024-01-26T16:29:19","date_gmt":"2024-01-26T15:29:19","guid":{"rendered":"https:\/\/schupp.ch\/p\/fils-de-cablage-en-pvc-tq-resistants-a-la-chaleur-et-a-limpregnation\/"},"modified":"2025-12-06T17:29:40","modified_gmt":"2025-12-06T16:29:40","slug":"fils-de-cablage-en-pvc-tq-resistants-a-la-chaleur-et-a-limpregnation","status":"publish","type":"product","link":"https:\/\/schupp.ch\/fr\/p\/fils-de-cablage-en-pvc-tq-resistants-a-la-chaleur-et-a-limpregnation\/","title":{"rendered":"Fils souples en PVC TQ, r\u00e9sistants \u00e0 la chaleur et \u00e0 l&rsquo;impr\u00e9gnation"},"content":{"rendered":"<p><strong>Dimensions et donn\u00e9es techniques:<\/strong><\/p>\n<p>&nbsp;<\/p>\n<table>\n<tbody>\n<tr>\n<td width=\"120\"><strong>Mat\u00e9riau :<\/strong><\/td>\n<td width=\"366\">conducteur en cuivre \u00e9tam\u00e9 PVC r\u00e9sistant \u00e0 la chaleur et \u00e0 l&rsquo;impr\u00e9gnation<\/td>\n<\/tr>\n<tr>\n<td width=\"120\"><strong>Classe de temp\u00e9rature :<\/strong><\/td>\n<td width=\"366\">A (105\u00b0C) \u00e0 court terme 135\u02daC<\/td>\n<\/tr>\n<tr>\n<td width=\"120\"><strong>Couleurs :<\/strong><\/td>\n<td width=\"366\">rouge (rt), bleu (bl), bleu clair (hbl), noir (sw), blanc (ws), vert (gn), jaune (ge), gris (gr), brun (br), orange (or), violet (vi),<br \/>\nrose (rs), vert-jaune (gnge)<\/td>\n<\/tr>\n<tr>\n<td width=\"120\"><strong>Conditionnement :<\/strong><\/td>\n<td width=\"366\">0,14 mm2 &#8211; 0,50 <sup>mm2<\/sup>: bobines de 200 m\u00e8tres<br \/>\n0,75 mm2 &#8211; 2,50 <sup>mm2<\/sup>: bobines de 100 m\u00e8tres<br \/>\n4,00 mm2 &#8211; 16,00 <sup>mm2<\/sup>: couronnes de 100 m\u00e8tres<br \/>\n\u00e0 partir de 25,00 <sup>mm2<\/sup>: couronnes de 50 m\u00e8tres<br \/>\n0,14 mm2 &#8211; 2,50 <sup>mm2<\/sup>: \u00e9galement livrable en f\u00fbts<\/td>\n<\/tr>\n<\/tbody>\n<\/table>\n<p>&nbsp;<\/p>\n<table width=\"643\">\n<tbody>\n<tr>\n<td rowspan=\"2\" width=\"76\"><strong>Num\u00e9ro d&rsquo;article<\/strong><\/td>\n<td colspan=\"2\" width=\"98\"><strong>Conducteurs en cuivre<\/strong><\/td>\n<td width=\"53\"><strong>Isolation<\/strong><\/td>\n<td width=\"49\"><strong>Poids total<\/strong><\/td>\n<td width=\"55\"><strong>Tension d&rsquo;essai<\/strong><\/td>\n<td colspan=\"13\" width=\"311\"><strong>Couleurs\u00a0<\/strong><strong>( autres couleurs sur demande )<\/strong><\/td>\n<\/tr>\n<tr>\n<td width=\"40\"><strong>Coupe transversale [mm2]<\/strong><\/td>\n<td width=\"58\"><strong>Nombre de fils x \u2205 nominal<\/strong><br \/>\n<strong>[mm]<\/strong><\/td>\n<td width=\"53\"><strong>ext\u00e9rieur-\u2205[mm]<\/strong><\/td>\n<td width=\"49\"><strong>[kg\/km]<\/strong><\/td>\n<td width=\"55\"><strong>50 Hz [V]<\/strong><\/td>\n<td width=\"23\"><strong>RT<\/strong><\/td>\n<td width=\"23\"><strong>HBL<\/strong><\/td>\n<td width=\"23\"><strong>BL<\/strong><\/td>\n<td width=\"23\"><strong>SW<\/strong><\/td>\n<td width=\"23\"><strong>WS<\/strong><\/td>\n<td width=\"23\"><strong>GN<\/strong><\/td>\n<td width=\"23\"><strong>GE<\/strong><\/td>\n<td width=\"23\"><strong>GR<\/strong><\/td>\n<td width=\"23\"><strong>BR<\/strong><\/td>\n<td width=\"23\"><strong>OR<\/strong><\/td>\n<td width=\"23\"><strong>VI<\/strong><\/td>\n<td width=\"23\"><strong>RS<\/strong><\/td>\n<td width=\"39\"><strong>GNGE<\/strong><\/td>\n<\/tr>\n<tr>\n<td width=\"76\"><strong>SLTQ0014<\/strong><\/td>\n<td width=\"40\">0,14<\/td>\n<td width=\"58\">18 x 0,10<\/td>\n<td width=\"53\">1,0<\/td>\n<td width=\"49\">2,5<\/td>\n<td width=\"55\">1500<\/td>\n<td width=\"23\"><span style=\"color: #00ff00;\">\u2666<\/span><\/td>\n<td width=\"23\"><span style=\"color: #ff6600;\">\u2666<\/span><\/td>\n<td width=\"23\"><span style=\"color: #00ff00;\">\u2666<\/span><\/td>\n<td width=\"23\"><span style=\"color: #00ff00;\">\u2666<\/span><\/td>\n<td width=\"23\"><span style=\"color: #00ff00;\">\u2666<\/span><\/td>\n<td width=\"23\"><span style=\"color: #00ff00;\">\u2666<\/span><\/td>\n<td width=\"23\"><span style=\"color: #00ff00;\">\u2666<\/span><\/td>\n<td width=\"23\"><span style=\"color: #00ff00;\">\u2666<\/span><\/td>\n<td width=\"23\"><span style=\"color: #00ff00;\">\u2666<\/span><\/td>\n<td width=\"23\"><span style=\"color: #00ff00;\">\u2666<\/span><\/td>\n<td width=\"23\"><span style=\"color: #00ff00;\">\u2666<\/span><\/td>\n<td width=\"23\"><span style=\"color: #00ff00;\">\u2666<\/span><\/td>\n<td width=\"39\"><span style=\"color: #ff6600;\">\u2666<\/span><\/td>\n<\/tr>\n<tr>\n<td width=\"76\"><strong>SLTQ0025<\/strong><\/td>\n<td width=\"40\">0,25<\/td>\n<td width=\"58\">14 x 0,15<\/td>\n<td width=\"53\">1,45<\/td>\n<td width=\"49\">4,5<\/td>\n<td width=\"55\">1500<\/td>\n<td width=\"23\"><span style=\"color: #00ff00;\">\u2666<\/span><\/td>\n<td width=\"23\"><span style=\"color: #00ff00;\">\u2666<\/span><\/td>\n<td width=\"23\"><span style=\"color: #00ff00;\">\u2666<\/span><\/td>\n<td width=\"23\"><span style=\"color: #00ff00;\">\u2666<\/span><\/td>\n<td width=\"23\"><span style=\"color: #00ff00;\">\u2666<\/span><\/td>\n<td width=\"23\"><span style=\"color: #00ff00;\">\u2666<\/span><\/td>\n<td width=\"23\"><span style=\"color: #00ff00;\">\u2666<\/span><\/td>\n<td width=\"23\"><span style=\"color: #00ff00;\">\u2666<\/span><\/td>\n<td width=\"23\"><span style=\"color: #00ff00;\">\u2666<\/span><\/td>\n<td width=\"23\"><span style=\"color: #00ff00;\">\u2666<\/span><\/td>\n<td width=\"23\"><span style=\"color: #00ff00;\">\u2666<\/span><\/td>\n<td width=\"23\"><span style=\"color: #00ff00;\">\u2666<\/span><\/td>\n<td width=\"39\"><span style=\"color: #ff6600;\">\u2666<\/span><\/td>\n<\/tr>\n<tr>\n<td width=\"76\"><strong>SLTQ0034<\/strong><\/td>\n<td width=\"40\">0,34<\/td>\n<td width=\"58\">20 x 0,15<\/td>\n<td width=\"53\">1,6<\/td>\n<td width=\"49\">5,3<\/td>\n<td width=\"55\">1500<\/td>\n<td width=\"23\"><span style=\"color: #00ff00;\">\u2666<\/span><\/td>\n<td width=\"23\"><span style=\"color: #00ff00;\">\u2666<\/span><\/td>\n<td width=\"23\"><span style=\"color: #00ff00;\">\u2666<\/span><\/td>\n<td width=\"23\"><span style=\"color: #00ff00;\">\u2666<\/span><\/td>\n<td width=\"23\"><span style=\"color: #00ff00;\">\u2666<\/span><\/td>\n<td width=\"23\"><span style=\"color: #00ff00;\">\u2666<\/span><\/td>\n<td width=\"23\"><span style=\"color: #00ff00;\">\u2666<\/span><\/td>\n<td width=\"23\"><span style=\"color: #00ff00;\">\u2666<\/span><\/td>\n<td width=\"23\"><span style=\"color: #00ff00;\">\u2666<\/span><\/td>\n<td width=\"23\"><span style=\"color: #00ff00;\">\u2666<\/span><\/td>\n<td width=\"23\"><span style=\"color: #00ff00;\">\u2666<\/span><\/td>\n<td width=\"23\"><span style=\"color: #00ff00;\">\u2666<\/span><\/td>\n<td width=\"39\"><span style=\"color: #00ff00;\">\u2666<\/span><\/td>\n<\/tr>\n<tr>\n<td width=\"76\"><strong>SLTQ0050<\/strong><\/td>\n<td width=\"40\">0,50<\/td>\n<td width=\"58\">16 x 0,20<\/td>\n<td width=\"53\">2,2<\/td>\n<td width=\"49\">8,2<\/td>\n<td width=\"55\">2000<\/td>\n<td width=\"23\"><span style=\"color: #00ff00;\">\u2666<\/span><\/td>\n<td width=\"23\"><span style=\"color: #00ff00;\">\u2666<\/span><\/td>\n<td width=\"23\"><span style=\"color: #00ff00;\">\u2666<\/span><\/td>\n<td width=\"23\"><span style=\"color: #00ff00;\">\u2666<\/span><\/td>\n<td width=\"23\"><span style=\"color: #00ff00;\">\u2666<\/span><\/td>\n<td width=\"23\"><span style=\"color: #00ff00;\">\u2666<\/span><\/td>\n<td width=\"23\"><span style=\"color: #00ff00;\">\u2666<\/span><\/td>\n<td width=\"23\"><span style=\"color: #00ff00;\">\u2666<\/span><\/td>\n<td width=\"23\"><span style=\"color: #00ff00;\">\u2666<\/span><\/td>\n<td width=\"23\"><span style=\"color: #00ff00;\">\u2666<\/span><\/td>\n<td width=\"23\"><span style=\"color: #00ff00;\">\u2666<\/span><\/td>\n<td width=\"23\"><span style=\"color: #00ff00;\">\u2666<\/span><\/td>\n<td width=\"39\"><span style=\"color: #00ff00;\">\u2666<\/span><\/td>\n<\/tr>\n<tr>\n<td width=\"76\"><strong>SLTQ0075<\/strong><\/td>\n<td width=\"40\">0,75<\/td>\n<td width=\"58\">24 x 0,20<\/td>\n<td width=\"53\">2,3<\/td>\n<td width=\"49\">11<\/td>\n<td width=\"55\">2000<\/td>\n<td width=\"23\"><span style=\"color: #00ff00;\">\u2666<\/span><\/td>\n<td width=\"23\"><span style=\"color: #00ff00;\">\u2666<\/span><\/td>\n<td width=\"23\"><span style=\"color: #00ff00;\">\u2666<\/span><\/td>\n<td width=\"23\"><span style=\"color: #00ff00;\">\u2666<\/span><\/td>\n<td width=\"23\"><span style=\"color: #00ff00;\">\u2666<\/span><\/td>\n<td width=\"23\"><span style=\"color: #00ff00;\">\u2666<\/span><\/td>\n<td width=\"23\"><span style=\"color: #00ff00;\">\u2666<\/span><\/td>\n<td width=\"23\"><span style=\"color: #00ff00;\">\u2666<\/span><\/td>\n<td width=\"23\"><span style=\"color: #00ff00;\">\u2666<\/span><\/td>\n<td width=\"23\"><span style=\"color: #00ff00;\">\u2666<\/span><\/td>\n<td width=\"23\"><span style=\"color: #00ff00;\">\u2666<\/span><\/td>\n<td width=\"23\">&#8211;<\/td>\n<td width=\"39\"><span style=\"color: #00ff00;\">\u2666<\/span><\/td>\n<\/tr>\n<tr>\n<td width=\"76\"><strong>SLTQ0100<\/strong><\/td>\n<td width=\"40\">1,00<\/td>\n<td width=\"58\">32 x 0,20<\/td>\n<td width=\"53\">2,5<\/td>\n<td width=\"49\">14<\/td>\n<td width=\"55\">2000<\/td>\n<td width=\"23\"><span style=\"color: #00ff00;\">\u2666<\/span><\/td>\n<td width=\"23\"><span style=\"color: #00ff00;\">\u2666<\/span><\/td>\n<td width=\"23\"><span style=\"color: #00ff00;\">\u2666<\/span><\/td>\n<td width=\"23\"><span style=\"color: #00ff00;\">\u2666<\/span><\/td>\n<td width=\"23\"><span style=\"color: #00ff00;\">\u2666<\/span><\/td>\n<td width=\"23\"><span style=\"color: #00ff00;\">\u2666<\/span><\/td>\n<td width=\"23\"><span style=\"color: #ff6600;\">\u2666<\/span><\/td>\n<td width=\"23\"><span style=\"color: #00ff00;\">\u2666<\/span><\/td>\n<td width=\"23\"><span style=\"color: #00ff00;\">\u2666<\/span><\/td>\n<td width=\"23\"><span style=\"color: #00ff00;\">\u2666<\/span><\/td>\n<td width=\"23\"><span style=\"color: #00ff00;\">\u2666<\/span><\/td>\n<td width=\"23\">&#8211;<\/td>\n<td width=\"39\"><span style=\"color: #00ff00;\">\u2666<\/span><\/td>\n<\/tr>\n<tr>\n<td width=\"76\"><strong>SLTQ0150<\/strong><\/td>\n<td width=\"40\">1,50<\/td>\n<td width=\"58\">30 x 0,25<\/td>\n<td width=\"53\">2,9<\/td>\n<td width=\"49\">19<\/td>\n<td width=\"55\">2500<\/td>\n<td width=\"23\"><span style=\"color: #00ff00;\">\u2666<\/span><\/td>\n<td width=\"23\"><span style=\"color: #00ff00;\">\u2666<\/span><\/td>\n<td width=\"23\"><span style=\"color: #00ff00;\">\u2666<\/span><\/td>\n<td width=\"23\"><span style=\"color: #00ff00;\">\u2666<\/span><\/td>\n<td width=\"23\"><span style=\"color: #00ff00;\">\u2666<\/span><\/td>\n<td width=\"23\"><span style=\"color: #00ff00;\">\u2666<\/span><\/td>\n<td width=\"23\"><span style=\"color: #00ff00;\">\u2666<\/span><\/td>\n<td width=\"23\"><span style=\"color: #00ff00;\">\u2666<\/span><\/td>\n<td width=\"23\"><span style=\"color: #00ff00;\">\u2666<\/span><\/td>\n<td width=\"23\"><span style=\"color: #00ff00;\">\u2666<\/span><\/td>\n<td width=\"23\"><span style=\"color: #00ff00;\">\u2666<\/span><\/td>\n<td width=\"23\">&#8211;<\/td>\n<td width=\"39\"><span style=\"color: #00ff00;\">\u2666<\/span><\/td>\n<\/tr>\n<tr>\n<td width=\"76\"><strong>SLTQ0250<\/strong><\/td>\n<td width=\"40\">2,50<\/td>\n<td width=\"58\">50 x 0,25<\/td>\n<td width=\"53\">3,5<\/td>\n<td width=\"49\">31<\/td>\n<td width=\"55\">2500<\/td>\n<td width=\"23\"><span style=\"color: #00ff00;\">\u2666<\/span><\/td>\n<td width=\"23\"><span style=\"color: #00ff00;\">\u2666<\/span><\/td>\n<td width=\"23\"><span style=\"color: #00ff00;\">\u2666<\/span><\/td>\n<td width=\"23\"><span style=\"color: #00ff00;\">\u2666<\/span><\/td>\n<td width=\"23\"><span style=\"color: #00ff00;\">\u2666<\/span><\/td>\n<td width=\"23\"><span style=\"color: #00ff00;\">\u2666<\/span><\/td>\n<td width=\"23\"><span style=\"color: #00ff00;\">\u2666<\/span><\/td>\n<td width=\"23\"><span style=\"color: #00ff00;\">\u2666<\/span><\/td>\n<td width=\"23\"><span style=\"color: #00ff00;\">\u2666<\/span><\/td>\n<td width=\"23\"><span style=\"color: #00ff00;\">\u2666<\/span><\/td>\n<td width=\"23\"><span style=\"color: #00ff00;\">\u2666<\/span><\/td>\n<td width=\"23\">&#8211;<\/td>\n<td width=\"39\"><span style=\"color: #00ff00;\">\u2666<\/span><\/td>\n<\/tr>\n<tr>\n<td width=\"76\"><strong>SLTQ0400<\/strong><\/td>\n<td width=\"40\">4,00<\/td>\n<td width=\"58\">56 x 0,30<\/td>\n<td width=\"53\">4,1<\/td>\n<td width=\"49\">45<\/td>\n<td width=\"55\">2500<\/td>\n<td width=\"23\"><span style=\"color: #00ff00;\">\u2666<\/span><\/td>\n<td width=\"23\"><span style=\"color: #00ff00;\">\u2666<\/span><\/td>\n<td width=\"23\"><span style=\"color: #ff6600;\">\u2666<\/span><\/td>\n<td width=\"23\"><span style=\"color: #00ff00;\">\u2666<\/span><\/td>\n<td width=\"23\"><span style=\"color: #00ff00;\">\u2666<\/span><\/td>\n<td width=\"23\"><span style=\"color: #ff6600;\">\u2666<\/span><\/td>\n<td width=\"23\">&#8211;<\/td>\n<td width=\"23\"><span style=\"color: #ff6600;\">\u2666<\/span><\/td>\n<td width=\"23\"><span style=\"color: #ff6600;\">\u2666<\/span><\/td>\n<td width=\"23\">&#8211;<\/td>\n<td width=\"23\">&#8211;<\/td>\n<td width=\"23\">&#8211;<\/td>\n<td width=\"39\"><span style=\"color: #00ff00;\">\u2666<\/span><\/td>\n<\/tr>\n<tr>\n<td width=\"76\"><strong>SLTQ0600<\/strong><\/td>\n<td width=\"40\">6,00<\/td>\n<td width=\"58\">84 x 0,30<\/td>\n<td width=\"53\">5,1<\/td>\n<td width=\"49\">65<\/td>\n<td width=\"55\">2500<\/td>\n<td width=\"23\"><span style=\"color: #00ff00;\">\u2666<\/span><\/td>\n<td width=\"23\"><span style=\"color: #00ff00;\">\u2666<\/span><\/td>\n<td width=\"23\"><span style=\"color: #00ff00;\">\u2666<\/span><\/td>\n<td width=\"23\"><span style=\"color: #00ff00;\">\u2666<\/span><\/td>\n<td width=\"23\"><span style=\"color: #00ff00;\">\u2666<\/span><\/td>\n<td width=\"23\"><span style=\"color: #ff6600;\">\u2666<\/span><\/td>\n<td width=\"23\">&#8211;<\/td>\n<td width=\"23\"><span style=\"color: #00ff00;\">\u2666<\/span><\/td>\n<td width=\"23\"><span style=\"color: #ff6600;\">\u2666<\/span><\/td>\n<td width=\"23\">&#8211;<\/td>\n<td width=\"23\">&#8211;<\/td>\n<td width=\"23\">&#8211;<\/td>\n<td width=\"39\"><span style=\"color: #00ff00;\">\u2666<\/span><\/td>\n<\/tr>\n<tr>\n<td width=\"76\"><strong>SLTQ1000<\/strong><\/td>\n<td width=\"40\">10,00<\/td>\n<td width=\"58\">80 x 0,40<\/td>\n<td width=\"53\">6,2<\/td>\n<td width=\"49\">116<\/td>\n<td width=\"55\">2500<\/td>\n<td width=\"23\"><span style=\"color: #00ff00;\">\u2666<\/span><\/td>\n<td width=\"23\"><span style=\"color: #00ff00;\">\u2666<\/span><\/td>\n<td width=\"23\"><span style=\"color: #ff6600;\">\u2666<\/span><\/td>\n<td width=\"23\"><span style=\"color: #00ff00;\">\u2666<\/span><\/td>\n<td width=\"23\"><span style=\"color: #ff6600;\">\u2666<\/span><\/td>\n<td width=\"23\"><span style=\"color: #ff6600;\">\u2666<\/span><\/td>\n<td width=\"23\">&#8211;<\/td>\n<td width=\"23\"><span style=\"color: #00ff00;\">\u2666<\/span><\/td>\n<td width=\"23\">&#8211;<\/td>\n<td width=\"23\">&#8211;<\/td>\n<td width=\"23\">&#8211;<\/td>\n<td width=\"23\">&#8211;<\/td>\n<td width=\"39\"><span style=\"color: #00ff00;\">\u2666<\/span><\/td>\n<\/tr>\n<tr>\n<td width=\"76\"><strong>SLTQ1600<\/strong><\/td>\n<td width=\"40\">16,00<\/td>\n<td width=\"58\">128 x 0,40<\/td>\n<td width=\"53\">7,4<\/td>\n<td width=\"49\">177<\/td>\n<td width=\"55\">2500<\/td>\n<td width=\"23\"><span style=\"color: #ff6600;\">\u2666<\/span><\/td>\n<td width=\"23\"><span style=\"color: #ff6600;\">\u2666<\/span><\/td>\n<td width=\"23\"><span style=\"color: #ff6600;\">\u2666<\/span><\/td>\n<td width=\"23\"><span style=\"color: #00ff00;\">\u2666<\/span><\/td>\n<td width=\"23\"><span style=\"color: #ff6600;\">\u2666<\/span><\/td>\n<td width=\"23\"><span style=\"color: #ff6600;\">\u2666<\/span><\/td>\n<td width=\"23\">&#8211;<\/td>\n<td width=\"23\"><span style=\"color: #ff6600;\">\u2666<\/span><\/td>\n<td width=\"23\">&#8211;<\/td>\n<td width=\"23\">&#8211;<\/td>\n<td width=\"23\">&#8211;<\/td>\n<td width=\"23\">&#8211;<\/td>\n<td width=\"39\"><span style=\"color: #ff6600;\">\u2666<\/span><\/td>\n<\/tr>\n<\/tbody>\n<\/table>\n<p><span style=\"color: #00ff00;\">\u2666<\/span> disponible de stock d&rsquo;usine ( valeur\u00a0 minimale CHF 300.&#8211; par commande)<\/p>\n<p>\u2666 <span style=\"color: #ff6600;\">s<\/span>ur demande<\/p>\n<p>&nbsp;<\/p>\n<p><strong>Num\u00e9ro d&rsquo;article :<br \/>\n<\/strong>Exemple:<br \/>\nSLTQ0150BR<br \/>\nSLTQ0150 = num\u00e9ro matricule<br \/>\nBR = couleur marron<\/p>\n<p>&nbsp;<\/p>\n","protected":false},"excerpt":{"rendered":"<p>&nbsp;<\/p>\n<h5>Ces fils souples conviennent particuli\u00e8rement \u00e0 une utilisation comme c\u00e2blage interne d&rsquo;appareils \u00e9lectriques et d&rsquo;armoires \u00e9lectriques. L&rsquo;isolation en PVC est conforme \u00e0 la classe de temp\u00e9rature A (105 \u00b0C) et r\u00e9siste largement aux acides et aux bases.<\/h5>\n<p>&nbsp;<\/p>\n","protected":false},"featured_media":2040,"template":"","meta":{"_acf_changed":false},"product_brand":[],"product_cat":[146,150],"product_tag":[],"class_list":{"0":"post-5933","1":"product","2":"type-product","3":"status-publish","4":"has-post-thumbnail","6":"product_cat-cables-electriques","7":"product_cat-torons-et-fils-selon-la-classe-thermique-a-f-h","9":"first","10":"instock","11":"shipping-taxable","12":"purchasable","13":"product-type-simple"},"acf":[],"_links":{"self":[{"href":"https:\/\/schupp.ch\/fr\/wp-json\/wp\/v2\/product\/5933","targetHints":{"allow":["GET"]}}],"collection":[{"href":"https:\/\/schupp.ch\/fr\/wp-json\/wp\/v2\/product"}],"about":[{"href":"https:\/\/schupp.ch\/fr\/wp-json\/wp\/v2\/types\/product"}],"wp:featuredmedia":[{"embeddable":true,"href":"https:\/\/schupp.ch\/fr\/wp-json\/wp\/v2\/media\/2040"}],"wp:attachment":[{"href":"https:\/\/schupp.ch\/fr\/wp-json\/wp\/v2\/media?parent=5933"}],"wp:term":[{"taxonomy":"product_brand","embeddable":true,"href":"https:\/\/schupp.ch\/fr\/wp-json\/wp\/v2\/product_brand?post=5933"},{"taxonomy":"product_cat","embeddable":true,"href":"https:\/\/schupp.ch\/fr\/wp-json\/wp\/v2\/product_cat?post=5933"},{"taxonomy":"product_tag","embeddable":true,"href":"https:\/\/schupp.ch\/fr\/wp-json\/wp\/v2\/product_tag?post=5933"}],"curies":[{"name":"wp","href":"https:\/\/api.w.org\/{rel}","templated":true}]}}