{"id":5934,"date":"2024-01-29T09:42:57","date_gmt":"2024-01-29T08:42:57","guid":{"rendered":"https:\/\/schupp.ch\/p\/gaine-thermoretractable-en-polyolefine-type-sspomw-semi-rigide-renforcee\/"},"modified":"2026-01-06T21:23:21","modified_gmt":"2026-01-06T20:23:21","slug":"gaine-thermoretractable-en-polyolefine-type-sspomw-semi-rigide-renforcee","status":"publish","type":"product","link":"https:\/\/schupp.ch\/fr\/p\/gaine-thermoretractable-en-polyolefine-type-sspomw-semi-rigide-renforcee\/","title":{"rendered":"Gaine thermor\u00e9tractable en polyol\u00e9fine type SSPOMW, semi-rigide, renforc\u00e9e"},"content":{"rendered":"<p>&nbsp;<\/p>\n<h5><strong>Donn\u00e9es techniques :<\/strong><\/h5>\n<p>&nbsp;<\/p>\n<p><strong>Mat\u00e9riau : <\/strong>Polyol\u00e9fine avec adh\u00e9sif interne<br \/>\n<strong>Rapport de r\u00e9train : <\/strong>3 : 1 Temp\u00e9rature<br \/>\n<strong>Temp\u00e9rature de service : <\/strong>-55 \u00b0C \u00e0 120 \u00b0C<br \/>\n<strong>Temp\u00e9rature de r\u00e9traction : <\/strong>&gt; 120 \u00b0C<br \/>\n<strong>Inflammabilit\u00e9 : <\/strong>ignifug\u00e9<br \/>\n<strong>Application : <\/strong>gaine m\u00e9caniquement r\u00e9sistante et \u00e9tanche pour c\u00e2bles.<\/p>\n<p>&nbsp;<\/p>\n<table width=\"643\">\n<tbody>\n<tr>\n<td width=\"255\"><\/td>\n<td width=\"165\"><strong>D\u00e9scription<\/strong><\/td>\n<td width=\"223\"><strong>Donn\u00e9es<\/strong><\/td>\n<\/tr>\n<tr>\n<td width=\"255\">R\u00e9sistance \u00e0 la traction<\/td>\n<td width=\"165\">ASTM D638<\/td>\n<td width=\"223\">&gt; 10,4 N\/mm2<\/td>\n<\/tr>\n<tr>\n<td width=\"255\">Allongement \u00e0 la rupture<\/td>\n<td width=\"165\">ASTM D638<\/td>\n<td width=\"223\">&gt; 200%<\/td>\n<\/tr>\n<tr>\n<td width=\"255\">Choc thermique<\/td>\n<td width=\"165\">ASTM D2671 (4 h \u00e0 200\u00b0C)<\/td>\n<td width=\"223\">pas de gouttes, de rupture ou de fluage<\/td>\n<\/tr>\n<tr>\n<td width=\"255\">Vieillissement thermique Allongement \u00e0 la rupture<\/td>\n<td width=\"165\">ISO 188 (168 h \u00e0 125 \u00b0C)<\/td>\n<td width=\"223\">100<\/p>\n<p>&gt; 100% DE LA DUR\u00c9E DE VIE<\/td>\n<\/tr>\n<tr>\n<td width=\"255\">Flexibilit\u00e9 \u00e0 basse temp\u00e9rature (-55 \u02daC)<\/td>\n<td width=\"165\">MIL-1-23053<\/td>\n<td width=\"223\">Pas de rupture<\/td>\n<\/tr>\n<tr>\n<td width=\"255\">R\u00e9sistance au claquage \u00e9lectrique<\/td>\n<td width=\"165\">ASTM D876<\/td>\n<td width=\"223\">&gt; 30 kV\/mm<\/td>\n<\/tr>\n<tr>\n<td width=\"255\">R\u00e9sistance \u00e0 la corrosion (Cuivre)<\/td>\n<td width=\"165\">ASTM D570<\/td>\n<td width=\"223\">pas de corrosion<\/td>\n<\/tr>\n<tr>\n<td width=\"255\">Absorption d&rsquo;eau<\/td>\n<td width=\"165\">ASTM D570<\/td>\n<td width=\"223\">&lt; 0,5%<\/td>\n<\/tr>\n<tr>\n<td width=\"255\">R\u00e9sistance aux liquides agressifs<\/td>\n<td width=\"165\">ISO 1817<\/td>\n<td width=\"223\">r\u00e9sistant aux acides<br \/>\n, aux alcalis, aux carburants et aux huiles<\/td>\n<\/tr>\n<tr>\n<td width=\"255\">r\u00e9sistance fongique<\/td>\n<td width=\"165\"><\/td>\n<td width=\"223\">pas de croissance fongique<\/td>\n<\/tr>\n<\/tbody>\n<\/table>\n<p>&nbsp;<\/p>\n<p><strong>Dimensions :<\/strong><\/p>\n<table width=\"643\">\n<tbody>\n<tr>\n<td rowspan=\"2\" width=\"115\"><strong>Num\u00e9ro principal<\/strong><\/td>\n<td width=\"122\"><strong>min. Diam\u00e8tre<\/strong><\/td>\n<td width=\"136\"><strong>max. Diam\u00e8tre r\u00e9tr\u00e9ci<\/strong><\/td>\n<td width=\"146\"><strong>\u00c9paisseur de paroi apr\u00e8s r\u00e9traction<\/strong><\/td>\n<td width=\"123\"><strong>Longueur<\/strong><\/td>\n<\/tr>\n<tr>\n<td width=\"122\"><strong>[mm]<\/strong><\/td>\n<td width=\"136\"><strong>[mm]<\/strong><\/td>\n<td width=\"146\"><strong>[mm]<\/strong><\/td>\n<td width=\"123\"><strong>[m]<\/strong><\/td>\n<\/tr>\n<tr>\n<td width=\"115\"><strong>SSPOMW010<\/strong><\/td>\n<td width=\"122\">10<\/td>\n<td width=\"136\">3<\/td>\n<td width=\"146\">1.5<\/td>\n<td width=\"123\">1,2<\/td>\n<\/tr>\n<tr>\n<td width=\"115\"><strong>SSPOMW016<\/strong><\/td>\n<td width=\"122\">16<\/td>\n<td width=\"136\">5<\/td>\n<td width=\"146\">2.2<\/td>\n<td width=\"123\">1,2<\/td>\n<\/tr>\n<tr>\n<td width=\"115\"><strong>SSPOMW025<\/strong><\/td>\n<td width=\"122\">25<\/td>\n<td width=\"136\">8<\/td>\n<td width=\"146\">2.5<\/td>\n<td width=\"123\">1,2<\/td>\n<\/tr>\n<tr>\n<td width=\"115\"><strong>SSPOMW035<\/strong><\/td>\n<td width=\"122\">35<\/td>\n<td width=\"136\">12<\/td>\n<td width=\"146\">2.5<\/td>\n<td width=\"123\">1,2<\/td>\n<\/tr>\n<tr>\n<td width=\"115\"><strong>SSPOMW050<\/strong><\/td>\n<td width=\"122\">50<\/td>\n<td width=\"136\">16<\/td>\n<td width=\"146\">2.5<\/td>\n<td width=\"123\">1,2<\/td>\n<\/tr>\n<tr>\n<td width=\"115\"><strong>SSPOMW063<\/strong><\/td>\n<td width=\"122\">63<\/td>\n<td width=\"136\">19<\/td>\n<td width=\"146\">2.5<\/td>\n<td width=\"123\">1,2<\/td>\n<\/tr>\n<tr>\n<td width=\"115\"><strong>SSPOMW075<\/strong><\/td>\n<td width=\"122\">75<\/td>\n<td width=\"136\">22<\/td>\n<td width=\"146\">2.5<\/td>\n<td width=\"123\">1,2<\/td>\n<\/tr>\n<tr>\n<td width=\"115\"><strong>SSPOMW085<\/strong><\/td>\n<td width=\"122\">85<\/td>\n<td width=\"136\">25<\/td>\n<td width=\"146\">2.5<\/td>\n<td width=\"123\">1,2<\/td>\n<\/tr>\n<tr>\n<td width=\"115\"><strong>SSPOMW095<\/strong><\/td>\n<td width=\"122\">95<\/td>\n<td width=\"136\">29<\/td>\n<td width=\"146\">2.5<\/td>\n<td width=\"123\">1,2<\/td>\n<\/tr>\n<tr>\n<td width=\"115\"><strong>SSPOMW115<\/strong><\/td>\n<td width=\"122\">115<\/td>\n<td width=\"136\">34<\/td>\n<td width=\"146\">2.5<\/td>\n<td width=\"123\">1,2<\/td>\n<\/tr>\n<tr>\n<td width=\"115\"><strong>SSPOMW140<\/strong><\/td>\n<td width=\"122\">140<\/td>\n<td width=\"136\">42<\/td>\n<td width=\"146\">2.5<\/td>\n<td width=\"123\">1,2<\/td>\n<\/tr>\n<tr>\n<td width=\"115\"><strong>SSPOMW160<\/strong><\/td>\n<td width=\"122\">160<\/td>\n<td width=\"136\">50<\/td>\n<td width=\"146\">2.5<\/td>\n<td width=\"123\">1,2<\/td>\n<\/tr>\n<tr>\n<td width=\"115\"><strong>SSPOMW180<\/strong><\/td>\n<td width=\"122\">180<\/td>\n<td width=\"136\">60<\/td>\n<td width=\"146\">2.5<\/td>\n<td width=\"123\">1,2<\/td>\n<\/tr>\n<\/tbody>\n<\/table>\n<p>&nbsp;<\/p>\n<p><strong>Couleur standard :<br \/>\n<\/strong>noir (sw)<\/p>\n<p><strong>Num\u00e9ro d&rsquo;article :<\/strong><br \/>\nExemple : SSPOMW010SW<br \/>\nSSPOMW010 = num\u00e9ro principal<br \/>\nSW = couleur noire<\/p>\n<p>&nbsp;<\/p>\n","protected":false},"excerpt":{"rendered":"<p>&nbsp;<\/p>\n<h5>Ce tube thermor\u00e9tractable \u00e0 rev\u00eatement adh\u00e9sif, avec une paroi moyenne, a un rapport de r\u00e9tr\u00e9cissement de 3:1. Ses applications typiques comprennent la d\u00e9charge de traction et la protection des c\u00e2bles, la r\u00e9paration des capots d&rsquo;installation ou des gaines sur les c\u00e2bles basse tension, et les capots de raccordement pour les c\u00e2bles \u00e9lectriques.<\/h5>\n<p>&nbsp;<\/p>\n","protected":false},"featured_media":2130,"template":"","meta":{"_acf_changed":false},"product_brand":[],"product_cat":[217,228],"product_tag":[],"class_list":{"0":"post-5934","1":"product","2":"type-product","3":"status-publish","4":"has-post-thumbnail","6":"product_cat-tuyaux-techniques","7":"product_cat-gaines-thermoretractables","9":"first","10":"instock","11":"shipping-taxable","12":"purchasable","13":"product-type-simple"},"acf":[],"_links":{"self":[{"href":"https:\/\/schupp.ch\/fr\/wp-json\/wp\/v2\/product\/5934","targetHints":{"allow":["GET"]}}],"collection":[{"href":"https:\/\/schupp.ch\/fr\/wp-json\/wp\/v2\/product"}],"about":[{"href":"https:\/\/schupp.ch\/fr\/wp-json\/wp\/v2\/types\/product"}],"wp:featuredmedia":[{"embeddable":true,"href":"https:\/\/schupp.ch\/fr\/wp-json\/wp\/v2\/media\/2130"}],"wp:attachment":[{"href":"https:\/\/schupp.ch\/fr\/wp-json\/wp\/v2\/media?parent=5934"}],"wp:term":[{"taxonomy":"product_brand","embeddable":true,"href":"https:\/\/schupp.ch\/fr\/wp-json\/wp\/v2\/product_brand?post=5934"},{"taxonomy":"product_cat","embeddable":true,"href":"https:\/\/schupp.ch\/fr\/wp-json\/wp\/v2\/product_cat?post=5934"},{"taxonomy":"product_tag","embeddable":true,"href":"https:\/\/schupp.ch\/fr\/wp-json\/wp\/v2\/product_tag?post=5934"}],"curies":[{"name":"wp","href":"https:\/\/api.w.org\/{rel}","templated":true}]}}