{"id":5935,"date":"2024-01-29T09:51:44","date_gmt":"2024-01-29T08:51:44","guid":{"rendered":"https:\/\/schupp.ch\/p\/gaine-thermoretractable-en-polyolefine-type-sspofr-ignifugee\/"},"modified":"2026-01-06T20:14:17","modified_gmt":"2026-01-06T19:14:17","slug":"gaine-thermoretractable-en-polyolefine-type-sspofr-ignifugee","status":"publish","type":"product","link":"https:\/\/schupp.ch\/fr\/p\/gaine-thermoretractable-en-polyolefine-type-sspofr-ignifugee\/","title":{"rendered":"Gaine thermor\u00e9tractable en polyol\u00e9fine, type SSPOFR, ignifug\u00e9e"},"content":{"rendered":"<p>&nbsp;<\/p>\n<h5><strong>Donn\u00e9es techniques :<\/strong><\/h5>\n<p>&nbsp;<\/p>\n<p><strong>Mati\u00e8re : <\/strong>Polyol\u00e9fine ignifug\u00e9e<br \/>\n<strong>Rapport de r\u00e9train:<\/strong> 2 : 1<br \/>\n<strong>Temp\u00e9rature de service : <\/strong>-55 \u00b0C \u00e0 125 \u00b0C<br \/>\n<strong>Temp\u00e9rature de r\u00e9traction :<\/strong>\u00a0 95 \u00b0C<br \/>\n<strong>Application : <\/strong>convient \u00e0 la production en grande s\u00e9rie dans l&rsquo;industrie.<\/p>\n<p>&nbsp;<\/p>\n<table width=\"643\">\n<tbody>\n<tr>\n<td width=\"229\"><\/td>\n<td width=\"173\"><strong>D\u00e9scription<\/strong><\/td>\n<td width=\"240\"><strong>Donn\u00e9es<\/strong><\/td>\n<\/tr>\n<tr>\n<td width=\"229\">R\u00e9sistance \u00e0 la traction<\/td>\n<td width=\"173\">ISO 37<\/td>\n<td width=\"240\">&gt; 10 MPa<\/td>\n<\/tr>\n<tr>\n<td width=\"229\">Allongement \u00e0 la rupture<\/td>\n<td width=\"173\">ISO 37<\/td>\n<td width=\"240\">&gt; 200%<\/td>\n<\/tr>\n<tr>\n<td width=\"229\">Poids sp\u00e9cifique<\/td>\n<td width=\"173\">ISO 1183<\/td>\n<td width=\"240\">&lt; 1,4<\/td>\n<\/tr>\n<tr>\n<td width=\"229\">Choc thermique<\/td>\n<td width=\"173\">ASTM D2671 (4 h \u00e0 200\u00b0C)<\/td>\n<td width=\"240\">pas de gouttes, de fissures ou de coulures<\/td>\n<\/tr>\n<tr>\n<td width=\"229\">Vieillissement \u00e0 la chaleur Allongement \u00e0 la rupture<\/td>\n<td width=\"173\">ISO 188 (168 h \u00e0 150 \u00b0C)<br \/>\nISO 37<\/td>\n<td width=\"240\">&lt; 150 %<\/td>\n<\/tr>\n<tr>\n<td width=\"229\">Flexibilit\u00e9 \u00e0 basse temp\u00e9rature<\/td>\n<td width=\"173\">ASTM D2671 (4h \u00e0 -40\u00b0C)<\/td>\n<td width=\"240\">pas de d\u00e9chirure<\/td>\n<\/tr>\n<tr>\n<td width=\"229\">Inflammabilit\u00e9 (sauf transparent)<\/td>\n<td width=\"173\">ASTM 876<\/td>\n<td width=\"240\">pass\u00e9<\/td>\n<\/tr>\n<tr>\n<td width=\"229\">R\u00e9sistance au claquage \u00e9lectrique<\/td>\n<td width=\"173\">IEC 243-1<\/td>\n<td width=\"240\">&gt; 20 kV\/mm<\/td>\n<\/tr>\n<tr>\n<td width=\"229\">R\u00e9sistance \u00e0 la corrosion (Cuivre)<\/td>\n<td width=\"173\">ASTM D2671<\/td>\n<td width=\"240\">pas de corrosion<\/td>\n<\/tr>\n<tr>\n<td width=\"229\">Absorption d&rsquo;eau<\/td>\n<td width=\"173\">ISO 62<\/td>\n<td width=\"240\">&lt; 0.5%<\/td>\n<\/tr>\n<tr>\n<td width=\"229\">R\u00e9sistance aux liquides agressifs<\/p>\n<blockquote><p>Diesel, essence, k\u00e9ros\u00e8ne<br \/>\n&gt; Huiles lubrifiantes<br \/>\n<span style=\"font-family: inherit; font-size: inherit;\">&gt; Huiles hydrauliques<br \/>\n<\/span><span style=\"font-family: inherit; font-size: inherit;\">&gt; R\u00e9sistance \u00e0 la traction<br \/>\n<\/span><span style=\"font-family: inherit; font-size: inherit;\">&gt; Allongement \u00e0 la rupture<\/span><\/p><\/blockquote>\n<\/td>\n<td width=\"173\">ISO 1817<br \/>\nISO 37<br \/>\nISO 37<\/td>\n<td width=\"240\">\n<blockquote><p>7 MPa<br \/>\n&gt; 300%<\/p><\/blockquote>\n<\/td>\n<\/tr>\n<\/tbody>\n<\/table>\n<p>&nbsp;<\/p>\n<p><strong>Dimensions<\/strong><\/p>\n<p><strong>Rapport de r\u00e9train:\u00a0 2 : 1<\/strong><\/p>\n<table width=\"643\">\n<tbody>\n<tr>\n<td rowspan=\"2\" width=\"113\"><strong>Num\u00e9ro principal<\/strong><\/td>\n<td colspan=\"2\" width=\"133\"><strong>min. Diam\u00e8tre<\/strong><\/td>\n<td colspan=\"2\" width=\"137\"><strong>max. Diam\u00e8tre r\u00e9tr\u00e9ci<\/strong><\/td>\n<td colspan=\"2\" width=\"137\"><strong>\u00c9paisseur de paroi apr\u00e8s r\u00e9traction<\/strong><\/td>\n<td colspan=\"2\" width=\"123\"><strong>Conditionnement (Bobine)<\/strong><\/td>\n<\/tr>\n<tr>\n<td width=\"64\"><strong>[mm]<\/strong><\/td>\n<td width=\"68\"><strong>[inches]<\/strong><\/td>\n<td width=\"68\"><strong>[mm]<\/strong><\/td>\n<td width=\"68\"><strong>[inches]<\/strong><\/td>\n<td width=\"68\"><strong>[mm]<\/strong><\/td>\n<td width=\"68\"><strong>[inches]<\/strong><\/td>\n<td width=\"57\"><strong>[m]<\/strong><\/td>\n<td width=\"66\"><strong>[inches]<\/strong><\/td>\n<\/tr>\n<tr>\n<td width=\"113\"><strong>SSPOFR3\/64&Prime;<\/strong><\/td>\n<td width=\"64\">1,2<\/td>\n<td width=\"68\">0.023<\/td>\n<td width=\"68\">0,6<\/td>\n<td width=\"68\">0.023<\/td>\n<td width=\"68\">0,45<\/td>\n<td width=\"68\">0.018<\/td>\n<td width=\"57\">150<\/td>\n<td width=\"66\">500<\/td>\n<\/tr>\n<tr>\n<td width=\"113\"><strong>SSPOFR1\/16&Prime;<\/strong><\/td>\n<td width=\"64\">1,6<\/td>\n<td width=\"68\">0.031<\/td>\n<td width=\"68\">0,8<\/td>\n<td width=\"68\">0.031<\/td>\n<td width=\"68\">0,45<\/td>\n<td width=\"68\">0.018<\/td>\n<td width=\"57\">150<\/td>\n<td width=\"66\">500<\/td>\n<\/tr>\n<tr>\n<td width=\"113\"><strong>SSPOFR3\/32&Prime;<\/strong><\/td>\n<td width=\"64\">2,4<\/td>\n<td width=\"68\">0.046<\/td>\n<td width=\"68\">1,2<\/td>\n<td width=\"68\">0.046<\/td>\n<td width=\"68\">0,50<\/td>\n<td width=\"68\">0.019<\/td>\n<td width=\"57\">150<\/td>\n<td width=\"66\">500<\/td>\n<\/tr>\n<tr>\n<td width=\"113\"><strong>SSPOFR1\/8&Prime;<br \/>\n<\/strong><\/td>\n<td width=\"64\">3,2<\/td>\n<td width=\"68\">0.062<\/td>\n<td width=\"68\">1,6<\/td>\n<td width=\"68\">0.062<\/td>\n<td width=\"68\">0,50<\/td>\n<td width=\"68\">0.019<\/td>\n<td width=\"57\">150<\/td>\n<td width=\"66\">500<\/td>\n<\/tr>\n<tr>\n<td width=\"113\"><strong>SSPOFR3\/16&Prime;<\/strong><\/td>\n<td width=\"64\">4,8<\/td>\n<td width=\"68\">0.093<\/td>\n<td width=\"68\">2,4<\/td>\n<td width=\"68\">0.093<\/td>\n<td width=\"68\">0,50<\/td>\n<td width=\"68\">0.019<\/td>\n<td width=\"57\">150<\/td>\n<td width=\"66\">500<\/td>\n<\/tr>\n<tr>\n<td width=\"113\"><strong>SSPOFR1\/4&Prime;<br \/>\n<\/strong><\/td>\n<td width=\"64\">6,4<\/td>\n<td width=\"68\">0.125<\/td>\n<td width=\"68\">3,2<\/td>\n<td width=\"68\">0.125<\/td>\n<td width=\"68\">0,65<\/td>\n<td width=\"68\">0.026<\/td>\n<td width=\"57\">75<\/td>\n<td width=\"66\">250<\/td>\n<\/tr>\n<tr>\n<td width=\"113\"><strong>SSPOFR3\/8&Prime;<br \/>\n<\/strong><\/td>\n<td width=\"64\">9,5<\/td>\n<td width=\"68\">0.187<\/td>\n<td width=\"68\">4,8<\/td>\n<td width=\"68\">0.187<\/td>\n<td width=\"68\">0,65<\/td>\n<td width=\"68\">0.026<\/td>\n<td width=\"57\">75<\/td>\n<td width=\"66\">250<\/td>\n<\/tr>\n<tr>\n<td width=\"113\"><strong>SSPOFR1\/2&Prime;<br \/>\n<\/strong><\/td>\n<td width=\"64\">12,7<\/td>\n<td width=\"68\">0.250<\/td>\n<td width=\"68\">6,4<\/td>\n<td width=\"68\">0.250<\/td>\n<td width=\"68\">0,65<\/td>\n<td width=\"68\">0.026<\/td>\n<td width=\"57\">75<\/td>\n<td width=\"66\">250<\/td>\n<\/tr>\n<tr>\n<td width=\"113\"><strong>SSPOFR3\/4&Prime;<br \/>\n<\/strong><\/td>\n<td width=\"64\">19,1<\/td>\n<td width=\"68\">0.375<\/td>\n<td width=\"68\">9,5<\/td>\n<td width=\"68\">0.375<\/td>\n<td width=\"68\">0,75<\/td>\n<td width=\"68\">0.029<\/td>\n<td width=\"57\">60<\/td>\n<td width=\"66\">200<\/td>\n<\/tr>\n<tr>\n<td width=\"113\"><strong>SSPOFR1&Prime;<\/strong><\/td>\n<td width=\"64\">25,4<\/td>\n<td width=\"68\">0.500<\/td>\n<td width=\"68\">12,7<\/td>\n<td width=\"68\">0.500<\/td>\n<td width=\"68\">0,90<\/td>\n<td width=\"68\">0.039<\/td>\n<td width=\"57\">60<\/td>\n<td width=\"66\">200<\/td>\n<\/tr>\n<tr>\n<td width=\"113\"><strong>SSPOFR1-1\/2&Prime;<br \/>\n<\/strong><\/td>\n<td width=\"64\">38,1<\/td>\n<td width=\"68\">1.500<\/td>\n<td width=\"68\">19,0<\/td>\n<td width=\"68\">0.750<\/td>\n<td width=\"68\">0,90<\/td>\n<td width=\"68\">0.039<\/td>\n<td width=\"57\">30<\/td>\n<td width=\"66\">100<\/td>\n<\/tr>\n<tr>\n<td width=\"113\"><strong>SSPOFR2&Prime;<\/strong><\/td>\n<td width=\"64\">50,8<\/td>\n<td width=\"68\">2.000<\/td>\n<td width=\"68\">25,4<\/td>\n<td width=\"68\">1.000<\/td>\n<td width=\"68\">1,15<\/td>\n<td width=\"68\">0.045<\/td>\n<td width=\"57\">30<\/td>\n<td width=\"66\">100<\/td>\n<\/tr>\n<tr>\n<td width=\"113\"><strong>SSPOFR3&Prime;<\/strong><\/td>\n<td width=\"64\">76,2<\/td>\n<td width=\"68\">3.000<\/td>\n<td width=\"68\">38,1<\/td>\n<td width=\"68\">1.500<\/td>\n<td width=\"68\">1,25<\/td>\n<td width=\"68\">0.049<\/td>\n<td width=\"57\">30<\/td>\n<td width=\"66\">100<\/td>\n<\/tr>\n<tr>\n<td width=\"113\"><strong>SSPOFR4&Prime;<\/strong><\/td>\n<td width=\"64\">102,0<\/td>\n<td width=\"68\">4.000<\/td>\n<td width=\"68\">50,8<\/td>\n<td width=\"68\">2.000<\/td>\n<td width=\"68\">1,40<\/td>\n<td width=\"68\">0.055<\/td>\n<td width=\"57\">30<\/td>\n<td width=\"66\">100<\/td>\n<\/tr>\n<\/tbody>\n<\/table>\n<p>&nbsp;<\/p>\n<p><strong>Couleurs standard :<br \/>\n<\/strong>noir (sw), transparent (tr) (autres couleurs sur demande)<\/p>\n<p><strong>Num\u00e9ro. d&rsquo;article<\/strong>:<br \/>\nExample: SSPOFR3\/32\u201cWS<br \/>\nSSPOFR3\/32\u201c = No. principal<br \/>\nSW = Couleur noir<\/p>\n<p>&nbsp;<\/p>\n","protected":false},"excerpt":{"rendered":"<p>&nbsp;<\/p>\n<h5>Cette gaine thermor\u00e9tractable est compos\u00e9e de polyol\u00e9fine r\u00e9ticul\u00e9e difficilement inflammable, dont le rev\u00eatement int\u00e9rieur est thermofusible et la couche ext\u00e9rieure thermor\u00e9tractable. La couche ext\u00e9rieure offre une bonne isolation, une bonne r\u00e9sistance \u00e0 l&rsquo;usure et une bonne durabilit\u00e9. La couche int\u00e9rieure peut \u00eatre fondue \u00e0 basse temp\u00e9rature et pr\u00e9sente de bonnes propri\u00e9t\u00e9s d&rsquo;imperm\u00e9abilit\u00e9.<\/h5>\n<p>&nbsp;<\/p>\n<p>&nbsp;<\/p>\n","protected":false},"featured_media":2142,"template":"","meta":{"_acf_changed":false},"product_brand":[],"product_cat":[217,228],"product_tag":[],"class_list":{"0":"post-5935","1":"product","2":"type-product","3":"status-publish","4":"has-post-thumbnail","6":"product_cat-tuyaux-techniques","7":"product_cat-gaines-thermoretractables","9":"first","10":"instock","11":"shipping-taxable","12":"purchasable","13":"product-type-simple"},"acf":[],"_links":{"self":[{"href":"https:\/\/schupp.ch\/fr\/wp-json\/wp\/v2\/product\/5935","targetHints":{"allow":["GET"]}}],"collection":[{"href":"https:\/\/schupp.ch\/fr\/wp-json\/wp\/v2\/product"}],"about":[{"href":"https:\/\/schupp.ch\/fr\/wp-json\/wp\/v2\/types\/product"}],"wp:featuredmedia":[{"embeddable":true,"href":"https:\/\/schupp.ch\/fr\/wp-json\/wp\/v2\/media\/2142"}],"wp:attachment":[{"href":"https:\/\/schupp.ch\/fr\/wp-json\/wp\/v2\/media?parent=5935"}],"wp:term":[{"taxonomy":"product_brand","embeddable":true,"href":"https:\/\/schupp.ch\/fr\/wp-json\/wp\/v2\/product_brand?post=5935"},{"taxonomy":"product_cat","embeddable":true,"href":"https:\/\/schupp.ch\/fr\/wp-json\/wp\/v2\/product_cat?post=5935"},{"taxonomy":"product_tag","embeddable":true,"href":"https:\/\/schupp.ch\/fr\/wp-json\/wp\/v2\/product_tag?post=5935"}],"curies":[{"name":"wp","href":"https:\/\/api.w.org\/{rel}","templated":true}]}}