{"id":5936,"date":"2024-01-29T09:46:51","date_gmt":"2024-01-29T08:46:51","guid":{"rendered":"https:\/\/schupp.ch\/p\/gaines-thermoretractables-en-polyolefine-sspo3s-taux-de-retraction-31\/"},"modified":"2026-01-06T20:50:41","modified_gmt":"2026-01-06T19:50:41","slug":"gaines-thermoretractables-en-polyolefine-sspo3s-taux-de-retraction-31","status":"publish","type":"product","link":"https:\/\/schupp.ch\/fr\/p\/gaines-thermoretractables-en-polyolefine-sspo3s-taux-de-retraction-31\/","title":{"rendered":"Gaines thermor\u00e9tractables en polyol\u00e9fine SSPO3S, Rapport de r\u00e9train 3:1"},"content":{"rendered":"<p>&nbsp;<\/p>\n<h5><strong>Donn\u00e9es techniques :<\/strong><\/h5>\n<p>&nbsp;<\/p>\n<p><strong>Mat\u00e9riau : <\/strong>Polyol\u00e9fine<br \/>\n<strong>Rapport de r\u00e9train : <\/strong>3 : 1 Temp\u00e9rature<br \/>\n<strong>Temp\u00e9rature de service : <\/strong>-55 \u00b0C \u00e0 135 \u00b0C<br \/>\n<strong>Temp\u00e9rature de r\u00e9traction : <\/strong>&gt; 100 \u00b0C<br \/>\n<strong>Inflammabilit\u00e9 : <\/strong>ignifug\u00e9<br \/>\n<strong>Application : <\/strong>pour l&rsquo;enrobinage des surfaces irr\u00e9guli\u00e8res<\/p>\n<p>&nbsp;<\/p>\n<table width=\"643\">\n<tbody>\n<tr>\n<td width=\"255\"><\/td>\n<td width=\"165\"><strong>D\u00e9scription<\/strong><\/td>\n<td width=\"223\"><strong>Donn\u00e9es<\/strong><\/td>\n<\/tr>\n<tr>\n<td width=\"255\">R\u00e9sistance \u00e0 la traction<\/td>\n<td width=\"165\">ISO 37<\/td>\n<td width=\"223\">&gt; 10 MPa<\/td>\n<\/tr>\n<tr>\n<td width=\"255\">Allongement \u00e0 la rupture<\/td>\n<td width=\"165\">ISO 37<\/td>\n<td width=\"223\">&gt; 250%<\/td>\n<\/tr>\n<tr>\n<td width=\"255\">Poids sp\u00e9cifique<\/td>\n<td width=\"165\">ISO 1183<\/td>\n<td width=\"223\">&lt; 1,35<\/td>\n<\/tr>\n<tr>\n<td width=\"255\">Choc thermique<\/td>\n<td width=\"165\">ASTM D2671 (4 h \u00e0 250\u00b0C)<\/td>\n<td width=\"223\">pas de gouttes, de rupture ou de fluage<\/td>\n<\/tr>\n<tr>\n<td width=\"255\">Vieillissement thermique<br \/>\nAllongement \u00e0 la rupture<\/td>\n<td width=\"165\">ISO 188 (168 h \u00e0 175\u00b0C)<br \/>\nISO 37<\/td>\n<td width=\"223\">&gt; 150%<\/td>\n<\/tr>\n<tr>\n<td width=\"255\">Flexibilit\u00e9 \u00e0 basse temp\u00e9rature<\/td>\n<td width=\"165\">ASTM D2671 (4h \u00e0 -55\u00b0C)<\/td>\n<td width=\"223\">pas de rupture<\/td>\n<\/tr>\n<tr>\n<td width=\"255\">Inflammabilit\u00e9 (sauf transparent)<\/td>\n<td width=\"165\">ASTM D876<\/td>\n<td width=\"223\">pass\u00e9<\/td>\n<\/tr>\n<tr>\n<td width=\"255\">R\u00e9sistance au claquage \u00e9lectrique<\/td>\n<td width=\"165\">IEC 243<\/td>\n<td width=\"223\">&gt; 20 kV\/mm<\/td>\n<\/tr>\n<tr>\n<td width=\"255\">R\u00e9sistance \u00e0 la corrosion (Cuivre)<\/td>\n<td width=\"165\">ASTM D2671<\/td>\n<td width=\"223\">pas de corrosion<\/td>\n<\/tr>\n<tr>\n<td width=\"255\">Absorption d&rsquo;eau<\/td>\n<td width=\"165\">ISO 62<\/td>\n<td width=\"223\">&lt; 0.5%<\/td>\n<\/tr>\n<tr>\n<td width=\"255\">R\u00e9sistance aux liquides agressifs<\/p>\n<blockquote><p>&gt; Diesel, essence, k\u00e9ros\u00e8ne<br \/>\n&gt; Huiles lubrifiantes<br \/>\n<span style=\"font-family: inherit; font-size: inherit;\">&gt; Huiles hydrauliques<br \/>\n<\/span><span style=\"font-family: inherit; font-size: inherit;\">&gt; R\u00e9sistance \u00e0 la traction<br \/>\n<\/span><span style=\"font-family: inherit; font-size: inherit;\">&gt; Allongement \u00e0 la rupture<\/span><\/p><\/blockquote>\n<\/td>\n<td width=\"165\">ISO 1817<br \/>\nISO 37<\/td>\n<td width=\"223\">\n<blockquote><p>5 MPa<br \/>\n&gt; 200%<\/p><\/blockquote>\n<\/td>\n<\/tr>\n<tr>\n<td width=\"255\">R\u00e9sistance fongique<\/p>\n<p>R\u00e9sistance \u00e0 la traction<br \/>\nAllongement \u00e0 la rupture<\/td>\n<td width=\"165\">&nbsp;<\/p>\n<p>ISO 846<br \/>\nISO 37<\/td>\n<td width=\"223\">pas de fongique<\/p>\n<blockquote><p>10 MPa<br \/>\n&gt; 250%<\/p><\/blockquote>\n<\/td>\n<\/tr>\n<\/tbody>\n<\/table>\n<p>&nbsp;<\/p>\n<p><strong>Homologations :<\/strong><\/p>\n<table width=\"643\">\n<tbody>\n<tr>\n<td width=\"255\"><strong>Militaire<\/strong><\/td>\n<td width=\"165\"><strong>UL<\/strong><\/td>\n<td width=\"223\"><strong>CSA<\/strong><\/td>\n<\/tr>\n<tr>\n<td width=\"255\">MIL-DTL 23053\/5 DEF STAN 59-97<br \/>\nVG95343 Pt 5<\/td>\n<td width=\"165\">UL 224 VW1<br \/>\n600 V, 125 \u02daC<\/td>\n<td width=\"223\">600 V, 125 \u02daC<br \/>\n(SOUVENT)<\/td>\n<\/tr>\n<\/tbody>\n<\/table>\n<p>&nbsp;<\/p>\n<p><strong>Dimensions :<\/strong><\/p>\n<table width=\"643\">\n<tbody>\n<tr>\n<td width=\"113\"><strong>Num\u00e9ro principal<\/strong><\/td>\n<td width=\"132\"><strong>min. Diam\u00e8tre [mm]<\/strong><\/td>\n<td width=\"130\"><strong>max. Diam\u00e8tre r\u00e9tr\u00e9ci\u00a0<\/strong><strong>[mm]<\/strong><\/td>\n<td width=\"135\"><strong>\u00c9paisseur de paroi apr\u00e8s r\u00e9traction\u00a0<\/strong><strong>[mm]<\/strong><\/td>\n<td width=\"131\"><strong>Conditionnement<\/strong><br \/>\n<strong>[m]<\/strong><\/td>\n<\/tr>\n<tr>\n<td width=\"113\"><strong>SSPO3S015<\/strong><\/td>\n<td width=\"132\">1,5<\/td>\n<td width=\"130\">0,5<\/td>\n<td width=\"135\">0,45<\/td>\n<td width=\"131\">150<\/td>\n<\/tr>\n<tr>\n<td width=\"113\"><strong>SSPO3S030<\/strong><\/td>\n<td width=\"132\">3,0<\/td>\n<td width=\"130\">1,0<\/td>\n<td width=\"135\">0,55<\/td>\n<td width=\"131\">150<\/td>\n<\/tr>\n<tr>\n<td width=\"113\"><strong>SSPO3S045<\/strong><\/td>\n<td width=\"132\">4,5<\/td>\n<td width=\"130\">1,5<\/td>\n<td width=\"135\">0,60<\/td>\n<td width=\"131\">150<\/td>\n<\/tr>\n<tr>\n<td width=\"113\"><strong>SSPO3S060<\/strong><\/td>\n<td width=\"132\">6,0<\/td>\n<td width=\"130\">2,0<\/td>\n<td width=\"135\">0,65<\/td>\n<td width=\"131\">75<\/td>\n<\/tr>\n<tr>\n<td width=\"113\"><strong>SSPO3S090<\/strong><\/td>\n<td width=\"132\">9,0<\/td>\n<td width=\"130\">3,0<\/td>\n<td width=\"135\">0,75<\/td>\n<td width=\"131\">75<\/td>\n<\/tr>\n<tr>\n<td width=\"113\"><strong>SSPO3S120<\/strong><\/td>\n<td width=\"132\">12,0<\/td>\n<td width=\"130\">4,0<\/td>\n<td width=\"135\">0,75<\/td>\n<td width=\"131\">75<\/td>\n<\/tr>\n<tr>\n<td width=\"113\"><strong>SSPO3S180<\/strong><\/td>\n<td width=\"132\">18,0<\/td>\n<td width=\"130\">6,0<\/td>\n<td width=\"135\">0,85<\/td>\n<td width=\"131\">75<\/td>\n<\/tr>\n<tr>\n<td width=\"113\"><strong>SSPO3S240<\/strong><\/td>\n<td width=\"132\">24,0<\/td>\n<td width=\"130\">8,0<\/td>\n<td width=\"135\">1,00<\/td>\n<td width=\"131\">30<\/td>\n<\/tr>\n<tr>\n<td width=\"113\"><strong>SSPO3S390<\/strong><\/td>\n<td width=\"132\">39,0<\/td>\n<td width=\"130\">13,0<\/td>\n<td width=\"135\">1,15<\/td>\n<td width=\"131\">30<\/td>\n<\/tr>\n<\/tbody>\n<\/table>\n<p>&nbsp;<\/p>\n<p><strong>Couleur standard :<br \/>\n<\/strong>noir (sw), autres couleurs sur demande<\/p>\n<p><strong>Num\u00e9ro d&rsquo;article :<\/strong><br \/>\nExemple : SSPO3S015SW<br \/>\nSSPO3S015 = num\u00e9ro principal<br \/>\nSW = couleur noire<\/p>\n<p>&nbsp;<\/p>\n","protected":false},"excerpt":{"rendered":"<p>&nbsp;<\/p>\n<h5>Cette gaine thermor\u00e9tractable flexible en polyol\u00e9fine est un produit standard pr\u00e9sentant de bonnes propri\u00e9t\u00e9s chimiques et physiques. Gr\u00e2ce \u00e0 son taux de r\u00e9tr\u00e9cissement \u00e9lev\u00e9, elle peut \u00eatre utilis\u00e9e pour gainer des formes irr\u00e9guli\u00e8res.<\/h5>\n<p>&nbsp;<\/p>\n<p>&nbsp;<\/p>\n","protected":false},"featured_media":2134,"template":"","meta":{"_acf_changed":false},"product_brand":[],"product_cat":[217,228],"product_tag":[],"class_list":{"0":"post-5936","1":"product","2":"type-product","3":"status-publish","4":"has-post-thumbnail","6":"product_cat-tuyaux-techniques","7":"product_cat-gaines-thermoretractables","9":"first","10":"instock","11":"shipping-taxable","12":"purchasable","13":"product-type-simple"},"acf":[],"_links":{"self":[{"href":"https:\/\/schupp.ch\/fr\/wp-json\/wp\/v2\/product\/5936","targetHints":{"allow":["GET"]}}],"collection":[{"href":"https:\/\/schupp.ch\/fr\/wp-json\/wp\/v2\/product"}],"about":[{"href":"https:\/\/schupp.ch\/fr\/wp-json\/wp\/v2\/types\/product"}],"wp:featuredmedia":[{"embeddable":true,"href":"https:\/\/schupp.ch\/fr\/wp-json\/wp\/v2\/media\/2134"}],"wp:attachment":[{"href":"https:\/\/schupp.ch\/fr\/wp-json\/wp\/v2\/media?parent=5936"}],"wp:term":[{"taxonomy":"product_brand","embeddable":true,"href":"https:\/\/schupp.ch\/fr\/wp-json\/wp\/v2\/product_brand?post=5936"},{"taxonomy":"product_cat","embeddable":true,"href":"https:\/\/schupp.ch\/fr\/wp-json\/wp\/v2\/product_cat?post=5936"},{"taxonomy":"product_tag","embeddable":true,"href":"https:\/\/schupp.ch\/fr\/wp-json\/wp\/v2\/product_tag?post=5936"}],"curies":[{"name":"wp","href":"https:\/\/api.w.org\/{rel}","templated":true}]}}