{"id":5937,"date":"2024-01-29T09:55:33","date_gmt":"2024-01-29T08:55:33","guid":{"rendered":"https:\/\/schupp.ch\/p\/gaine-thermoretractable-plate-en-polyolefine-type-sspo3zhfr-ignifugee-sans-halogene\/"},"modified":"2026-01-06T20:40:44","modified_gmt":"2026-01-06T19:40:44","slug":"gaine-thermoretractable-plate-en-polyolefine-type-sspo3zhfr-ignifugee-sans-halogene","status":"publish","type":"product","link":"https:\/\/schupp.ch\/fr\/p\/gaine-thermoretractable-plate-en-polyolefine-type-sspo3zhfr-ignifugee-sans-halogene\/","title":{"rendered":"Gaine thermor\u00e9tractable plate en polyol\u00e9fine type SSPO3ZHFR, ignifug\u00e9e, sans halog\u00e8ne"},"content":{"rendered":"<p>&nbsp;<\/p>\n<h5><strong>Donn\u00e9es techniques :<\/strong><\/h5>\n<p>&nbsp;<\/p>\n<p><strong>Mati\u00e8re : <\/strong>Polyol\u00e9fine, ignifug\u00e9e, sans halog\u00e8ne<br \/>\n<strong>Rapport de r\u00e9train:\u00a0 <\/strong>3 : 1<br \/>\n<strong>Temp\u00e9rature de service : <\/strong>-55 \u00b0C \u00e0 135 \u00b0C<br \/>\n<strong>Temp\u00e9rature de r\u00e9traction : <\/strong>100 \u00b0C<br \/>\n<strong>Application : <\/strong>Gaine thermor\u00e9tractable pour le gainage de c\u00e2bles plats\u00a0p.ex. connexions aux imprimantes<\/p>\n<p>&nbsp;<\/p>\n<table width=\"643\">\n<tbody>\n<tr>\n<td width=\"227\"><\/td>\n<td width=\"174\"><strong>D\u00e9scription<\/strong><\/td>\n<td width=\"242\"><strong>Donn\u00e9es<\/strong><\/td>\n<\/tr>\n<tr>\n<td width=\"227\">R\u00e9sistance \u00e0 la traction<\/td>\n<td width=\"174\">ISO 37<\/td>\n<td width=\"242\">&gt; 10 MPa<\/td>\n<\/tr>\n<tr>\n<td width=\"227\">Allongement \u00e0 la rupture<\/td>\n<td width=\"174\">ISO 37<\/td>\n<td width=\"242\">&gt; 250%<\/td>\n<\/tr>\n<tr>\n<td width=\"227\">Poids sp\u00e9cifique<\/td>\n<td width=\"174\">ISO 1183<\/td>\n<td width=\"242\">&lt; 1,35<\/td>\n<\/tr>\n<tr>\n<td width=\"227\">Choc thermique<\/td>\n<td width=\"174\">ASTM D2671 (4 h \u00e0 250\u00b0C)<\/td>\n<td width=\"242\">pas de gouttes, de fissures ou de coulures<\/td>\n<\/tr>\n<tr>\n<td width=\"227\">Vieillissement \u00e0 la chaleur<\/td>\n<td width=\"174\">ISO 188 (168 h \u00e0 175 \u00b0C)<\/td>\n<td width=\"242\">pas de gouttes, de fissures ou de coulures<\/td>\n<\/tr>\n<tr>\n<td width=\"227\">Flexibilit\u00e9 \u00e0 basse temp\u00e9rature<\/td>\n<td width=\"174\">ASTM D2671 (4h \u00e0 -55\u00b0C)<\/td>\n<td width=\"242\">pas de d\u00e9chirure<\/td>\n<\/tr>\n<tr>\n<td width=\"227\">Inflammabilit\u00e9<\/td>\n<td width=\"174\">ASTM 876<\/td>\n<td width=\"242\">pass\u00e9<\/td>\n<\/tr>\n<tr>\n<td width=\"227\">R\u00e9sistance au claquage \u00e9lectrique<\/td>\n<td width=\"174\">IEC 243-1<\/td>\n<td width=\"242\">&gt; 20 kV\/mm<\/td>\n<\/tr>\n<tr>\n<td width=\"227\">R\u00e9sistance \u00e0 la corrosion (Cuivre)<\/td>\n<td width=\"174\">ASTM D2671<\/td>\n<td width=\"242\">pas de corrosion<\/td>\n<\/tr>\n<tr>\n<td width=\"227\">Absorption d&rsquo;eau<\/td>\n<td width=\"174\">ISO 62<\/td>\n<td width=\"242\">&lt; 0.5%<\/td>\n<\/tr>\n<tr>\n<td width=\"227\">R\u00e9sistance aux liquides agressifs<\/p>\n<blockquote><p>&gt; Diesel, essence, k\u00e9ros\u00e8ne<br \/>\n&gt; Huiles lubrifiantes<br \/>\n<span style=\"font-family: inherit; font-size: inherit;\">&gt; Huiles hydrauliques<br \/>\n<\/span><span style=\"font-family: inherit; font-size: inherit;\">&gt; R\u00e9sistance \u00e0 la traction<br \/>\n<\/span><span style=\"font-family: inherit; font-size: inherit;\">&gt; Allongement \u00e0 la rupture<\/span><\/p><\/blockquote>\n<\/td>\n<td width=\"174\">ISO 1817<br \/>\nISO 37<\/td>\n<td width=\"242\">\n<blockquote><p>7 MPa<br \/>\n&gt; 200%<\/p><\/blockquote>\n<\/td>\n<\/tr>\n<tr>\n<td width=\"227\">apr\u00e8s test de r\u00e9sistance fongique<\/p>\n<p>R\u00e9sistance \u00e0 la traction<br \/>\nAllongement \u00e0 la rupture<\/td>\n<td width=\"174\">&nbsp;<\/p>\n<p>ISO 846<br \/>\nISO 37<\/td>\n<td width=\"242\">&nbsp;<\/p>\n<blockquote><p>5 MPa<br \/>\n&gt; 250 %<\/p><\/blockquote>\n<\/td>\n<\/tr>\n<\/tbody>\n<\/table>\n<p>&nbsp;<\/p>\n<p><strong>Dimensions<\/strong><\/p>\n<p><strong>Rapport de r\u00e9train:\u00a0 3 : 1<\/strong><\/p>\n<table width=\"643\">\n<tbody>\n<tr>\n<td rowspan=\"2\" width=\"144\"><strong>Num\u00e9ro principal<\/strong><\/td>\n<td width=\"122\"><strong>min. Diam\u00e8tre<\/strong><\/td>\n<td width=\"116\"><strong>max. Diam\u00e8tre r\u00e9tr\u00e9ci<\/strong><\/td>\n<td width=\"125\"><strong>\u00c9paisseur de paroi apr\u00e8s r\u00e9traction<\/strong><\/td>\n<td width=\"136\"><strong>Conditionnement (Bobine)<\/strong><\/td>\n<\/tr>\n<tr>\n<td width=\"122\"><strong>[mm]<\/strong><\/td>\n<td width=\"116\"><strong>[mm]<\/strong><\/td>\n<td width=\"125\"><strong>[mm]<\/strong><\/td>\n<td width=\"136\"><strong>[m]<\/strong><\/td>\n<\/tr>\n<tr>\n<td width=\"144\"><strong>SSPO3ZHFR3\/32&Prime;<br \/>\n<\/strong><\/td>\n<td width=\"122\">2,4<\/td>\n<td width=\"116\">0,8<\/td>\n<td width=\"125\">0,57<\/td>\n<td width=\"136\">30<\/td>\n<\/tr>\n<tr>\n<td width=\"144\"><strong>SSPO3ZHFR1\/8&Prime;<br \/>\n<\/strong><\/td>\n<td width=\"122\">3,2<\/td>\n<td width=\"116\">1,0<\/td>\n<td width=\"125\">0,57<\/td>\n<td width=\"136\">30<\/td>\n<\/tr>\n<tr>\n<td width=\"144\"><strong>SSPO3ZHFR3\/16&Prime;<br \/>\n<\/strong><\/td>\n<td width=\"122\">4,8<\/td>\n<td width=\"116\">1,6<\/td>\n<td width=\"125\">0,57<\/td>\n<td width=\"136\">30<\/td>\n<\/tr>\n<tr>\n<td width=\"144\"><strong>SSPO3ZHFR1\/4&Prime;<br \/>\n<\/strong><\/td>\n<td width=\"122\">6,4<\/td>\n<td width=\"116\">2,1<\/td>\n<td width=\"125\">0,58<\/td>\n<td width=\"136\">30<\/td>\n<\/tr>\n<tr>\n<td width=\"144\"><strong>SSPO3ZHFR3\/8&Prime;\u00a0\u00bb<\/strong><\/td>\n<td width=\"122\">9,5<\/td>\n<td width=\"116\">3,2<\/td>\n<td width=\"125\">0,60<\/td>\n<td width=\"136\">30<\/td>\n<\/tr>\n<tr>\n<td width=\"144\"><strong>SSPO3ZHFR12.7<\/strong><\/td>\n<td width=\"122\">12,7<\/td>\n<td width=\"116\">4,2<\/td>\n<td width=\"125\">0,60<\/td>\n<td width=\"136\">30<\/td>\n<\/tr>\n<tr>\n<td width=\"144\"><strong>SSPO3ZHFR3\/4&Prime;<br \/>\n<\/strong><\/td>\n<td width=\"122\">19,0<\/td>\n<td width=\"116\">6,4<\/td>\n<td width=\"125\">0,60<\/td>\n<td width=\"136\">30<\/td>\n<\/tr>\n<tr>\n<td width=\"144\"><strong>SSPO3ZHFR1&Prime;<\/strong><\/td>\n<td width=\"122\">25,4<\/td>\n<td width=\"116\">8,5<\/td>\n<td width=\"125\">0,65<\/td>\n<td width=\"136\">30<\/td>\n<\/tr>\n<\/tbody>\n<\/table>\n<p>&nbsp;<\/p>\n<p><strong>Couleurs standard :<br \/>\n<\/strong>blanc (ws), jaune(ge)<\/p>\n<p><strong>No. d&rsquo;article<\/strong>:<br \/>\nExample: SSPO3ZHFR3\/32\u201cWS<br \/>\nSSPO3ZHFR3\/32\u201c = No. principal<br \/>\nWS = Couleur blanc<\/p>\n<p>&nbsp;<\/p>\n","protected":false},"excerpt":{"rendered":"<p>&nbsp;<\/p>\n<h5>Cette gaine thermor\u00e9tractable en polyol\u00e9fine certifi\u00e9e UL est une gaine thermor\u00e9tractable flexible de haute qualit\u00e9 qui a d&rsquo;excellentes propri\u00e9t\u00e9s physiques, chimiques et \u00e9lectriques. Elle est sans halog\u00e8ne et peut \u00eatre utilis\u00e9e dans les environnements o\u00f9 un mat\u00e9riau ignifuge et sans halog\u00e8ne est requis.<\/h5>\n<p>&nbsp;<\/p>\n<p>&nbsp;<\/p>\n<p>&nbsp;<\/p>\n","protected":false},"featured_media":2146,"template":"","meta":{"_acf_changed":false},"product_brand":[],"product_cat":[217,228],"product_tag":[],"class_list":{"0":"post-5937","1":"product","2":"type-product","3":"status-publish","4":"has-post-thumbnail","6":"product_cat-tuyaux-techniques","7":"product_cat-gaines-thermoretractables","9":"first","10":"instock","11":"shipping-taxable","12":"purchasable","13":"product-type-simple"},"acf":[],"_links":{"self":[{"href":"https:\/\/schupp.ch\/fr\/wp-json\/wp\/v2\/product\/5937","targetHints":{"allow":["GET"]}}],"collection":[{"href":"https:\/\/schupp.ch\/fr\/wp-json\/wp\/v2\/product"}],"about":[{"href":"https:\/\/schupp.ch\/fr\/wp-json\/wp\/v2\/types\/product"}],"wp:featuredmedia":[{"embeddable":true,"href":"https:\/\/schupp.ch\/fr\/wp-json\/wp\/v2\/media\/2146"}],"wp:attachment":[{"href":"https:\/\/schupp.ch\/fr\/wp-json\/wp\/v2\/media?parent=5937"}],"wp:term":[{"taxonomy":"product_brand","embeddable":true,"href":"https:\/\/schupp.ch\/fr\/wp-json\/wp\/v2\/product_brand?post=5937"},{"taxonomy":"product_cat","embeddable":true,"href":"https:\/\/schupp.ch\/fr\/wp-json\/wp\/v2\/product_cat?post=5937"},{"taxonomy":"product_tag","embeddable":true,"href":"https:\/\/schupp.ch\/fr\/wp-json\/wp\/v2\/product_tag?post=5937"}],"curies":[{"name":"wp","href":"https:\/\/api.w.org\/{rel}","templated":true}]}}