{"id":5938,"date":"2024-01-29T09:49:35","date_gmt":"2024-01-29T08:49:35","guid":{"rendered":"https:\/\/schupp.ch\/p\/gaines-thermoretractables-en-polyolefine-a-double-paroi-type-sspodw3s-et-sspodw4s-taux-31-et-4-1\/"},"modified":"2026-01-06T20:26:59","modified_gmt":"2026-01-06T19:26:59","slug":"gaines-thermoretractables-en-polyolefine-a-double-paroi-type-sspodw3s-et-sspodw4s-taux-31-et-4-1","status":"publish","type":"product","link":"https:\/\/schupp.ch\/fr\/p\/gaines-thermoretractables-en-polyolefine-a-double-paroi-type-sspodw3s-et-sspodw4s-taux-31-et-4-1\/","title":{"rendered":"Gaines thermor\u00e9tractables en polyol\u00e9fine \u00e0 double paroi, type SSPODW3S et SSPODW4S, rapport de r\u00e9trai 3:1 et 4 :1"},"content":{"rendered":"<p>&nbsp;<\/p>\n<h5><strong>Donn\u00e9es techniques :<\/strong><\/h5>\n<p>&nbsp;<\/p>\n<p><strong>Mat\u00e9riau : <\/strong>Polyol\u00e9fine, double paroi<br \/>\n<strong>Rapport de r\u00e9train:\u00a0 <\/strong>3:1 et 4:1<br \/>\n<strong>Temp\u00e9rature de service : <\/strong>-55 \u00b0C \u00e0 110 \u00b0C<br \/>\n<strong>Temp\u00e9rature de r\u00e9traction : <\/strong>&gt; 100 \u00b0C<br \/>\n<strong>Adh\u00e9sif : <\/strong>colle thermofusible qui assure une bonne liaison des mat\u00e9riaux<br \/>\n<strong>Application : <\/strong>pour le gainage \u00e9tanche \u00e0 l&rsquo;humidit\u00e9 des raccords de c\u00e2bles aux connecteurs<\/p>\n<p>&nbsp;<\/p>\n<table width=\"643\">\n<tbody>\n<tr>\n<td width=\"255\"><\/td>\n<td width=\"173\"><strong>D\u00e9scription<\/strong><\/td>\n<td width=\"214\"><strong>Donn\u00e9es<\/strong><\/td>\n<\/tr>\n<tr>\n<td width=\"255\">R\u00e9sistance \u00e0 la traction<\/td>\n<td width=\"173\">ISO 37<\/td>\n<td width=\"214\">&gt; 9 MPa<\/td>\n<\/tr>\n<tr>\n<td width=\"255\">Allongement \u00e0 la rupture<\/td>\n<td width=\"173\">ISO 37<\/td>\n<td width=\"214\">&gt; 300%<\/td>\n<\/tr>\n<tr>\n<td width=\"255\">Poids sp\u00e9cifique<\/td>\n<td width=\"173\">ISO 1183<\/td>\n<td width=\"214\">&lt; 1,25<\/td>\n<\/tr>\n<tr>\n<td width=\"255\">Adh\u00e9sif de la paroi interne<br \/>\ntuyau \u00e0 tuyau,<br \/>\ntuyau \u00e0 aluminium<\/td>\n<td width=\"173\">Paragraphe 3.6<\/td>\n<td width=\"214\">&gt; 150 N\/25 mm 60 N\/25 mm<\/td>\n<\/tr>\n<tr>\n<td width=\"255\">Choc thermique<\/td>\n<td width=\"173\">ASTM D2671 (4 h \u00e0 225\u00b0C)<\/td>\n<td width=\"214\">pas de goutte, de rupture ou de fluage de la paroi ext\u00e9rieure<\/td>\n<\/tr>\n<tr>\n<td width=\"255\">Vieillissement \u00e0 la chaleur<\/td>\n<td width=\"173\">ISO 188 (168 h \u00e0 150 \u00b0C)<\/td>\n<td width=\"214\">pas de goutte, de rupture ou de fluage de la paroi ext\u00e9rieure<\/td>\n<\/tr>\n<tr>\n<td width=\"255\">Flexibilit\u00e9 \u00e0 basse temp\u00e9rature<\/td>\n<td width=\"173\">ASTM D2671 (4h \u00e0 -55\u00b0C)<\/td>\n<td width=\"214\">pas de rupture<\/td>\n<\/tr>\n<tr>\n<td width=\"255\">Inflammabilit\u00e9 (paroi ext\u00e9rieure uniquement)<\/td>\n<td width=\"173\">ASTM 876<\/td>\n<td width=\"214\">pass\u00e9<\/td>\n<\/tr>\n<tr>\n<td width=\"255\">R\u00e9sistance au claquage \u00e9lectrique<\/td>\n<td width=\"173\">IEC 243-1<\/td>\n<td width=\"214\">&gt; 12 kV\/mm<\/td>\n<\/tr>\n<tr>\n<td width=\"255\">R\u00e9sistance \u00e0 la corrosion (Cuivre)<\/td>\n<td width=\"173\">ASTM D2671 (16h \u00e0 15 \u02daC)<\/td>\n<td width=\"214\">pas de corrosion<\/td>\n<\/tr>\n<tr>\n<td width=\"255\">Absorption d&rsquo;eau<\/td>\n<td width=\"173\">ISO 62<\/td>\n<td width=\"214\">&lt; 0.5%<\/td>\n<\/tr>\n<tr>\n<td width=\"255\">R\u00e9sistance aux liquides agressifs<\/p>\n<blockquote><p>&gt; Diesel, essence, k\u00e9ros\u00e8ne<br \/>\n&gt; Huiles lubrifiantes<br \/>\n<span style=\"font-family: inherit; font-size: inherit;\">&gt; Huiles hydrauliques<br \/>\n<\/span><span style=\"font-family: inherit; font-size: inherit;\">&gt; R\u00e9sistance \u00e0 la traction<br \/>\n<\/span><span style=\"font-family: inherit; font-size: inherit;\">&gt; Allongement \u00e0 la rupture<\/span><\/p><\/blockquote>\n<\/td>\n<td width=\"173\">ISO 1817ISO 37<\/td>\n<td width=\"214\">\n<blockquote><p>7 MPa<br \/>\n&gt; 300%<\/p><\/blockquote>\n<\/td>\n<\/tr>\n<tr>\n<td width=\"255\">R\u00e9sistance fongique<\/td>\n<td width=\"173\">ISO 846<\/td>\n<td width=\"214\"><\/td>\n<\/tr>\n<\/tbody>\n<\/table>\n<p>&nbsp;<\/p>\n<p><strong>Homologations<\/strong><\/p>\n<table width=\"643\">\n<tbody>\n<tr>\n<td width=\"255\"><strong>Militaire<\/strong><\/td>\n<td width=\"173\"><strong>UL<\/strong><\/td>\n<td width=\"214\"><strong>CSA<\/strong><\/td>\n<\/tr>\n<tr>\n<td width=\"255\">MIL-DTL 23053\/4<\/td>\n<td width=\"173\">UL 224<br \/>\n600 V, 125 \u02daC<\/td>\n<td width=\"214\">LR 31929<br \/>\n600 V, 125 \u02daC<\/td>\n<\/tr>\n<\/tbody>\n<\/table>\n<p>&nbsp;<\/p>\n<p><strong>Dimensions<\/strong><\/p>\n<p><strong>Rapport de r\u00e9train:\u00a0 3 : 1<\/strong><\/p>\n<table width=\"643\">\n<tbody>\n<tr>\n<td rowspan=\"2\" width=\"144\"><strong>Num\u00e9ro principal<\/strong><\/td>\n<td width=\"122\"><strong>min. Diam\u00e8tre<\/strong><\/td>\n<td width=\"116\"><strong>max. Diam\u00e8tre r\u00e9tr\u00e9ci<\/strong><\/td>\n<td width=\"125\"><strong>\u00c9paisseur de paroi apr\u00e8s r\u00e9traction<\/strong><\/td>\n<td width=\"136\"><strong>Longueur<\/strong><\/td>\n<\/tr>\n<tr>\n<td width=\"122\"><strong>[mm]<\/strong><\/td>\n<td width=\"116\"><strong>[mm]<\/strong><\/td>\n<td width=\"125\"><strong>[mm]<\/strong><\/td>\n<td width=\"136\"><strong>[m]<\/strong><\/td>\n<\/tr>\n<tr>\n<td width=\"144\"><strong>SSPODW3S030<\/strong><\/td>\n<td width=\"122\">3,0<\/td>\n<td width=\"116\">1,0<\/td>\n<td width=\"125\">0,96<\/td>\n<td width=\"136\">1,2<\/td>\n<\/tr>\n<tr>\n<td width=\"144\"><strong>SSPODW3S045<\/strong><\/td>\n<td width=\"122\">4,5<\/td>\n<td width=\"116\">1,5<\/td>\n<td width=\"125\">1,09<\/td>\n<td width=\"136\">1,2<\/td>\n<\/tr>\n<tr>\n<td width=\"144\"><strong>SSPODW3S060<\/strong><\/td>\n<td width=\"122\">6,0<\/td>\n<td width=\"116\">2,0<\/td>\n<td width=\"125\">1,14<\/td>\n<td width=\"136\">1,2<\/td>\n<\/tr>\n<tr>\n<td width=\"144\"><strong>SSPODW3S090<\/strong><\/td>\n<td width=\"122\">9,0<\/td>\n<td width=\"116\">3,0<\/td>\n<td width=\"125\">1,39<\/td>\n<td width=\"136\">1,2<\/td>\n<\/tr>\n<tr>\n<td width=\"144\"><strong>SSPODW3S120<\/strong><\/td>\n<td width=\"122\">12,0<\/td>\n<td width=\"116\">4,0<\/td>\n<td width=\"125\">1,75<\/td>\n<td width=\"136\">1,2<\/td>\n<\/tr>\n<tr>\n<td width=\"144\"><strong>SSPODW3S190<\/strong><\/td>\n<td width=\"122\">19,0<\/td>\n<td width=\"116\">6,0<\/td>\n<td width=\"125\">2,20<\/td>\n<td width=\"136\">1,2<\/td>\n<\/tr>\n<tr>\n<td width=\"144\"><strong>SSPODW3S240<\/strong><\/td>\n<td width=\"122\">24,0<\/td>\n<td width=\"116\">8,0<\/td>\n<td width=\"125\">2,54<\/td>\n<td width=\"136\">1,2<\/td>\n<\/tr>\n<tr>\n<td width=\"144\"><strong>SSPODW3S400<\/strong><\/td>\n<td width=\"122\">40,0<\/td>\n<td width=\"116\">13,0<\/td>\n<td width=\"125\">2,54<\/td>\n<td width=\"136\">1,2<\/td>\n<\/tr>\n<\/tbody>\n<\/table>\n<p>&nbsp;<\/p>\n<p><strong>Rapport de r\u00e9train:\u00a0 4 : 1<\/strong><\/p>\n<table width=\"643\">\n<tbody>\n<tr>\n<td rowspan=\"2\" width=\"143\"><strong>Num\u00e9ro principal<\/strong><\/td>\n<td width=\"122\"><strong>min. Diam\u00e8tre<\/strong><\/td>\n<td width=\"116\"><strong>max. Diam\u00e8tre r\u00e9tr\u00e9ci<\/strong><\/td>\n<td width=\"125\"><strong>\u00c9paisseur de paroi apr\u00e8s r\u00e9traction<\/strong><\/td>\n<td width=\"137\"><strong>Longueur<\/strong><\/td>\n<\/tr>\n<tr>\n<td width=\"122\"><strong>[mm]<\/strong><\/td>\n<td width=\"116\"><strong>[mm]<\/strong><\/td>\n<td width=\"125\"><strong>[mm]<\/strong><\/td>\n<td width=\"137\"><strong>[m]<\/strong><\/td>\n<\/tr>\n<tr>\n<td width=\"143\"><strong>SSPODW4S040<\/strong><\/td>\n<td width=\"122\">4,0<\/td>\n<td width=\"116\">1,0<\/td>\n<td width=\"125\">1,00<\/td>\n<td width=\"137\">1,2<\/td>\n<\/tr>\n<tr>\n<td width=\"143\"><strong>SSPODW4S080<\/strong><\/td>\n<td width=\"122\">8,0<\/td>\n<td width=\"116\">2,0<\/td>\n<td width=\"125\">1,00<\/td>\n<td width=\"137\">1,2<\/td>\n<\/tr>\n<tr>\n<td width=\"143\"><strong>SSPODW4S120<\/strong><\/td>\n<td width=\"122\">12,0<\/td>\n<td width=\"116\">3,0<\/td>\n<td width=\"125\">1,40<\/td>\n<td width=\"137\">1,2<\/td>\n<\/tr>\n<tr>\n<td width=\"143\"><strong>SSPODW4S160<\/strong><\/td>\n<td width=\"122\">16,0<\/td>\n<td width=\"116\">4,0<\/td>\n<td width=\"125\">1,80<\/td>\n<td width=\"137\">1,2<\/td>\n<\/tr>\n<tr>\n<td width=\"143\"><strong>SSPODW4S240<\/strong><\/td>\n<td width=\"122\">24,0<\/td>\n<td width=\"116\">6,0<\/td>\n<td width=\"125\">2,25<\/td>\n<td width=\"137\">1,2<\/td>\n<\/tr>\n<tr>\n<td width=\"143\"><strong>SSPODW4S320<\/strong><\/td>\n<td width=\"122\">32,0<\/td>\n<td width=\"116\">8,0<\/td>\n<td width=\"125\">2,55<\/td>\n<td width=\"137\">1,2<\/td>\n<\/tr>\n<tr>\n<td width=\"143\"><strong>SSPODW4S520<\/strong><\/td>\n<td width=\"122\">52,0<\/td>\n<td width=\"116\">13,0<\/td>\n<td width=\"125\">2,55<\/td>\n<td width=\"137\">1,2<\/td>\n<\/tr>\n<\/tbody>\n<\/table>\n<p>&nbsp;<\/p>\n<p><strong>Couleurs standard :<br \/>\n<\/strong>noir (sw), transparent (tr)<\/p>\n<p><strong>Num\u00e9ro d&rsquo;article :<\/strong><br \/>\nExemple : SSPODW3S030SW<br \/>\nSSPODW3S030 = num\u00e9ro principal<br \/>\nSW = couleur noire<\/p>\n<p>&nbsp;<\/p>\n","protected":false},"excerpt":{"rendered":"<p>&nbsp;<\/p>\n<h5>Cette gaine thermor\u00e9tractable \u00e0 double paroi en polyol\u00e9fine avec adh\u00e9sif interne int\u00e9gr\u00e9 offre une protection optimale pour les c\u00e2bles, les fils et les connexions. Elle est certifi\u00e9e UL-224 et r\u00e9pond aux normes de s\u00e9curit\u00e9 les plus strictes. La gaine thermor\u00e9tractable est particuli\u00e8rement adapt\u00e9e \u00e0 une utilisation dans l&rsquo;industrie \u00e9lectrique, le secteur automobile et de nombreux autres domaines d&rsquo;application.<\/h5>\n<p>&nbsp;<\/p>\n","protected":false},"featured_media":2138,"template":"","meta":{"_acf_changed":false},"product_brand":[],"product_cat":[217,228],"product_tag":[],"class_list":{"0":"post-5938","1":"product","2":"type-product","3":"status-publish","4":"has-post-thumbnail","6":"product_cat-tuyaux-techniques","7":"product_cat-gaines-thermoretractables","9":"first","10":"instock","11":"shipping-taxable","12":"purchasable","13":"product-type-simple"},"acf":[],"_links":{"self":[{"href":"https:\/\/schupp.ch\/fr\/wp-json\/wp\/v2\/product\/5938","targetHints":{"allow":["GET"]}}],"collection":[{"href":"https:\/\/schupp.ch\/fr\/wp-json\/wp\/v2\/product"}],"about":[{"href":"https:\/\/schupp.ch\/fr\/wp-json\/wp\/v2\/types\/product"}],"wp:featuredmedia":[{"embeddable":true,"href":"https:\/\/schupp.ch\/fr\/wp-json\/wp\/v2\/media\/2138"}],"wp:attachment":[{"href":"https:\/\/schupp.ch\/fr\/wp-json\/wp\/v2\/media?parent=5938"}],"wp:term":[{"taxonomy":"product_brand","embeddable":true,"href":"https:\/\/schupp.ch\/fr\/wp-json\/wp\/v2\/product_brand?post=5938"},{"taxonomy":"product_cat","embeddable":true,"href":"https:\/\/schupp.ch\/fr\/wp-json\/wp\/v2\/product_cat?post=5938"},{"taxonomy":"product_tag","embeddable":true,"href":"https:\/\/schupp.ch\/fr\/wp-json\/wp\/v2\/product_tag?post=5938"}],"curies":[{"name":"wp","href":"https:\/\/api.w.org\/{rel}","templated":true}]}}