{"id":5939,"date":"2024-01-29T09:58:45","date_gmt":"2024-01-29T08:58:45","guid":{"rendered":"https:\/\/schupp.ch\/p\/gaine-thermoretractable-en-polyolefine-type-sspozhfr-ignifugee\/"},"modified":"2026-01-06T21:56:39","modified_gmt":"2026-01-06T20:56:39","slug":"gaine-thermoretractable-en-polyolefine-type-sspozhfr-ignifugee","status":"publish","type":"product","link":"https:\/\/schupp.ch\/fr\/p\/gaine-thermoretractable-en-polyolefine-type-sspozhfr-ignifugee\/","title":{"rendered":"Gaine thermor\u00e9tractable en polyol\u00e9fine, type SSPOZHFR, ignifug\u00e9e"},"content":{"rendered":"<p>&nbsp;<\/p>\n<h5><strong>Donn\u00e9es techniques :<\/strong><\/h5>\n<p>&nbsp;<\/p>\n<p><strong>Mat\u00e9riau : <\/strong>Polyol\u00e9fine, ignifug\u00e9e, sans halog\u00e8ne<br \/>\n<strong>Rapport de r\u00e9train:\u00a0 <\/strong>2 : 1<br \/>\n<strong>Temp\u00e9rature de service : <\/strong>-55 \u00b0C \u00e0 125 \u00b0C<br \/>\n<strong>Temp\u00e9rature de r\u00e9traction : <\/strong>100 \u00b0C<br \/>\n<strong>Application : <\/strong>Gaines thermor\u00e9tractables \u00e0 faible \u00e9mission de fum\u00e9e<\/p>\n<p>&nbsp;<\/p>\n<table width=\"643\">\n<tbody>\n<tr>\n<td width=\"243\"><\/td>\n<td width=\"168\"><strong>D\u00e9scription<\/strong><\/td>\n<td width=\"224\"><strong>Donn\u00e9es<\/strong><\/td>\n<\/tr>\n<tr>\n<td width=\"243\">R\u00e9sistance \u00e0 la traction<\/td>\n<td width=\"168\">ISO 37<\/td>\n<td width=\"224\">&gt; 7 MPa<\/td>\n<\/tr>\n<tr>\n<td width=\"243\">Allongement \u00e0 la rupture<\/td>\n<td width=\"168\">ISO 37<\/td>\n<td width=\"224\">&gt; 200 %<\/td>\n<\/tr>\n<tr>\n<td width=\"243\">Poids sp\u00e9cifique<\/td>\n<td width=\"168\">ISO 1183<\/td>\n<td width=\"224\">&lt; 1,35<\/td>\n<\/tr>\n<tr>\n<td width=\"243\">Choc thermique<\/td>\n<td width=\"168\">ASTM D2671 (4 h \u00e0 175C)<\/td>\n<td width=\"224\">pas de gouttes, de d\u00e9chirures ou de coulures<\/td>\n<\/tr>\n<tr>\n<td width=\"243\">Vieillissement \u00e0 la chaleur<\/td>\n<td width=\"168\">ISO 188 (168 h \u00e0 135 \u00b0C)<\/td>\n<td width=\"224\">pas de d\u00e9chirure<\/td>\n<\/tr>\n<tr>\n<td width=\"243\">Flexibilit\u00e9 \u00e0 basse temp\u00e9rature<\/td>\n<td width=\"168\">ASTM D2671 (4h \u00e0 -35\u00b0C)<\/td>\n<td width=\"224\">pas de d\u00e9chirure<\/td>\n<\/tr>\n<tr>\n<td width=\"243\">Inflammabilit\u00e9<\/td>\n<td width=\"168\">ASTM 876<\/td>\n<td width=\"224\">pass\u00e9<\/td>\n<\/tr>\n<tr>\n<td width=\"243\">R\u00e9sistance au claquage \u00e9lectrique<\/td>\n<td width=\"168\">IEC 243-1<\/td>\n<td width=\"224\">&gt; 15 kV\/mm<\/td>\n<\/tr>\n<tr>\n<td width=\"243\">R\u00e9sistance \u00e0 la corrosion (Cuivre)<\/td>\n<td width=\"168\">ASTM D2671<\/td>\n<td width=\"224\">pas de corrosion<\/td>\n<\/tr>\n<tr>\n<td width=\"243\">Absorption d&rsquo;eau<\/td>\n<td width=\"168\">ISO 62<\/td>\n<td width=\"224\">&lt; 0.5%<\/td>\n<\/tr>\n<tr>\n<td width=\"243\">R\u00e9sistance aux liquides<\/p>\n<p>&gt; Diesel, essence, k\u00e9ros\u00e8ne<br \/>\n&gt; Huiles lubrifiantes<br \/>\n&gt; Huiles hydrauliques<br \/>\n&gt; R\u00e9sistance \u00e0 la traction<br \/>\n&gt; Allongement \u00e0 la rupture<\/td>\n<td width=\"168\">ISO 1817ISO 37<\/td>\n<td width=\"224\">4 MPa<br \/>\n&gt; 100%<\/td>\n<\/tr>\n<tr>\n<td width=\"243\">Indice d&rsquo;oxyg\u00e8ne \u00e0 temp\u00e9rature ambiante<\/td>\n<td width=\"168\">ISO 4589-2<\/td>\n<td width=\"224\">&lt; 32<\/td>\n<\/tr>\n<tr>\n<td width=\"243\">Indice de fum\u00e9e<\/td>\n<td width=\"168\">IEC 60684-2<\/td>\n<td width=\"224\">&lt; 20<\/td>\n<\/tr>\n<tr>\n<td width=\"243\">Indice de toxicit\u00e9<\/td>\n<td width=\"168\">IEC 60684-2<\/td>\n<td width=\"224\">&lt; 5 pour 100 g<\/td>\n<\/tr>\n<tr>\n<td width=\"243\">R\u00e9sistance fongique<\/td>\n<td width=\"168\">IEC 68-2-10<\/td>\n<td width=\"224\">&lt; 2<\/td>\n<\/tr>\n<tr>\n<td colspan=\"3\" width=\"639\"><strong>Homologations<\/strong><\/td>\n<\/tr>\n<tr>\n<td width=\"243\">Militaire<\/td>\n<td width=\"168\">UL<\/td>\n<td width=\"224\">BS<\/td>\n<\/tr>\n<tr>\n<td width=\"243\">DEF Standard 59-97<\/td>\n<td width=\"168\"><\/td>\n<td width=\"224\">BS4G-198 Pt.3 Type 15<\/td>\n<\/tr>\n<\/tbody>\n<\/table>\n<p>&nbsp;<\/p>\n<p><strong>Dimensions<\/strong><\/p>\n<p><strong>Rapport de r\u00e9train:\u00a0 2 : 1<\/strong><\/p>\n<table width=\"643\">\n<tbody>\n<tr>\n<td rowspan=\"2\" width=\"113\"><strong>Num\u00e9ro principal<\/strong><\/td>\n<td colspan=\"2\" width=\"133\"><strong>min. Diam\u00e8tre<\/strong><\/td>\n<td colspan=\"2\" width=\"137\"><strong>max. Diam\u00e8tre r\u00e9tr\u00e9ci<\/strong><\/td>\n<td colspan=\"2\" width=\"137\"><strong>\u00c9paisseur de paroi apr\u00e8s r\u00e9traction<\/strong><\/td>\n<td colspan=\"2\" width=\"123\"><strong>Conditionnement (Bobine)<\/strong><\/td>\n<\/tr>\n<tr>\n<td width=\"64\"><strong>[mm]<\/strong><\/td>\n<td width=\"68\"><strong>[inches]<\/strong><\/td>\n<td width=\"68\"><strong>[mm]<\/strong><\/td>\n<td width=\"68\"><strong>[inches]<\/strong><\/td>\n<td width=\"68\"><strong>[mm]<\/strong><\/td>\n<td width=\"68\"><strong>[inches]<\/strong><\/td>\n<td width=\"46\"><strong>[m]<\/strong><\/td>\n<td width=\"77\"><strong>[inches]<\/strong><\/td>\n<\/tr>\n<tr>\n<td width=\"113\"><strong>SSPOZHFR3\/64&Prime;<\/strong><\/td>\n<td width=\"64\">1,2<\/td>\n<td width=\"68\">0.023<\/td>\n<td width=\"68\">0,6<\/td>\n<td width=\"68\">0.023<\/td>\n<td width=\"68\">0,40<\/td>\n<td width=\"68\">0.016<\/td>\n<td width=\"46\">150<\/td>\n<td width=\"77\">500<\/td>\n<\/tr>\n<tr>\n<td width=\"113\"><strong>SSPOZHFR1\/16&Prime;<\/strong><\/td>\n<td width=\"64\">1,6<\/td>\n<td width=\"68\">0.031<\/td>\n<td width=\"68\">0,8<\/td>\n<td width=\"68\">0.031<\/td>\n<td width=\"68\">0,43<\/td>\n<td width=\"68\">0.017<\/td>\n<td width=\"46\">150<\/td>\n<td width=\"77\">500<\/td>\n<\/tr>\n<tr>\n<td width=\"113\"><strong>SSPOZHFR3\/32&Prime;<\/strong><\/td>\n<td width=\"64\">2,4<\/td>\n<td width=\"68\">0.046<\/td>\n<td width=\"68\">1,2<\/td>\n<td width=\"68\">0.046<\/td>\n<td width=\"68\">0,51<\/td>\n<td width=\"68\">0.020<\/td>\n<td width=\"46\">150<\/td>\n<td width=\"77\">500<\/td>\n<\/tr>\n<tr>\n<td width=\"113\"><strong>SSPOZHFR1\/8&Prime;<\/strong><\/td>\n<td width=\"64\">3,2<\/td>\n<td width=\"68\">0.062<\/td>\n<td width=\"68\">1,6<\/td>\n<td width=\"68\">0.062<\/td>\n<td width=\"68\">0,51<\/td>\n<td width=\"68\">0.020<\/td>\n<td width=\"46\">150<\/td>\n<td width=\"77\">500<\/td>\n<\/tr>\n<tr>\n<td width=\"113\"><strong>SSPOZHFR3\/16&Prime;<\/strong><\/td>\n<td width=\"64\">4,8<\/td>\n<td width=\"68\">0.093<\/td>\n<td width=\"68\">2,4<\/td>\n<td width=\"68\">0.093<\/td>\n<td width=\"68\">0,51<\/td>\n<td width=\"68\">0.020<\/td>\n<td width=\"46\">75<\/td>\n<td width=\"77\">500<\/td>\n<\/tr>\n<tr>\n<td width=\"113\"><strong>SSPOZHFR1\/4&Prime;<\/strong><\/td>\n<td width=\"64\">6,4<\/td>\n<td width=\"68\">0.125<\/td>\n<td width=\"68\">3,2<\/td>\n<td width=\"68\">0.125<\/td>\n<td width=\"68\">0,64<\/td>\n<td width=\"68\">0.025<\/td>\n<td width=\"46\">75<\/td>\n<td width=\"77\">250<\/td>\n<\/tr>\n<tr>\n<td width=\"113\"><strong>SSPOZHFR3\/8&Prime;<\/strong><\/td>\n<td width=\"64\">9,5<\/td>\n<td width=\"68\">0.187<\/td>\n<td width=\"68\">4,8<\/td>\n<td width=\"68\">0.187<\/td>\n<td width=\"68\">0,64<\/td>\n<td width=\"68\">0.025<\/td>\n<td width=\"46\">75<\/td>\n<td width=\"77\">250<\/td>\n<\/tr>\n<tr>\n<td width=\"113\"><strong>SSPOZHFR1\/2&Prime;<\/strong><\/td>\n<td width=\"64\">12,7<\/td>\n<td width=\"68\">0.250<\/td>\n<td width=\"68\">6,4<\/td>\n<td width=\"68\">0.250<\/td>\n<td width=\"68\">0,64<\/td>\n<td width=\"68\">0.029<\/td>\n<td width=\"46\">75<\/td>\n<td width=\"77\">250<\/td>\n<\/tr>\n<tr>\n<td width=\"113\"><strong>SSPOZHFR3\/4&Prime;<\/strong><\/td>\n<td width=\"64\">19,1<\/td>\n<td width=\"68\">0.375<\/td>\n<td width=\"68\">9,5<\/td>\n<td width=\"68\">0.375<\/td>\n<td width=\"68\">0,76<\/td>\n<td width=\"68\">0.030<\/td>\n<td width=\"46\">60<\/td>\n<td width=\"77\">200<\/td>\n<\/tr>\n<tr>\n<td width=\"113\"><strong>SSPOZHFR1&Prime;<\/strong><\/td>\n<td width=\"64\">25,4<\/td>\n<td width=\"68\">0.500<\/td>\n<td width=\"68\">12,7<\/td>\n<td width=\"68\">0.500<\/td>\n<td width=\"68\">0,89<\/td>\n<td width=\"68\">0.035<\/td>\n<td width=\"46\">60<\/td>\n<td width=\"77\">200<\/td>\n<\/tr>\n<\/tbody>\n<\/table>\n<p>&nbsp;<\/p>\n<p><strong>Couleur standard :<br \/>\n<\/strong>noir (sw), autres couleurs sur demande<\/p>\n<p>&nbsp;<\/p>\n","protected":false},"excerpt":{"rendered":"<p>&nbsp;<\/p>\n<h5>Cette gaine thermor\u00e9tractable en polyol\u00e9fine flexible et sans halog\u00e8ne est une version ignifuge qui a de bonnes propri\u00e9t\u00e9s chimiques et physiques et une faible diffusion de fum\u00e9e.<\/h5>\n<p>&nbsp;<\/p>\n","protected":false},"featured_media":2151,"template":"","meta":{"_acf_changed":false},"product_brand":[],"product_cat":[217,228],"product_tag":[],"class_list":{"0":"post-5939","1":"product","2":"type-product","3":"status-publish","4":"has-post-thumbnail","6":"product_cat-tuyaux-techniques","7":"product_cat-gaines-thermoretractables","9":"first","10":"instock","11":"shipping-taxable","12":"purchasable","13":"product-type-simple"},"acf":[],"_links":{"self":[{"href":"https:\/\/schupp.ch\/fr\/wp-json\/wp\/v2\/product\/5939","targetHints":{"allow":["GET"]}}],"collection":[{"href":"https:\/\/schupp.ch\/fr\/wp-json\/wp\/v2\/product"}],"about":[{"href":"https:\/\/schupp.ch\/fr\/wp-json\/wp\/v2\/types\/product"}],"wp:featuredmedia":[{"embeddable":true,"href":"https:\/\/schupp.ch\/fr\/wp-json\/wp\/v2\/media\/2151"}],"wp:attachment":[{"href":"https:\/\/schupp.ch\/fr\/wp-json\/wp\/v2\/media?parent=5939"}],"wp:term":[{"taxonomy":"product_brand","embeddable":true,"href":"https:\/\/schupp.ch\/fr\/wp-json\/wp\/v2\/product_brand?post=5939"},{"taxonomy":"product_cat","embeddable":true,"href":"https:\/\/schupp.ch\/fr\/wp-json\/wp\/v2\/product_cat?post=5939"},{"taxonomy":"product_tag","embeddable":true,"href":"https:\/\/schupp.ch\/fr\/wp-json\/wp\/v2\/product_tag?post=5939"}],"curies":[{"name":"wp","href":"https:\/\/api.w.org\/{rel}","templated":true}]}}