{"id":5940,"date":"2024-01-30T15:48:49","date_gmt":"2024-01-30T14:48:49","guid":{"rendered":"https:\/\/schupp.ch\/p\/noyaux-de-bande-de-coupe-triphasee-hwe\/"},"modified":"2025-12-03T16:35:57","modified_gmt":"2025-12-03T15:35:57","slug":"noyaux-de-bande-de-coupe-triphasee-hwe","status":"publish","type":"product","link":"https:\/\/schupp.ch\/fr\/p\/noyaux-de-bande-de-coupe-triphasee-hwe\/","title":{"rendered":"Tores fendus enroul\u00e9s triphas\u00e9s HWE"},"content":{"rendered":"<p>&nbsp;<\/p>\n<p><strong>Propri\u00e9t\u00e9s<\/strong><\/p>\n<p>&nbsp;<\/p>\n<p><img loading=\"lazy\" decoding=\"async\" class=\"alignnone wp-image-4562\" src=\"https:\/\/schupp.ch\/wp-content\/uploads\/2024\/01\/SK_HWE_Masszeichnung-300x195.jpg\" alt=\"\" width=\"518\" height=\"337\" srcset=\"https:\/\/schupp.ch\/wp-content\/uploads\/2024\/01\/SK_HWE_Masszeichnung-300x195.jpg 300w, https:\/\/schupp.ch\/wp-content\/uploads\/2024\/01\/SK_HWE_Masszeichnung-340x220.jpg 340w, https:\/\/schupp.ch\/wp-content\/uploads\/2024\/01\/SK_HWE_Masszeichnung.jpg 498w\" sizes=\"auto, (max-width: 518px) 100vw, 518px\" \/><\/p>\n<p>&nbsp;<\/p>\n<table>\n<tbody>\n<tr>\n<td colspan=\"2\" width=\"127\"><strong>Tol\u00e9rances des dimensions nominales<\/strong><\/td>\n<\/tr>\n<tr>\n<td width=\"27\">A<\/td>\n<td width=\"100\">-0 \/ +2mm<\/td>\n<\/tr>\n<tr>\n<td width=\"27\">B<\/td>\n<td width=\"100\">-0 \/ +1 mm<\/td>\n<\/tr>\n<tr>\n<td width=\"27\">C<\/td>\n<td width=\"100\">-0 \/ +1 mm<\/td>\n<\/tr>\n<tr>\n<td width=\"27\">2 D<\/td>\n<td width=\"100\">-0 \/+1 mm<\/td>\n<\/tr>\n<tr>\n<td width=\"27\">E<\/td>\n<td width=\"100\">-0 \/+4mm<\/td>\n<\/tr>\n<tr>\n<td width=\"27\">F<\/td>\n<td width=\"100\">-0 \/+5mm<\/td>\n<\/tr>\n<\/tbody>\n<\/table>\n<p>&nbsp;<\/p>\n<table width=\"630\">\n<tbody>\n<tr>\n<td rowspan=\"2\" width=\"73\"><strong>Art. No.<\/strong><\/td>\n<td rowspan=\"2\" width=\"41\"><strong>Typ<\/strong><br \/>\n<strong>HWE<\/strong><\/td>\n<td rowspan=\"2\" width=\"49\"><strong>Typ<\/strong><br \/>\n<strong>FA<\/strong><\/td>\n<td width=\"55\"><strong>A<\/strong><\/td>\n<td width=\"45\"><strong>B<\/strong><\/td>\n<td width=\"45\"><strong>E<\/strong><\/td>\n<td width=\"45\"><strong>F<\/strong><\/td>\n<td width=\"45\"><strong>C<\/strong><\/td>\n<td width=\"45\"><strong>2D<\/strong><\/td>\n<td width=\"45\"><strong>R<\/strong><\/td>\n<td width=\"80\"><strong>Section nette<\/strong><\/td>\n<td width=\"60\"><strong>Poids<\/strong><\/td>\n<\/tr>\n<tr>\n<td width=\"55\"><strong>[mm]<\/strong><\/td>\n<td width=\"45\"><strong>[mm]<\/strong><\/td>\n<td width=\"45\"><strong>[mm]<\/strong><\/td>\n<td width=\"45\"><strong>[mm]<\/strong><\/td>\n<td width=\"45\"><strong>[mm]<\/strong><\/td>\n<td width=\"45\"><strong>[mm]<\/strong><\/td>\n<td width=\"45\"><strong>[mm]<\/strong><\/td>\n<td width=\"80\"><strong>[cm<sup>2<\/sup>]<\/strong><\/td>\n<td width=\"60\"><strong>[g]<\/strong><\/td>\n<\/tr>\n<tr>\n<td width=\"73\"><strong>SKHWE01<\/strong><\/td>\n<td width=\"41\">1<\/td>\n<td width=\"49\">EC 25<\/td>\n<td width=\"55\">38<\/td>\n<td width=\"45\">19<\/td>\n<td width=\"45\">64<\/td>\n<td width=\"45\">77<\/td>\n<td width=\"45\">25<\/td>\n<td width=\"45\">13<\/td>\n<td width=\"45\">1,6<\/td>\n<td width=\"80\">3,09<\/td>\n<td width=\"60\">592<\/td>\n<\/tr>\n<tr>\n<td width=\"73\"><strong>SKHWE02<\/strong><\/td>\n<td width=\"41\">2<\/td>\n<td width=\"49\">ED 25<\/td>\n<td width=\"55\">44<\/td>\n<td width=\"45\">21<\/td>\n<td width=\"45\">76<\/td>\n<td width=\"45\">90<\/td>\n<td width=\"45\">25<\/td>\n<td width=\"45\">16<\/td>\n<td width=\"45\">1,6<\/td>\n<td width=\"80\">3,80<\/td>\n<td width=\"60\">845<\/td>\n<\/tr>\n<tr>\n<td width=\"73\"><strong>SKHWE03<\/strong><\/td>\n<td width=\"41\">3<\/td>\n<td width=\"49\">EF 29<\/td>\n<td width=\"55\">51<\/td>\n<td width=\"45\">22<\/td>\n<td width=\"45\">83<\/td>\n<td width=\"45\">92<\/td>\n<td width=\"45\">29<\/td>\n<td width=\"45\">16<\/td>\n<td width=\"45\">1,6<\/td>\n<td width=\"80\">4,41<\/td>\n<td width=\"60\">1070<\/td>\n<\/tr>\n<tr>\n<td width=\"73\"><strong>SKHWE04<\/strong><\/td>\n<td width=\"41\">4<\/td>\n<td width=\"49\">EH 32<\/td>\n<td width=\"55\">57<\/td>\n<td width=\"45\">25<\/td>\n<td width=\"45\">95<\/td>\n<td width=\"45\">107<\/td>\n<td width=\"45\">32<\/td>\n<td width=\"45\">19<\/td>\n<td width=\"45\">3<\/td>\n<td width=\"80\">5,78<\/td>\n<td width=\"60\">1590<\/td>\n<\/tr>\n<tr>\n<td width=\"73\"><strong>SKHWE05<\/strong><\/td>\n<td width=\"41\">5<\/td>\n<td width=\"49\">EK 32<\/td>\n<td width=\"55\">63<\/td>\n<td width=\"45\">29<\/td>\n<td width=\"45\">107<\/td>\n<td width=\"45\">124<\/td>\n<td width=\"45\">32<\/td>\n<td width=\"45\">22<\/td>\n<td width=\"45\">3<\/td>\n<td width=\"80\">6,69<\/td>\n<td width=\"60\">2080<\/td>\n<\/tr>\n<tr>\n<td width=\"73\"><strong>SKHWE06<\/strong><\/td>\n<td width=\"41\">6<\/td>\n<td width=\"49\">EM 32<\/td>\n<td width=\"55\">76<\/td>\n<td width=\"45\">35<\/td>\n<td width=\"45\">126<\/td>\n<td width=\"45\">145<\/td>\n<td width=\"45\">32<\/td>\n<td width=\"45\">25<\/td>\n<td width=\"45\">3<\/td>\n<td width=\"80\">7,60<\/td>\n<td width=\"60\">2790<\/td>\n<\/tr>\n<tr>\n<td width=\"73\"><strong>SKHWE07<\/strong><\/td>\n<td width=\"41\">7<\/td>\n<td width=\"49\">EP 32<\/td>\n<td width=\"55\">89<\/td>\n<td width=\"45\">38<\/td>\n<td width=\"45\">153<\/td>\n<td width=\"45\">172<\/td>\n<td width=\"45\">32<\/td>\n<td width=\"45\">32<\/td>\n<td width=\"45\">3<\/td>\n<td width=\"80\">9,72<\/td>\n<td width=\"60\">4200<\/td>\n<\/tr>\n<tr>\n<td width=\"73\"><strong>SKHWE08<\/strong><\/td>\n<td width=\"41\">8<\/td>\n<td width=\"49\">ER 38<\/td>\n<td width=\"55\">95<\/td>\n<td width=\"45\">44<\/td>\n<td width=\"45\">171<\/td>\n<td width=\"45\">202<\/td>\n<td width=\"45\">38<\/td>\n<td width=\"45\">38<\/td>\n<td width=\"45\">3<\/td>\n<td width=\"80\">13,70<\/td>\n<td width=\"60\">6750<\/td>\n<\/tr>\n<tr>\n<td width=\"73\"><strong>SKHWE09<\/strong><\/td>\n<td width=\"41\">9<\/td>\n<td width=\"49\">ET 41<\/td>\n<td width=\"55\">108<\/td>\n<td width=\"45\">48<\/td>\n<td width=\"45\">190<\/td>\n<td width=\"45\">219<\/td>\n<td width=\"45\">41<\/td>\n<td width=\"45\">41<\/td>\n<td width=\"45\">3<\/td>\n<td width=\"80\">15,9<\/td>\n<td width=\"60\">8680<\/td>\n<\/tr>\n<tr>\n<td width=\"73\"><strong>SKHWE10<\/strong><\/td>\n<td width=\"41\">10<\/td>\n<td width=\"49\">EV 48<\/td>\n<td width=\"55\">121<\/td>\n<td width=\"45\">54<\/td>\n<td width=\"45\">217<\/td>\n<td width=\"45\">252<\/td>\n<td width=\"45\">48<\/td>\n<td width=\"45\">48<\/td>\n<td width=\"45\">3<\/td>\n<td width=\"80\">21,8<\/td>\n<td width=\"60\">13500<\/td>\n<\/tr>\n<tr>\n<td width=\"73\"><strong>SKHWE11<\/strong><\/td>\n<td width=\"41\">11<\/td>\n<td width=\"49\">EX 54<\/td>\n<td width=\"55\">127<\/td>\n<td width=\"45\">60<\/td>\n<td width=\"45\">235<\/td>\n<td width=\"45\">282<\/td>\n<td width=\"45\">54<\/td>\n<td width=\"45\">54<\/td>\n<td width=\"45\">3<\/td>\n<td width=\"80\">27,6<\/td>\n<td width=\"60\">18800<\/td>\n<\/tr>\n<tr>\n<td width=\"73\"><strong>SKHWE12<\/strong><\/td>\n<td width=\"41\">12<\/td>\n<td width=\"49\">EZ 60<\/td>\n<td width=\"55\">140<\/td>\n<td width=\"45\">70<\/td>\n<td width=\"45\">260<\/td>\n<td width=\"45\">320<\/td>\n<td width=\"45\">60<\/td>\n<td width=\"45\">60<\/td>\n<td width=\"45\">3<\/td>\n<td width=\"80\">34,2<\/td>\n<td width=\"60\">26100<\/td>\n<\/tr>\n<\/tbody>\n<\/table>\n<p>&nbsp;<\/p>\n","protected":false},"excerpt":{"rendered":"<p>&nbsp;<\/p>\n<h5>Les noyaux sont bobin\u00e9s \u00e0 partir d&rsquo;une bande de t\u00f4le magn\u00e9tique \u00e0 grains orient\u00e9s dans le sens de l&rsquo;orientation des grains, ce qui permet d&rsquo;obtenir les pertes sp\u00e9cifiques les plus faibles avec la meilleure perm\u00e9abilit\u00e9, que ce soit \u00e0 faible ou \u00e0 forte induction.<\/h5>\n<h5>Nous livrons tous les tores fendues enroul\u00e9s avec un vernis de protection noir en standard. Afin d&rsquo;\u00e9viter toute confusion entre les noyaux et tout montage incorrect des diff\u00e9rentes moiti\u00e9s de noyau, celles-ci sont num\u00e9rot\u00e9es par paires de mani\u00e8re cons\u00e9cutive.<\/h5>\n<p>&nbsp;<\/p>\n","protected":false},"featured_media":2169,"template":"","meta":{"_acf_changed":false},"product_brand":[],"product_cat":[181,287],"product_tag":[],"class_list":{"0":"post-5940","1":"product","2":"type-product","3":"status-publish","4":"has-post-thumbnail","6":"product_cat-noyaux-de-bandes-coupees-noyaux-de-bandes-annulaires","7":"product_cat-noyaux-de-coupe-triphases","9":"first","10":"instock","11":"shipping-taxable","12":"purchasable","13":"product-type-simple"},"acf":[],"_links":{"self":[{"href":"https:\/\/schupp.ch\/fr\/wp-json\/wp\/v2\/product\/5940","targetHints":{"allow":["GET"]}}],"collection":[{"href":"https:\/\/schupp.ch\/fr\/wp-json\/wp\/v2\/product"}],"about":[{"href":"https:\/\/schupp.ch\/fr\/wp-json\/wp\/v2\/types\/product"}],"wp:featuredmedia":[{"embeddable":true,"href":"https:\/\/schupp.ch\/fr\/wp-json\/wp\/v2\/media\/2169"}],"wp:attachment":[{"href":"https:\/\/schupp.ch\/fr\/wp-json\/wp\/v2\/media?parent=5940"}],"wp:term":[{"taxonomy":"product_brand","embeddable":true,"href":"https:\/\/schupp.ch\/fr\/wp-json\/wp\/v2\/product_brand?post=5940"},{"taxonomy":"product_cat","embeddable":true,"href":"https:\/\/schupp.ch\/fr\/wp-json\/wp\/v2\/product_cat?post=5940"},{"taxonomy":"product_tag","embeddable":true,"href":"https:\/\/schupp.ch\/fr\/wp-json\/wp\/v2\/product_tag?post=5940"}],"curies":[{"name":"wp","href":"https:\/\/api.w.org\/{rel}","templated":true}]}}