{"id":5941,"date":"2024-01-29T10:01:14","date_gmt":"2024-01-29T09:01:14","guid":{"rendered":"https:\/\/schupp.ch\/p\/gaine-thermoretractable-en-polyolefine-type-sspohw-adhesive-paroi-epaisse\/"},"modified":"2026-01-06T21:11:34","modified_gmt":"2026-01-06T20:11:34","slug":"gaine-thermoretractable-en-polyolefine-type-sspohw-adhesive-paroi-epaisse","status":"publish","type":"product","link":"https:\/\/schupp.ch\/fr\/p\/gaine-thermoretractable-en-polyolefine-type-sspohw-adhesive-paroi-epaisse\/","title":{"rendered":"Gaine thermor\u00e9tractable en polyol\u00e9fine type SSPOHW, adh\u00e9sive, paroi \u00e9paisse"},"content":{"rendered":"<p>&nbsp;<\/p>\n<h5><strong>Donn\u00e9es techniques :<\/strong><\/h5>\n<p>&nbsp;<\/p>\n<p><strong>Mat\u00e9riau : <\/strong>Polyol\u00e9fine, paroi \u00e9paisse, avec adh\u00e9sif interne<br \/>\n<strong>Rapport de r\u00e9train:<\/strong>\u00a0 3 : 1<br \/>\n<strong>Temp\u00e9rature de service : <\/strong>-55 \u00b0C \u00e0 110 \u00b0C<br \/>\n<strong>Temp\u00e9rature de r\u00e9traction : <\/strong>120 \u00b0C<br \/>\n<strong>Application : <\/strong>Gaines thermor\u00e9tractables, \u00e9tanches convenant \u00e0 la pose en terre avec une bonne protection m\u00e9canique et de bonnes propri\u00e9t\u00e9s isolantes.<\/p>\n<p>&nbsp;<\/p>\n<table width=\"643\">\n<tbody>\n<tr>\n<td width=\"217\"><\/td>\n<td width=\"159\"><strong>D\u00e9scription<\/strong><\/td>\n<td width=\"267\"><strong>Donn\u00e9es<\/strong><\/td>\n<\/tr>\n<tr>\n<td width=\"217\">R\u00e9sistance \u00e0 la traction<\/td>\n<td width=\"159\">ASTM D638<\/td>\n<td width=\"267\">12,8 N\/mm\u00b2 (min)<\/td>\n<\/tr>\n<tr>\n<td width=\"217\">Allongement \u00e0 la rupture<\/td>\n<td width=\"159\">ASTM D638<\/td>\n<td width=\"267\">400% (min)<\/td>\n<\/tr>\n<tr>\n<td width=\"217\">Flexibilit\u00e9 \u00e0 basse temp\u00e9rature<\/td>\n<td width=\"159\">(-55\u00b0C) AMS-DTL-23053<\/td>\n<td width=\"267\">pas de fissures<\/td>\n<\/tr>\n<tr>\n<td width=\"217\">Vieillissement \u00e0 la chaleur<\/td>\n<td width=\"159\">ISO 188 (168 h \u00e0 150\u00b0C)<\/td>\n<td width=\"267\">100<\/td>\n<\/tr>\n<tr>\n<td width=\"217\">Allongement \u00e0 la rupture apr\u00e8s vieillissement thermique<\/td>\n<td width=\"159\"><\/td>\n<td width=\"267\">300 % (min)<\/td>\n<\/tr>\n<tr>\n<td width=\"217\">R\u00e9sistance au claquage \u00e9lectrique<\/td>\n<td width=\"159\">ASTM D876<\/td>\n<td width=\"267\">30 kV\/mm (min)<\/td>\n<\/tr>\n<tr>\n<td width=\"217\">Absorption d&rsquo;eau<\/td>\n<td width=\"159\">ASTM D570<\/td>\n<td width=\"267\">0,5 % (max)<\/td>\n<\/tr>\n<tr>\n<td width=\"217\">Corrosion (Cuivre)<\/td>\n<td width=\"159\">ASTM D570<\/td>\n<td width=\"267\">pas de corrosion<\/td>\n<\/tr>\n<tr>\n<td width=\"217\">R\u00e9sistance aux liquides agressifs<\/td>\n<td width=\"159\"><\/td>\n<td width=\"267\">Acides, bases, carburants, huile<\/td>\n<\/tr>\n<tr>\n<td width=\"217\">R\u00e9sistance fongique<\/td>\n<td width=\"159\"><\/td>\n<td width=\"267\">pas de croissance<\/td>\n<\/tr>\n<\/tbody>\n<\/table>\n<p>&nbsp;<\/p>\n<p><strong>Dimensions<\/strong><\/p>\n<p><strong>Rapport de r\u00e9train:\u00a0 2 : 1<\/strong><\/p>\n<table width=\"643\">\n<tbody>\n<tr>\n<td rowspan=\"2\" width=\"133\"><strong>Num\u00e9ro principal<\/strong><\/td>\n<td width=\"125\"><strong>min. Diam\u00e8tre<\/strong><\/td>\n<td width=\"125\"><strong>max. Diam\u00e8tre r\u00e9tr\u00e9ci<\/strong><\/td>\n<td width=\"125\"><strong>\u00c9paisseur de paroi apr\u00e8s r\u00e9traction<\/strong><\/td>\n<td width=\"134\"><strong>Longueur<\/strong><\/td>\n<\/tr>\n<tr>\n<td width=\"125\"><strong>[mm]<\/strong><\/td>\n<td width=\"125\"><strong>[mm]<\/strong><\/td>\n<td width=\"125\"><strong>[mm]<\/strong><\/td>\n<td width=\"134\"><strong>[m]<\/strong><\/td>\n<\/tr>\n<tr>\n<td width=\"133\"><strong>SSPOHW9\/3<\/strong><\/td>\n<td width=\"125\">9<\/td>\n<td width=\"125\">3<\/td>\n<td width=\"125\">1,8<\/td>\n<td width=\"134\">1,2<\/td>\n<\/tr>\n<tr>\n<td width=\"133\"><strong>SSPOHW13\/4<\/strong><\/td>\n<td width=\"125\">13<\/td>\n<td width=\"125\">4<\/td>\n<td width=\"125\">2,4<\/td>\n<td width=\"134\">1,2<\/td>\n<\/tr>\n<tr>\n<td width=\"133\"><strong>SSPOHW22\/6<\/strong><\/td>\n<td width=\"125\">22<\/td>\n<td width=\"125\">6<\/td>\n<td width=\"125\">2,7<\/td>\n<td width=\"134\">1,2<\/td>\n<\/tr>\n<tr>\n<td width=\"133\"><strong>SSPOHW33\/8<\/strong><\/td>\n<td width=\"125\">33<\/td>\n<td width=\"125\">8<\/td>\n<td width=\"125\">3,2<\/td>\n<td width=\"134\">1,2<\/td>\n<\/tr>\n<tr>\n<td width=\"133\"><strong>SSPOHW40\/12<\/strong><\/td>\n<td width=\"125\">40<\/td>\n<td width=\"125\">12<\/td>\n<td width=\"125\">4,1<\/td>\n<td width=\"134\">1,2<\/td>\n<\/tr>\n<tr>\n<td width=\"133\"><strong>SSPOHW55\/16<\/strong><\/td>\n<td width=\"125\">55<\/td>\n<td width=\"125\">16<\/td>\n<td width=\"125\">4,1<\/td>\n<td width=\"134\">1,2<\/td>\n<\/tr>\n<tr>\n<td width=\"133\"><strong>SSPOHW75\/22<\/strong><\/td>\n<td width=\"125\">75<\/td>\n<td width=\"125\">22<\/td>\n<td width=\"125\">4,1<\/td>\n<td width=\"134\">1,2<\/td>\n<\/tr>\n<tr>\n<td width=\"133\"><strong>SSPOHW85\/25<\/strong><\/td>\n<td width=\"125\">85<\/td>\n<td width=\"125\">25<\/td>\n<td width=\"125\">4,3<\/td>\n<td width=\"134\">1,2<\/td>\n<\/tr>\n<tr>\n<td width=\"133\"><strong>SSPOHW95\/30<\/strong><\/td>\n<td width=\"125\">95<\/td>\n<td width=\"125\">30<\/td>\n<td width=\"125\">4,3<\/td>\n<td width=\"134\">1,2<\/td>\n<\/tr>\n<tr>\n<td width=\"133\"><strong>SSPOHW105\/30<\/strong><\/td>\n<td width=\"125\">105<\/td>\n<td width=\"125\">30<\/td>\n<td width=\"125\">4,3<\/td>\n<td width=\"134\">1,2<\/td>\n<\/tr>\n<tr>\n<td width=\"133\"><strong>SSPOHW130\/36<\/strong><\/td>\n<td width=\"125\">130<\/td>\n<td width=\"125\">36<\/td>\n<td width=\"125\">4,3<\/td>\n<td width=\"134\">1,2<\/td>\n<\/tr>\n<tr>\n<td width=\"133\"><strong>SSPOHW160\/50<\/strong><\/td>\n<td width=\"125\">160<\/td>\n<td width=\"125\">50<\/td>\n<td width=\"125\">4,3<\/td>\n<td width=\"134\">1,2<\/td>\n<\/tr>\n<\/tbody>\n<\/table>\n<p>&nbsp;<\/p>\n<p><strong>Couleur standard :<br \/>\n<\/strong>noir (sw)<\/p>\n<p><strong>No. d&rsquo;article<\/strong>:<br \/>\nExample: SSPOHW9\/3SW<br \/>\nSSPOHW9\/3\u201c = No. principal<br \/>\nSW = Couleur noir<\/p>\n<p>&nbsp;<\/p>\n","protected":false},"excerpt":{"rendered":"<p>&nbsp;<\/p>\n<h5>Une gaine thermor\u00e9tractable \u00e0 paroi \u00e9paisse avec adh\u00e9sif interne pour une protection fiable et une imperm\u00e9abilit\u00e9 parfaite des composants \u00e9lectroniques. La gaine thermor\u00e9tractable \u00e0 paroi \u00e9paisse offre une protection m\u00e9canique, tandis que l&rsquo;adh\u00e9sif interne garantit une connexion \u00e9tanche.<\/h5>\n<p>&nbsp;<\/p>\n","protected":false},"featured_media":2155,"template":"","meta":{"_acf_changed":false},"product_brand":[],"product_cat":[217,228],"product_tag":[],"class_list":{"0":"post-5941","1":"product","2":"type-product","3":"status-publish","4":"has-post-thumbnail","6":"product_cat-tuyaux-techniques","7":"product_cat-gaines-thermoretractables","9":"first","10":"instock","11":"shipping-taxable","12":"purchasable","13":"product-type-simple"},"acf":[],"_links":{"self":[{"href":"https:\/\/schupp.ch\/fr\/wp-json\/wp\/v2\/product\/5941","targetHints":{"allow":["GET"]}}],"collection":[{"href":"https:\/\/schupp.ch\/fr\/wp-json\/wp\/v2\/product"}],"about":[{"href":"https:\/\/schupp.ch\/fr\/wp-json\/wp\/v2\/types\/product"}],"wp:featuredmedia":[{"embeddable":true,"href":"https:\/\/schupp.ch\/fr\/wp-json\/wp\/v2\/media\/2155"}],"wp:attachment":[{"href":"https:\/\/schupp.ch\/fr\/wp-json\/wp\/v2\/media?parent=5941"}],"wp:term":[{"taxonomy":"product_brand","embeddable":true,"href":"https:\/\/schupp.ch\/fr\/wp-json\/wp\/v2\/product_brand?post=5941"},{"taxonomy":"product_cat","embeddable":true,"href":"https:\/\/schupp.ch\/fr\/wp-json\/wp\/v2\/product_cat?post=5941"},{"taxonomy":"product_tag","embeddable":true,"href":"https:\/\/schupp.ch\/fr\/wp-json\/wp\/v2\/product_tag?post=5941"}],"curies":[{"name":"wp","href":"https:\/\/api.w.org\/{rel}","templated":true}]}}