{"id":5942,"date":"2024-01-30T16:26:31","date_gmt":"2024-01-30T15:26:31","guid":{"rendered":"https:\/\/schupp.ch\/p\/noyaux-toroidaux-formation-de-la-production\/"},"modified":"2025-12-03T18:30:11","modified_gmt":"2025-12-03T17:30:11","slug":"noyaux-toroidaux-formation-de-la-production","status":"publish","type":"product","link":"https:\/\/schupp.ch\/fr\/p\/noyaux-toroidaux-formation-de-la-production\/","title":{"rendered":"Tores enroul\u00e9s (Noyaux toro\u00efdaux)"},"content":{"rendered":"<p>&nbsp;<\/p>\n<p><strong>Les tores enroul\u00e9s (Noyeaux toro\u00efdaux) peuvent \u00eatre fournis avec les caract\u00e9ristiques suivantes:<\/strong><\/p>\n<p>&nbsp;<\/p>\n<p>\u00c9paisseur de t\u00f4le:\u00a0 \u00a0 \u00a0 \u00a0 \u00a0 \u00a0 \u00a0 \u00a0 \u00a0 \u00a0 \u00a0 \u00a0 \u00a0 \u00a0 \u00a0 \u00a0 \u00a0 \u00a0 \u00a0 \u00a0 \u00a0 \u00a0 0,10\u00a0 &#8211;\u00a0 0,30 mm<\/p>\n<p>Normal\u00a0:\u00a0\u00a0\u00a0\u00a0\u00a0\u00a0\u00a0\u00a0\u00a0\u00a0\u00a0\u00a0\u00a0\u00a0\u00a0\u00a0\u00a0\u00a0\u00a0\u00a0\u00a0\u00a0\u00a0\u00a0\u00a0\u00a0\u00a0\u00a0\u00a0\u00a0\u00a0\u00a0\u00a0\u00a0\u00a0\u00a0\u00a0\u00a0\u00a0\u00a0\u00a0\u00a0\u00a0\u00a0\u00a0\u00a0\u00a0\u00a0\u00a0\u00a0\u00a0\u00a0\u00a0\u00a0\u00a0\u00a0\u00a0\u00a0 affect\u00e9s \u00e0 \u00eatre prot\u00e9g\u00e9s par un gain thermoplastique.<\/p>\n<p>Raidi avec de r\u00e9sine synth\u00e9tique:\u00a0\u00a0\u00a0\u00a0\u00a0\u00a0\u00a0\u00a0\u00a0\u00a0\u00a0\u00a0\u00a0\u00a0\u00a0\u00a0 Pour protection de la bobine contre de charge m\u00e9canique.<\/p>\n<p>Avec rev\u00eatement de r\u00e9sine \u00e9poxy: \u00a0\u00a0\u00a0\u00a0\u00a0\u00a0\u00a0\u00a0\u00a0\u00a0\u00a0\u00a0\u00a0\u00a0 Convient pour le bobinage direct sans aucune autre protection.<\/p>\n<p>&nbsp;<\/p>\n<ul>\n<li>r\u00e9siste \u00e0 des temp\u00e9ratures jusqu\u2018\u00e0 140 \u00b0C,<\/li>\n<li>rigidit\u00e9 di\u00e9lectrique 40 &#8211; 50 kV\/mm,<\/li>\n<li>\u00e9paisseur 250 \u00b5m.<\/li>\n<\/ul>\n<p>&nbsp;<\/p>\n<p>Pour satisfaire les exigences des circuits magn\u00e9tiques nous recommandons de suivre le rapport suivant en borne des possibilit\u00e9s.<\/p>\n<p>&nbsp;<\/p>\n<p><img loading=\"lazy\" decoding=\"async\" class=\"alignnone size-medium wp-image-4372\" src=\"https:\/\/schupp.ch\/wp-content\/uploads\/2024\/01\/Ringbandkern_02-300x86.jpg\" alt=\"\" width=\"300\" height=\"86\" srcset=\"https:\/\/schupp.ch\/wp-content\/uploads\/2024\/01\/Ringbandkern_02-300x86.jpg 300w, https:\/\/schupp.ch\/wp-content\/uploads\/2024\/01\/Ringbandkern_02.jpg 320w\" sizes=\"auto, (max-width: 300px) 100vw, 300px\" \/><\/p>\n<p>&nbsp;<\/p>\n<p><strong>Tableaux des dimensions livrables<\/strong><\/p>\n<p>&nbsp;<\/p>\n<p><img loading=\"lazy\" decoding=\"async\" class=\"alignnone wp-image-4566\" src=\"https:\/\/schupp.ch\/wp-content\/uploads\/2024\/01\/Ringbandkern_01-1-300x258.jpg\" alt=\"\" width=\"447\" height=\"384\" srcset=\"https:\/\/schupp.ch\/wp-content\/uploads\/2024\/01\/Ringbandkern_01-1-300x258.jpg 300w, https:\/\/schupp.ch\/wp-content\/uploads\/2024\/01\/Ringbandkern_01-1.jpg 370w\" sizes=\"auto, (max-width: 447px) 100vw, 447px\" \/><\/p>\n<p>&nbsp;<\/p>\n<p>&nbsp;<\/p>\n<table>\n<tbody>\n<tr>\n<td rowspan=\"8\" width=\"60\">d (mm)<\/td>\n<td width=\"35\">14<\/td>\n<td width=\"35\">15<\/td>\n<td width=\"35\">16<\/td>\n<td width=\"35\">17<\/td>\n<td width=\"35\">18<\/td>\n<td width=\"35\">19<\/td>\n<td width=\"35\">20<\/td>\n<td width=\"35\">21<\/td>\n<\/tr>\n<tr>\n<td width=\"35\">22<\/td>\n<td width=\"35\">24<\/td>\n<td width=\"35\">25<\/td>\n<td width=\"35\">26<\/td>\n<td width=\"35\">28<\/td>\n<td width=\"35\">29<\/td>\n<td width=\"35\">30<\/td>\n<td width=\"35\">31<\/td>\n<\/tr>\n<tr>\n<td width=\"35\">33<\/td>\n<td width=\"35\">35<\/td>\n<td width=\"35\">36<\/td>\n<td width=\"35\">37<\/td>\n<td width=\"35\">38<\/td>\n<td width=\"35\">39<\/td>\n<td width=\"35\">40<\/td>\n<td width=\"35\">42<\/td>\n<\/tr>\n<tr>\n<td width=\"35\">43<\/td>\n<td width=\"35\">44<\/td>\n<td width=\"35\">45<\/td>\n<td width=\"35\">46<\/td>\n<td width=\"35\">48<\/td>\n<td width=\"35\">50<\/td>\n<td width=\"35\">52<\/td>\n<td width=\"35\">53<\/td>\n<\/tr>\n<tr>\n<td width=\"35\">54<\/td>\n<td width=\"35\">55<\/td>\n<td width=\"35\">56<\/td>\n<td width=\"35\">57<\/td>\n<td width=\"35\">58<\/td>\n<td width=\"35\">60<\/td>\n<td width=\"35\">61<\/td>\n<td width=\"35\">64<\/td>\n<\/tr>\n<tr>\n<td width=\"35\">65<\/td>\n<td width=\"35\">66<\/td>\n<td width=\"35\">68<\/td>\n<td width=\"35\">70<\/td>\n<td width=\"35\">72<\/td>\n<td width=\"35\">74<\/td>\n<td width=\"35\">76<\/td>\n<td width=\"35\">78<\/td>\n<\/tr>\n<tr>\n<td width=\"35\">79<\/td>\n<td width=\"35\">80<\/td>\n<td width=\"35\">85<\/td>\n<td width=\"35\">87<\/td>\n<td width=\"35\">88<\/td>\n<td width=\"35\">90<\/td>\n<td width=\"35\">92<\/td>\n<td width=\"35\">95<\/td>\n<\/tr>\n<tr>\n<td width=\"35\">100<\/td>\n<td width=\"35\">110<\/td>\n<td width=\"35\">120<\/td>\n<td width=\"35\">150<\/td>\n<td width=\"35\">155<\/td>\n<td width=\"35\">270<\/td>\n<td width=\"35\">125<\/td>\n<td width=\"35\">140<\/td>\n<\/tr>\n<tr>\n<td width=\"60\">D [mm]<\/td>\n<td colspan=\"8\" width=\"294\">min. 25 &#8211; max. 340<\/td>\n<\/tr>\n<tr>\n<td width=\"60\">h [mm]<\/td>\n<td colspan=\"8\" width=\"294\">10-13-15-18-19-20-22-25-28-30-32-35-38-40-45-50-60-70-75-80<\/td>\n<\/tr>\n<\/tbody>\n<\/table>\n<p>&nbsp;<\/p>\n<p><strong>Tableau des qualit\u00e9s<\/strong><\/p>\n<table>\n<tbody>\n<tr>\n<td width=\"101\"><strong>Qualit\u00e9<\/strong><\/td>\n<td width=\"73\"><strong>Garantie<\/strong><\/td>\n<td width=\"89\"><strong>\u00c9paisseur de t\u00f4le [mm]<\/strong><\/td>\n<td width=\"100\"><strong>Fr\u00e9quence [Hz]<\/strong><\/td>\n<td width=\"115\"><strong>Intensit\u00e9 de champ Heff [As\/cm]<\/strong><\/td>\n<td width=\"106\"><strong>Induction min.<\/strong><br \/>\n<strong>B [Tesla]<\/strong><\/td>\n<\/tr>\n<tr>\n<td rowspan=\"2\" width=\"101\">M097-30N M150-30S<\/td>\n<td width=\"73\">N2 &#8211; 003<\/td>\n<td width=\"89\">0,3<\/td>\n<td width=\"100\">50<\/td>\n<td width=\"115\">0,03<\/td>\n<td width=\"106\">0,055<\/td>\n<\/tr>\n<tr>\n<td width=\"73\"><\/td>\n<td width=\"89\"><\/td>\n<td width=\"100\"><\/td>\n<td width=\"115\">0,3<\/td>\n<td width=\"106\">1,3<\/td>\n<\/tr>\n<tr>\n<td width=\"101\"><\/td>\n<td width=\"73\"><\/td>\n<td width=\"89\"><\/td>\n<td width=\"100\"><\/td>\n<td width=\"115\">10<\/td>\n<td width=\"106\">1,7<\/td>\n<\/tr>\n<tr>\n<td rowspan=\"2\" width=\"101\">M089-27N M140-27S<\/td>\n<td width=\"73\">N2 &#8211; 006<\/td>\n<td width=\"89\">0,27<\/td>\n<td width=\"100\">50<\/td>\n<td width=\"115\">0,03<\/td>\n<td width=\"106\">0,075<\/td>\n<\/tr>\n<tr>\n<td width=\"73\"><\/td>\n<td width=\"89\"><\/td>\n<td width=\"100\"><\/td>\n<td width=\"115\">0,3<\/td>\n<td width=\"106\">1,4<\/td>\n<\/tr>\n<tr>\n<td width=\"101\">HI &#8211; B<\/td>\n<td width=\"73\">N2 &#8211; 020<\/td>\n<td width=\"89\">0,30<\/td>\n<td width=\"100\">50<\/td>\n<td width=\"115\">0,03<\/td>\n<td width=\"106\">0,1<\/td>\n<\/tr>\n<tr>\n<td width=\"101\"><\/td>\n<td width=\"73\"><\/td>\n<td width=\"89\"><\/td>\n<td width=\"100\"><\/td>\n<td width=\"115\">0,3<\/td>\n<td width=\"106\">1,6<\/td>\n<\/tr>\n<tr>\n<td width=\"101\"><\/td>\n<td width=\"73\"><\/td>\n<td width=\"89\"><\/td>\n<td width=\"100\"><\/td>\n<td width=\"115\">1,0<\/td>\n<td width=\"106\">1,75<\/td>\n<\/tr>\n<tr>\n<td width=\"101\"><\/td>\n<td width=\"73\"><\/td>\n<td width=\"89\"><\/td>\n<td width=\"100\"><\/td>\n<td width=\"115\">pertes [W\/kg]<\/td>\n<td width=\"106\"><\/td>\n<\/tr>\n<tr>\n<td width=\"101\">S100<\/td>\n<td width=\"73\">N2 &#8211; 040<\/td>\n<td width=\"89\">0,10<\/td>\n<td width=\"100\">400<\/td>\n<td width=\"115\">7<\/td>\n<td width=\"106\">1,0<\/td>\n<\/tr>\n<tr>\n<td width=\"101\"><\/td>\n<td width=\"73\"><\/td>\n<td width=\"89\"><\/td>\n<td width=\"100\"><\/td>\n<td width=\"115\">14<\/td>\n<td width=\"106\">1,5<\/td>\n<\/tr>\n<tr>\n<td width=\"101\"><\/td>\n<td width=\"73\"><\/td>\n<td width=\"89\"><\/td>\n<td width=\"100\">1000<\/td>\n<td width=\"115\">24<\/td>\n<td width=\"106\">1,0<\/td>\n<\/tr>\n<tr>\n<td width=\"101\"><\/td>\n<td width=\"73\"><\/td>\n<td width=\"89\"><\/td>\n<td width=\"100\"><\/td>\n<td width=\"115\">50<\/td>\n<td width=\"106\">1,5<\/td>\n<\/tr>\n<\/tbody>\n<\/table>\n<p>&nbsp;<\/p>\n","protected":false},"excerpt":{"rendered":"<h5><\/h5>\n<h5>Les noyaux sont bobin\u00e9s \u00e0 partir d&rsquo;une bande de t\u00f4le magn\u00e9tique \u00e0 grains orient\u00e9s dans le sens de l&rsquo;orientation des grains, ce qui permet d&rsquo;obtenir les pertes sp\u00e9cifiques les plus faibles avec la meilleure perm\u00e9abilit\u00e9, que ce soit \u00e0 faible ou \u00e0 forte induction.<\/h5>\n<h5>Nous livrons tous les ores enroul\u00e9s (noyaux toro\u00efdaux) avec un vernis de protection noir en standard.<\/h5>\n<p>&nbsp;<\/p>\n<p>&nbsp;<\/p>\n","protected":false},"featured_media":2179,"template":"","meta":{"_acf_changed":false},"product_brand":[],"product_cat":[181,204],"product_tag":[],"class_list":{"0":"post-5942","1":"product","2":"type-product","3":"status-publish","4":"has-post-thumbnail","6":"product_cat-noyaux-de-bandes-coupees-noyaux-de-bandes-annulaires","7":"product_cat-noyaux-en-anneau","9":"first","10":"instock","11":"shipping-taxable","12":"purchasable","13":"product-type-simple"},"acf":[],"_links":{"self":[{"href":"https:\/\/schupp.ch\/fr\/wp-json\/wp\/v2\/product\/5942","targetHints":{"allow":["GET"]}}],"collection":[{"href":"https:\/\/schupp.ch\/fr\/wp-json\/wp\/v2\/product"}],"about":[{"href":"https:\/\/schupp.ch\/fr\/wp-json\/wp\/v2\/types\/product"}],"wp:featuredmedia":[{"embeddable":true,"href":"https:\/\/schupp.ch\/fr\/wp-json\/wp\/v2\/media\/2179"}],"wp:attachment":[{"href":"https:\/\/schupp.ch\/fr\/wp-json\/wp\/v2\/media?parent=5942"}],"wp:term":[{"taxonomy":"product_brand","embeddable":true,"href":"https:\/\/schupp.ch\/fr\/wp-json\/wp\/v2\/product_brand?post=5942"},{"taxonomy":"product_cat","embeddable":true,"href":"https:\/\/schupp.ch\/fr\/wp-json\/wp\/v2\/product_cat?post=5942"},{"taxonomy":"product_tag","embeddable":true,"href":"https:\/\/schupp.ch\/fr\/wp-json\/wp\/v2\/product_tag?post=5942"}],"curies":[{"name":"wp","href":"https:\/\/api.w.org\/{rel}","templated":true}]}}