{"id":5943,"date":"2024-01-29T10:36:04","date_gmt":"2024-01-29T09:36:04","guid":{"rendered":"https:\/\/schupp.ch\/p\/gaine-thermoretractable-en-polyolefine-type-sshff-avec-tissu-sans-halogene\/"},"modified":"2026-01-06T21:02:16","modified_gmt":"2026-01-06T20:02:16","slug":"gaine-thermoretractable-en-polyolefine-type-sshff-avec-tissu-sans-halogene","status":"publish","type":"product","link":"https:\/\/schupp.ch\/fr\/p\/gaine-thermoretractable-en-polyolefine-type-sshff-avec-tissu-sans-halogene\/","title":{"rendered":"Gaine thermor\u00e9tractable en polyol\u00e9fine type SSHFF avec tissu, sans halog\u00e8ne"},"content":{"rendered":"<p>&nbsp;<\/p>\n<h5><strong>Donn\u00e9es techniques :<\/strong><\/h5>\n<p>&nbsp;<\/p>\n<p><strong>Mati\u00e8re : <\/strong>Polyol\u00e9fine, sans halog\u00e8ne<br \/>\n<strong>Rapport de r\u00e9train:\u00a0 <\/strong>2 : 1<br \/>\n<strong>Temp\u00e9rature de service : <\/strong>-40 \u00b0C \u00e0 125 \u00b0C<br \/>\n<strong>Temp\u00e9rature de r\u00e9traction : <\/strong>100 \u00b0C<br \/>\n<strong>Application : <\/strong>gaine de protection, faisceaux de c\u00e2bles<\/p>\n<p>&nbsp;<\/p>\n<table width=\"643\">\n<tbody>\n<tr>\n<td width=\"259\"><\/td>\n<td width=\"171\"><strong>D\u00e9scription<\/strong><\/td>\n<td width=\"213\"><strong>Donn\u00e9es<\/strong><\/td>\n<\/tr>\n<tr>\n<td width=\"259\">R\u00e9sistance \u00e0 l&rsquo;abrasion (200g charge 150,000 cycles)<\/td>\n<td width=\"171\">23\u00b0C ; 80\u00b0C ; 125\u00b0C<\/td>\n<td width=\"213\">Pas d&rsquo;abrasion sur le substrat d&rsquo;essai<\/td>\n<\/tr>\n<tr>\n<td width=\"259\">Choc thermique<\/td>\n<td width=\"171\">ASTM D2671 (4 h \u00e0 200\u00b0C)<\/td>\n<td width=\"213\">pas de fissures, pas de gouttes ni de coulures<\/td>\n<\/tr>\n<tr>\n<td width=\"259\">Flexibilit\u00e9 \u00e0 basse temp\u00e9rature<\/td>\n<td width=\"171\">ASTM D2671 (4 h \u00e0 -40\u00b0C)<\/td>\n<td width=\"213\">pas de d\u00e9chirure<\/td>\n<\/tr>\n<tr>\n<td width=\"259\">R\u00e9sistance \u00e0 l&rsquo;huile<\/td>\n<td width=\"171\">24 h \u00e0 23\u00b0C<\/td>\n<td width=\"213\">pas de changement<\/td>\n<\/tr>\n<\/tbody>\n<\/table>\n<p>&nbsp;<\/p>\n<p><strong>Dimensions<\/strong><\/p>\n<p><strong>Rapport de r\u00e9train:\u00a0 2 : 1<\/strong><\/p>\n<table width=\"643\">\n<tbody>\n<tr>\n<td rowspan=\"2\" width=\"144\"><strong>Num\u00e9ro principal<\/strong><\/td>\n<td width=\"122\"><strong>min. Diam\u00e8tre<\/strong><\/td>\n<td width=\"116\"><strong>max. Diam\u00e8tre r\u00e9tr\u00e9ci<\/strong><\/td>\n<td width=\"125\"><strong>\u00c9paisseur de paroi apr\u00e8s r\u00e9traction<\/strong><\/td>\n<td width=\"136\"><strong>Conditionnement (Bobine)<\/strong><\/td>\n<\/tr>\n<tr>\n<td width=\"122\"><strong>[mm]<\/strong><\/td>\n<td width=\"116\"><strong>[mm]<\/strong><\/td>\n<td width=\"125\"><strong>[mm]<\/strong><\/td>\n<td width=\"136\"><strong>[m]<\/strong><\/td>\n<\/tr>\n<tr>\n<td width=\"144\"><strong>SSHFF12\/6<\/strong><\/td>\n<td width=\"122\">12<\/td>\n<td width=\"116\">6<\/td>\n<td width=\"125\">1<\/td>\n<td width=\"136\">50<\/td>\n<\/tr>\n<tr>\n<td width=\"144\"><strong>SSHFF20\/10<\/strong><\/td>\n<td width=\"122\">20<\/td>\n<td width=\"116\">10<\/td>\n<td width=\"125\">1<\/td>\n<td width=\"136\">50<\/td>\n<\/tr>\n<tr>\n<td width=\"144\"><strong>SSHFF30\/15<\/strong><\/td>\n<td width=\"122\">30<\/td>\n<td width=\"116\">15<\/td>\n<td width=\"125\">1<\/td>\n<td width=\"136\">50<\/td>\n<\/tr>\n<tr>\n<td width=\"144\"><strong>SSHFF40\/20<\/strong><\/td>\n<td width=\"122\">40<\/td>\n<td width=\"116\">20<\/td>\n<td width=\"125\">1<\/td>\n<td width=\"136\">50<\/td>\n<\/tr>\n<tr>\n<td width=\"144\"><strong>SSHFF50\/25<\/strong><\/td>\n<td width=\"122\">50<\/td>\n<td width=\"116\">25<\/td>\n<td width=\"125\">1<\/td>\n<td width=\"136\">50<\/td>\n<\/tr>\n<tr>\n<td width=\"144\"><strong>SSHFF60\/30<\/strong><\/td>\n<td width=\"122\">60<\/td>\n<td width=\"116\">30<\/td>\n<td width=\"125\">1<\/td>\n<td width=\"136\">50<\/td>\n<\/tr>\n<\/tbody>\n<\/table>\n<p>&nbsp;<\/p>\n<p><strong>Couleur standard :<br \/>\n<\/strong>noir (sw)<\/p>\n<p><strong>Num\u00e9ro. d&rsquo;article<\/strong>:<br \/>\nExample: SSHFF12\/6SW<br \/>\nSSHFF12\/6\u201c = No. principal<br \/>\nSW = Farbe schwarz<\/p>\n<p>&nbsp;<\/p>\n","protected":false},"excerpt":{"rendered":"<p>&nbsp;<\/p>\n<h5>Cette gaine thermor\u00e9tractable tiss\u00e9e est une gaine thermor\u00e9tractable flexible de haute qualit\u00e9 en polyol\u00e9fine qui a d&rsquo;excellentes propri\u00e9t\u00e9s physiques, chimiques et \u00e9lectriques. La gaine thermor\u00e9tractable est sans halog\u00e8ne et peut \u00eatre utilis\u00e9e dans les environnements o\u00f9 un mat\u00e9riau ignifuge et sans halog\u00e8ne est requis.<\/h5>\n<p>&nbsp;<\/p>\n","protected":false},"featured_media":2160,"template":"","meta":{"_acf_changed":false},"product_brand":[],"product_cat":[217,228],"product_tag":[],"class_list":{"0":"post-5943","1":"product","2":"type-product","3":"status-publish","4":"has-post-thumbnail","6":"product_cat-tuyaux-techniques","7":"product_cat-gaines-thermoretractables","9":"first","10":"instock","11":"shipping-taxable","12":"purchasable","13":"product-type-simple"},"acf":[],"_links":{"self":[{"href":"https:\/\/schupp.ch\/fr\/wp-json\/wp\/v2\/product\/5943","targetHints":{"allow":["GET"]}}],"collection":[{"href":"https:\/\/schupp.ch\/fr\/wp-json\/wp\/v2\/product"}],"about":[{"href":"https:\/\/schupp.ch\/fr\/wp-json\/wp\/v2\/types\/product"}],"wp:featuredmedia":[{"embeddable":true,"href":"https:\/\/schupp.ch\/fr\/wp-json\/wp\/v2\/media\/2160"}],"wp:attachment":[{"href":"https:\/\/schupp.ch\/fr\/wp-json\/wp\/v2\/media?parent=5943"}],"wp:term":[{"taxonomy":"product_brand","embeddable":true,"href":"https:\/\/schupp.ch\/fr\/wp-json\/wp\/v2\/product_brand?post=5943"},{"taxonomy":"product_cat","embeddable":true,"href":"https:\/\/schupp.ch\/fr\/wp-json\/wp\/v2\/product_cat?post=5943"},{"taxonomy":"product_tag","embeddable":true,"href":"https:\/\/schupp.ch\/fr\/wp-json\/wp\/v2\/product_tag?post=5943"}],"curies":[{"name":"wp","href":"https:\/\/api.w.org\/{rel}","templated":true}]}}