{"id":5945,"date":"2024-01-30T16:40:53","date_gmt":"2024-01-30T15:40:53","guid":{"rendered":"https:\/\/schupp.ch\/p\/bandes-de-serrage-pour-noyaux-de-bandes-de-coupe\/"},"modified":"2025-12-04T15:06:51","modified_gmt":"2025-12-04T14:06:51","slug":"bandes-de-serrage-pour-noyaux-de-bandes-de-coupe","status":"publish","type":"product","link":"https:\/\/schupp.ch\/fr\/p\/bandes-de-serrage-pour-noyaux-de-bandes-de-coupe\/","title":{"rendered":"Bandes de serrage et accessoires pour tores fendus enroul\u00e9s"},"content":{"rendered":"<p>&nbsp;<\/p>\n<h3 id=\"Link01\">Bridex &#8211; Bandes de serrage<\/h3>\n<h5><\/h5>\n<p>Compl\u00e8tement assembl\u00e9 et pr\u00eat \u00e0 l&#8217;emploi, en acier inoxydable et antimagn\u00e9tique, en diff\u00e9rentes longueurs standard.<\/p>\n<p>&nbsp;<\/p>\n<p><strong>Mat\u00e9riau<\/strong><br \/>\nDIN 1.4301<\/p>\n<p><strong>\u00c9paisseur de bande<\/strong><br \/>\n0,4 &#8211; 0,8 mm<\/p>\n<p><strong>Boulons<\/strong><br \/>\nBrass, nickel\u00e9<\/p>\n<p><strong>Vis<\/strong><br \/>\nV2A \/ V4A<\/p>\n<p>&nbsp;<\/p>\n<p><img loading=\"lazy\" decoding=\"async\" class=\"alignnone size-medium wp-image-2193\" src=\"https:\/\/schupp.ch\/wp-content\/uploads\/2024\/01\/758934794-295x300.jpg\" alt=\"\" width=\"295\" height=\"300\" srcset=\"https:\/\/schupp.ch\/wp-content\/uploads\/2024\/01\/758934794-295x300.jpg 295w, https:\/\/schupp.ch\/wp-content\/uploads\/2024\/01\/758934794.jpg 351w\" sizes=\"auto, (max-width: 295px) 100vw, 295px\" \/><\/p>\n<p>&nbsp;<\/p>\n<p>&nbsp;<\/p>\n<table width=\"696\">\n<tbody>\n<tr>\n<td rowspan=\"2\" width=\"86\"><strong>N\u00b0 d&rsquo;art.<\/strong><\/td>\n<td rowspan=\"2\" width=\"50\"><strong>Type de noyau<\/strong><\/td>\n<td width=\"66\"><strong>Diam\u00e8tre<\/strong><\/td>\n<td width=\"59\"><strong>Largeur<\/strong><\/td>\n<td width=\"70\"><strong>Longueur<\/strong><\/td>\n<td rowspan=\"2\" width=\"6\">&nbsp;<\/p>\n<p>&nbsp;<\/td>\n<td rowspan=\"2\" width=\"87\"><strong>Art.Nr.<\/strong><\/td>\n<td rowspan=\"2\" width=\"54\"><strong>Type de noyau<\/strong><\/td>\n<td width=\"66\"><strong>Diam\u00e8tre<\/strong><\/td>\n<td width=\"59\"><strong>Largeur<\/strong><\/td>\n<td width=\"70\"><strong>Longueur<\/strong><\/td>\n<\/tr>\n<tr>\n<td width=\"66\"><strong>[mm]<\/strong><\/td>\n<td width=\"59\"><strong>[mm]<\/strong><\/td>\n<td width=\"70\"><strong>[mm]<\/strong><\/td>\n<td width=\"66\"><strong>[mm]<\/strong><\/td>\n<td width=\"59\"><strong>[mm]<\/strong><\/td>\n<td width=\"70\"><strong>[mm]<\/strong><\/td>\n<\/tr>\n<tr>\n<td width=\"86\"><strong>SBHWR003<\/strong><\/td>\n<td width=\"50\"><strong>HWR 3<\/strong><\/td>\n<td width=\"66\"><strong>27<\/strong><\/td>\n<td width=\"59\"><strong>6<\/strong><\/td>\n<td width=\"70\"><strong>82<\/strong><\/td>\n<td width=\"6\"><\/td>\n<td width=\"87\"><strong>SBSU015<\/strong><\/td>\n<td width=\"54\"><strong>SU15<\/strong><\/td>\n<td width=\"66\"><strong>24<\/strong><\/td>\n<td width=\"59\"><strong>6<\/strong><\/td>\n<td width=\"70\"><strong>76<\/strong><\/td>\n<\/tr>\n<tr>\n<td width=\"86\"><strong>SBHWR004<\/strong><\/td>\n<td width=\"50\"><strong>HWR 4<\/strong><\/td>\n<td width=\"66\"><strong>32<\/strong><\/td>\n<td width=\"59\"><strong>6<\/strong><\/td>\n<td width=\"70\"><strong>99<\/strong><\/td>\n<td width=\"6\"><\/td>\n<td width=\"87\"><strong>SBSU024<\/strong><\/td>\n<td width=\"54\"><strong>SU24<\/strong><\/td>\n<td width=\"66\"><strong>37<\/strong><\/td>\n<td width=\"59\"><strong>6<\/strong><\/td>\n<td width=\"70\"><strong>113<\/strong><\/td>\n<\/tr>\n<tr>\n<td width=\"86\"><strong>SBHWR005<\/strong><\/td>\n<td width=\"50\"><strong>HWR 5<\/strong><\/td>\n<td width=\"66\"><strong>40<\/strong><\/td>\n<td width=\"59\"><strong>8<\/strong><\/td>\n<td width=\"70\"><strong>124<\/strong><\/td>\n<td width=\"6\"><\/td>\n<td width=\"87\"><strong>SBSU030<\/strong><\/td>\n<td width=\"54\"><strong>SU30<\/strong><\/td>\n<td width=\"66\"><strong>45<\/strong><\/td>\n<td width=\"59\"><strong>6<\/strong><\/td>\n<td width=\"70\"><strong>140<\/strong><\/td>\n<\/tr>\n<tr>\n<td width=\"86\"><strong>SBHWR007<\/strong><\/td>\n<td width=\"50\"><strong>HWR 7<\/strong><\/td>\n<td width=\"66\"><strong>46<\/strong><\/td>\n<td width=\"59\"><strong>8<\/strong><\/td>\n<td width=\"70\"><strong>140<\/strong><\/td>\n<td width=\"6\"><\/td>\n<td width=\"87\"><strong>SBSU039<\/strong><\/td>\n<td width=\"54\"><strong>SU39<\/strong><\/td>\n<td width=\"66\"><strong>60<\/strong><\/td>\n<td width=\"59\"><strong>8<\/strong><\/td>\n<td width=\"70\"><strong>182<\/strong><\/td>\n<\/tr>\n<tr>\n<td width=\"86\"><strong>SBHWR010<\/strong><\/td>\n<td width=\"50\"><strong>HWR 10<\/strong><\/td>\n<td width=\"66\"><strong>50<\/strong><\/td>\n<td width=\"59\"><strong>8<\/strong><\/td>\n<td width=\"70\"><strong>150<\/strong><\/td>\n<td width=\"6\"><\/td>\n<td width=\"87\"><strong>SBSU048<\/strong><\/td>\n<td width=\"54\"><strong>SU48<\/strong><\/td>\n<td width=\"66\"><strong>73<\/strong><\/td>\n<td width=\"59\"><strong>10<\/strong><\/td>\n<td width=\"70\"><strong>222<\/strong><\/td>\n<\/tr>\n<tr>\n<td width=\"86\"><strong>SBHWR030<\/strong><\/td>\n<td width=\"50\"><strong>HWR 30<\/strong><\/td>\n<td width=\"66\"><strong>64<\/strong><\/td>\n<td width=\"59\"><strong>8<\/strong><\/td>\n<td width=\"70\"><strong>194<\/strong><\/td>\n<td width=\"6\"><\/td>\n<td width=\"87\"><strong>SBSU060<\/strong><\/td>\n<td width=\"54\"><strong>SU60<\/strong><\/td>\n<td width=\"66\"><strong>92<\/strong><\/td>\n<td width=\"59\"><strong>10<\/strong><\/td>\n<td width=\"70\"><strong>280<\/strong><\/td>\n<\/tr>\n<tr>\n<td width=\"86\"><strong>SBHWR040<\/strong><\/td>\n<td width=\"50\"><strong>HWR 40<\/strong><\/td>\n<td width=\"66\"><strong>68<\/strong><\/td>\n<td width=\"59\"><strong>10<\/strong><\/td>\n<td width=\"70\"><strong>209<\/strong><\/td>\n<td width=\"6\"><\/td>\n<td width=\"87\"><strong>SBSU075<\/strong><\/td>\n<td width=\"54\"><strong>SU75<\/strong><\/td>\n<td width=\"66\"><strong>113<\/strong><\/td>\n<td width=\"59\"><strong>10<\/strong><\/td>\n<td width=\"70\"><strong>349<\/strong><\/td>\n<\/tr>\n<tr>\n<td width=\"86\"><strong>SBHWR050<\/strong><\/td>\n<td width=\"50\"><strong>HWR 50<\/strong><\/td>\n<td width=\"66\"><strong>80<\/strong><\/td>\n<td width=\"59\"><strong>10<\/strong><\/td>\n<td width=\"70\"><strong>246<\/strong><\/td>\n<td width=\"6\"><\/td>\n<td width=\"87\"><strong>SBSU090<\/strong><\/td>\n<td width=\"54\"><strong>SU90<\/strong><\/td>\n<td width=\"66\"><strong>137<\/strong><\/td>\n<td width=\"59\"><strong>10<\/strong><\/td>\n<td width=\"70\"><strong>420<\/strong><\/td>\n<\/tr>\n<tr>\n<td width=\"86\"><strong>SBHWR070<\/strong><\/td>\n<td width=\"50\"><strong>HWR 70<\/strong><\/td>\n<td width=\"66\"><strong>100<\/strong><\/td>\n<td width=\"59\"><strong>10<\/strong><\/td>\n<td width=\"70\"><strong>305<\/strong><\/td>\n<td width=\"6\"><\/td>\n<td width=\"87\"><strong>SBSU102\/10<\/strong><\/td>\n<td width=\"54\"><strong>SU102<\/strong><\/td>\n<td width=\"66\"><strong>153<\/strong><\/td>\n<td width=\"59\"><strong>10<\/strong><\/td>\n<td width=\"70\"><strong>474<\/strong><\/td>\n<\/tr>\n<tr>\n<td width=\"86\"><strong>SBHWR090<\/strong><\/td>\n<td width=\"50\"><strong>HWR 90<\/strong><\/td>\n<td width=\"66\"><strong>118<\/strong><\/td>\n<td width=\"59\"><strong>10<\/strong><\/td>\n<td width=\"70\"><strong>361<\/strong><\/td>\n<td width=\"6\"><\/td>\n<td width=\"87\"><strong>SBSU102\/16<\/strong><\/td>\n<td width=\"54\"><strong>SU102<\/strong><\/td>\n<td width=\"66\"><strong>153<\/strong><\/td>\n<td width=\"59\"><strong>16<\/strong><\/td>\n<td width=\"70\"><strong>474<\/strong><\/td>\n<\/tr>\n<tr>\n<td width=\"86\"><strong>SBHWR110<\/strong><\/td>\n<td width=\"50\"><strong>HWR 110<\/strong><\/td>\n<td width=\"66\"><strong>151<\/strong><\/td>\n<td width=\"59\"><strong>10<\/strong><\/td>\n<td width=\"70\"><strong>463<\/strong><\/td>\n<td width=\"6\"><\/td>\n<td width=\"87\"><strong>SBSU114\/10<\/strong><\/td>\n<td width=\"54\"><strong>SU114<\/strong><\/td>\n<td width=\"66\"><strong>174<\/strong><\/td>\n<td width=\"59\"><strong>10<\/strong><\/td>\n<td width=\"70\"><strong>535<\/strong><\/td>\n<\/tr>\n<tr>\n<td width=\"86\"><strong>\u00a0<\/strong><\/td>\n<td width=\"50\"><\/td>\n<td width=\"66\"><\/td>\n<td width=\"59\"><\/td>\n<td width=\"70\"><\/td>\n<td width=\"6\"><\/td>\n<td width=\"87\"><strong>SBSU114\/16<\/strong><\/td>\n<td width=\"54\"><strong>SU114<\/strong><\/td>\n<td width=\"66\"><strong>174<\/strong><\/td>\n<td width=\"59\"><strong>16<\/strong><\/td>\n<td width=\"70\"><strong>535<\/strong><\/td>\n<\/tr>\n<tr>\n<td width=\"86\"><strong>SBSM042<\/strong><\/td>\n<td width=\"50\"><strong>SM42<\/strong><\/td>\n<td width=\"66\"><strong>37<\/strong><\/td>\n<td width=\"59\"><strong>6<\/strong><\/td>\n<td width=\"70\"><strong>113<\/strong><\/td>\n<td width=\"6\"><\/td>\n<td width=\"87\"><strong>SBSU132<\/strong><\/td>\n<td width=\"54\"><strong>SU132<\/strong><\/td>\n<td width=\"66\"><strong>201<\/strong><\/td>\n<td width=\"59\"><strong>16<\/strong><\/td>\n<td width=\"70\"><strong>617<\/strong><\/td>\n<\/tr>\n<tr>\n<td width=\"86\"><strong>SBSM055<\/strong><\/td>\n<td width=\"50\"><strong>SM55<\/strong><\/td>\n<td width=\"66\"><strong>47<\/strong><\/td>\n<td width=\"59\"><strong>6<\/strong><\/td>\n<td width=\"70\"><strong>142<\/strong><\/td>\n<td width=\"6\"><\/td>\n<td width=\"87\"><strong>SBSU150<\/strong><\/td>\n<td width=\"54\"><strong>SU150<\/strong><\/td>\n<td width=\"66\"><strong>228<\/strong><\/td>\n<td width=\"59\"><strong>16<\/strong><\/td>\n<td width=\"70\"><strong>706<\/strong><\/td>\n<\/tr>\n<tr>\n<td width=\"86\"><strong>SBSM065<\/strong><\/td>\n<td width=\"50\"><strong>SM65<\/strong><\/td>\n<td width=\"66\"><strong>57<\/strong><\/td>\n<td width=\"59\"><strong>8 ou 10<\/strong><\/td>\n<td width=\"70\"><strong>172<\/strong><\/td>\n<td width=\"6\"><\/td>\n<td width=\"87\"><strong>SBSU168<\/strong><\/td>\n<td width=\"54\"><strong>SU168<\/strong><\/td>\n<td width=\"66\"><strong>255<\/strong><\/td>\n<td width=\"59\"><strong>16<\/strong><\/td>\n<td width=\"70\"><strong>790<\/strong><\/td>\n<\/tr>\n<tr>\n<td width=\"86\"><strong>SBSM074<\/strong><\/td>\n<td width=\"50\"><strong>SM74<\/strong><\/td>\n<td width=\"66\"><strong>64<\/strong><\/td>\n<td width=\"59\"><strong>8 ou 10<\/strong><\/td>\n<td width=\"70\"><strong>194<\/strong><\/td>\n<td width=\"6\"><\/td>\n<td width=\"87\"><strong>SBSU180<\/strong><\/td>\n<td width=\"54\"><strong>SU180<\/strong><\/td>\n<td width=\"66\"><strong>273<\/strong><\/td>\n<td width=\"59\"><strong>16<\/strong><\/td>\n<td width=\"70\"><strong>848<\/strong><\/td>\n<\/tr>\n<tr>\n<td width=\"86\"><strong>SBSM085<\/strong><\/td>\n<td width=\"50\"><strong>SM85<\/strong><\/td>\n<td width=\"66\"><strong>74<\/strong><\/td>\n<td width=\"59\"><strong>10<\/strong><\/td>\n<td width=\"70\"><strong>224<\/strong><\/td>\n<td width=\"6\"><\/td>\n<td width=\"87\"><strong>SBSU210<\/strong><\/td>\n<td width=\"54\"><strong>SU210<\/strong><\/td>\n<td width=\"66\"><strong>321<\/strong><\/td>\n<td width=\"59\"><strong>16<\/strong><\/td>\n<td width=\"70\"><strong>995<\/strong><\/td>\n<\/tr>\n<tr>\n<td width=\"86\"><strong>SBSM102<\/strong><\/td>\n<td width=\"50\"><strong>SM102<\/strong><\/td>\n<td width=\"66\"><strong>87<\/strong><\/td>\n<td width=\"59\"><strong>10<\/strong><\/td>\n<td width=\"70\"><strong>266<\/strong><\/td>\n<td width=\"6\"><\/td>\n<td width=\"87\"><strong>\u00a0<\/strong><\/td>\n<td width=\"54\"><\/td>\n<td width=\"66\"><\/td>\n<td width=\"59\"><\/td>\n<td width=\"70\"><\/td>\n<\/tr>\n<tr>\n<td colspan=\"11\" width=\"692\"><strong>\u00a0<\/strong><\/td>\n<\/tr>\n<tr>\n<td width=\"86\"><strong>SBSE060<\/strong><\/td>\n<td width=\"50\"><strong>SE60<\/strong><\/td>\n<td width=\"66\"><strong>45<\/strong><\/td>\n<td width=\"59\"><strong>6<\/strong><\/td>\n<td width=\"70\"><strong>137<\/strong><\/td>\n<td width=\"6\"><\/td>\n<td width=\"87\"><strong>SBS3U030<\/strong><\/td>\n<td width=\"54\"><strong>S3U30<\/strong><\/td>\n<td width=\"66\"><strong>60<\/strong><\/td>\n<td width=\"59\"><strong>8<\/strong><\/td>\n<td width=\"70\"><strong>182<\/strong><\/td>\n<\/tr>\n<tr>\n<td width=\"86\"><strong>SBSE066<\/strong><\/td>\n<td width=\"50\"><strong>SE66<\/strong><\/td>\n<td width=\"66\"><strong>50<\/strong><\/td>\n<td width=\"59\"><strong>8<\/strong><\/td>\n<td width=\"70\"><strong>150<\/strong><\/td>\n<td width=\"6\"><\/td>\n<td width=\"87\"><strong>SBS3U039<\/strong><\/td>\n<td width=\"54\"><strong>S3U39<\/strong><\/td>\n<td width=\"66\"><strong>77<\/strong><\/td>\n<td width=\"59\"><strong>10<\/strong><\/td>\n<td width=\"70\"><strong>233<\/strong><\/td>\n<\/tr>\n<tr>\n<td width=\"86\"><strong>SBSE078<\/strong><\/td>\n<td width=\"50\"><strong>SE78<\/strong><\/td>\n<td width=\"66\"><strong>60<\/strong><\/td>\n<td width=\"59\"><strong>8<\/strong><\/td>\n<td width=\"70\"><strong>182<\/strong><\/td>\n<td width=\"6\"><\/td>\n<td width=\"87\"><strong>SBS3U048<\/strong><\/td>\n<td width=\"54\"><strong>S3U48<\/strong><\/td>\n<td width=\"66\"><strong>93<\/strong><\/td>\n<td width=\"59\"><strong>10<\/strong><\/td>\n<td width=\"70\"><strong>283<\/strong><\/td>\n<\/tr>\n<tr>\n<td width=\"86\"><strong>SBSE084<\/strong><\/td>\n<td width=\"50\"><strong>SE84<\/strong><\/td>\n<td width=\"66\"><strong>64<\/strong><\/td>\n<td width=\"59\"><strong>8<\/strong><\/td>\n<td width=\"70\"><strong>194<\/strong><\/td>\n<td width=\"6\"><\/td>\n<td width=\"87\"><strong>SBS3U060<\/strong><\/td>\n<td width=\"54\"><strong>S3U60<\/strong><\/td>\n<td width=\"66\"><strong>116<\/strong><\/td>\n<td width=\"59\"><strong>10<\/strong><\/td>\n<td width=\"70\"><strong>357<\/strong><\/td>\n<\/tr>\n<tr>\n<td width=\"86\"><strong>SBSE092<\/strong><\/td>\n<td width=\"50\"><strong>SE92<\/strong><\/td>\n<td width=\"66\"><strong>72<\/strong><\/td>\n<td width=\"59\"><strong>10<\/strong><\/td>\n<td width=\"70\"><strong>218<\/strong><\/td>\n<td width=\"6\"><\/td>\n<td width=\"87\"><strong>SBS3U075<\/strong><\/td>\n<td width=\"54\"><strong>S3U75<\/strong><\/td>\n<td width=\"66\"><strong>144<\/strong><\/td>\n<td width=\"59\"><strong>10<\/strong><\/td>\n<td width=\"70\"><strong>445<\/strong><\/td>\n<\/tr>\n<tr>\n<td width=\"86\"><strong>SBSE106<\/strong><\/td>\n<td width=\"50\"><strong>SE106<\/strong><\/td>\n<td width=\"66\"><strong>80<\/strong><\/td>\n<td width=\"59\"><strong>10<\/strong><\/td>\n<td width=\"70\"><strong>246<\/strong><\/td>\n<td width=\"6\"><\/td>\n<td width=\"87\"><strong>SBS3U090<\/strong><\/td>\n<td width=\"54\"><strong>S3U90<\/strong><\/td>\n<td width=\"66\"><strong>175<\/strong><\/td>\n<td width=\"59\"><strong>10<\/strong><\/td>\n<td width=\"70\"><strong>539<\/strong><\/td>\n<\/tr>\n<tr>\n<td width=\"86\"><strong>SBSE130<\/strong><\/td>\n<td width=\"50\"><strong>SE130<\/strong><\/td>\n<td width=\"66\"><strong>98<\/strong><\/td>\n<td width=\"59\"><strong>10<\/strong><\/td>\n<td width=\"70\"><strong>299<\/strong><\/td>\n<td width=\"6\"><\/td>\n<td width=\"87\"><strong>SBS3U102<\/strong><\/td>\n<td width=\"54\"><strong>S3U102<\/strong><\/td>\n<td width=\"66\"><strong>196<\/strong><\/td>\n<td width=\"59\"><strong>16<\/strong><\/td>\n<td width=\"70\"><strong>614<\/strong><\/td>\n<\/tr>\n<tr>\n<td width=\"86\"><strong>SBSE150<\/strong><\/td>\n<td width=\"50\"><strong>SE150<\/strong><\/td>\n<td width=\"66\"><strong>113<\/strong><\/td>\n<td width=\"59\"><strong>10<\/strong><\/td>\n<td width=\"70\"><strong>349<\/strong><\/td>\n<td width=\"6\"><\/td>\n<td width=\"87\"><strong>SBS3U114<\/strong><\/td>\n<td width=\"54\"><strong>S3U114<\/strong><\/td>\n<td width=\"66\"><strong>220<\/strong><\/td>\n<td width=\"59\"><strong>16<\/strong><\/td>\n<td width=\"70\"><strong>680<\/strong><\/td>\n<\/tr>\n<tr>\n<td width=\"86\"><strong>SBSE170<\/strong><\/td>\n<td width=\"50\"><strong>SE170<\/strong><\/td>\n<td width=\"66\"><strong>130<\/strong><\/td>\n<td width=\"59\"><strong>10<\/strong><\/td>\n<td width=\"70\"><strong>403<\/strong><\/td>\n<td width=\"6\"><\/td>\n<td width=\"87\"><strong>SBS3U132<\/strong><\/td>\n<td width=\"54\"><strong>S3U132<\/strong><\/td>\n<td width=\"66\"><strong>257<\/strong><\/td>\n<td width=\"59\"><strong>16<\/strong><\/td>\n<td width=\"70\"><strong>793<\/strong><\/td>\n<\/tr>\n<tr>\n<td width=\"86\"><strong>SBSE195\/10<\/strong><\/td>\n<td width=\"50\"><strong>SE195<\/strong><\/td>\n<td width=\"66\"><strong>164<\/strong><\/td>\n<td width=\"59\"><strong>10<\/strong><\/td>\n<td width=\"70\"><strong>505<\/strong><\/td>\n<td width=\"6\"><\/td>\n<td width=\"87\"><strong>SBS3U150<\/strong><\/td>\n<td width=\"54\"><strong>S3U150<\/strong><\/td>\n<td width=\"66\"><strong>290<\/strong><\/td>\n<td width=\"59\"><strong>16<\/strong><\/td>\n<td width=\"70\"><strong>900<\/strong><\/td>\n<\/tr>\n<tr>\n<td width=\"86\"><strong>SBSE195\/16<\/strong><\/td>\n<td width=\"50\"><strong>SE195<\/strong><\/td>\n<td width=\"66\"><strong>164<\/strong><\/td>\n<td width=\"59\"><strong>16<\/strong><\/td>\n<td width=\"70\"><strong>505<\/strong><\/td>\n<td width=\"6\"><\/td>\n<td width=\"87\"><strong>SBS3U168<\/strong><\/td>\n<td width=\"54\"><strong>S3U168<\/strong><\/td>\n<td width=\"66\"><strong>326<\/strong><\/td>\n<td width=\"59\"><strong>16<\/strong><\/td>\n<td width=\"70\"><strong>1012<\/strong><\/td>\n<\/tr>\n<tr>\n<td width=\"86\"><strong>SBSE231\/10<\/strong><\/td>\n<td width=\"50\"><strong>SE231<\/strong><\/td>\n<td width=\"66\"><strong>188<\/strong><\/td>\n<td width=\"59\"><strong>10<\/strong><\/td>\n<td width=\"70\"><strong>586<\/strong><\/td>\n<td width=\"6\"><\/td>\n<td width=\"87\"><strong>SBS3U180<\/strong><\/td>\n<td width=\"54\"><strong>S3U180<\/strong><\/td>\n<td width=\"66\"><strong>344<\/strong><\/td>\n<td width=\"59\"><strong>16<\/strong><\/td>\n<td width=\"70\"><strong>1065<\/strong><\/td>\n<\/tr>\n<tr>\n<td width=\"86\"><strong>SBSE131\/16<\/strong><\/td>\n<td width=\"50\"><strong>SE231<\/strong><\/td>\n<td width=\"66\"><strong>188<\/strong><\/td>\n<td width=\"59\"><strong>16<\/strong><\/td>\n<td width=\"70\"><strong>584<\/strong><\/td>\n<td width=\"6\"><\/td>\n<td width=\"87\"><strong>SBS3U210<\/strong><\/td>\n<td width=\"54\"><strong>S3U210<\/strong><\/td>\n<td width=\"66\"><strong>409<\/strong><\/td>\n<td width=\"59\"><strong>16<\/strong><\/td>\n<td width=\"70\"><strong>1270<\/strong><\/td>\n<\/tr>\n<\/tbody>\n<\/table>\n<p><strong>\u00a0<\/strong><\/p>\n<p>&nbsp;<\/p>\n<p><strong><a href=\"#Link99\"><img loading=\"lazy\" decoding=\"async\" class=\"alignnone wp-image-8183\" src=\"https:\/\/schupp.ch\/wp-content\/uploads\/2024\/09\/TopOfPage_01-300x300.jpg\" alt=\"\" width=\"30\" height=\"30\" srcset=\"https:\/\/schupp.ch\/wp-content\/uploads\/2024\/09\/TopOfPage_01-300x300.jpg 300w, https:\/\/schupp.ch\/wp-content\/uploads\/2024\/09\/TopOfPage_01-600x600.jpg 600w, https:\/\/schupp.ch\/wp-content\/uploads\/2024\/09\/TopOfPage_01-900x900.jpg 900w, https:\/\/schupp.ch\/wp-content\/uploads\/2024\/09\/TopOfPage_01-100x100.jpg 100w, https:\/\/schupp.ch\/wp-content\/uploads\/2024\/09\/TopOfPage_01-150x150.jpg 150w, https:\/\/schupp.ch\/wp-content\/uploads\/2024\/09\/TopOfPage_01-768x768.jpg 768w, https:\/\/schupp.ch\/wp-content\/uploads\/2024\/09\/TopOfPage_01-1024x1024.jpg 1024w\" sizes=\"auto, (max-width: 30px) 100vw, 30px\" \/><br \/>\n<\/a><\/strong><\/p>\n<p>&nbsp;<\/p>\n<h3 id=\"Link02\">Bandes de serrage sans fin en acier \u00e9tam\u00e9<\/h3>\n<p>&nbsp;<\/p>\n<p><img loading=\"lazy\" decoding=\"async\" class=\"alignnone size-medium wp-image-2202\" src=\"https:\/\/schupp.ch\/wp-content\/uploads\/2024\/01\/83935-300x300.jpg\" alt=\"\" width=\"300\" height=\"300\" srcset=\"https:\/\/schupp.ch\/wp-content\/uploads\/2024\/01\/83935-300x300.jpg 300w, https:\/\/schupp.ch\/wp-content\/uploads\/2024\/01\/83935-600x600.jpg 600w, https:\/\/schupp.ch\/wp-content\/uploads\/2024\/01\/83935-900x900.jpg 900w, https:\/\/schupp.ch\/wp-content\/uploads\/2024\/01\/83935-100x100.jpg 100w, https:\/\/schupp.ch\/wp-content\/uploads\/2024\/01\/83935-150x150.jpg 150w, https:\/\/schupp.ch\/wp-content\/uploads\/2024\/01\/83935-768x768.jpg 768w, https:\/\/schupp.ch\/wp-content\/uploads\/2024\/01\/83935-1024x1024.jpg 1024w\" sizes=\"auto, (max-width: 300px) 100vw, 300px\" \/><\/p>\n<p><strong>Dimensions<\/strong><br \/>\n6 x 0,3 mm (No. d&rsquo;article = SB06\/0,3)<br \/>\n10 x 0,3 mm (No. d&rsquo;article =\u00a0 SB10\/0,3)<\/p>\n<p><strong>Unit\u00e9s de vente<\/strong><br \/>\n6 mm env. 7 kg\u00a0 (1 kg \u2248 24 m)<br \/>\n10 mm env. 10 kg\u00a0 (1 kg \u2248 40 m)<\/p>\n<p>&nbsp;<\/p>\n<p><strong><a href=\"#Link99\"><img loading=\"lazy\" decoding=\"async\" class=\"alignnone wp-image-8183\" src=\"https:\/\/schupp.ch\/wp-content\/uploads\/2024\/09\/TopOfPage_01-300x300.jpg\" alt=\"\" width=\"30\" height=\"30\" srcset=\"https:\/\/schupp.ch\/wp-content\/uploads\/2024\/09\/TopOfPage_01-300x300.jpg 300w, https:\/\/schupp.ch\/wp-content\/uploads\/2024\/09\/TopOfPage_01-600x600.jpg 600w, https:\/\/schupp.ch\/wp-content\/uploads\/2024\/09\/TopOfPage_01-900x900.jpg 900w, https:\/\/schupp.ch\/wp-content\/uploads\/2024\/09\/TopOfPage_01-100x100.jpg 100w, https:\/\/schupp.ch\/wp-content\/uploads\/2024\/09\/TopOfPage_01-150x150.jpg 150w, https:\/\/schupp.ch\/wp-content\/uploads\/2024\/09\/TopOfPage_01-768x768.jpg 768w, https:\/\/schupp.ch\/wp-content\/uploads\/2024\/09\/TopOfPage_01-1024x1024.jpg 1024w\" sizes=\"auto, (max-width: 30px) 100vw, 30px\" \/><\/a><\/strong><\/p>\n<p>&nbsp;<\/p>\n<h3 id=\"Link03\">Agraffes en acier \u00e9tam\u00e9<\/h3>\n<p>&nbsp;<\/p>\n<p><img loading=\"lazy\" decoding=\"async\" class=\"alignnone size-medium wp-image-2203\" src=\"https:\/\/schupp.ch\/wp-content\/uploads\/2024\/01\/32935696-300x181.jpg\" alt=\"\" width=\"300\" height=\"181\" srcset=\"https:\/\/schupp.ch\/wp-content\/uploads\/2024\/01\/32935696-300x181.jpg 300w, https:\/\/schupp.ch\/wp-content\/uploads\/2024\/01\/32935696.jpg 375w\" sizes=\"auto, (max-width: 300px) 100vw, 300px\" \/><\/p>\n<p><strong>Dimensions \/ Unit\u00e9s d&#8217;emballage<\/strong><\/p>\n<p><strong>Art. n\u00b0 : SBKL06<\/strong><br \/>\nLongueur = 10 mm<br \/>\nLargeur = 7,0 mm<br \/>\nHauteur = 3 mm<br \/>\nEpaisseur = 0,3 mm<br \/>\nUnit\u00e9 d&#8217;emballage = 5000 pi\u00e8ces<\/p>\n<p><strong>Art.n\u00b0 : SBKL10<\/strong><br \/>\nLongueur = 10 mm<br \/>\nLargeur = 11 mm<br \/>\nHauteur = 3 mm<br \/>\nEpaisseur = 0,3 mm<br \/>\nUnit\u00e9 d&#8217;emballage = 5000 pi\u00e8ces<\/p>\n<p>&nbsp;<\/p>\n<p><strong><a href=\"#Link99\"><img loading=\"lazy\" decoding=\"async\" class=\"alignnone wp-image-8183\" src=\"https:\/\/schupp.ch\/wp-content\/uploads\/2024\/09\/TopOfPage_01-300x300.jpg\" alt=\"\" width=\"30\" height=\"30\" srcset=\"https:\/\/schupp.ch\/wp-content\/uploads\/2024\/09\/TopOfPage_01-300x300.jpg 300w, https:\/\/schupp.ch\/wp-content\/uploads\/2024\/09\/TopOfPage_01-600x600.jpg 600w, https:\/\/schupp.ch\/wp-content\/uploads\/2024\/09\/TopOfPage_01-900x900.jpg 900w, https:\/\/schupp.ch\/wp-content\/uploads\/2024\/09\/TopOfPage_01-100x100.jpg 100w, https:\/\/schupp.ch\/wp-content\/uploads\/2024\/09\/TopOfPage_01-150x150.jpg 150w, https:\/\/schupp.ch\/wp-content\/uploads\/2024\/09\/TopOfPage_01-768x768.jpg 768w, https:\/\/schupp.ch\/wp-content\/uploads\/2024\/09\/TopOfPage_01-1024x1024.jpg 1024w\" sizes=\"auto, (max-width: 30px) 100vw, 30px\" \/><\/a><\/strong><\/p>\n<p>&nbsp;<\/p>\n","protected":false},"excerpt":{"rendered":"<h3 id=\"Link99\"><\/h3>\n<h5>Bridex &#8211; Bandes de serrage<br \/>\n<strong><a href=\"#Link01\">Details<\/a><\/strong><\/h5>\n<p>&nbsp;<\/p>\n<h5>Bandes de serrage sans fin en acier \u00e9tam\u00e9<br \/>\n<strong><a href=\"#Link02\">Details<\/a><\/strong><\/h5>\n<p>&nbsp;<\/p>\n<h5>Agraffes an acier \u00e9tam\u00e9<br \/>\n<strong><a href=\"#Link03\">Details<\/a><\/strong><\/h5>\n<p>&nbsp;<\/p>\n","protected":false},"featured_media":3465,"template":"","meta":{"_acf_changed":false},"product_brand":[],"product_cat":[181,210],"product_tag":[],"class_list":{"0":"post-5945","1":"product","2":"type-product","3":"status-publish","4":"has-post-thumbnail","6":"product_cat-noyaux-de-bandes-coupees-noyaux-de-bandes-annulaires","7":"product_cat-sangles-de-serrage","9":"first","10":"instock","11":"shipping-taxable","12":"purchasable","13":"product-type-simple"},"acf":[],"_links":{"self":[{"href":"https:\/\/schupp.ch\/fr\/wp-json\/wp\/v2\/product\/5945","targetHints":{"allow":["GET"]}}],"collection":[{"href":"https:\/\/schupp.ch\/fr\/wp-json\/wp\/v2\/product"}],"about":[{"href":"https:\/\/schupp.ch\/fr\/wp-json\/wp\/v2\/types\/product"}],"wp:featuredmedia":[{"embeddable":true,"href":"https:\/\/schupp.ch\/fr\/wp-json\/wp\/v2\/media\/3465"}],"wp:attachment":[{"href":"https:\/\/schupp.ch\/fr\/wp-json\/wp\/v2\/media?parent=5945"}],"wp:term":[{"taxonomy":"product_brand","embeddable":true,"href":"https:\/\/schupp.ch\/fr\/wp-json\/wp\/v2\/product_brand?post=5945"},{"taxonomy":"product_cat","embeddable":true,"href":"https:\/\/schupp.ch\/fr\/wp-json\/wp\/v2\/product_cat?post=5945"},{"taxonomy":"product_tag","embeddable":true,"href":"https:\/\/schupp.ch\/fr\/wp-json\/wp\/v2\/product_tag?post=5945"}],"curies":[{"name":"wp","href":"https:\/\/api.w.org\/{rel}","templated":true}]}}