{"id":5946,"date":"2024-01-30T16:32:31","date_gmt":"2024-01-30T15:32:31","guid":{"rendered":"https:\/\/schupp.ch\/p\/apercu-des-qualites-de-materiaux\/"},"modified":"2025-12-03T19:56:14","modified_gmt":"2025-12-03T18:56:14","slug":"apercu-des-qualites-de-materiaux","status":"publish","type":"product","link":"https:\/\/schupp.ch\/fr\/p\/apercu-des-qualites-de-materiaux\/","title":{"rendered":"Tableau des qualit\u00e9s \/ Tores enroul\u00e9s (Noyaux toro\u00efdaux)"},"content":{"rendered":"<p>&nbsp;<\/p>\n<p><strong>Qualit\u00e9s du mat\u00e9riau<\/strong><\/p>\n<p>&nbsp;<\/p>\n<table>\n<tbody>\n<tr>\n<td width=\"78\"><strong>Qualit\u00e9<\/strong><\/td>\n<td width=\"73\"><strong>Garantie<\/strong><\/td>\n<td width=\"89\"><strong>\u00c9paisseur de la bande<\/strong><br \/>\n<strong>[mm]<\/strong><\/td>\n<td width=\"100\"><strong>Fr\u00e9quence<\/strong><br \/>\n<strong>[Hz]<\/strong><\/td>\n<td width=\"115\"><strong>Feldst\u00e4rke<\/strong><br \/>\n<strong>H<sub>eff<\/sub> [As\/cm]<\/strong><\/td>\n<td width=\"107\"><strong>min. Induction<\/strong><br \/>\n<strong>B [Tesla]<\/strong><\/td>\n<\/tr>\n<tr>\n<td rowspan=\"2\" width=\"78\">M097-30N<br \/>\nM150-30S<\/td>\n<td width=\"73\">N2 &#8211; 003<\/td>\n<td width=\"89\">0,3<\/td>\n<td width=\"100\">50<\/td>\n<td width=\"115\">0,03<\/td>\n<td width=\"107\">0,055<\/td>\n<\/tr>\n<tr>\n<td width=\"73\"><\/td>\n<td width=\"89\"><\/td>\n<td width=\"100\"><\/td>\n<td width=\"115\">0,3<\/td>\n<td width=\"107\">1,3<\/td>\n<\/tr>\n<tr>\n<td width=\"78\"><\/td>\n<td width=\"73\"><\/td>\n<td width=\"89\"><\/td>\n<td width=\"100\"><\/td>\n<td width=\"115\">10<\/td>\n<td width=\"107\">1,7<\/td>\n<\/tr>\n<tr>\n<td rowspan=\"2\" width=\"78\">M089-27N<br \/>\nM140-27S<\/td>\n<td width=\"73\">N2 &#8211; 006<\/td>\n<td width=\"89\">0,27<\/td>\n<td width=\"100\">50<\/td>\n<td width=\"115\">0,03<\/td>\n<td width=\"107\">0,075<\/td>\n<\/tr>\n<tr>\n<td width=\"73\"><\/td>\n<td width=\"89\"><\/td>\n<td width=\"100\"><\/td>\n<td width=\"115\">0,3<\/td>\n<td width=\"107\">1,4<\/td>\n<\/tr>\n<tr>\n<td width=\"78\">HI &#8211; B<\/td>\n<td width=\"73\">N2 &#8211; 020<\/td>\n<td width=\"89\">0,30<\/td>\n<td width=\"100\">50<\/td>\n<td width=\"115\">0,03<\/td>\n<td width=\"107\">0,1<\/td>\n<\/tr>\n<tr>\n<td width=\"78\"><\/td>\n<td width=\"73\"><\/td>\n<td width=\"89\"><\/td>\n<td width=\"100\"><\/td>\n<td width=\"115\">0,3<\/td>\n<td width=\"107\">1,6<\/td>\n<\/tr>\n<tr>\n<td width=\"78\"><\/td>\n<td width=\"73\"><\/td>\n<td width=\"89\"><\/td>\n<td width=\"100\"><\/td>\n<td width=\"115\">1,0<\/td>\n<td width=\"107\">1,75<\/td>\n<\/tr>\n<tr>\n<td width=\"78\"><\/td>\n<td width=\"73\"><\/td>\n<td width=\"89\"><\/td>\n<td width=\"100\"><\/td>\n<td width=\"115\">Pertes<br \/>\n[W\/kg]<\/td>\n<td width=\"107\"><\/td>\n<\/tr>\n<tr>\n<td width=\"78\">S100<\/td>\n<td width=\"73\">N2 &#8211; 040<\/td>\n<td width=\"89\">0,10<\/td>\n<td width=\"100\">400<\/td>\n<td width=\"115\">7<\/td>\n<td width=\"107\">1,0<\/td>\n<\/tr>\n<tr>\n<td width=\"78\"><\/td>\n<td width=\"73\"><\/td>\n<td width=\"89\"><\/td>\n<td width=\"100\"><\/td>\n<td width=\"115\">14<\/td>\n<td width=\"107\">1,5<\/td>\n<\/tr>\n<tr>\n<td width=\"78\"><\/td>\n<td width=\"73\"><\/td>\n<td width=\"89\"><\/td>\n<td width=\"100\">1000<\/td>\n<td width=\"115\">24<\/td>\n<td width=\"107\">1,0<\/td>\n<\/tr>\n<tr>\n<td width=\"78\"><\/td>\n<td width=\"73\"><\/td>\n<td width=\"89\"><\/td>\n<td width=\"100\"><\/td>\n<td width=\"115\">50<\/td>\n<td width=\"107\">1,5<\/td>\n<\/tr>\n<\/tbody>\n<\/table>\n<p>&nbsp;<\/p>\n","protected":false},"excerpt":{"rendered":"<p>&nbsp;<\/p>\n<h5>Les noyaux sont bobin\u00e9s \u00e0 partir d&rsquo;une bande de t\u00f4le magn\u00e9tique \u00e0 grains orient\u00e9s dans le sens de l&rsquo;orientation des grains, ce qui permet d&rsquo;obtenir les pertes sp\u00e9cifiques les plus faibles avec la meilleure perm\u00e9abilit\u00e9, que ce soit \u00e0 faible ou \u00e0 forte induction.<\/h5>\n<h5>Nous livrons tous les Tores Enroul\u00e9s (Noyaux toro\u00efdaux) avec un vernis de protection noir en standard.<\/h5>\n<p>&nbsp;<\/p>\n<p>&nbsp;<\/p>\n","protected":false},"featured_media":3456,"template":"","meta":{"_acf_changed":false},"product_brand":[],"product_cat":[181,204],"product_tag":[],"class_list":{"0":"post-5946","1":"product","2":"type-product","3":"status-publish","4":"has-post-thumbnail","6":"product_cat-noyaux-de-bandes-coupees-noyaux-de-bandes-annulaires","7":"product_cat-noyaux-en-anneau","9":"first","10":"instock","11":"shipping-taxable","12":"purchasable","13":"product-type-simple"},"acf":[],"_links":{"self":[{"href":"https:\/\/schupp.ch\/fr\/wp-json\/wp\/v2\/product\/5946","targetHints":{"allow":["GET"]}}],"collection":[{"href":"https:\/\/schupp.ch\/fr\/wp-json\/wp\/v2\/product"}],"about":[{"href":"https:\/\/schupp.ch\/fr\/wp-json\/wp\/v2\/types\/product"}],"wp:featuredmedia":[{"embeddable":true,"href":"https:\/\/schupp.ch\/fr\/wp-json\/wp\/v2\/media\/3456"}],"wp:attachment":[{"href":"https:\/\/schupp.ch\/fr\/wp-json\/wp\/v2\/media?parent=5946"}],"wp:term":[{"taxonomy":"product_brand","embeddable":true,"href":"https:\/\/schupp.ch\/fr\/wp-json\/wp\/v2\/product_brand?post=5946"},{"taxonomy":"product_cat","embeddable":true,"href":"https:\/\/schupp.ch\/fr\/wp-json\/wp\/v2\/product_cat?post=5946"},{"taxonomy":"product_tag","embeddable":true,"href":"https:\/\/schupp.ch\/fr\/wp-json\/wp\/v2\/product_tag?post=5946"}],"curies":[{"name":"wp","href":"https:\/\/api.w.org\/{rel}","templated":true}]}}