{"id":5949,"date":"2024-01-31T11:01:52","date_gmt":"2024-01-31T10:01:52","guid":{"rendered":"https:\/\/schupp.ch\/p\/cadre-de-fixation-et-masques-isolants-cf-pour-hwr-10-hwr-90\/"},"modified":"2024-10-15T09:51:31","modified_gmt":"2024-10-15T07:51:31","slug":"cadre-de-fixation-et-masques-isolants-cf-pour-hwr-10-hwr-90","status":"publish","type":"product","link":"https:\/\/schupp.ch\/fr\/p\/cadre-de-fixation-et-masques-isolants-cf-pour-hwr-10-hwr-90\/","title":{"rendered":"Cadre de fixation et masques isolants CF (pour HWR 10 &#8211; HWR 90)"},"content":{"rendered":"<p><strong>Cadre de fixation<\/strong><\/p>\n<table>\n<tbody>\n<tr>\n<td width=\"65\"><strong>N\u00b0 d&rsquo;art.<\/strong><\/td>\n<td width=\"43\">B<\/p>\n<p>[mm]<\/td>\n<td width=\"44\">C<\/p>\n<p>[mm]<\/td>\n<td width=\"43\">E<\/p>\n<p>[mm]<\/td>\n<td width=\"43\">F<\/p>\n<p>[mm<\/td>\n<td width=\"43\">G<\/p>\n<p>[mm]<\/td>\n<td width=\"39\">H<\/p>\n<p>[mm]<\/td>\n<td width=\"40\">J<\/p>\n<p>[mm]<\/td>\n<td width=\"40\">K<\/p>\n<p>[mm]<\/td>\n<td width=\"36\">L<\/p>\n<p>[mm]<\/td>\n<td width=\"39\">M<\/p>\n<p>[mm]<\/td>\n<td width=\"39\">N<\/p>\n<p>[mm]<\/td>\n<td width=\"40\">0<\/p>\n<p>[mm]<\/td>\n<td width=\"38\">P<\/p>\n<p>[mm]<\/td>\n<td width=\"39\">R<\/p>\n<p>[mm]<\/td>\n<\/tr>\n<tr>\n<td width=\"65\"><strong>BRCF10<\/strong><\/td>\n<td width=\"43\">66,7<\/td>\n<td width=\"44\">65,1<\/td>\n<td width=\"43\">50,8<\/td>\n<td width=\"43\">50,8<\/td>\n<td width=\"43\">57,2<\/td>\n<td width=\"39\">12,7<\/td>\n<td width=\"40\">6,4<\/td>\n<td width=\"40\">4,0<\/td>\n<td width=\"36\">38<\/td>\n<td width=\"39\">38<\/td>\n<td width=\"39\">48<\/td>\n<td width=\"40\">48<\/td>\n<td width=\"38\">8<\/td>\n<td width=\"39\">4,5<\/td>\n<\/tr>\n<tr>\n<td width=\"65\"><strong>BRCF30<\/strong><\/td>\n<td width=\"43\">84,1<\/td>\n<td width=\"44\">79,4<\/td>\n<td width=\"43\">66,7<\/td>\n<td width=\"43\">63,5<\/td>\n<td width=\"43\">69,9<\/td>\n<td width=\"39\">14,0<\/td>\n<td width=\"40\">6,4<\/td>\n<td width=\"40\">4,0<\/td>\n<td width=\"36\">54<\/td>\n<td width=\"39\">50<\/td>\n<td width=\"39\">58<\/td>\n<td width=\"40\">58<\/td>\n<td width=\"38\">8<\/td>\n<td width=\"39\">4,5<\/td>\n<\/tr>\n<tr>\n<td width=\"65\"><strong>BRCF40<\/strong><\/td>\n<td width=\"43\">90,5<\/td>\n<td width=\"44\">85,7<\/td>\n<td width=\"43\">69,9<\/td>\n<td width=\"43\">69,9<\/td>\n<td width=\"43\">74,6<\/td>\n<td width=\"39\">15,9<\/td>\n<td width=\"40\">9,5<\/td>\n<td width=\"40\">5,6<\/td>\n<td width=\"36\">40<\/td>\n<td width=\"39\">55<\/td>\n<td width=\"39\">63<\/td>\n<td width=\"40\">63<\/td>\n<td width=\"38\">12<\/td>\n<td width=\"39\">5,5<\/td>\n<\/tr>\n<tr>\n<td width=\"65\"><strong>BRCF50<\/strong><\/td>\n<td width=\"43\">103,2<\/td>\n<td width=\"44\">108,0<\/td>\n<td width=\"43\">79,4<\/td>\n<td width=\"43\">79,4<\/td>\n<td width=\"43\">84,1<\/td>\n<td width=\"39\">15,9<\/td>\n<td width=\"40\">9,5<\/td>\n<td width=\"40\">5,6<\/td>\n<td width=\"36\">50<\/td>\n<td width=\"39\">73<\/td>\n<td width=\"39\">76<\/td>\n<td width=\"40\">70<\/td>\n<td width=\"38\">12<\/td>\n<td width=\"39\">5,5<\/td>\n<\/tr>\n<tr>\n<td width=\"65\"><strong>BRCF70<\/strong><\/td>\n<td width=\"43\">122,3<\/td>\n<td width=\"44\">133,4<\/td>\n<td width=\"43\">95,3<\/td>\n<td width=\"43\">95,3<\/td>\n<td width=\"43\">100,0<\/td>\n<td width=\"39\">19,1<\/td>\n<td width=\"40\">11,1<\/td>\n<td width=\"40\">7,1<\/td>\n<td width=\"36\">70<\/td>\n<td width=\"39\">92<\/td>\n<td width=\"39\">95<\/td>\n<td width=\"40\">82<\/td>\n<td width=\"38\">14<\/td>\n<td width=\"39\">7,0<\/td>\n<\/tr>\n<tr>\n<td width=\"65\"><strong>BRCF90<\/strong><\/td>\n<td width=\"43\">142,9<\/td>\n<td width=\"44\">158,8<\/td>\n<td width=\"43\">114,3<\/td>\n<td width=\"43\">114,3<\/td>\n<td width=\"43\">115,9<\/td>\n<td width=\"39\">27,0<\/td>\n<td width=\"40\">15,9<\/td>\n<td width=\"40\">9,5<\/td>\n<td width=\"36\">90<\/td>\n<td width=\"39\">108<\/td>\n<td width=\"39\">115<\/td>\n<td width=\"40\">96<\/td>\n<td width=\"38\">20<\/td>\n<td width=\"39\">8,5<\/td>\n<\/tr>\n<\/tbody>\n<\/table>\n<p>&nbsp;<\/p>\n<p><strong> <\/strong><strong>Masques isolants<\/strong><\/p>\n<table>\n<tbody>\n<tr>\n<td width=\"78\"><strong>Art. No.<\/strong><\/td>\n<td width=\"79\">B<\/p>\n<p>[mm]<\/td>\n<td width=\"79\">C<\/p>\n<p>[mm]<\/td>\n<td width=\"79\">E<\/p>\n<p>[mm]<\/td>\n<td width=\"79\">N<\/p>\n<p>[mm]<\/td>\n<td width=\"79\">O<\/p>\n<p>[mm]<\/td>\n<td width=\"79\">R<\/p>\n<p>[mm]<\/td>\n<td width=\"76\">S<\/p>\n<p>[mm]<\/td>\n<\/tr>\n<tr>\n<td width=\"78\"><strong>IMCF10<\/strong><\/td>\n<td width=\"79\">63<\/td>\n<td width=\"79\">61<\/td>\n<td width=\"79\">54<\/td>\n<td width=\"79\">49<\/td>\n<td width=\"79\">45<\/td>\n<td width=\"79\">6<\/td>\n<td width=\"76\">0,5<\/td>\n<\/tr>\n<tr>\n<td width=\"78\"><strong>IMCF30<\/strong><\/td>\n<td width=\"79\">79<\/td>\n<td width=\"79\">74<\/td>\n<td width=\"79\">69<\/td>\n<td width=\"79\">58<\/td>\n<td width=\"79\">58<\/td>\n<td width=\"79\">6<\/td>\n<td width=\"76\">0,5<\/td>\n<\/tr>\n<tr>\n<td width=\"78\"><strong>IMCF40<\/strong><\/td>\n<td width=\"79\">85<\/td>\n<td width=\"79\">81<\/td>\n<td width=\"79\">75<\/td>\n<td width=\"79\">65<\/td>\n<td width=\"79\">65<\/td>\n<td width=\"79\">6,5<\/td>\n<td width=\"76\">0,5<\/td>\n<\/tr>\n<tr>\n<td width=\"78\"><strong>IMCF50<\/strong><\/td>\n<td width=\"79\">98<\/td>\n<td width=\"79\">104<\/td>\n<td width=\"79\">84<\/td>\n<td width=\"79\">76<\/td>\n<td width=\"79\">71<\/td>\n<td width=\"79\">6,5<\/td>\n<td width=\"76\">0,5<\/td>\n<\/tr>\n<tr>\n<td width=\"78\"><strong>IMCF70<\/strong><\/td>\n<td width=\"79\">115<\/td>\n<td width=\"79\">128<\/td>\n<td width=\"79\">100<\/td>\n<td width=\"79\">96<\/td>\n<td width=\"79\">82<\/td>\n<td width=\"79\">8<\/td>\n<td width=\"76\">0,5<\/td>\n<\/tr>\n<tr>\n<td width=\"78\"><strong>IMCF90<\/strong><\/td>\n<td width=\"79\">134<\/td>\n<td width=\"79\">153<\/td>\n<td width=\"79\">116<\/td>\n<td width=\"79\">116<\/td>\n<td width=\"79\">96<\/td>\n<td width=\"79\">10<\/td>\n<td width=\"76\">0,5<\/td>\n<\/tr>\n<\/tbody>\n<\/table>\n<p>&nbsp;<\/p>\n<p>Mat\u00e9riau : agglom\u00e9r\u00e9 Psp 3040\/0,5mm<\/p>\n","protected":false},"excerpt":{"rendered":"<p>Mat\u00e9riau : t\u00f4le d&rsquo;acier galvanis\u00e9e<\/p>\n","protected":false},"featured_media":2221,"template":"","meta":{"_acf_changed":false},"product_brand":[],"product_cat":[181],"product_tag":[],"class_list":{"0":"post-5949","1":"product","2":"type-product","3":"status-publish","4":"has-post-thumbnail","6":"product_cat-noyaux-de-bandes-coupees-noyaux-de-bandes-annulaires","8":"first","9":"instock","10":"shipping-taxable","11":"purchasable","12":"product-type-simple"},"acf":[],"_links":{"self":[{"href":"https:\/\/schupp.ch\/fr\/wp-json\/wp\/v2\/product\/5949","targetHints":{"allow":["GET"]}}],"collection":[{"href":"https:\/\/schupp.ch\/fr\/wp-json\/wp\/v2\/product"}],"about":[{"href":"https:\/\/schupp.ch\/fr\/wp-json\/wp\/v2\/types\/product"}],"wp:featuredmedia":[{"embeddable":true,"href":"https:\/\/schupp.ch\/fr\/wp-json\/wp\/v2\/media\/2221"}],"wp:attachment":[{"href":"https:\/\/schupp.ch\/fr\/wp-json\/wp\/v2\/media?parent=5949"}],"wp:term":[{"taxonomy":"product_brand","embeddable":true,"href":"https:\/\/schupp.ch\/fr\/wp-json\/wp\/v2\/product_brand?post=5949"},{"taxonomy":"product_cat","embeddable":true,"href":"https:\/\/schupp.ch\/fr\/wp-json\/wp\/v2\/product_cat?post=5949"},{"taxonomy":"product_tag","embeddable":true,"href":"https:\/\/schupp.ch\/fr\/wp-json\/wp\/v2\/product_tag?post=5949"}],"curies":[{"name":"wp","href":"https:\/\/api.w.org\/{rel}","templated":true}]}}