{"id":5952,"date":"2024-01-31T16:14:47","date_gmt":"2024-01-31T15:14:47","guid":{"rendered":"https:\/\/schupp.ch\/p\/informations-generales-sur-les-limiteurs-de-temperature\/"},"modified":"2026-02-19T17:33:40","modified_gmt":"2026-02-19T16:33:40","slug":"informations-generales-sur-les-limiteurs-de-temperature","status":"publish","type":"product","link":"https:\/\/schupp.ch\/fr\/p\/informations-generales-sur-les-limiteurs-de-temperature\/","title":{"rendered":"Informations g\u00e9n\u00e9rales sur les limiteurs de temp\u00e9rature"},"content":{"rendered":"<p>&nbsp;<\/p>\n<p><strong>Petit et r\u00e9sistant \u00e0 la pression<\/strong><\/p>\n<ul>\n<li>Id\u00e9al pour les volumes de construction r\u00e9duits.<\/li>\n<li>Convient particuli\u00e8rement bien pour le montage sur et dans les<\/li>\n<\/ul>\n<p>&nbsp;<\/p>\n<p><strong>S\u00fbr, fiable, durable<\/strong><\/p>\n<ul>\n<li>Pression de contact constante sur toute la plage de temp\u00e9rature<\/li>\n<li>Pour le type 06, HG, RH, les contacts d\u2019ouverture et les contacts de fermeture sont \u00e0 double contact, pour courant \u00e9lev\u00e9<\/li>\n<li>Plus de 70 contr\u00f4les pendant la production assurent la qualit\u00e9<\/li>\n<li>Homologations dans le monde entier<\/li>\n<li>Commutation tr\u00e8s rapide ; l\u2019effet de l\u2019arc sur les contacts est de tr\u00e8s courte dur\u00e9e<\/li>\n<\/ul>\n<p>&nbsp;<\/p>\n<p><strong>Sensible \u00e0 la temp\u00e9rature<\/strong><\/p>\n<ul>\n<li>Temp\u00e9rature de commutation reproductible par disque bim\u00e9tallique non contraint, ni \u00e9lectrique ni m\u00e9cani- que. Temp\u00e9rature de consigne de commutation (<strong>NST<\/strong>) r\u00e9gl\u00e9e en<\/li>\n<\/ul>\n<p>&nbsp;<\/p>\n<p><strong>R\u00e9action rapide<\/strong><\/p>\n<ul>\n<li>Bonne transmission de la chaleur par la m\u00e9canique du commutateur gr\u00e2ce \u00e0 des masses tr\u00e8s r\u00e9duites.<\/li>\n<li>Pour type P1 et W1, temps de coupure tr\u00e8s court par une pr\u00e9-r\u00e9sistance Rs d\u00e9finie.<\/li>\n<\/ul>\n<p>&nbsp;<\/p>\n<p><strong>Application flexible<\/strong><\/p>\n<ul>\n<li>Plage de tension d\u2019alimentation \u00e0 large bande \u00e0 l\u2019exception des types R6,<\/li>\n<li>Grand assortiment de fils et de c\u00e2bles \u00e0 disposition<\/li>\n<li>Pour le type P1 et W1, la puissance de chauffage n\u00e9cessaire pour le maintien est r\u00e9gul\u00e9e automatiquement par une r\u00e9sistance PTC RH (pas de suroscillations).<\/li>\n<\/ul>\n<p>&nbsp;<\/p>\n<p><strong>Commutateur bim\u00e9tallique<\/strong><\/p>\n<p>Un disque bim\u00e9tallique saute instantan\u00e9ment de sa position initiale stable dans sa position finale stable lorsque la temp\u00e9rature de consigne de commutation (<strong>NST<\/strong>), r\u00e9gl\u00e9e en atelier, est atteinte, et actionne le commutateur.<\/p>\n<p><strong>Contacts \u00e0 ouverture:\u00a0\u00a0\u00a0\u00a0\u00a0\u00a0\u00a0\u00a0\u00a0\u00a0\u00a0\u00a0 <\/strong>Types 01, Z1, P1, W1, 06, R6, H6, RH<\/p>\n<p>Les contacts sont ouverts et interrompent le circuit \u00e9lectrique =&gt;coupure directe<\/p>\n<p><strong>Contacts \u00e0 fermeture:\u00a0\u00a0\u00a0\u00a0\u00a0\u00a0\u00a0\u00a0\u00a0 <\/strong>Types 02, 08, 09<\/p>\n<p>Les contacts sont ferm\u00e9s et activent un circuit \u00e9lectrique =&gt; p.ex. mise en circuit de transmetteurs de signaux.<\/p>\n<p><strong>\u00c0 r\u00e9armement : <\/strong>Types 01,02, Z1, 06, 08, H6<\/p>\n<p>Lorsque la temp\u00e9rature de r\u00e9armement (<strong>RST<\/strong>), r\u00e9gl\u00e9e en atelier, est atteinte, le commutateur revient dans sa position initiale stable.<\/p>\n<p><strong>\u00c0 verrouillage : <\/strong>Types P1, W1<\/p>\n<p>Une r\u00e9sistance de chauffage PTC RH est int\u00e9gr\u00e9e en parall\u00e8le au commutateur. Lorsque les contacts se sont ouverts, le commutateur est maintenu au-dessus de la temp\u00e9rature de r\u00e9armement par la puissance de chauffage, jusqu\u2019\u00e0 ce que la tension d\u2019alimentation soit interrompue. Cette fonction est utilis\u00e9e lorsqu\u2019un r\u00e9armement automatique n\u2019est pas souhait\u00e9, ou n\u2019est pas autoris\u00e9, apr\u00e8s une surchauffe suivi d\u2018un refroidissement. Un contr\u00f4le et\/ou un service est n\u00e9cessaire!<\/p>\n<p><strong>D\u00e9fini en fonction du courant: <\/strong>Types Z1, W1<\/p>\n<p>&nbsp;<\/p>\n<p><strong>Caract\u00e9ristiques g\u00e9n\u00e9rales<\/strong><\/p>\n<table width=\"643\">\n<tbody>\n<tr>\n<td rowspan=\"2\" width=\"19\"><\/td>\n<td colspan=\"3\" width=\"255\"><strong>S\u00e9rie<\/strong><\/td>\n<td colspan=\"2\" width=\"174\"><strong>01<\/strong><\/td>\n<td colspan=\"2\" width=\"100\"><strong>05<\/strong><\/td>\n<td width=\"94\"><strong>06<\/strong><\/td>\n<\/tr>\n<tr>\n<td colspan=\"3\" width=\"255\"><strong>Typ<\/strong><\/td>\n<td width=\"87\"><strong>01,02<\/strong><\/td>\n<td width=\"87\"><strong>Z1, P1, W<\/strong><\/td>\n<td colspan=\"2\" width=\"100\"><strong>05,09<\/strong><\/td>\n<td width=\"94\"><strong>06,08,R6,H6,RH<\/strong><\/td>\n<\/tr>\n<tr>\n<td width=\"19\"><strong>T<\/strong><\/td>\n<td colspan=\"3\" width=\"255\"><strong>R\u00e9sistance du bo\u00eetier \u00e0 la pression max.<\/strong><\/p>\n<p><strong>(charge m\u00e9can. max)<\/strong><\/td>\n<td width=\"87\"><strong>450 N (45 kg)<\/strong><\/td>\n<td width=\"87\"><strong>&#8212;<\/strong><\/td>\n<td colspan=\"2\" width=\"100\"><strong>300 N (30 kg)<\/strong><\/td>\n<td width=\"94\"><strong>600 N (60 kg)<\/strong><\/td>\n<\/tr>\n<tr>\n<td rowspan=\"7\" width=\"19\"><\/td>\n<td rowspan=\"7\" width=\"168\">Rigidit\u00e9 di\u00e9lectrique<\/td>\n<td colspan=\"2\" width=\"87\">ex\u00e9cution C<\/td>\n<td width=\"87\">&#8212;<\/td>\n<td width=\"87\">&#8212;<\/td>\n<td colspan=\"2\" width=\"100\">&#8212;<\/td>\n<td width=\"94\">&#8212;<\/td>\n<\/tr>\n<tr>\n<td colspan=\"2\" width=\"87\">*ex\u00e9cution S<\/td>\n<td width=\"87\">2kV<\/td>\n<td width=\"87\">2kV<\/td>\n<td colspan=\"2\" width=\"100\">2kV<\/td>\n<td width=\"94\">2kV<\/td>\n<\/tr>\n<tr>\n<td colspan=\"2\" width=\"87\">ex\u00e9cution L<\/td>\n<td width=\"87\">2kV<\/td>\n<td width=\"87\">&#8212;<\/td>\n<td colspan=\"2\" width=\"100\">2kV<\/td>\n<td width=\"94\">2kV<\/td>\n<\/tr>\n<tr>\n<td colspan=\"2\" width=\"87\">ex\u00e9cution N<\/td>\n<td width=\"87\">&#8212;<\/td>\n<td width=\"87\">&#8212;<\/td>\n<td colspan=\"2\" width=\"100\">&#8212;<\/td>\n<td width=\"94\">&#8212;<\/td>\n<\/tr>\n<tr>\n<td colspan=\"2\" width=\"87\">ex\u00e9cution V<\/td>\n<td width=\"87\">&#8212;<\/td>\n<td width=\"87\">&#8212;<\/td>\n<td colspan=\"2\" width=\"100\">&#8212;<\/td>\n<td width=\"94\">3,75 kV<\/td>\n<\/tr>\n<tr>\n<td colspan=\"2\" width=\"87\">ex\u00e9cution H<\/td>\n<td width=\"87\">&#8212;<\/td>\n<td width=\"87\">&#8212;<\/td>\n<td colspan=\"2\" width=\"100\">&#8212;<\/td>\n<td width=\"94\">2kV<\/td>\n<\/tr>\n<tr>\n<td colspan=\"2\" width=\"87\">ex\u00e9cution P<\/td>\n<td width=\"87\">&#8212;<\/td>\n<td width=\"87\">&#8212;<\/td>\n<td colspan=\"2\" width=\"100\">&#8212;<\/td>\n<td width=\"94\">2kV<\/td>\n<\/tr>\n<tr>\n<td width=\"19\">*<\/td>\n<td colspan=\"3\" width=\"255\">Appropri\u00e9 pour la classe de protection Convient pour montage pour classe de<\/p>\n<p>protection (isolation)<\/td>\n<td width=\"87\">I(1), II(2)<\/td>\n<td width=\"87\">I(1), *II(2)<\/td>\n<td colspan=\"2\" width=\"100\">I(1), II(2)<\/td>\n<td width=\"94\">I(1), II(2)<\/td>\n<\/tr>\n<tr>\n<td width=\"19\"><\/td>\n<td colspan=\"3\" width=\"255\">Classe de protection II &#8211; Typ V &#8211; Standard<\/td>\n<td width=\"87\"><\/td>\n<td width=\"87\"><\/td>\n<td colspan=\"2\" width=\"100\"><\/td>\n<td width=\"94\">II(2)<\/td>\n<\/tr>\n<tr>\n<td width=\"19\">*<\/td>\n<td colspan=\"3\" width=\"255\">Appropri\u00e9 pour la classe de protection<\/td>\n<td width=\"87\">IP00<\/td>\n<td width=\"87\">IP00<\/td>\n<td colspan=\"2\" width=\"100\">IP00<\/td>\n<td width=\"94\">IP00<\/td>\n<\/tr>\n<tr>\n<td width=\"19\"><\/td>\n<td colspan=\"3\" width=\"255\">R\u00e9sistance \u00e0 l\u2018 impr\u00e9gnation<\/td>\n<td width=\"87\">appropri\u00e9<\/td>\n<td width=\"87\">Z1: appropri\u00e9<\/td>\n<td colspan=\"2\" width=\"100\">appropri\u00e9<\/td>\n<td width=\"94\">appropri\u00e9<\/td>\n<\/tr>\n<tr>\n<td width=\"19\"><\/td>\n<td colspan=\"2\" width=\"212\">Temps de rebondissement<\/td>\n<td width=\"44\">[ms]<\/td>\n<td width=\"87\">&lt; 1<\/td>\n<td width=\"87\">&lt; 1<\/td>\n<td colspan=\"2\" width=\"100\">&lt; 1<\/td>\n<td width=\"94\">&lt; 1<\/td>\n<\/tr>\n<tr>\n<td width=\"19\"><\/td>\n<td colspan=\"2\" width=\"212\">R\u00e9sistance de contact<\/p>\n<p>(suiv. MIL-Standard R 5757)<\/td>\n<td width=\"44\">[mW ]<\/td>\n<td width=\"87\">&lt; 50<\/td>\n<td width=\"87\">&lt; 50<\/td>\n<td colspan=\"2\" width=\"100\">&lt; 50<\/td>\n<td width=\"94\">&lt; 50<\/td>\n<\/tr>\n<tr>\n<td width=\"19\"><\/td>\n<td colspan=\"2\" width=\"212\">R\u00e9sistance aux vibrations<\/p>\n<p>(pour 10 &#8230; 60 Hz )<\/td>\n<td width=\"44\">[m\/s2]<\/td>\n<td width=\"87\">100 (10g)<\/td>\n<td width=\"87\">100 (10g)<\/td>\n<td colspan=\"2\" width=\"100\">100 (10g)<\/td>\n<td width=\"94\">100 (10g)<\/td>\n<\/tr>\n<tr>\n<td width=\"19\">*<\/td>\n<td colspan=\"8\" width=\"624\">Temp\u00e9rature de r\u00e9armement (RST) suivant le type de commutateur, sur demande<\/td>\n<\/tr>\n<tr>\n<td width=\"19\"><\/td>\n<td colspan=\"2\" width=\"212\">&#8211; Standard<\/td>\n<td width=\"44\">[\u00b0C]<\/td>\n<td width=\"87\">\u00b3 35<\/td>\n<td width=\"87\">\u00b3 35<\/td>\n<td width=\"97\">\u00b3 35<\/td>\n<td colspan=\"2\" width=\"98\">\u00b3 35<\/td>\n<\/tr>\n<tr>\n<td width=\"19\"><\/td>\n<td colspan=\"2\" width=\"212\">&#8211; Gamme standard UL<\/td>\n<td width=\"44\">[\u00b0C, K]<\/td>\n<td width=\"87\">NST &#8211; 30 \u00b1 15<\/td>\n<td width=\"87\">NST &#8211; 30 \u00b1 15<\/td>\n<td width=\"97\">NST &#8211; 30 \u00b1 15<\/td>\n<td colspan=\"2\" width=\"98\">NST &#8211; 30 \u00b1 15<\/td>\n<\/tr>\n<tr>\n<td width=\"19\"><\/td>\n<td colspan=\"2\" width=\"212\">&#8211; Gamme standard CSA<\/td>\n<td width=\"44\">[\u00b0C, K]<\/td>\n<td width=\"87\">NST &#8211; 10 &#8230; -50<\/td>\n<td width=\"87\">NST &#8211; 10 &#8230; &#8211; 50<\/td>\n<td width=\"97\">NST &#8211; 10 &#8230; &#8211; 50<\/td>\n<td colspan=\"2\" width=\"98\">NST &#8211; 10 &#8230; &#8211; 50<\/td>\n<\/tr>\n<tr>\n<td width=\"19\"><\/td>\n<td width=\"168\"><\/td>\n<td width=\"44\"><\/td>\n<td width=\"44\"><\/td>\n<td width=\"87\"><\/td>\n<td width=\"87\"><\/td>\n<td width=\"97\"><\/td>\n<td width=\"4\"><\/td>\n<td width=\"94\"><\/td>\n<\/tr>\n<\/tbody>\n<\/table>\n<p>* d\u2018 autres sur demande<\/p>\n<p><strong>NST<\/strong>= Temp\u00e9rature de d\u00e9clenchement \u00a0\u00a0\u00a0\u00a0\u00a0\u00a0\u00a0\u00a0\u00a0\u00a0<strong>RST<\/strong>= temp\u00e9rature de r\u00e9armement<\/p>\n<p>(selon essais du fabricant)<\/p>\n<p>&nbsp;<\/p>\n<p><strong>Protecteurs multiples<\/strong><\/p>\n<table>\n<tbody>\n<tr>\n<td colspan=\"4\" width=\"604\">\n<h4><strong>Interconnexion multiple<\/strong><\/h4>\n<\/td>\n<\/tr>\n<tr>\n<td width=\"121\"><strong>Connexion individuelle<\/strong><\/td>\n<td width=\"121\"><strong>Connexion jumel\u00e9e<\/strong><\/td>\n<td width=\"121\"><strong>Couplage de triplets<\/strong><\/td>\n<td width=\"242\"><strong>Tableau de conversion<\/strong><\/td>\n<\/tr>\n<tr>\n<td width=\"121\"><img loading=\"lazy\" decoding=\"async\" class=\"size-full wp-image-4027 aligncenter\" src=\"https:\/\/schupp.ch\/wp-content\/uploads\/2024\/01\/TW_Einzel.jpg\" alt=\"\" width=\"146\" height=\"196\" \/><\/td>\n<td width=\"121\"><img loading=\"lazy\" decoding=\"async\" class=\"size-full wp-image-4030 aligncenter\" src=\"https:\/\/schupp.ch\/wp-content\/uploads\/2024\/01\/TW_Zwilling.jpg\" alt=\"\" width=\"192\" height=\"207\" \/><\/td>\n<td width=\"121\"><img loading=\"lazy\" decoding=\"async\" class=\"size-full wp-image-4033 aligncenter\" src=\"https:\/\/schupp.ch\/wp-content\/uploads\/2024\/01\/TW_Drilling.jpg\" alt=\"\" width=\"242\" height=\"201\" \/><\/td>\n<td width=\"242\">1 mm &lt;=&gt; 0,0394 pouce (&lsquo;) 24,4 mm &lt;=&gt; 1 pouce (&lsquo;) 100 mm<br \/>\n&lt;=&gt; 3,94&rsquo; 300 mm<br \/>\n&lt;=&gt; 11,91&rsquo;\u00b0C &lt;=&gt; (\u00b0F -32) \/ 1\/8<br \/>\n\u00b0C &lt;=&gt; 32 + 1,8 x \u00b0C<\/td>\n<\/tr>\n<\/tbody>\n<\/table>\n<p>&nbsp;<\/p>\n<p><strong>Num\u00e9ro d\u2018 article:\u00a0\u00a0\u00a0\u00a0\u00a0\u00a0\u00a0\u00a0 <\/strong>Example triple: TWDS01.180.05.0400\/0180\/0180\/0650<\/p>\n<p>&nbsp;<\/p>\n<p>Lors d\u2019une commande, veuillez toujours indiquer les homologations souhait\u00e9es.<\/p>\n<p>&nbsp;<\/p>\n<table>\n<tbody>\n<tr>\n<td rowspan=\"2\" width=\"129\"><\/td>\n<td rowspan=\"2\" width=\"64\"><strong>Ex\u00e9cution<\/strong><\/td>\n<td rowspan=\"2\" width=\"35\"><strong>Type<\/strong><\/td>\n<td rowspan=\"2\" width=\"101\"><strong>Temp\u00e9rature de consigne de<\/strong><\/p>\n<p><strong>commutation NST<\/strong><\/td>\n<td rowspan=\"2\" width=\"69\"><strong>Gamme de tol\u00e9rance [\u00b1 K]<\/strong><\/td>\n<td colspan=\"4\" width=\"161\"><strong>Longueurs mm]<\/strong><\/td>\n<\/tr>\n<tr>\n<td width=\"38\"><strong>L1<\/strong><\/td>\n<td width=\"47\"><strong>L2<\/strong><\/td>\n<td width=\"38\"><strong>L3<\/strong><\/td>\n<td width=\"38\"><strong>L4<\/strong><\/td>\n<\/tr>\n<tr>\n<td width=\"129\">Simple avec L1 = L2<\/td>\n<td width=\"64\">TW<\/td>\n<td width=\"35\">S01.<\/td>\n<td width=\"101\">130.<\/td>\n<td width=\"69\">05.<\/td>\n<td width=\"38\">0300<\/td>\n<td width=\"47\"><\/td>\n<td width=\"38\"><\/td>\n<td width=\"38\"><\/td>\n<\/tr>\n<tr>\n<td width=\"129\">Simple avec L1 \u00b9 L2<\/td>\n<td width=\"64\">TW<\/td>\n<td width=\"35\">S01.<\/td>\n<td width=\"101\">115.<\/td>\n<td width=\"69\">05.<\/td>\n<td width=\"38\">0300<\/td>\n<td width=\"47\">\/0200<\/td>\n<td width=\"38\"><\/td>\n<td width=\"38\"><\/td>\n<\/tr>\n<tr>\n<td width=\"129\">Double L1 &#8211; L3<\/td>\n<td width=\"64\">TWZ<\/td>\n<td width=\"35\">S01.<\/td>\n<td width=\"101\">070.<\/td>\n<td width=\"69\">05.<\/td>\n<td width=\"38\">0200<\/td>\n<td width=\"47\">\/0100<\/td>\n<td width=\"38\">\/0200<\/td>\n<td width=\"38\"><\/td>\n<\/tr>\n<tr>\n<td width=\"129\">Triple\u00a0\u00a0\u00a0\u00a0 L1 &#8211; L4<\/td>\n<td width=\"64\">TWD<\/td>\n<td width=\"35\">S01.<\/td>\n<td width=\"101\">180.<\/td>\n<td width=\"69\">05.<\/td>\n<td width=\"38\">0400<\/td>\n<td width=\"47\">\/0180<\/td>\n<td width=\"38\">\/0180<\/td>\n<td width=\"38\">\/0650<\/td>\n<\/tr>\n<\/tbody>\n<\/table>\n<p>&nbsp;<\/p>\n<p><strong>Indication<\/strong><\/p>\n<p>Les donn\u00e9es et informations indiqu\u00e9s ici proviennent de contr\u00f4les et de s\u00e9ries d\u2019essais. Elles ont un caract\u00e8re indicatif seulement et, de ce fait, il peut y avoir des divergences pour certaines applications et utilisations particuli\u00e8res. L\u2019utilisateur doit v\u00e9rifier la compatibilit\u00e9 pour chaque cas concret.<\/p>\n<p>&nbsp;<\/p>\n<p><strong><a href=\"#Link99\"><img loading=\"lazy\" decoding=\"async\" class=\"alignnone wp-image-8183\" src=\"https:\/\/schupp.ch\/wp-content\/uploads\/2024\/09\/TopOfPage_01-300x300.jpg\" alt=\"\" width=\"30\" height=\"30\" srcset=\"https:\/\/schupp.ch\/wp-content\/uploads\/2024\/09\/TopOfPage_01-300x300.jpg 300w, https:\/\/schupp.ch\/wp-content\/uploads\/2024\/09\/TopOfPage_01-600x600.jpg 600w, https:\/\/schupp.ch\/wp-content\/uploads\/2024\/09\/TopOfPage_01-900x900.jpg 900w, https:\/\/schupp.ch\/wp-content\/uploads\/2024\/09\/TopOfPage_01-100x100.jpg 100w, https:\/\/schupp.ch\/wp-content\/uploads\/2024\/09\/TopOfPage_01-150x150.jpg 150w, https:\/\/schupp.ch\/wp-content\/uploads\/2024\/09\/TopOfPage_01-768x768.jpg 768w, https:\/\/schupp.ch\/wp-content\/uploads\/2024\/09\/TopOfPage_01-1024x1024.jpg 1024w\" sizes=\"auto, (max-width: 30px) 100vw, 30px\" \/><br \/>\n<\/a><\/strong><\/p>\n","protected":false},"excerpt":{"rendered":"<h3 id=\"Link99\"><\/h3>\n<p>&nbsp;<\/p>\n<h5>Gr\u00e2ce\u00a0\u00e0 leur excellente qualit\u00e9, les limiteurs de temp\u00e9rature r\u00e9pondent aux plus hautes exigences de s\u00e9curit\u00e9 et de fiabilit\u00e9. Ils sont \u00e9quip\u00e9s d\u2019un syst\u00e8me de commutation brevet\u00e9, \u00e9prouv\u00e9 des millions de fois.<\/h5>\n<p>&nbsp;<\/p>\n","protected":false},"featured_media":2307,"template":"","meta":{"_acf_changed":false},"product_brand":[],"product_cat":[189,190,214,191,290,289,213],"product_tag":[],"class_list":{"0":"post-5952","1":"product","2":"type-product","3":"status-publish","4":"has-post-thumbnail","6":"product_cat-surveillance-de-la-temperature","7":"product_cat-generalites-fr","8":"product_cat-limiteur-de-temperature-16-a-75-a","9":"product_cat-limiteur-de-temperature-13-5-42-a","10":"product_cat-limiteur-de-temperature-25-75-a","11":"product_cat-limiteur-de-temperature-4-0-25-a","12":"product_cat-gamme-de-produits-en-stock","14":"first","15":"instock","16":"shipping-taxable","17":"purchasable","18":"product-type-simple"},"acf":[],"_links":{"self":[{"href":"https:\/\/schupp.ch\/fr\/wp-json\/wp\/v2\/product\/5952","targetHints":{"allow":["GET"]}}],"collection":[{"href":"https:\/\/schupp.ch\/fr\/wp-json\/wp\/v2\/product"}],"about":[{"href":"https:\/\/schupp.ch\/fr\/wp-json\/wp\/v2\/types\/product"}],"wp:featuredmedia":[{"embeddable":true,"href":"https:\/\/schupp.ch\/fr\/wp-json\/wp\/v2\/media\/2307"}],"wp:attachment":[{"href":"https:\/\/schupp.ch\/fr\/wp-json\/wp\/v2\/media?parent=5952"}],"wp:term":[{"taxonomy":"product_brand","embeddable":true,"href":"https:\/\/schupp.ch\/fr\/wp-json\/wp\/v2\/product_brand?post=5952"},{"taxonomy":"product_cat","embeddable":true,"href":"https:\/\/schupp.ch\/fr\/wp-json\/wp\/v2\/product_cat?post=5952"},{"taxonomy":"product_tag","embeddable":true,"href":"https:\/\/schupp.ch\/fr\/wp-json\/wp\/v2\/product_tag?post=5952"}],"curies":[{"name":"wp","href":"https:\/\/api.w.org\/{rel}","templated":true}]}}