{"id":5954,"date":"2024-02-01T10:41:41","date_gmt":"2024-02-01T09:41:41","guid":{"rendered":"https:\/\/schupp.ch\/p\/limiteur-de-temperature-type-c09-s09-l09-f09-4-0-25-a\/"},"modified":"2025-11-27T14:57:25","modified_gmt":"2025-11-27T13:57:25","slug":"limiteur-de-temperature-type-c09-s09-l09-f09-4-0-25-a","status":"publish","type":"product","link":"https:\/\/schupp.ch\/fr\/p\/limiteur-de-temperature-type-c09-s09-l09-f09-4-0-25-a\/","title":{"rendered":"Limiteur de Temp\u00e9rature Type C09 \/ S09 \/ L09 \/ F09 ; 4.0 &#8211; 25 A"},"content":{"rendered":"<p>&nbsp;<\/p>\n<table>\n<tbody>\n<tr>\n<td width=\"151\">\n<h5 style=\"text-align: center;\">C09<\/h5>\n<\/td>\n<td style=\"text-align: center;\" width=\"151\">\n<h5>S09<\/h5>\n<\/td>\n<td style=\"text-align: center;\" width=\"151\">\n<h5>L09<\/h5>\n<\/td>\n<td width=\"151\">\n<h5 style=\"text-align: center;\">F09<\/h5>\n<\/td>\n<\/tr>\n<tr>\n<td width=\"151\"><img loading=\"lazy\" decoding=\"async\" class=\"size-full wp-image-4271 aligncenter\" src=\"https:\/\/schupp.ch\/wp-content\/uploads\/2024\/02\/C09.jpg\" alt=\"\" width=\"168\" height=\"231\" \/><\/td>\n<td width=\"151\"><img loading=\"lazy\" decoding=\"async\" class=\"size-full wp-image-4274 aligncenter\" src=\"https:\/\/schupp.ch\/wp-content\/uploads\/2024\/02\/S09.jpg\" alt=\"\" width=\"102\" height=\"237\" \/><\/td>\n<td width=\"151\"><img loading=\"lazy\" decoding=\"async\" class=\"size-full wp-image-4277 aligncenter\" src=\"https:\/\/schupp.ch\/wp-content\/uploads\/2024\/02\/L09.jpg\" alt=\"\" width=\"162\" height=\"237\" \/><\/td>\n<td width=\"151\"><img loading=\"lazy\" decoding=\"async\" class=\"size-full wp-image-4280 aligncenter\" src=\"https:\/\/schupp.ch\/wp-content\/uploads\/2024\/02\/F09.jpg\" alt=\"\" width=\"143\" height=\"237\" \/><\/td>\n<\/tr>\n<\/tbody>\n<\/table>\n<p>&nbsp;<\/p>\n<table>\n<tbody>\n<tr>\n<td width=\"246\">Type de commutation<\/td>\n<td colspan=\"3\" width=\"123\"><strong>Contact \u00e0 fermeture C09<br \/>\n\u00e0 r\u00e9armement<\/strong><\/td>\n<td colspan=\"2\" width=\"78\"><strong>Contact \u00e0 fermeture <\/strong><strong>S09<br \/>\n<\/strong><strong>\u00e0 r\u00e9armement<\/strong><\/td>\n<td width=\"92\"><strong>contact \u00e0 fermetureL09<br \/>\n\u00e0 r\u00e9armement<\/strong><\/td>\n<td width=\"94\"><strong>Fermeture F09<br \/>\nr\u00e9armable<\/strong><\/td>\n<\/tr>\n<tr>\n<td width=\"246\">isol\u00e9s par rapport \u00e0 l&rsquo;ext\u00e9rieur : Bo\u00eetier<\/td>\n<td colspan=\"3\" width=\"123\">non<\/td>\n<td colspan=\"2\" width=\"78\">oui<\/td>\n<td width=\"92\">oui<\/td>\n<td width=\"94\">oui<\/td>\n<\/tr>\n<tr>\n<td colspan=\"8\" width=\"632\"><strong>Temp\u00e9rature<\/strong><\/td>\n<\/tr>\n<tr>\n<td width=\"246\">Temp\u00e9rature de commutation nominale (NST), [\u00b0C] par incr\u00e9ments de 5 K<\/td>\n<td colspan=\"7\" width=\"386\">60 &#8211; 180<\/td>\n<\/tr>\n<tr>\n<td width=\"246\">Plage de tol\u00e9rance -Standard Tol [ [K]<\/td>\n<td colspan=\"7\" width=\"386\">\u00b1 5<\/td>\n<\/tr>\n<tr>\n<td width=\"246\">Commutateur inverse de temperature\u00a0(RST inf\u00e9rieure \u00e0 NST) UL [ K]<\/td>\n<td colspan=\"7\" width=\"386\">-35 \u00b1 15<\/td>\n<\/tr>\n<tr>\n<td width=\"246\">Commutateur inverse de temperature\u00a0(RST inf\u00e9rieure \u00e0 NST) VDE [ \u00b0C]<\/td>\n<td colspan=\"7\" width=\"386\">\u2265 35<\/td>\n<\/tr>\n<tr>\n<td colspan=\"8\" width=\"632\"><strong>Tension<\/strong><\/td>\n<\/tr>\n<tr>\n<td width=\"246\">max. Plage de tensions de fonctionnement AC \u00e0 [VAC]<\/td>\n<td colspan=\"7\" width=\"386\">500 V<\/td>\n<\/tr>\n<tr>\n<td width=\"246\">Tension assign\u00e9e AC [VAC]<\/td>\n<td colspan=\"7\" width=\"386\">250 (VDE), 277 (UL)<\/td>\n<\/tr>\n<tr>\n<td colspan=\"8\" width=\"632\"><strong>Courant\/cycles de commutation<\/strong><\/td>\n<\/tr>\n<tr>\n<td width=\"246\">Courant assign\u00e9 AC &#8211; cos j = 1,0 [A] \/ [n]<\/td>\n<td colspan=\"7\" width=\"386\"><strong>6,3 <\/strong>\/10&rsquo;000<\/td>\n<\/tr>\n<tr>\n<td width=\"246\">max. Courant de commutation &#8211; cos \u03c6= 0,6 [A] \/ [n]<\/td>\n<td colspan=\"7\" width=\"386\"><strong>4,0 <\/strong>\/ 10&rsquo;000<\/td>\n<\/tr>\n<tr>\n<td colspan=\"8\" width=\"632\"><strong>Sp\u00e9cifications suppl\u00e9mentaires<\/strong><\/td>\n<\/tr>\n<tr>\n<td width=\"246\">R\u00e9sistance \u00e0 la haute tension [kV]<\/td>\n<td colspan=\"4\" width=\"133\">&#8212;<\/td>\n<td width=\"68\">2<\/td>\n<td colspan=\"2\" width=\"186\">2<\/td>\n<\/tr>\n<tr>\n<td width=\"246\">Temps total de rebondissement [ms]<\/td>\n<td colspan=\"7\" width=\"386\">&lt; 1<\/td>\n<\/tr>\n<tr>\n<td width=\"246\">R\u00e9sistance de contact (selon MIL-STD R5757) [m\u03a9]<\/td>\n<td colspan=\"7\" width=\"386\"><u>&lt;<\/u> 50<\/td>\n<\/tr>\n<tr>\n<td width=\"246\">R\u00e9sistance aux vibrations 10 &#8230; 60 Hz [<sup>m\/s2<\/sup>]<\/td>\n<td colspan=\"7\" width=\"386\">100<\/td>\n<\/tr>\n<tr>\n<td width=\"246\">R\u00e9sistance \u00e0 la pression du bo\u00eetier de commande [N].<\/td>\n<td colspan=\"7\" width=\"386\">300<\/td>\n<\/tr>\n<tr>\n<td width=\"246\">Convient pour l&rsquo;installationn dans la classe de protection<\/td>\n<td width=\"94\">I<\/td>\n<td colspan=\"4\" width=\"106\">I + II<\/td>\n<td colspan=\"2\" width=\"186\">I + II<\/td>\n<\/tr>\n<tr>\n<td width=\"246\">R\u00e9sistance \u00e0 l&rsquo;impr\u00e9gnation<\/td>\n<td colspan=\"7\" width=\"386\">convient<\/td>\n<\/tr>\n<tr>\n<td colspan=\"8\" width=\"632\"><strong>Licences et approbations disponibles<\/strong><\/td>\n<\/tr>\n<tr>\n<td width=\"246\">veuillez pr\u00e9ciser<\/td>\n<td colspan=\"5\" width=\"201\">IEC, ENEC, VDE, UL, CSA, CQC, CMJ<\/td>\n<td colspan=\"2\" width=\"186\">IEC, ENEC, VDE, UL, CSA, CQC<\/td>\n<\/tr>\n<tr>\n<td colspan=\"8\" width=\"632\"><strong>Dimensions (standard)<\/strong><\/td>\n<\/tr>\n<tr>\n<td width=\"246\">Diam\u00e8tre \u00d8 d [mm]<\/td>\n<td colspan=\"4\" width=\"133\">11,0<\/td>\n<td width=\"68\">11,4<\/td>\n<td width=\"92\">12,0<\/td>\n<td width=\"94\">11,4<\/td>\n<\/tr>\n<tr>\n<td width=\"246\">Hauteur (avec raccord standard) h [mm]<\/td>\n<td colspan=\"4\" width=\"133\">\u00e0 partir de 5,0<\/td>\n<td width=\"68\">\u00e0 partir de 5,4<\/td>\n<td width=\"92\">\u00e0 partir de 8,0<\/td>\n<td width=\"94\">\u00e0 partir de 6,5<\/td>\n<\/tr>\n<tr>\n<td width=\"246\">Longueur du capuchon d&rsquo;isolation l [mm]<\/td>\n<td colspan=\"4\" width=\"133\">&#8212;<\/td>\n<td width=\"68\">19,0<\/td>\n<td width=\"92\">&#8212;<\/td>\n<td width=\"94\">&#8212;<\/td>\n<\/tr>\n<tr>\n<td width=\"246\">Filetage (taille x longueur ) [M x mm]<\/td>\n<td colspan=\"4\" width=\"133\">&#8212;<\/td>\n<td width=\"68\">&#8212;<\/td>\n<td width=\"92\">M6 x 8<\/td>\n<td width=\"94\">&#8212;<\/td>\n<\/tr>\n<tr>\n<td width=\"246\">Ouverture de cl\u00e9\/ couple maxi [SW\/Nm]<\/td>\n<td colspan=\"4\" width=\"133\">&#8212;<\/td>\n<td width=\"68\">&#8212;<\/td>\n<td width=\"92\">13\/8<\/td>\n<td width=\"94\">&#8212;<\/td>\n<\/tr>\n<tr>\n<td width=\"246\">Raccordement standard Toron :<\/td>\n<td colspan=\"7\" width=\"386\">0,5 mm2 \/ AWG 20<\/td>\n<\/tr>\n<tr>\n<td width=\"191\"><\/td>\n<td width=\"87\"><\/td>\n<td width=\"6\"><\/td>\n<td width=\"19\"><\/td>\n<td width=\"10\"><\/td>\n<td width=\"66\"><\/td>\n<td width=\"91\"><\/td>\n<td width=\"84\"><\/td>\n<\/tr>\n<\/tbody>\n<\/table>\n<p>&nbsp;<\/p>\n<table>\n<tbody>\n<tr>\n<td width=\"151\"><strong>C09<\/strong><\/td>\n<td width=\"151\"><strong>S09<\/strong><\/td>\n<td width=\"151\"><strong>L09<\/strong><\/td>\n<td width=\"151\"><strong>F09<\/strong><\/td>\n<\/tr>\n<tr>\n<td width=\"151\"><img loading=\"lazy\" decoding=\"async\" class=\"alignnone size-medium wp-image-8621\" src=\"https:\/\/schupp.ch\/wp-content\/uploads\/2024\/02\/TW_C09-300x300.jpg\" alt=\"\" width=\"300\" height=\"300\" srcset=\"https:\/\/schupp.ch\/wp-content\/uploads\/2024\/02\/TW_C09-300x300.jpg 300w, https:\/\/schupp.ch\/wp-content\/uploads\/2024\/02\/TW_C09-600x600.jpg 600w, https:\/\/schupp.ch\/wp-content\/uploads\/2024\/02\/TW_C09-900x900.jpg 900w, https:\/\/schupp.ch\/wp-content\/uploads\/2024\/02\/TW_C09-100x100.jpg 100w, https:\/\/schupp.ch\/wp-content\/uploads\/2024\/02\/TW_C09-150x150.jpg 150w, https:\/\/schupp.ch\/wp-content\/uploads\/2024\/02\/TW_C09-768x768.jpg 768w, https:\/\/schupp.ch\/wp-content\/uploads\/2024\/02\/TW_C09-1024x1024.jpg 1024w\" sizes=\"auto, (max-width: 300px) 100vw, 300px\" \/><\/td>\n<td width=\"151\"><img loading=\"lazy\" decoding=\"async\" class=\"alignnone size-medium wp-image-8625\" src=\"https:\/\/schupp.ch\/wp-content\/uploads\/2024\/02\/TW_S09-300x300.jpg\" alt=\"\" width=\"300\" height=\"300\" srcset=\"https:\/\/schupp.ch\/wp-content\/uploads\/2024\/02\/TW_S09-300x300.jpg 300w, https:\/\/schupp.ch\/wp-content\/uploads\/2024\/02\/TW_S09-600x600.jpg 600w, https:\/\/schupp.ch\/wp-content\/uploads\/2024\/02\/TW_S09-900x900.jpg 900w, https:\/\/schupp.ch\/wp-content\/uploads\/2024\/02\/TW_S09-100x100.jpg 100w, https:\/\/schupp.ch\/wp-content\/uploads\/2024\/02\/TW_S09-150x150.jpg 150w, https:\/\/schupp.ch\/wp-content\/uploads\/2024\/02\/TW_S09-768x768.jpg 768w, https:\/\/schupp.ch\/wp-content\/uploads\/2024\/02\/TW_S09-1024x1024.jpg 1024w\" sizes=\"auto, (max-width: 300px) 100vw, 300px\" \/><\/td>\n<td width=\"151\"><img loading=\"lazy\" decoding=\"async\" class=\"alignnone size-medium wp-image-8628\" src=\"https:\/\/schupp.ch\/wp-content\/uploads\/2024\/02\/TW_L09-300x300.jpg\" alt=\"\" width=\"300\" height=\"300\" srcset=\"https:\/\/schupp.ch\/wp-content\/uploads\/2024\/02\/TW_L09-300x300.jpg 300w, https:\/\/schupp.ch\/wp-content\/uploads\/2024\/02\/TW_L09-600x600.jpg 600w, https:\/\/schupp.ch\/wp-content\/uploads\/2024\/02\/TW_L09-900x900.jpg 900w, https:\/\/schupp.ch\/wp-content\/uploads\/2024\/02\/TW_L09-100x100.jpg 100w, https:\/\/schupp.ch\/wp-content\/uploads\/2024\/02\/TW_L09-150x150.jpg 150w, https:\/\/schupp.ch\/wp-content\/uploads\/2024\/02\/TW_L09-768x768.jpg 768w, https:\/\/schupp.ch\/wp-content\/uploads\/2024\/02\/TW_L09-1024x1024.jpg 1024w\" sizes=\"auto, (max-width: 300px) 100vw, 300px\" \/><\/td>\n<td width=\"151\"><img loading=\"lazy\" decoding=\"async\" class=\"alignnone size-medium wp-image-8631\" src=\"https:\/\/schupp.ch\/wp-content\/uploads\/2024\/02\/TW_F09-300x300.jpg\" alt=\"\" width=\"300\" height=\"300\" srcset=\"https:\/\/schupp.ch\/wp-content\/uploads\/2024\/02\/TW_F09-300x300.jpg 300w, https:\/\/schupp.ch\/wp-content\/uploads\/2024\/02\/TW_F09-600x600.jpg 600w, https:\/\/schupp.ch\/wp-content\/uploads\/2024\/02\/TW_F09-900x900.jpg 900w, https:\/\/schupp.ch\/wp-content\/uploads\/2024\/02\/TW_F09-100x100.jpg 100w, https:\/\/schupp.ch\/wp-content\/uploads\/2024\/02\/TW_F09-150x150.jpg 150w, https:\/\/schupp.ch\/wp-content\/uploads\/2024\/02\/TW_F09-768x768.jpg 768w, https:\/\/schupp.ch\/wp-content\/uploads\/2024\/02\/TW_F09-1024x1024.jpg 1024w\" sizes=\"auto, (max-width: 300px) 100vw, 300px\" \/><\/td>\n<\/tr>\n<\/tbody>\n<\/table>\n<p>&nbsp;<\/p>\n<p><strong>Note<\/strong><\/p>\n<p>Les donn\u00e9es et informations indiqu\u00e9es sont bas\u00e9es sur des tests et des s\u00e9ries d&rsquo;essais. Elles ont un caract\u00e8re indicatif, c&rsquo;est pourquoi il peut y avoir des diff\u00e9rences pour certaines applications et utilisations. L&rsquo;utilisateur doit v\u00e9rifier au cas par cas si le produit convient \u00e0 une application concr\u00e8te.<\/p>\n<p>&nbsp;<\/p>\n","protected":false},"excerpt":{"rendered":"<p>&nbsp;<\/p>\n<h5><strong>Les types C09<\/strong>, <strong>S09, L09 <\/strong>et <strong>F09 <\/strong>sont des interrupteurs avec fils de raccordement, \u00e0 r\u00e9armement automatique avec ou sans expoxy.<\/h5>\n<h5><\/h5>\n<h5><strong>L09 <\/strong>avec bo\u00eetier \u00e0 visser en aluminium<\/h5>\n<h5><\/h5>\n<h5><strong>F09 <\/strong>avec \u00e9poxy, enti\u00e8rement isol\u00e9 avec capuchon en Nomex<\/h5>\n<h5><\/h5>\n<h5>Applications possibles dans les armoires \u00e9lectriques, sur les carters de moteur ou les dissipateurs thermiques<\/h5>\n<p>&nbsp;<\/p>\n","protected":false},"featured_media":2307,"template":"","meta":{"_acf_changed":false},"product_brand":[],"product_cat":[189,289],"product_tag":[],"class_list":{"0":"post-5954","1":"product","2":"type-product","3":"status-publish","4":"has-post-thumbnail","6":"product_cat-surveillance-de-la-temperature","7":"product_cat-limiteur-de-temperature-4-0-25-a","9":"first","10":"instock","11":"shipping-taxable","12":"purchasable","13":"product-type-simple"},"acf":[],"_links":{"self":[{"href":"https:\/\/schupp.ch\/fr\/wp-json\/wp\/v2\/product\/5954","targetHints":{"allow":["GET"]}}],"collection":[{"href":"https:\/\/schupp.ch\/fr\/wp-json\/wp\/v2\/product"}],"about":[{"href":"https:\/\/schupp.ch\/fr\/wp-json\/wp\/v2\/types\/product"}],"wp:featuredmedia":[{"embeddable":true,"href":"https:\/\/schupp.ch\/fr\/wp-json\/wp\/v2\/media\/2307"}],"wp:attachment":[{"href":"https:\/\/schupp.ch\/fr\/wp-json\/wp\/v2\/media?parent=5954"}],"wp:term":[{"taxonomy":"product_brand","embeddable":true,"href":"https:\/\/schupp.ch\/fr\/wp-json\/wp\/v2\/product_brand?post=5954"},{"taxonomy":"product_cat","embeddable":true,"href":"https:\/\/schupp.ch\/fr\/wp-json\/wp\/v2\/product_cat?post=5954"},{"taxonomy":"product_tag","embeddable":true,"href":"https:\/\/schupp.ch\/fr\/wp-json\/wp\/v2\/product_tag?post=5954"}],"curies":[{"name":"wp","href":"https:\/\/api.w.org\/{rel}","templated":true}]}}