{"id":5955,"date":"2024-02-01T10:36:07","date_gmt":"2024-02-01T09:36:07","guid":{"rendered":"https:\/\/schupp.ch\/p\/limiteur-de-temperature-25-a-75-a\/"},"modified":"2025-11-27T15:56:25","modified_gmt":"2025-11-27T14:56:25","slug":"limiteur-de-temperature-25-a-75-a","status":"publish","type":"product","link":"https:\/\/schupp.ch\/fr\/p\/limiteur-de-temperature-25-a-75-a\/","title":{"rendered":"Limiteur de Temp\u00e9rature 25 A &#8211; 75 A"},"content":{"rendered":"<p>&nbsp;<\/p>\n<table>\n<tbody>\n<tr>\n<td colspan=\"4\" width=\"604\">\n<h3 style=\"text-align: center;\">Type \/ mod\u00e8le<\/h3>\n<\/td>\n<\/tr>\n<tr>\n<td width=\"151\">\n<p style=\"text-align: center;\"><strong><br \/>\nCH5<\/strong><\/p>\n<\/td>\n<td style=\"text-align: center;\" width=\"151\"><strong>SH5<\/strong><\/td>\n<td style=\"text-align: center;\" width=\"151\"><strong>CXO<\/strong><\/td>\n<td width=\"151\">\n<p style=\"text-align: center;\"><strong><br \/>\nSXO<\/strong><\/p>\n<\/td>\n<\/tr>\n<tr>\n<td width=\"151\"><img loading=\"lazy\" decoding=\"async\" class=\"alignnone size-full wp-image-4013\" src=\"https:\/\/schupp.ch\/wp-content\/uploads\/2024\/02\/CH5.jpg\" alt=\"\" width=\"231\" height=\"292\" \/><\/td>\n<td width=\"151\"><img loading=\"lazy\" decoding=\"async\" class=\"alignnone size-full wp-image-4016\" src=\"https:\/\/schupp.ch\/wp-content\/uploads\/2024\/02\/SH5.jpg\" alt=\"\" width=\"135\" height=\"293\" \/><\/td>\n<td width=\"151\"><img loading=\"lazy\" decoding=\"async\" class=\"alignnone size-full wp-image-4019\" src=\"https:\/\/schupp.ch\/wp-content\/uploads\/2024\/02\/CXO.jpg\" alt=\"\" width=\"178\" height=\"290\" srcset=\"https:\/\/schupp.ch\/wp-content\/uploads\/2024\/02\/CXO.jpg 178w, https:\/\/schupp.ch\/wp-content\/uploads\/2024\/02\/CXO-50x80.jpg 50w\" sizes=\"auto, (max-width: 178px) 100vw, 178px\" \/><\/td>\n<td width=\"151\"><img loading=\"lazy\" decoding=\"async\" class=\"alignnone size-full wp-image-4022\" src=\"https:\/\/schupp.ch\/wp-content\/uploads\/2024\/02\/SXO.jpg\" alt=\"\" width=\"213\" height=\"297\" \/><\/td>\n<\/tr>\n<\/tbody>\n<\/table>\n<p>&nbsp;<\/p>\n<table>\n<tbody>\n<tr>\n<td width=\"276\"><strong>Type de commutation<\/strong><\/td>\n<td width=\"89\"><strong>Contact \u00e0 ouverture CH5<br \/>\n\u00e0 r\u00e9armement<\/strong><\/td>\n<td width=\"89\"><strong>Contact \u00e0 ouverture SH5<br \/>\n\u00e0 r\u00e9armement<\/strong><\/td>\n<td width=\"89\"><strong>Contact \u00e0 ouverture CXO<br \/>\n\u00e0 r\u00e9armement<\/strong><\/td>\n<td width=\"89\"><strong>Contact \u00e0 ouverture SXO<br \/>\n\u00e0 r\u00e9armement<\/strong><\/td>\n<\/tr>\n<tr>\n<td width=\"276\">Isol\u00e9 : Capuchon isolant<\/td>\n<td width=\"89\">Non<\/td>\n<td width=\"89\">Oui<\/td>\n<td width=\"89\">Non<\/td>\n<td width=\"89\">oui<\/td>\n<\/tr>\n<tr>\n<td colspan=\"5\" width=\"633\"><strong>Temp\u00e9rature<\/strong><\/td>\n<\/tr>\n<tr>\n<td width=\"276\">Temp\u00e9rature de commutation nominale (NST) par incr\u00e9ments de 5 K \u00b0C<\/td>\n<td colspan=\"2\" width=\"179\">120 &#8211; 180<\/td>\n<td colspan=\"2\" width=\"179\">70 &#8211; 180<\/td>\n<\/tr>\n<tr>\n<td width=\"276\">Plage de tol\u00e9rance NST <u>&lt; 140 \u00b0C Tol (K)<\/u><\/td>\n<td colspan=\"2\" width=\"179\"><u>+ 10<\/u><\/td>\n<td colspan=\"2\" width=\"179\"><\/td>\n<\/tr>\n<tr>\n<td width=\"276\">Commutateur inverse de temperature\u00a0(RST inf\u00e9rieure \u00e0 NST) UL<br \/>\n(RST d\u00e9finie possible sur demande) VDE<\/td>\n<td colspan=\"2\" width=\"179\"><u>\u2265 <\/u>35<u><br \/>\n\u2265 <\/u>35<u> <\/u><\/td>\n<td colspan=\"2\" width=\"179\"><\/td>\n<\/tr>\n<tr>\n<td colspan=\"5\" width=\"633\"><strong>Tension<\/strong><\/td>\n<\/tr>\n<tr>\n<td width=\"276\">max. Plage de tension de fonctionnement jusqu&rsquo;\u00e0 &#8230;<\/td>\n<td colspan=\"4\" width=\"357\">500 VAC \/ 14 V DC<\/td>\n<\/tr>\n<tr>\n<td width=\"276\">Tension de fonctionnement AC<\/td>\n<td colspan=\"4\" width=\"357\">250 (VDE), 277 (UL)<\/td>\n<\/tr>\n<tr>\n<td colspan=\"5\" width=\"633\"><strong>Courant \/ Cycles de commutation<\/strong><\/td>\n<\/tr>\n<tr>\n<td width=\"276\">Courant assign\u00e9 &#8211; cos \u03c6 = 1,0 [A] \/ [n]<\/td>\n<td colspan=\"2\" width=\"179\">30 \/ 10&rsquo;000 50 \/1&rsquo;000<\/td>\n<td colspan=\"2\" width=\"179\">25 \/ 10&rsquo;000 50 \/ 2&rsquo;000<\/td>\n<\/tr>\n<tr>\n<td width=\"276\">Courant assign\u00e9 &#8211; cos \u03c6 = 0,6 [A] \/ [n]<\/td>\n<td colspan=\"2\" width=\"179\">&#8212;<\/td>\n<td colspan=\"2\" width=\"179\">25 \/ 3&rsquo;000<\/td>\n<\/tr>\n<tr>\n<td width=\"276\">Courant assign\u00e9 &#8211; cos \u03c6 = 1,0 [A] \/ [n]<\/td>\n<td colspan=\"2\" width=\"179\">&#8212;<\/td>\n<td colspan=\"2\" width=\"179\">75 \/ 3&rsquo;000<\/td>\n<\/tr>\n<tr>\n<td width=\"276\">Tension assign\u00e9e DC<\/td>\n<td colspan=\"4\" width=\"357\">12<\/td>\n<\/tr>\n<tr>\n<td width=\"276\">Tension assign\u00e9e DC (V)<\/td>\n<td colspan=\"2\" width=\"179\">&#8212;<\/td>\n<td colspan=\"2\" width=\"179\">63 \/ 10&rsquo;000<\/td>\n<\/tr>\n<tr>\n<td width=\"276\">Max. Courant de commutation DC [A] \/ [n]<\/td>\n<td colspan=\"2\" width=\"179\">60 \/ 10&rsquo;000<\/td>\n<td colspan=\"2\" width=\"179\">100 \/ 2&rsquo;000<\/td>\n<\/tr>\n<tr>\n<td colspan=\"5\" width=\"633\"><strong>Sp\u00e9cifications suppl\u00e9mentaires<\/strong><\/td>\n<\/tr>\n<tr>\n<td width=\"276\">R\u00e9sistance \u00e0 la haute tension (kV)<\/td>\n<td width=\"89\">&#8212;<\/td>\n<td width=\"89\">2<\/td>\n<td width=\"89\">&#8212;<\/td>\n<td width=\"89\">2<\/td>\n<\/tr>\n<tr>\n<td width=\"276\">Temps de rebond total (ms)<\/td>\n<td colspan=\"4\" width=\"357\">&lt; 1<\/td>\n<\/tr>\n<tr>\n<td width=\"276\">R\u00e9sistance de contact (selon MIL-STD R5757) (m\u03a9)<\/td>\n<td colspan=\"4\" width=\"357\"><u>&lt; <\/u>50<\/td>\n<\/tr>\n<tr>\n<td width=\"276\">R\u00e9sistance \u00e0 la pression du bo\u00eetier de commande (N)<\/td>\n<td colspan=\"2\" width=\"179\">300<\/td>\n<td colspan=\"2\" width=\"179\">600<\/td>\n<\/tr>\n<tr>\n<td width=\"276\">Convient pour l&rsquo;installation dans la classe de protection<\/td>\n<td colspan=\"2\" width=\"179\">I<\/td>\n<td width=\"89\">I<\/td>\n<td width=\"89\">I + II<\/td>\n<\/tr>\n<tr>\n<td width=\"276\">R\u00e9sistance \u00e0 l&rsquo;impr\u00e9gnation<\/td>\n<td colspan=\"4\" width=\"357\">convient<\/td>\n<\/tr>\n<tr>\n<td colspan=\"5\" width=\"633\"><strong>Licences et approbations disponibles<\/strong><\/td>\n<\/tr>\n<tr>\n<td width=\"276\">veuillez pr\u00e9ciser<\/td>\n<td colspan=\"2\" width=\"179\">IEC, VDE, UL, CQC,<\/td>\n<td colspan=\"2\" width=\"179\">IEC, ENEC, VDE, UL, COC<\/td>\n<\/tr>\n<tr>\n<td colspan=\"5\" width=\"633\"><strong>Dimensions (standard)<\/strong><\/td>\n<\/tr>\n<tr>\n<td width=\"276\">Diam\u00e8tre \u00d8 d (mm)<\/td>\n<td width=\"89\">11,0<\/td>\n<td width=\"89\">11,5<\/td>\n<td width=\"89\">17,1<\/td>\n<td width=\"89\">17,6<\/td>\n<\/tr>\n<tr>\n<td width=\"276\">Hauteur h (mm)<\/td>\n<td width=\"89\">\u00e0 partir de 6,0<\/td>\n<td width=\"89\">\u00e0 partir de 6,5<\/td>\n<td width=\"89\">\u00e0 partir de 5,9<\/td>\n<td width=\"89\">\u00e0 partir de 6,3<\/td>\n<\/tr>\n<tr>\n<td width=\"276\">Longueur du capuchon d&rsquo;isolation (mm)<\/td>\n<td width=\"89\">&#8212;<\/td>\n<td width=\"89\">19,0<\/td>\n<td width=\"89\">&#8212;<\/td>\n<td width=\"89\">25,0<\/td>\n<\/tr>\n<tr>\n<td width=\"276\">* Connexion standard<\/td>\n<td colspan=\"4\" width=\"357\">Toron : 1,00 mm2\/AWG 18<\/td>\n<\/tr>\n<\/tbody>\n<\/table>\n<p>&nbsp;<\/p>\n<table>\n<tbody>\n<tr>\n<td width=\"151\"><strong>CH5<\/strong><\/td>\n<td width=\"151\"><strong>SH5<\/strong><\/td>\n<td width=\"151\"><strong>CXO<\/strong><\/td>\n<td width=\"151\"><strong>SXO<\/strong><\/td>\n<\/tr>\n<tr>\n<td width=\"151\"><img loading=\"lazy\" decoding=\"async\" class=\"alignnone size-medium wp-image-8688\" src=\"https:\/\/schupp.ch\/wp-content\/uploads\/2024\/02\/TW_CH5-1-300x300.jpg\" alt=\"\" width=\"300\" height=\"300\" srcset=\"https:\/\/schupp.ch\/wp-content\/uploads\/2024\/02\/TW_CH5-1-300x300.jpg 300w, https:\/\/schupp.ch\/wp-content\/uploads\/2024\/02\/TW_CH5-1-600x600.jpg 600w, https:\/\/schupp.ch\/wp-content\/uploads\/2024\/02\/TW_CH5-1-900x900.jpg 900w, https:\/\/schupp.ch\/wp-content\/uploads\/2024\/02\/TW_CH5-1-100x100.jpg 100w, https:\/\/schupp.ch\/wp-content\/uploads\/2024\/02\/TW_CH5-1-150x150.jpg 150w, https:\/\/schupp.ch\/wp-content\/uploads\/2024\/02\/TW_CH5-1-768x768.jpg 768w, https:\/\/schupp.ch\/wp-content\/uploads\/2024\/02\/TW_CH5-1-1024x1024.jpg 1024w\" sizes=\"auto, (max-width: 300px) 100vw, 300px\" \/><\/td>\n<td width=\"151\"><img loading=\"lazy\" decoding=\"async\" class=\"alignnone size-medium wp-image-7544\" src=\"https:\/\/schupp.ch\/wp-content\/uploads\/2024\/02\/TW_SH5-300x300.jpg\" alt=\"\" width=\"300\" height=\"300\" srcset=\"https:\/\/schupp.ch\/wp-content\/uploads\/2024\/02\/TW_SH5-300x300.jpg 300w, https:\/\/schupp.ch\/wp-content\/uploads\/2024\/02\/TW_SH5-600x600.jpg 600w, https:\/\/schupp.ch\/wp-content\/uploads\/2024\/02\/TW_SH5-900x900.jpg 900w, https:\/\/schupp.ch\/wp-content\/uploads\/2024\/02\/TW_SH5-100x100.jpg 100w, https:\/\/schupp.ch\/wp-content\/uploads\/2024\/02\/TW_SH5-150x150.jpg 150w, https:\/\/schupp.ch\/wp-content\/uploads\/2024\/02\/TW_SH5-768x768.jpg 768w, https:\/\/schupp.ch\/wp-content\/uploads\/2024\/02\/TW_SH5-1024x1024.jpg 1024w\" sizes=\"auto, (max-width: 300px) 100vw, 300px\" \/><\/td>\n<td width=\"151\"><img loading=\"lazy\" decoding=\"async\" class=\"alignnone size-medium wp-image-8700\" src=\"https:\/\/schupp.ch\/wp-content\/uploads\/2024\/02\/TW_CXO-1-300x300.jpg\" alt=\"\" width=\"300\" height=\"300\" srcset=\"https:\/\/schupp.ch\/wp-content\/uploads\/2024\/02\/TW_CXO-1-300x300.jpg 300w, https:\/\/schupp.ch\/wp-content\/uploads\/2024\/02\/TW_CXO-1-600x600.jpg 600w, https:\/\/schupp.ch\/wp-content\/uploads\/2024\/02\/TW_CXO-1-900x900.jpg 900w, https:\/\/schupp.ch\/wp-content\/uploads\/2024\/02\/TW_CXO-1-100x100.jpg 100w, https:\/\/schupp.ch\/wp-content\/uploads\/2024\/02\/TW_CXO-1-150x150.jpg 150w, https:\/\/schupp.ch\/wp-content\/uploads\/2024\/02\/TW_CXO-1-768x768.jpg 768w, https:\/\/schupp.ch\/wp-content\/uploads\/2024\/02\/TW_CXO-1-1024x1024.jpg 1024w\" sizes=\"auto, (max-width: 300px) 100vw, 300px\" \/><\/td>\n<td width=\"151\"><img loading=\"lazy\" decoding=\"async\" class=\"alignnone size-medium wp-image-8695\" src=\"https:\/\/schupp.ch\/wp-content\/uploads\/2024\/02\/TW_SXO-1-300x300.jpg\" alt=\"\" width=\"300\" height=\"300\" srcset=\"https:\/\/schupp.ch\/wp-content\/uploads\/2024\/02\/TW_SXO-1-300x300.jpg 300w, https:\/\/schupp.ch\/wp-content\/uploads\/2024\/02\/TW_SXO-1-600x600.jpg 600w, https:\/\/schupp.ch\/wp-content\/uploads\/2024\/02\/TW_SXO-1-900x900.jpg 900w, https:\/\/schupp.ch\/wp-content\/uploads\/2024\/02\/TW_SXO-1-100x100.jpg 100w, https:\/\/schupp.ch\/wp-content\/uploads\/2024\/02\/TW_SXO-1-150x150.jpg 150w, https:\/\/schupp.ch\/wp-content\/uploads\/2024\/02\/TW_SXO-1-768x768.jpg 768w, https:\/\/schupp.ch\/wp-content\/uploads\/2024\/02\/TW_SXO-1-1024x1024.jpg 1024w\" sizes=\"auto, (max-width: 300px) 100vw, 300px\" \/><\/td>\n<\/tr>\n<\/tbody>\n<\/table>\n<p>&nbsp;<\/p>\n<p><strong>Note<\/strong><\/p>\n<p>Les donn\u00e9es et informations indiqu\u00e9es sont bas\u00e9es sur des tests et des s\u00e9ries d&rsquo;essais. Elles ont un caract\u00e8re indicatif, c&rsquo;est pourquoi il peut y avoir des diff\u00e9rences pour certaines applications et utilisations. L&rsquo;utilisateur doit v\u00e9rifier au cas par cas si le produit convient \u00e0 une application concr\u00e8te.<\/p>\n<p>&nbsp;<\/p>\n","protected":false},"excerpt":{"rendered":"<p>&nbsp;<\/p>\n<h5><strong>Les types CH5, SH5, CX0 <\/strong>et <strong>SXO <\/strong>sont des interrupteurs avec fils de raccordement, \u00e0 r\u00e9armement automatique avec ou sans expoxy.<\/h5>\n<p>&nbsp;<\/p>\n<h5><\/h5>\n<h5><strong>Les types SH5, SXO sont <\/strong>avec \u00e9poxy, enti\u00e8rement isol\u00e9e avec un capuchon Mylar\u00ae-Nomex<\/h5>\n<p>&nbsp;<\/p>\n<h5><\/h5>\n<h5>Applications possibles dans les armoires \u00e9lectriques, sur les carters de moteur ou les dissipateurs thermiques<\/h5>\n<p>&nbsp;<\/p>\n<p>&nbsp;<\/p>\n","protected":false},"featured_media":2380,"template":"","meta":{"_acf_changed":false},"product_brand":[],"product_cat":[189,290],"product_tag":[],"class_list":{"0":"post-5955","1":"product","2":"type-product","3":"status-publish","4":"has-post-thumbnail","6":"product_cat-surveillance-de-la-temperature","7":"product_cat-limiteur-de-temperature-25-75-a","9":"first","10":"instock","11":"shipping-taxable","12":"purchasable","13":"product-type-simple"},"acf":[],"_links":{"self":[{"href":"https:\/\/schupp.ch\/fr\/wp-json\/wp\/v2\/product\/5955","targetHints":{"allow":["GET"]}}],"collection":[{"href":"https:\/\/schupp.ch\/fr\/wp-json\/wp\/v2\/product"}],"about":[{"href":"https:\/\/schupp.ch\/fr\/wp-json\/wp\/v2\/types\/product"}],"wp:featuredmedia":[{"embeddable":true,"href":"https:\/\/schupp.ch\/fr\/wp-json\/wp\/v2\/media\/2380"}],"wp:attachment":[{"href":"https:\/\/schupp.ch\/fr\/wp-json\/wp\/v2\/media?parent=5955"}],"wp:term":[{"taxonomy":"product_brand","embeddable":true,"href":"https:\/\/schupp.ch\/fr\/wp-json\/wp\/v2\/product_brand?post=5955"},{"taxonomy":"product_cat","embeddable":true,"href":"https:\/\/schupp.ch\/fr\/wp-json\/wp\/v2\/product_cat?post=5955"},{"taxonomy":"product_tag","embeddable":true,"href":"https:\/\/schupp.ch\/fr\/wp-json\/wp\/v2\/product_tag?post=5955"}],"curies":[{"name":"wp","href":"https:\/\/api.w.org\/{rel}","templated":true}]}}