{"id":5956,"date":"2024-02-01T10:44:39","date_gmt":"2024-02-01T09:44:39","guid":{"rendered":"https:\/\/schupp.ch\/p\/limiteur-de-temperature-type-c06-c06ht-s06-s06ht-b06-f06-4-0-25-a\/"},"modified":"2025-11-27T14:40:58","modified_gmt":"2025-11-27T13:40:58","slug":"limiteur-de-temperature-type-c06-c06ht-s06-s06ht-b06-f06-4-0-25-a","status":"publish","type":"product","link":"https:\/\/schupp.ch\/fr\/p\/limiteur-de-temperature-type-c06-c06ht-s06-s06ht-b06-f06-4-0-25-a\/","title":{"rendered":"Limiteur de Temp\u00e9rature Type C06 \/ C06HT \/ S06 \/ S06HT \/ B06 \/ F06 ; 4.0 &#8211; 25 A"},"content":{"rendered":"<table>\n<tbody>\n<tr>\n<td width=\"101\">\n<h5 style=\"text-align: center;\">C06<\/h5>\n<\/td>\n<td style=\"text-align: center;\" width=\"101\">\n<h5>C06HT<\/h5>\n<\/td>\n<td style=\"text-align: center;\" width=\"101\">\n<h5>S06<\/h5>\n<\/td>\n<td style=\"text-align: center;\" width=\"101\">\n<h5>S06HT<\/h5>\n<\/td>\n<td style=\"text-align: center;\" width=\"101\">\n<h5>B06<\/h5>\n<\/td>\n<td width=\"101\">\n<h5 style=\"text-align: center;\">F06<\/h5>\n<\/td>\n<\/tr>\n<tr>\n<td width=\"101\"><img loading=\"lazy\" decoding=\"async\" class=\"size-full wp-image-4240 aligncenter\" src=\"https:\/\/schupp.ch\/wp-content\/uploads\/2024\/02\/C06-1.jpg\" alt=\"\" width=\"195\" height=\"271\" \/><\/td>\n<td width=\"101\"><img loading=\"lazy\" decoding=\"async\" class=\"size-full wp-image-4243 aligncenter\" src=\"https:\/\/schupp.ch\/wp-content\/uploads\/2024\/02\/C06HT-1.jpg\" alt=\"\" width=\"131\" height=\"268\" \/><\/td>\n<td width=\"101\"><img loading=\"lazy\" decoding=\"async\" class=\"size-full wp-image-4246 aligncenter\" src=\"https:\/\/schupp.ch\/wp-content\/uploads\/2024\/02\/S06-1.jpg\" alt=\"\" width=\"117\" height=\"282\" \/><\/td>\n<td width=\"101\"><img loading=\"lazy\" decoding=\"async\" class=\"size-full wp-image-4249 aligncenter\" src=\"https:\/\/schupp.ch\/wp-content\/uploads\/2024\/02\/S06HT-1.jpg\" alt=\"\" width=\"132\" height=\"287\" \/><\/td>\n<td width=\"101\"><img loading=\"lazy\" decoding=\"async\" class=\"size-full wp-image-4252 aligncenter\" src=\"https:\/\/schupp.ch\/wp-content\/uploads\/2024\/02\/B06.jpg\" alt=\"\" width=\"151\" height=\"290\" \/><\/td>\n<td width=\"101\"><img loading=\"lazy\" decoding=\"async\" class=\"size-full wp-image-4255 aligncenter\" src=\"https:\/\/schupp.ch\/wp-content\/uploads\/2024\/02\/F06.jpg\" alt=\"\" width=\"155\" height=\"248\" srcset=\"https:\/\/schupp.ch\/wp-content\/uploads\/2024\/02\/F06.jpg 155w, https:\/\/schupp.ch\/wp-content\/uploads\/2024\/02\/F06-50x80.jpg 50w\" sizes=\"auto, (max-width: 155px) 100vw, 155px\" \/><\/td>\n<\/tr>\n<\/tbody>\n<\/table>\n<p>&nbsp;<\/p>\n<p>&nbsp;<\/p>\n<table>\n<tbody>\n<tr>\n<td rowspan=\"3\" width=\"227\"><strong>Type de commutation :<\/strong><\/td>\n<td colspan=\"2\" width=\"151\"><strong>Contact \u00e0 ouverture<\/strong><\/td>\n<td colspan=\"2\" width=\"110\"><strong>Contact \u00e0 ouverture<\/strong><\/td>\n<td width=\"73\"><strong>Contact \u00e0 ouverture<\/strong><\/td>\n<td width=\"70\"><strong>Contact \u00e0 ouverture<\/strong><\/td>\n<\/tr>\n<tr>\n<td colspan=\"6\" width=\"404\"><strong>\u00e0 r\u00e9armement automatique<\/strong><\/td>\n<\/tr>\n<tr>\n<td width=\"93\"><strong>C06<\/strong><\/td>\n<td width=\"58\"><strong>C06HT<\/strong><\/td>\n<td width=\"54\"><strong>S06<\/strong><\/td>\n<td width=\"56\"><strong>S06HT<\/strong><\/td>\n<td width=\"73\"><strong>B06<\/strong><\/td>\n<td width=\"70\"><strong>F06<\/strong><\/td>\n<\/tr>\n<tr>\n<td width=\"227\">isol\u00e9s : capuchon\/bo\u00eetier isolant<\/td>\n<td colspan=\"2\" width=\"151\">non<\/td>\n<td colspan=\"2\" width=\"110\">oui<\/td>\n<td width=\"73\">oui<\/td>\n<td width=\"70\">oui<\/td>\n<\/tr>\n<tr>\n<td colspan=\"7\" width=\"631\"><strong>Temp\u00e9rature<\/strong><\/td>\n<\/tr>\n<tr>\n<td width=\"227\">Temp\u00e9rature de commutation nominale (NST) [\u00b0C]<br \/>\npar incr\u00e9ments de 5 K<\/td>\n<td width=\"93\">70 &#8211; 200<\/td>\n<td width=\"58\">205- 250<\/td>\n<td width=\"54\">70 &#8211; 200<\/td>\n<td width=\"56\">50 -250<\/td>\n<td colspan=\"2\" width=\"143\">70 &#8211; 200<\/td>\n<\/tr>\n<tr>\n<td width=\"227\">Plage de tol\u00e9rance -Standard Tol [ [K]<\/td>\n<td colspan=\"6\" width=\"404\">\u00b1 5<\/td>\n<\/tr>\n<tr>\n<td width=\"227\">Commutateur inverse de temperature\u00a0(RST inf\u00e9rieure \u00e0 NST) UL [K]<br \/>\nCommutateur inverse de temperature\u00a0(RST inf\u00e9rieure \u00e0 NST) VDE [ \u00b0C]<\/td>\n<td colspan=\"6\" width=\"404\">-35 \u00b1 15<\/p>\n<p>\u2265 35<\/td>\n<\/tr>\n<tr>\n<td colspan=\"7\" width=\"631\"><strong>Tension<\/strong><\/td>\n<\/tr>\n<tr>\n<td width=\"227\">max. Plage de tensions de fonctionnement AC \u00e0 &#8230; [VAC]<\/td>\n<td colspan=\"6\" width=\"404\">500 V AC \/ 28 V DC<\/td>\n<\/tr>\n<tr>\n<td width=\"227\">Tension assign\u00e9e AC [VAC]<\/td>\n<td colspan=\"6\" width=\"404\">250 (VDE), 277 (UL)<\/td>\n<\/tr>\n<tr>\n<td colspan=\"7\" width=\"631\"><strong>Courant\/cycles de commutation<\/strong><\/td>\n<\/tr>\n<tr>\n<td width=\"227\">Courant assign\u00e9 AC &#8211; cos \u03c6 = 1,0 [A] \/ [n]<\/td>\n<td colspan=\"6\" width=\"404\"><strong>10,0 <\/strong>\/ 10&rsquo;000<\/td>\n<\/tr>\n<tr>\n<td width=\"227\">Courant assign\u00e9 AC &#8211; cos \u03c6 = 0,6 [A] \/ [n]<\/td>\n<td colspan=\"6\" width=\"404\"><strong>6,3 <\/strong>\/ 10&rsquo;000<\/td>\n<\/tr>\n<tr>\n<td width=\"227\">Max. Courant de commutation AC &#8211; cos \u03c6 = 1,0 [A] \/ [n]<\/td>\n<td colspan=\"6\" width=\"404\"><strong>25,0 <\/strong>\/ 2&rsquo;000<\/td>\n<\/tr>\n<tr>\n<td width=\"227\">Tension assign\u00e9e DC [V]<\/td>\n<td colspan=\"6\" width=\"404\">24 V<\/td>\n<\/tr>\n<tr>\n<td width=\"227\">Max. Courant de commutation DC [A] \/ [n]<\/td>\n<td colspan=\"6\" width=\"404\"><strong>40,0 <\/strong>\/ 10&rsquo;000<\/td>\n<\/tr>\n<tr>\n<td colspan=\"7\" width=\"631\"><strong>Sp\u00e9cifications suppl\u00e9mentaires<\/strong><\/td>\n<\/tr>\n<tr>\n<td width=\"227\">R\u00e9sistance \u00e0 la haute tension [kV]<\/td>\n<td colspan=\"2\" width=\"151\">&#8212;<\/td>\n<td colspan=\"4\" width=\"253\">2<\/td>\n<\/tr>\n<tr>\n<td width=\"227\">Temps total de rebondissement [ms]<\/td>\n<td colspan=\"6\" width=\"404\">&lt; 1<\/td>\n<\/tr>\n<tr>\n<td width=\"227\">R\u00e9sistance de contact (selon MIL-STD R5757) [m\u03a9]<\/td>\n<td colspan=\"6\" width=\"404\">\u2264 50<\/td>\n<\/tr>\n<tr>\n<td width=\"227\">R\u00e9sistance aux vibrations 10 &#8230; 60 Hz [<sup>m\/s2<\/sup>]<\/td>\n<td colspan=\"6\" width=\"404\">100<\/td>\n<\/tr>\n<tr>\n<td width=\"227\">R\u00e9sistance \u00e0 la pression du bo\u00eetier de commande [N].<\/td>\n<td colspan=\"6\" width=\"404\">600<\/td>\n<\/tr>\n<tr>\n<td width=\"227\">Convient pour l&rsquo;installation dans la classe de protection<\/td>\n<td colspan=\"2\" width=\"151\">I<\/td>\n<td colspan=\"4\" width=\"253\">I + II<\/td>\n<\/tr>\n<tr>\n<td width=\"227\">R\u00e9sistance \u00e0 l&rsquo;impr\u00e9gnation<\/td>\n<td colspan=\"6\" width=\"404\">convient<\/td>\n<\/tr>\n<tr>\n<td colspan=\"7\" width=\"631\"><strong>Licences et approbations disponibles<\/strong><\/td>\n<\/tr>\n<tr>\n<td width=\"227\">veuillez pr\u00e9ciser<\/td>\n<td colspan=\"6\" width=\"404\">IEC, ENEC, VDE, UL, CSA, CQC<\/td>\n<\/tr>\n<tr>\n<td colspan=\"7\" width=\"631\"><strong>Dimensions (standard)<\/strong><\/td>\n<\/tr>\n<tr>\n<td width=\"227\"><\/td>\n<td width=\"93\"><strong>C06<\/strong><\/td>\n<td width=\"58\"><strong>C06HT<\/strong><\/td>\n<td width=\"54\"><strong>S06<\/strong><\/td>\n<td width=\"56\"><strong>S06HT<\/strong><\/td>\n<td width=\"73\"><strong>B06<\/strong><\/td>\n<td width=\"70\"><strong>F06<\/strong><\/td>\n<\/tr>\n<tr>\n<td width=\"227\">Diam\u00e8tre ou \u00d8 d ou l x b[mm] \/ Dimension<\/td>\n<td width=\"93\">9,0<\/td>\n<td width=\"58\"><\/td>\n<td colspan=\"2\" width=\"110\">9,4<\/td>\n<td width=\"73\">9,4<\/td>\n<td width=\"70\">10,0<\/td>\n<\/tr>\n<tr>\n<td width=\"227\">Hauteur h [mm]<\/td>\n<td width=\"93\">\u00e0 partir de 6,3<\/td>\n<td width=\"58\">\u00e0 partir de 7,1<\/td>\n<td width=\"54\">\u00e0 partir de 6,7<\/td>\n<td width=\"56\">\u00e0 partir de 7,5<\/td>\n<td width=\"73\">\u00e0 partir de 6.7<\/td>\n<td width=\"70\">\u00e0 partir de 5,0<\/td>\n<\/tr>\n<tr>\n<td width=\"227\">Longueur du capuchon d&rsquo;isolation l [mm]<\/td>\n<td colspan=\"2\" width=\"151\">&#8212;<\/td>\n<td colspan=\"2\" width=\"110\">16,0<\/td>\n<td width=\"73\">&#8212;<\/td>\n<td width=\"70\">&#8212;<\/td>\n<\/tr>\n<tr>\n<td width=\"227\">Raccordement standard Toron :<\/td>\n<td colspan=\"6\" width=\"404\">0,75 mm2\/AWG18<\/td>\n<\/tr>\n<\/tbody>\n<\/table>\n<p>&nbsp;<\/p>\n<table>\n<tbody>\n<tr>\n<td width=\"151\"><strong>C06 \/ C06HT<\/strong><\/td>\n<td width=\"151\"><strong>S06 \/ S06HT<\/strong><\/td>\n<td width=\"151\"><strong>B06<\/strong><\/td>\n<td width=\"151\"><strong>F06<\/strong><\/td>\n<\/tr>\n<tr>\n<td width=\"151\"><img loading=\"lazy\" decoding=\"async\" class=\"alignnone size-medium wp-image-8598\" src=\"https:\/\/schupp.ch\/wp-content\/uploads\/2024\/02\/TW_C06-300x300.jpg\" alt=\"\" width=\"300\" height=\"300\" srcset=\"https:\/\/schupp.ch\/wp-content\/uploads\/2024\/02\/TW_C06-300x300.jpg 300w, https:\/\/schupp.ch\/wp-content\/uploads\/2024\/02\/TW_C06-600x600.jpg 600w, https:\/\/schupp.ch\/wp-content\/uploads\/2024\/02\/TW_C06-900x900.jpg 900w, https:\/\/schupp.ch\/wp-content\/uploads\/2024\/02\/TW_C06-100x100.jpg 100w, https:\/\/schupp.ch\/wp-content\/uploads\/2024\/02\/TW_C06-150x150.jpg 150w, https:\/\/schupp.ch\/wp-content\/uploads\/2024\/02\/TW_C06-768x768.jpg 768w, https:\/\/schupp.ch\/wp-content\/uploads\/2024\/02\/TW_C06-1024x1024.jpg 1024w\" sizes=\"auto, (max-width: 300px) 100vw, 300px\" \/><\/td>\n<td width=\"151\"><img loading=\"lazy\" decoding=\"async\" class=\"alignnone size-medium wp-image-8601\" src=\"https:\/\/schupp.ch\/wp-content\/uploads\/2024\/02\/TW_S06-300x300.jpg\" alt=\"\" width=\"300\" height=\"300\" srcset=\"https:\/\/schupp.ch\/wp-content\/uploads\/2024\/02\/TW_S06-300x300.jpg 300w, https:\/\/schupp.ch\/wp-content\/uploads\/2024\/02\/TW_S06-600x600.jpg 600w, https:\/\/schupp.ch\/wp-content\/uploads\/2024\/02\/TW_S06-900x900.jpg 900w, https:\/\/schupp.ch\/wp-content\/uploads\/2024\/02\/TW_S06-100x100.jpg 100w, https:\/\/schupp.ch\/wp-content\/uploads\/2024\/02\/TW_S06-150x150.jpg 150w, https:\/\/schupp.ch\/wp-content\/uploads\/2024\/02\/TW_S06-768x768.jpg 768w, https:\/\/schupp.ch\/wp-content\/uploads\/2024\/02\/TW_S06-1024x1024.jpg 1024w\" sizes=\"auto, (max-width: 300px) 100vw, 300px\" \/><\/td>\n<td width=\"151\"><img loading=\"lazy\" decoding=\"async\" class=\"alignnone size-medium wp-image-8605\" src=\"https:\/\/schupp.ch\/wp-content\/uploads\/2024\/02\/TW_B06-300x300.jpg\" alt=\"\" width=\"300\" height=\"300\" srcset=\"https:\/\/schupp.ch\/wp-content\/uploads\/2024\/02\/TW_B06-300x300.jpg 300w, https:\/\/schupp.ch\/wp-content\/uploads\/2024\/02\/TW_B06-600x600.jpg 600w, https:\/\/schupp.ch\/wp-content\/uploads\/2024\/02\/TW_B06-900x900.jpg 900w, https:\/\/schupp.ch\/wp-content\/uploads\/2024\/02\/TW_B06-100x100.jpg 100w, https:\/\/schupp.ch\/wp-content\/uploads\/2024\/02\/TW_B06-150x150.jpg 150w, https:\/\/schupp.ch\/wp-content\/uploads\/2024\/02\/TW_B06-768x768.jpg 768w, https:\/\/schupp.ch\/wp-content\/uploads\/2024\/02\/TW_B06-1024x1024.jpg 1024w\" sizes=\"auto, (max-width: 300px) 100vw, 300px\" \/><\/td>\n<td width=\"151\"><img loading=\"lazy\" decoding=\"async\" class=\"alignnone size-medium wp-image-8608\" src=\"https:\/\/schupp.ch\/wp-content\/uploads\/2024\/02\/TW_F06-300x300.jpg\" alt=\"\" width=\"300\" height=\"300\" srcset=\"https:\/\/schupp.ch\/wp-content\/uploads\/2024\/02\/TW_F06-300x300.jpg 300w, https:\/\/schupp.ch\/wp-content\/uploads\/2024\/02\/TW_F06-600x600.jpg 600w, https:\/\/schupp.ch\/wp-content\/uploads\/2024\/02\/TW_F06-900x900.jpg 900w, https:\/\/schupp.ch\/wp-content\/uploads\/2024\/02\/TW_F06-100x100.jpg 100w, https:\/\/schupp.ch\/wp-content\/uploads\/2024\/02\/TW_F06-150x150.jpg 150w, https:\/\/schupp.ch\/wp-content\/uploads\/2024\/02\/TW_F06-768x768.jpg 768w, https:\/\/schupp.ch\/wp-content\/uploads\/2024\/02\/TW_F06-1024x1024.jpg 1024w\" sizes=\"auto, (max-width: 300px) 100vw, 300px\" \/><\/td>\n<\/tr>\n<\/tbody>\n<\/table>\n<p>&nbsp;<\/p>\n<p><strong>Note<\/strong><\/p>\n<p>Les donn\u00e9es et informations indiqu\u00e9es sont bas\u00e9es sur des tests et des s\u00e9ries d&rsquo;essais. Elles ont un caract\u00e8re indicatif, c&rsquo;est pourquoi il peut y avoir des diff\u00e9rences pour certaines applications et utilisations. L&rsquo;utilisateur doit v\u00e9rifier au cas par cas si le produit convient \u00e0 une application concr\u00e8te.<\/p>\n<p>&nbsp;<\/p>\n","protected":false},"excerpt":{"rendered":"<p>&nbsp;<\/p>\n<h5><strong>Les types C06 S06 <\/strong>et <strong>L06 <\/strong>sont des interrupteurs avec c\u00e2bles de raccordement, \u00e0 r\u00e9armement automatique<\/h5>\n<h5><\/h5>\n<h5><strong>S06 <\/strong>avec \u00e9poxy, enti\u00e8rement isol\u00e9e avec capuchon Mylar\u00aeNomex<\/h5>\n<h5><\/h5>\n<h5><strong>L06 <\/strong>avec bo\u00eetier \u00e0 visser en aluminium<\/h5>\n<h5><\/h5>\n<h5>Applications possibles dans les armoires \u00e9lectriques, sur les carters de moteur ou les dissipateurs thermiques<\/h5>\n<p>&nbsp;<\/p>\n","protected":false},"featured_media":2307,"template":"","meta":{"_acf_changed":false},"product_brand":[],"product_cat":[189,289],"product_tag":[],"class_list":{"0":"post-5956","1":"product","2":"type-product","3":"status-publish","4":"has-post-thumbnail","6":"product_cat-surveillance-de-la-temperature","7":"product_cat-limiteur-de-temperature-4-0-25-a","9":"first","10":"instock","11":"shipping-taxable","12":"purchasable","13":"product-type-simple"},"acf":[],"_links":{"self":[{"href":"https:\/\/schupp.ch\/fr\/wp-json\/wp\/v2\/product\/5956","targetHints":{"allow":["GET"]}}],"collection":[{"href":"https:\/\/schupp.ch\/fr\/wp-json\/wp\/v2\/product"}],"about":[{"href":"https:\/\/schupp.ch\/fr\/wp-json\/wp\/v2\/types\/product"}],"wp:featuredmedia":[{"embeddable":true,"href":"https:\/\/schupp.ch\/fr\/wp-json\/wp\/v2\/media\/2307"}],"wp:attachment":[{"href":"https:\/\/schupp.ch\/fr\/wp-json\/wp\/v2\/media?parent=5956"}],"wp:term":[{"taxonomy":"product_brand","embeddable":true,"href":"https:\/\/schupp.ch\/fr\/wp-json\/wp\/v2\/product_brand?post=5956"},{"taxonomy":"product_cat","embeddable":true,"href":"https:\/\/schupp.ch\/fr\/wp-json\/wp\/v2\/product_cat?post=5956"},{"taxonomy":"product_tag","embeddable":true,"href":"https:\/\/schupp.ch\/fr\/wp-json\/wp\/v2\/product_tag?post=5956"}],"curies":[{"name":"wp","href":"https:\/\/api.w.org\/{rel}","templated":true}]}}