{"id":5957,"date":"2024-02-01T10:39:06","date_gmt":"2024-02-01T09:39:06","guid":{"rendered":"https:\/\/schupp.ch\/p\/limiteur-de-temperature-type-c05-s05-l05-f05-4-0-25-a\/"},"modified":"2025-11-27T14:33:11","modified_gmt":"2025-11-27T13:33:11","slug":"limiteur-de-temperature-type-c05-s05-l05-f05-4-0-25-a","status":"publish","type":"product","link":"https:\/\/schupp.ch\/fr\/p\/limiteur-de-temperature-type-c05-s05-l05-f05-4-0-25-a\/","title":{"rendered":"Limiteur de Temp\u00e9rature Type C05 \/ S05 \/ L05 \/ F05 ; 4.0 &#8211; 25 A"},"content":{"rendered":"<table>\n<tbody>\n<tr>\n<td width=\"151\">\n<h5 style=\"text-align: center;\">C05<\/h5>\n<\/td>\n<td style=\"text-align: center;\" width=\"151\">\n<h5>S05<\/h5>\n<\/td>\n<td style=\"text-align: center;\" width=\"151\">\n<h5>L05<\/h5>\n<\/td>\n<td width=\"151\">\n<h5 style=\"text-align: center;\">F05<\/h5>\n<\/td>\n<\/tr>\n<tr>\n<td width=\"151\"><img loading=\"lazy\" decoding=\"async\" class=\"size-full wp-image-4290 aligncenter\" src=\"https:\/\/schupp.ch\/wp-content\/uploads\/2024\/02\/C05.jpg\" alt=\"\" width=\"176\" height=\"233\" \/><\/td>\n<td width=\"151\"><img loading=\"lazy\" decoding=\"async\" class=\"size-full wp-image-4293 aligncenter\" src=\"https:\/\/schupp.ch\/wp-content\/uploads\/2024\/02\/S05.jpg\" alt=\"\" width=\"116\" height=\"240\" \/><\/td>\n<td width=\"151\"><img loading=\"lazy\" decoding=\"async\" class=\"size-full wp-image-4296 aligncenter\" src=\"https:\/\/schupp.ch\/wp-content\/uploads\/2024\/02\/L05.jpg\" alt=\"\" width=\"163\" height=\"235\" \/><\/td>\n<td width=\"151\"><img loading=\"lazy\" decoding=\"async\" class=\"size-full wp-image-4299 aligncenter\" src=\"https:\/\/schupp.ch\/wp-content\/uploads\/2024\/02\/F05.jpg\" alt=\"\" width=\"121\" height=\"206\" \/><\/td>\n<\/tr>\n<\/tbody>\n<\/table>\n<p>&nbsp;<\/p>\n<table width=\"643\">\n<tbody>\n<tr>\n<td width=\"265\">Type de commutation<\/td>\n<td colspan=\"3\" width=\"104\"><strong>Contact \u00e0 ouverture C05 \u00e0 r\u00e9armement<\/strong><\/td>\n<td width=\"79\"><strong>Contact \u00e0 ouverture S05 \u00e0 r\u00e9armement<\/strong><\/td>\n<td width=\"107\"><strong>Contact \u00e0 ouverture L05 \u00e0 r\u00e9armement<\/strong><\/td>\n<td width=\"88\"><strong>Contact \u00e0 ouverture F05 \u00e0 r\u00e9armement<\/strong><\/td>\n<\/tr>\n<tr>\n<td width=\"265\">isol\u00e9s par rapport \u00e0 l&rsquo;ext\u00e9rieur : Bo\u00eetier<\/td>\n<td colspan=\"3\" width=\"104\">non<\/td>\n<td width=\"79\">oui<\/td>\n<td width=\"107\">oui<\/td>\n<td width=\"88\">oui<\/td>\n<\/tr>\n<tr>\n<td colspan=\"7\" width=\"643\"><strong>Temp\u00e9rature<\/strong><\/td>\n<\/tr>\n<tr>\n<td width=\"265\">Temp\u00e9rature de d\u00e9clancement nominale (NST) [\u00b0C]<br \/>\npar pas de 5K<\/td>\n<td colspan=\"6\" width=\"378\">50 &#8211; 200<\/td>\n<\/tr>\n<tr>\n<td width=\"265\">Tol\u00e9rance-Standard Tol [ [K]<\/td>\n<td colspan=\"6\" width=\"378\">\u00b1 5<\/td>\n<\/tr>\n<tr>\n<td width=\"265\">Commutateur inverse de temperature\u00a0(RST inf\u00e9rieure \u00e0 NST) UL [K]<br \/>\nVDE [ \u00b0C]<\/td>\n<td colspan=\"6\" width=\"378\">-35 \u00b1 15<\/p>\n<p>\u2265 35<\/td>\n<\/tr>\n<tr>\n<td colspan=\"7\" width=\"643\"><strong>Tension<\/strong><\/td>\n<\/tr>\n<tr>\n<td width=\"265\">Tension max.<\/td>\n<td colspan=\"6\" width=\"378\">500 V AC \/ 14 V DC<\/td>\n<\/tr>\n<tr>\n<td width=\"265\">Tension assign\u00e9e AC [VAC]<\/td>\n<td colspan=\"6\" width=\"378\">250 (VDE), 277 (UL)<\/td>\n<\/tr>\n<tr>\n<td colspan=\"7\" width=\"643\"><strong>Courant\/cycles de commutation<\/strong><\/td>\n<\/tr>\n<tr>\n<td width=\"265\">Courant assign\u00e9 AC &#8211; cos \u03c6 = 1,0 [A] \/ [n]<\/td>\n<td colspan=\"6\" width=\"378\"><strong>6,3 <\/strong>\/10&rsquo;000<\/td>\n<\/tr>\n<tr>\n<td width=\"265\">Courant assign\u00e9 &#8211; cos \u03c6 = 0,6 [A] \/ [n]<\/td>\n<td colspan=\"6\" width=\"378\"><strong>4,0 <\/strong>\/ 10&rsquo;000<\/td>\n<\/tr>\n<tr>\n<td width=\"265\">max. Courant de commutation &#8211; cos \u03c6 = 1,0 [A] \/ [n]<\/td>\n<td colspan=\"6\" width=\"378\"><strong>10,0 <\/strong>\/ 3&rsquo;000 <strong>20,0 <\/strong>\/ 300<\/td>\n<\/tr>\n<tr>\n<td width=\"265\">Courant assign\u00e9 AC &#8211; cos \u03c6 = 0,4 [A] \/ [n]<\/td>\n<td colspan=\"6\" width=\"378\"><strong>4,6 <\/strong>\/ 10&rsquo;000<\/td>\n<\/tr>\n<tr>\n<td width=\"265\">max. Courant de commutation AC- cos \u03c6 = 0,4 [A] \/ [n]<\/td>\n<td colspan=\"6\" width=\"378\"><strong>18,4 <\/strong>\/ 1&rsquo;000<\/td>\n<\/tr>\n<tr>\n<td width=\"265\">Tension assign\u00e9e DC [A] \/ [n]<\/td>\n<td colspan=\"6\" width=\"378\">12<\/td>\n<\/tr>\n<tr>\n<td width=\"265\">Max. Courant de commutation DC [A] \/ [n]<\/td>\n<td colspan=\"6\" width=\"378\"><strong>40,0 <\/strong>\/ 10&rsquo;000<\/td>\n<\/tr>\n<tr>\n<td colspan=\"7\" width=\"643\"><strong>Sp\u00e9cifications suppl\u00e9mentaires<\/strong><\/td>\n<\/tr>\n<tr>\n<td width=\"265\">R\u00e9sistance \u00e0 la haute tension [kV]<\/td>\n<td colspan=\"2\" width=\"95\">&#8212;<\/td>\n<td colspan=\"2\" width=\"88\">2<\/td>\n<td colspan=\"2\" width=\"195\">2<\/td>\n<\/tr>\n<tr>\n<td width=\"265\">Temps de rebondissement [ms]<\/td>\n<td colspan=\"6\" width=\"378\">&lt; 1<\/td>\n<\/tr>\n<tr>\n<td width=\"265\">R\u00e9sistance de contact (selon MIL-STD R5757) [m\u03a9]<\/td>\n<td colspan=\"6\" width=\"378\"><u>&lt;<\/u> 50<\/td>\n<\/tr>\n<tr>\n<td width=\"265\">R\u00e9sistance aux vibrations 10 &#8230; 60 Hz [<sup>m\/s2<\/sup>]<\/td>\n<td colspan=\"6\" width=\"378\">100<\/td>\n<\/tr>\n<tr>\n<td width=\"265\">R\u00e9sistance du bo\u00eetier \u00e0 la pression\u00a0 [N].<\/td>\n<td colspan=\"6\" width=\"378\">300<\/td>\n<\/tr>\n<tr>\n<td width=\"265\">Adapt\u00e9 \u00e0 l&rsquo;installationn dans les classes de protection<\/td>\n<td colspan=\"2\" width=\"95\">I<\/td>\n<td colspan=\"2\" width=\"88\">I + II<\/td>\n<td colspan=\"2\" width=\"195\">I + II<\/td>\n<\/tr>\n<tr>\n<td width=\"265\">R\u00e9sistance \u00e0 l&rsquo;impr\u00e9gnation<\/td>\n<td colspan=\"6\" width=\"378\">convient<\/td>\n<\/tr>\n<tr>\n<td colspan=\"7\" width=\"643\"><strong>Licences et approbations disponibles<\/strong><\/td>\n<\/tr>\n<tr>\n<td width=\"265\">veuillez pr\u00e9ciser<\/td>\n<td colspan=\"4\" width=\"183\">IEC, ENEC, VDE, UL, CSA, CQC, CMJ<\/td>\n<td colspan=\"2\" width=\"195\">IEC, ENEC, VDE, UL, CSA, CQC<\/td>\n<\/tr>\n<tr>\n<td colspan=\"7\" width=\"643\"><strong>Dimensions (standard)<\/strong><\/td>\n<\/tr>\n<tr>\n<td width=\"265\">Diam\u00e8tre \u00d8 d [mm]<\/td>\n<td colspan=\"2\" width=\"95\">11,0<\/td>\n<td colspan=\"2\" width=\"88\">11,4<\/td>\n<td width=\"107\">12,0<\/td>\n<td width=\"88\">11,4<\/td>\n<\/tr>\n<tr>\n<td width=\"265\">Hauteur (avec raccord standard) h [mm]<\/td>\n<td colspan=\"2\" width=\"95\">\u00e0 partir de 5,0<\/td>\n<td colspan=\"2\" width=\"88\">\u00e0 partir de 5,4<\/td>\n<td width=\"107\">\u00e0 partir de 8,0<\/td>\n<td width=\"88\">\u00e0 partir de 6,5<\/td>\n<\/tr>\n<tr>\n<td width=\"265\">Longueur du capuchon d&rsquo;isolation l [mm]<\/td>\n<td colspan=\"2\" width=\"95\">&#8212;<\/td>\n<td colspan=\"2\" width=\"88\">19,0<\/td>\n<td width=\"107\">&#8212;<\/td>\n<td width=\"88\">&#8212;<\/td>\n<\/tr>\n<tr>\n<td width=\"265\">Filetage (taille x longueur ) [M x mm]<\/td>\n<td colspan=\"2\" width=\"95\">&#8212;<\/td>\n<td colspan=\"2\" width=\"88\">&#8212;<\/td>\n<td width=\"107\">M6 x 8<\/td>\n<td width=\"88\">&#8212;<\/td>\n<\/tr>\n<tr>\n<td width=\"265\">Ouverture de cl\u00e9\/ couple maxi [SW\/Nm]<\/td>\n<td colspan=\"2\" width=\"95\">&#8212;<\/td>\n<td colspan=\"2\" width=\"88\">&#8212;<\/td>\n<td width=\"107\">13\/8<\/td>\n<td width=\"88\">&#8212;<\/td>\n<\/tr>\n<tr>\n<td width=\"265\">Connexion standard<\/td>\n<td colspan=\"6\" width=\"378\">Toron : 0,5 mm2 \/ AWG 20<\/td>\n<\/tr>\n<tr>\n<td width=\"263\"><\/td>\n<td width=\"93\"><\/td>\n<td width=\"1\"><\/td>\n<td width=\"9\"><\/td>\n<td width=\"81\"><\/td>\n<td width=\"107\"><\/td>\n<td width=\"87\"><\/td>\n<\/tr>\n<\/tbody>\n<\/table>\n<p>&nbsp;<\/p>\n<table>\n<tbody>\n<tr>\n<td width=\"151\"><strong>C05<\/strong><\/td>\n<td width=\"151\"><strong>S05<\/strong><\/td>\n<td width=\"151\"><strong>L05<\/strong><\/td>\n<td width=\"151\"><strong>F05<\/strong><\/td>\n<\/tr>\n<tr>\n<td width=\"151\"><img loading=\"lazy\" decoding=\"async\" class=\"alignnone size-medium wp-image-8584\" src=\"https:\/\/schupp.ch\/wp-content\/uploads\/2024\/02\/TW_C05-300x300.jpg\" alt=\"\" width=\"300\" height=\"300\" srcset=\"https:\/\/schupp.ch\/wp-content\/uploads\/2024\/02\/TW_C05-300x300.jpg 300w, https:\/\/schupp.ch\/wp-content\/uploads\/2024\/02\/TW_C05-600x600.jpg 600w, https:\/\/schupp.ch\/wp-content\/uploads\/2024\/02\/TW_C05-900x900.jpg 900w, https:\/\/schupp.ch\/wp-content\/uploads\/2024\/02\/TW_C05-100x100.jpg 100w, https:\/\/schupp.ch\/wp-content\/uploads\/2024\/02\/TW_C05-150x150.jpg 150w, https:\/\/schupp.ch\/wp-content\/uploads\/2024\/02\/TW_C05-768x768.jpg 768w, https:\/\/schupp.ch\/wp-content\/uploads\/2024\/02\/TW_C05-1024x1024.jpg 1024w\" sizes=\"auto, (max-width: 300px) 100vw, 300px\" \/><\/td>\n<td width=\"151\"><img loading=\"lazy\" decoding=\"async\" class=\"alignnone size-medium wp-image-8587\" src=\"https:\/\/schupp.ch\/wp-content\/uploads\/2024\/02\/TW_S05-300x300.jpg\" alt=\"\" width=\"300\" height=\"300\" srcset=\"https:\/\/schupp.ch\/wp-content\/uploads\/2024\/02\/TW_S05-300x300.jpg 300w, https:\/\/schupp.ch\/wp-content\/uploads\/2024\/02\/TW_S05-600x600.jpg 600w, https:\/\/schupp.ch\/wp-content\/uploads\/2024\/02\/TW_S05-900x900.jpg 900w, https:\/\/schupp.ch\/wp-content\/uploads\/2024\/02\/TW_S05-100x100.jpg 100w, https:\/\/schupp.ch\/wp-content\/uploads\/2024\/02\/TW_S05-150x150.jpg 150w, https:\/\/schupp.ch\/wp-content\/uploads\/2024\/02\/TW_S05-768x768.jpg 768w, https:\/\/schupp.ch\/wp-content\/uploads\/2024\/02\/TW_S05-1024x1024.jpg 1024w\" sizes=\"auto, (max-width: 300px) 100vw, 300px\" \/><\/td>\n<td width=\"151\"><img loading=\"lazy\" decoding=\"async\" class=\"alignnone size-medium wp-image-8591\" src=\"https:\/\/schupp.ch\/wp-content\/uploads\/2024\/02\/TW_L05-300x300.jpg\" alt=\"\" width=\"300\" height=\"300\" srcset=\"https:\/\/schupp.ch\/wp-content\/uploads\/2024\/02\/TW_L05-300x300.jpg 300w, https:\/\/schupp.ch\/wp-content\/uploads\/2024\/02\/TW_L05-600x600.jpg 600w, https:\/\/schupp.ch\/wp-content\/uploads\/2024\/02\/TW_L05-900x900.jpg 900w, https:\/\/schupp.ch\/wp-content\/uploads\/2024\/02\/TW_L05-100x100.jpg 100w, https:\/\/schupp.ch\/wp-content\/uploads\/2024\/02\/TW_L05-150x150.jpg 150w, https:\/\/schupp.ch\/wp-content\/uploads\/2024\/02\/TW_L05-768x768.jpg 768w, https:\/\/schupp.ch\/wp-content\/uploads\/2024\/02\/TW_L05-1024x1024.jpg 1024w\" sizes=\"auto, (max-width: 300px) 100vw, 300px\" \/><\/td>\n<td width=\"151\"><img loading=\"lazy\" decoding=\"async\" class=\"alignnone size-medium wp-image-8594\" src=\"https:\/\/schupp.ch\/wp-content\/uploads\/2024\/02\/TW_F05-300x300.jpg\" alt=\"\" width=\"300\" height=\"300\" srcset=\"https:\/\/schupp.ch\/wp-content\/uploads\/2024\/02\/TW_F05-300x300.jpg 300w, https:\/\/schupp.ch\/wp-content\/uploads\/2024\/02\/TW_F05-600x600.jpg 600w, https:\/\/schupp.ch\/wp-content\/uploads\/2024\/02\/TW_F05-900x900.jpg 900w, https:\/\/schupp.ch\/wp-content\/uploads\/2024\/02\/TW_F05-100x100.jpg 100w, https:\/\/schupp.ch\/wp-content\/uploads\/2024\/02\/TW_F05-150x150.jpg 150w, https:\/\/schupp.ch\/wp-content\/uploads\/2024\/02\/TW_F05-768x768.jpg 768w, https:\/\/schupp.ch\/wp-content\/uploads\/2024\/02\/TW_F05-1024x1024.jpg 1024w\" sizes=\"auto, (max-width: 300px) 100vw, 300px\" \/><\/td>\n<\/tr>\n<\/tbody>\n<\/table>\n<p>&nbsp;<\/p>\n<p><strong>Note<\/strong><\/p>\n<p>Les donn\u00e9es et informations indiqu\u00e9es sont bas\u00e9es sur des tests et des s\u00e9ries d&rsquo;essais. Elles ont un caract\u00e8re indicatif, c&rsquo;est pourquoi il peut y avoir des diff\u00e9rences pour certaines applications et utilisations. L&rsquo;utilisateur doit v\u00e9rifier au cas par cas si le produit convient \u00e0 une application concr\u00e8te.<\/p>\n<p>&nbsp;<\/p>\n","protected":false},"excerpt":{"rendered":"<p>&nbsp;<\/p>\n<h5><strong>Les types C05<\/strong>, <strong>S05, L05 <\/strong>et <strong>F05 <\/strong>sont des interrupteurs avec c\u00e2bles de raccordement, \u00e0 r\u00e9armement automatique avec ou sans expoxy.<\/h5>\n<h5><\/h5>\n<h5><strong>L05 <\/strong>avec bo\u00eetier \u00e0 visser en aluminium<\/h5>\n<h5><\/h5>\n<h5><strong>F05 <\/strong>avec \u00e9poxy, enti\u00e8rement isol\u00e9 avec capuchon en Nomex<\/h5>\n<h5><\/h5>\n<h5><\/h5>\n<h5>Applications possibles dans les armoires \u00e9lectriques, sur les carters de moteur ou les dissipateurs thermiques<\/h5>\n<p>&nbsp;<\/p>\n","protected":false},"featured_media":2307,"template":"","meta":{"_acf_changed":false},"product_brand":[],"product_cat":[189,289],"product_tag":[],"class_list":{"0":"post-5957","1":"product","2":"type-product","3":"status-publish","4":"has-post-thumbnail","6":"product_cat-surveillance-de-la-temperature","7":"product_cat-limiteur-de-temperature-4-0-25-a","9":"first","10":"instock","11":"shipping-taxable","12":"purchasable","13":"product-type-simple"},"acf":[],"_links":{"self":[{"href":"https:\/\/schupp.ch\/fr\/wp-json\/wp\/v2\/product\/5957","targetHints":{"allow":["GET"]}}],"collection":[{"href":"https:\/\/schupp.ch\/fr\/wp-json\/wp\/v2\/product"}],"about":[{"href":"https:\/\/schupp.ch\/fr\/wp-json\/wp\/v2\/types\/product"}],"wp:featuredmedia":[{"embeddable":true,"href":"https:\/\/schupp.ch\/fr\/wp-json\/wp\/v2\/media\/2307"}],"wp:attachment":[{"href":"https:\/\/schupp.ch\/fr\/wp-json\/wp\/v2\/media?parent=5957"}],"wp:term":[{"taxonomy":"product_brand","embeddable":true,"href":"https:\/\/schupp.ch\/fr\/wp-json\/wp\/v2\/product_brand?post=5957"},{"taxonomy":"product_cat","embeddable":true,"href":"https:\/\/schupp.ch\/fr\/wp-json\/wp\/v2\/product_cat?post=5957"},{"taxonomy":"product_tag","embeddable":true,"href":"https:\/\/schupp.ch\/fr\/wp-json\/wp\/v2\/product_tag?post=5957"}],"curies":[{"name":"wp","href":"https:\/\/api.w.org\/{rel}","templated":true}]}}