{"id":5958,"date":"2024-02-01T10:46:32","date_gmt":"2024-02-01T09:46:32","guid":{"rendered":"https:\/\/schupp.ch\/p\/limiteur-de-temperature-type-l06-p06-h06-v06-4-0-25-a\/"},"modified":"2025-11-27T15:11:39","modified_gmt":"2025-11-27T14:11:39","slug":"limiteur-de-temperature-type-l06-p06-h06-v06-4-0-25-a","status":"publish","type":"product","link":"https:\/\/schupp.ch\/fr\/p\/limiteur-de-temperature-type-l06-p06-h06-v06-4-0-25-a\/","title":{"rendered":"Limiteur de Temp\u00e9rature Type L06 \/ P06 \/ H06 \/ V06 ; 4.0 &#8211; 25 A"},"content":{"rendered":"<table>\n<tbody>\n<tr>\n<td width=\"151\">\n<h5 style=\"text-align: center;\">L06<\/h5>\n<\/td>\n<td style=\"text-align: center;\" width=\"151\">\n<h5>P06<\/h5>\n<\/td>\n<td style=\"text-align: center;\" width=\"151\">\n<h5>H06<\/h5>\n<\/td>\n<td width=\"151\">\n<h5 style=\"text-align: center;\">V06<\/h5>\n<\/td>\n<\/tr>\n<tr>\n<td width=\"151\"><img loading=\"lazy\" decoding=\"async\" class=\"size-medium wp-image-4182 aligncenter\" src=\"https:\/\/schupp.ch\/wp-content\/uploads\/2024\/02\/L06-198x300.jpg\" alt=\"\" width=\"198\" height=\"300\" srcset=\"https:\/\/schupp.ch\/wp-content\/uploads\/2024\/02\/L06-198x300.jpg 198w, https:\/\/schupp.ch\/wp-content\/uploads\/2024\/02\/L06.jpg 206w\" sizes=\"auto, (max-width: 198px) 100vw, 198px\" \/><\/td>\n<td width=\"151\"><img loading=\"lazy\" decoding=\"async\" class=\"size-full wp-image-4185 aligncenter\" src=\"https:\/\/schupp.ch\/wp-content\/uploads\/2024\/02\/P06-1.jpg\" alt=\"\" width=\"157\" height=\"287\" \/><\/td>\n<td width=\"151\"><img loading=\"lazy\" decoding=\"async\" class=\"size-medium wp-image-4188 aligncenter\" src=\"https:\/\/schupp.ch\/wp-content\/uploads\/2024\/02\/H06-168x300.jpg\" alt=\"\" width=\"168\" height=\"300\" srcset=\"https:\/\/schupp.ch\/wp-content\/uploads\/2024\/02\/H06-168x300.jpg 168w, https:\/\/schupp.ch\/wp-content\/uploads\/2024\/02\/H06.jpg 177w\" sizes=\"auto, (max-width: 168px) 100vw, 168px\" \/><\/td>\n<td width=\"151\"><img loading=\"lazy\" decoding=\"async\" class=\"size-medium wp-image-4191 aligncenter\" src=\"https:\/\/schupp.ch\/wp-content\/uploads\/2024\/02\/V06-163x300.jpg\" alt=\"\" width=\"163\" height=\"300\" srcset=\"https:\/\/schupp.ch\/wp-content\/uploads\/2024\/02\/V06-163x300.jpg 163w, https:\/\/schupp.ch\/wp-content\/uploads\/2024\/02\/V06.jpg 172w\" sizes=\"auto, (max-width: 163px) 100vw, 163px\" \/><\/td>\n<\/tr>\n<\/tbody>\n<\/table>\n<p>&nbsp;<\/p>\n<table>\n<tbody>\n<tr>\n<td width=\"255\">Type de commutation :<\/td>\n<td colspan=\"2\" width=\"111\"><strong>Contact \u00e0 ouverture L06<br \/>\n\u00e0 r\u00e9armement<\/strong><\/td>\n<td width=\"91\"><strong>Contact \u00e0 ouverture P06<br \/>\n\u00e0 r\u00e9armement<\/strong><\/td>\n<td width=\"88\"><strong>Contact \u00e0 ouverture H06<br \/>\n\u00e0 r\u00e9armement<\/strong><\/td>\n<td width=\"87\"><strong>Contact \u00e0 ouverture V06<br \/>\n\u00e0 r\u00e9armement<\/strong><\/td>\n<\/tr>\n<tr>\n<td width=\"255\">isol\u00e9s, par exemple :<\/td>\n<td colspan=\"2\" width=\"111\">oui<\/td>\n<td width=\"91\">oui<\/td>\n<td width=\"88\">oui<\/td>\n<td width=\"87\">oui<\/td>\n<\/tr>\n<tr>\n<td colspan=\"6\" width=\"632\"><strong>Temp\u00e9rature<\/strong><\/td>\n<\/tr>\n<tr>\n<td width=\"255\">Temp\u00e9rature de commutation nominale (NST) [\u00b0C]<br \/>\npar incr\u00e9ments de 5 K<\/td>\n<td colspan=\"4\" width=\"290\">70 &#8211; 200<\/td>\n<td width=\"87\">70 &#8211; 180<\/td>\n<\/tr>\n<tr>\n<td width=\"255\">Plage de tol\u00e9rance -Standard Tol [ [K]<\/td>\n<td colspan=\"5\" width=\"377\">\u00b1 5<\/td>\n<\/tr>\n<tr>\n<td width=\"255\">Commutateur inverse de temperature\u00a0(RST inf\u00e9rieure \u00e0 NST) UL [ [K]<\/td>\n<td colspan=\"5\" width=\"377\">-35 \u00b1 15<\/td>\n<\/tr>\n<tr>\n<td width=\"255\">(RST d\u00e9fini sur demande du client) VDE [ \u00b0C]<\/td>\n<td colspan=\"5\" width=\"377\">\u2265 35<\/td>\n<\/tr>\n<tr>\n<td colspan=\"6\" width=\"632\"><strong>Tension<\/strong><\/td>\n<\/tr>\n<tr>\n<td width=\"255\">max. Plage de tension de fonctionnement jusqu&rsquo;\u00e0 &#8230;<\/td>\n<td colspan=\"5\" width=\"377\">500 V AC \/ 28 VDC<\/td>\n<\/tr>\n<tr>\n<td width=\"255\">Tension assign\u00e9e AC [VAC]<\/td>\n<td colspan=\"5\" width=\"377\">250 (VDE), 277 (UL)<\/td>\n<\/tr>\n<tr>\n<td colspan=\"6\" width=\"632\"><strong>Courant\/cycles de commutation<\/strong><\/td>\n<\/tr>\n<tr>\n<td width=\"255\">Courant assign\u00e9 AC &#8211; cos \u03c6 = 1,0 [A] \/ [n]<\/td>\n<td colspan=\"5\" width=\"377\"><strong>10,0 <\/strong>\/ 10&rsquo;000<\/td>\n<\/tr>\n<tr>\n<td width=\"255\">Courant assign\u00e9 AC &#8211; cos \u03c6 = 0,6 [A] \/ [n]<\/td>\n<td colspan=\"5\" width=\"377\"><strong>6,3 <\/strong>\/ 10&rsquo;000<\/td>\n<\/tr>\n<tr>\n<td width=\"255\">Courant assign\u00e9 AC &#8211; cos \u03c6 = 1,0 [A] \/ [n]<\/td>\n<td colspan=\"5\" width=\"377\"><strong>25,0 <\/strong>\/ 2&rsquo;000<\/td>\n<\/tr>\n<tr>\n<td width=\"255\">Tension assign\u00e9e DC [V]<\/td>\n<td colspan=\"5\" width=\"377\">24<\/td>\n<\/tr>\n<tr>\n<td width=\"255\">Max. Courant de commutation DC [A] \/ [n]<\/td>\n<td colspan=\"5\" width=\"377\"><strong>40,0 <\/strong>\/ 10&rsquo;000<\/td>\n<\/tr>\n<tr>\n<td colspan=\"6\" width=\"632\"><strong>Sp\u00e9cifications suppl\u00e9mentaires<\/strong><\/td>\n<\/tr>\n<tr>\n<td width=\"255\">R\u00e9sistance aux hautes tensions [kV]<\/td>\n<td colspan=\"4\" width=\"290\">2<\/td>\n<td width=\"87\">3,75<\/td>\n<\/tr>\n<tr>\n<td width=\"255\">Temps total de rebondissement [ms]<\/td>\n<td colspan=\"5\" width=\"377\">&lt; 1<\/td>\n<\/tr>\n<tr>\n<td width=\"255\">R\u00e9sistance de contact (selon MIL-STD R5757) [m\u03a9]<\/td>\n<td colspan=\"5\" width=\"377\"><u>&lt;<\/u> 50<\/td>\n<\/tr>\n<tr>\n<td width=\"255\">R\u00e9sistance aux vibrations 10 &#8230; 60 Hz [<sup>m\/s2<\/sup>]<\/td>\n<td colspan=\"5\" width=\"377\">100<\/td>\n<\/tr>\n<tr>\n<td width=\"255\">R\u00e9sistance \u00e0 la pression du bo\u00eetier de commande [N].<\/td>\n<td colspan=\"5\" width=\"377\">600<\/td>\n<\/tr>\n<tr>\n<td width=\"255\">Convient pour l&rsquo;installationn dans la classe de protection<\/td>\n<td colspan=\"3\" width=\"202\">I + II<\/td>\n<td width=\"88\">I + II<\/td>\n<td width=\"87\">II<\/td>\n<\/tr>\n<tr>\n<td width=\"255\">R\u00e9sistance \u00e0 l&rsquo;impr\u00e9gnation<\/td>\n<td colspan=\"5\" width=\"377\">convient<\/td>\n<\/tr>\n<tr>\n<td colspan=\"6\" width=\"632\"><strong>Licences et approbations disponibles<\/strong><\/td>\n<\/tr>\n<tr>\n<td width=\"255\">veuillez pr\u00e9ciser<\/td>\n<td colspan=\"4\" width=\"290\">IEC,ENEC,VDE,UL,CSA,CQC<\/td>\n<td width=\"87\">IEC,ENEC,VDE,CQC<\/td>\n<\/tr>\n<tr>\n<td colspan=\"6\" width=\"632\"><strong>Dimensions (standard)<\/strong><\/td>\n<\/tr>\n<tr>\n<td colspan=\"2\" width=\"265\">Diam\u00e8tre ou dimension \u00d8 d ou l x b[mm]<\/td>\n<td width=\"101\">10,0<\/td>\n<td width=\"91\">17 x 11,0<\/td>\n<td width=\"88\">17,0 x 11,0<\/td>\n<td width=\"87\">26,0 x 13,5<\/td>\n<\/tr>\n<tr>\n<td colspan=\"2\" width=\"265\">Hauteur h [mm]<\/td>\n<td width=\"101\">\u00e0 partir de 5,0<\/td>\n<td width=\"91\">\u00e0 partir de 6,0<\/td>\n<td width=\"88\">\u00e0 partir de 7,5<\/td>\n<td width=\"87\">\u00e0 partir de 10,0<\/td>\n<\/tr>\n<tr>\n<td colspan=\"2\" width=\"265\">Filetage (taille x longueur ) [Mx x mm]<\/td>\n<td width=\"101\">M4 x 5,0<\/td>\n<td width=\"91\">&#8212;<\/td>\n<td width=\"88\">&#8212;<\/td>\n<td width=\"87\">&#8212;<\/td>\n<\/tr>\n<tr>\n<td colspan=\"2\" width=\"265\">Ouverture de cl\u00e9\/ couple maxi [SW\/Nm]<\/td>\n<td width=\"101\">10,0 \/ 2<\/td>\n<td width=\"91\">&#8212;<\/td>\n<td width=\"88\">&#8211; \/ 3,0<\/td>\n<td width=\"87\">&#8211; \/ 2,5<\/td>\n<\/tr>\n<tr>\n<td colspan=\"2\" width=\"265\">Connexion standard toron :<\/td>\n<td colspan=\"3\" width=\"280\">0,75 mm2\/ AWG18<\/td>\n<td width=\"87\">0,50 mm2\/AWG 20<\/td>\n<\/tr>\n<tr>\n<td width=\"208\"><\/td>\n<td width=\"4\"><\/td>\n<td width=\"85\"><\/td>\n<td width=\"90\"><\/td>\n<td width=\"82\"><\/td>\n<td width=\"85\"><\/td>\n<\/tr>\n<\/tbody>\n<\/table>\n<p>&nbsp;<\/p>\n<table>\n<tbody>\n<tr>\n<td width=\"151\"><strong>L06<\/strong><\/td>\n<td width=\"151\"><strong>P06<\/strong><\/td>\n<td width=\"151\"><strong>H06<\/strong><\/td>\n<td width=\"151\"><strong>V06<\/strong><\/td>\n<\/tr>\n<tr>\n<td width=\"151\"><img loading=\"lazy\" decoding=\"async\" class=\"alignnone size-medium wp-image-8643\" src=\"https:\/\/schupp.ch\/wp-content\/uploads\/2024\/02\/TW_L06-300x300.jpg\" alt=\"\" width=\"300\" height=\"300\" srcset=\"https:\/\/schupp.ch\/wp-content\/uploads\/2024\/02\/TW_L06-300x300.jpg 300w, https:\/\/schupp.ch\/wp-content\/uploads\/2024\/02\/TW_L06-600x600.jpg 600w, https:\/\/schupp.ch\/wp-content\/uploads\/2024\/02\/TW_L06-900x900.jpg 900w, https:\/\/schupp.ch\/wp-content\/uploads\/2024\/02\/TW_L06-100x100.jpg 100w, https:\/\/schupp.ch\/wp-content\/uploads\/2024\/02\/TW_L06-150x150.jpg 150w, https:\/\/schupp.ch\/wp-content\/uploads\/2024\/02\/TW_L06-768x768.jpg 768w, https:\/\/schupp.ch\/wp-content\/uploads\/2024\/02\/TW_L06-1024x1024.jpg 1024w\" sizes=\"auto, (max-width: 300px) 100vw, 300px\" \/><\/td>\n<td width=\"151\"><img loading=\"lazy\" decoding=\"async\" class=\"alignnone size-medium wp-image-8646\" src=\"https:\/\/schupp.ch\/wp-content\/uploads\/2024\/02\/TW_P06-300x300.jpg\" alt=\"\" width=\"300\" height=\"300\" srcset=\"https:\/\/schupp.ch\/wp-content\/uploads\/2024\/02\/TW_P06-300x300.jpg 300w, https:\/\/schupp.ch\/wp-content\/uploads\/2024\/02\/TW_P06-600x600.jpg 600w, https:\/\/schupp.ch\/wp-content\/uploads\/2024\/02\/TW_P06-900x900.jpg 900w, https:\/\/schupp.ch\/wp-content\/uploads\/2024\/02\/TW_P06-100x100.jpg 100w, https:\/\/schupp.ch\/wp-content\/uploads\/2024\/02\/TW_P06-150x150.jpg 150w, https:\/\/schupp.ch\/wp-content\/uploads\/2024\/02\/TW_P06-768x768.jpg 768w, https:\/\/schupp.ch\/wp-content\/uploads\/2024\/02\/TW_P06-1024x1024.jpg 1024w\" sizes=\"auto, (max-width: 300px) 100vw, 300px\" \/><\/td>\n<td width=\"151\"><img loading=\"lazy\" decoding=\"async\" class=\"alignnone size-medium wp-image-8649\" src=\"https:\/\/schupp.ch\/wp-content\/uploads\/2024\/02\/TW_H06-300x300.jpg\" alt=\"\" width=\"300\" height=\"300\" srcset=\"https:\/\/schupp.ch\/wp-content\/uploads\/2024\/02\/TW_H06-300x300.jpg 300w, https:\/\/schupp.ch\/wp-content\/uploads\/2024\/02\/TW_H06-600x600.jpg 600w, https:\/\/schupp.ch\/wp-content\/uploads\/2024\/02\/TW_H06-900x900.jpg 900w, https:\/\/schupp.ch\/wp-content\/uploads\/2024\/02\/TW_H06-100x100.jpg 100w, https:\/\/schupp.ch\/wp-content\/uploads\/2024\/02\/TW_H06-150x150.jpg 150w, https:\/\/schupp.ch\/wp-content\/uploads\/2024\/02\/TW_H06-768x768.jpg 768w, https:\/\/schupp.ch\/wp-content\/uploads\/2024\/02\/TW_H06-1024x1024.jpg 1024w\" sizes=\"auto, (max-width: 300px) 100vw, 300px\" \/><\/td>\n<td width=\"151\"><img loading=\"lazy\" decoding=\"async\" class=\"alignnone size-medium wp-image-8653\" src=\"https:\/\/schupp.ch\/wp-content\/uploads\/2024\/02\/TW_V06-300x300.jpg\" alt=\"\" width=\"300\" height=\"300\" srcset=\"https:\/\/schupp.ch\/wp-content\/uploads\/2024\/02\/TW_V06-300x300.jpg 300w, https:\/\/schupp.ch\/wp-content\/uploads\/2024\/02\/TW_V06-600x600.jpg 600w, https:\/\/schupp.ch\/wp-content\/uploads\/2024\/02\/TW_V06-900x900.jpg 900w, https:\/\/schupp.ch\/wp-content\/uploads\/2024\/02\/TW_V06-100x100.jpg 100w, https:\/\/schupp.ch\/wp-content\/uploads\/2024\/02\/TW_V06-150x150.jpg 150w, https:\/\/schupp.ch\/wp-content\/uploads\/2024\/02\/TW_V06-768x768.jpg 768w, https:\/\/schupp.ch\/wp-content\/uploads\/2024\/02\/TW_V06-1024x1024.jpg 1024w\" sizes=\"auto, (max-width: 300px) 100vw, 300px\" \/><\/td>\n<\/tr>\n<\/tbody>\n<\/table>\n<p>&nbsp;<\/p>\n<p><strong>Note<\/strong><\/p>\n<p>Les donn\u00e9es et informations indiqu\u00e9es sont bas\u00e9es sur des tests et des s\u00e9ries d&rsquo;essais. Elles ont un caract\u00e8re indicatif, c&rsquo;est pourquoi il peut y avoir des diff\u00e9rences pour certaines applications et utilisations. L&rsquo;utilisateur doit v\u00e9rifier au cas par cas si le produit convient \u00e0 une application concr\u00e8te.<\/p>\n<p>&nbsp;<\/p>\n","protected":false},"excerpt":{"rendered":"<p>&nbsp;<\/p>\n<h5><strong>Les types P06<\/strong>, <strong>H06 <\/strong>et <strong>V06 <\/strong>sont des interrupteurs avec bo\u00eetiers en saillie, enti\u00e8rement isol\u00e9s \u00e0 r\u00e9armement automatique avec Expoxy<\/h5>\n<h5><\/h5>\n<h5>P06 est \u00e9quip\u00e9 de broches de connexion<\/h5>\n<h5><\/h5>\n<h5><strong>Les types H06 <\/strong>et <strong>V06 <\/strong>sont \u00e9quip\u00e9s de fils de connexion.<\/h5>\n<p>&nbsp;<\/p>\n<p>&nbsp;<\/p>\n","protected":false},"featured_media":2307,"template":"","meta":{"_acf_changed":false},"product_brand":[],"product_cat":[189,289],"product_tag":[],"class_list":{"0":"post-5958","1":"product","2":"type-product","3":"status-publish","4":"has-post-thumbnail","6":"product_cat-surveillance-de-la-temperature","7":"product_cat-limiteur-de-temperature-4-0-25-a","9":"first","10":"instock","11":"shipping-taxable","12":"purchasable","13":"product-type-simple"},"acf":[],"_links":{"self":[{"href":"https:\/\/schupp.ch\/fr\/wp-json\/wp\/v2\/product\/5958","targetHints":{"allow":["GET"]}}],"collection":[{"href":"https:\/\/schupp.ch\/fr\/wp-json\/wp\/v2\/product"}],"about":[{"href":"https:\/\/schupp.ch\/fr\/wp-json\/wp\/v2\/types\/product"}],"wp:featuredmedia":[{"embeddable":true,"href":"https:\/\/schupp.ch\/fr\/wp-json\/wp\/v2\/media\/2307"}],"wp:attachment":[{"href":"https:\/\/schupp.ch\/fr\/wp-json\/wp\/v2\/media?parent=5958"}],"wp:term":[{"taxonomy":"product_brand","embeddable":true,"href":"https:\/\/schupp.ch\/fr\/wp-json\/wp\/v2\/product_brand?post=5958"},{"taxonomy":"product_cat","embeddable":true,"href":"https:\/\/schupp.ch\/fr\/wp-json\/wp\/v2\/product_cat?post=5958"},{"taxonomy":"product_tag","embeddable":true,"href":"https:\/\/schupp.ch\/fr\/wp-json\/wp\/v2\/product_tag?post=5958"}],"curies":[{"name":"wp","href":"https:\/\/api.w.org\/{rel}","templated":true}]}}