{"id":5959,"date":"2024-02-01T10:56:57","date_gmt":"2024-02-01T09:56:57","guid":{"rendered":"https:\/\/schupp.ch\/p\/limiteur-de-temperature-type-cr6-sr6-4-0-25a\/"},"modified":"2025-11-27T15:05:19","modified_gmt":"2025-11-27T14:05:19","slug":"limiteur-de-temperature-type-cr6-sr6-4-0-25a","status":"publish","type":"product","link":"https:\/\/schupp.ch\/fr\/p\/limiteur-de-temperature-type-cr6-sr6-4-0-25a\/","title":{"rendered":"Limiteur de Temp\u00e9rature Type CR6 \/ SR6 ; 4.0 &#8211; 25A"},"content":{"rendered":"<table>\n<tbody>\n<tr>\n<td width=\"302\">\n<h5 style=\"text-align: center;\">CR6<\/h5>\n<\/td>\n<td width=\"302\">\n<h5 style=\"text-align: center;\">SR6<\/h5>\n<\/td>\n<\/tr>\n<tr>\n<td width=\"302\"><img loading=\"lazy\" decoding=\"async\" class=\"alignnone size-medium wp-image-4140\" src=\"https:\/\/schupp.ch\/wp-content\/uploads\/2024\/02\/CR6-264x300.jpg\" alt=\"\" width=\"264\" height=\"300\" srcset=\"https:\/\/schupp.ch\/wp-content\/uploads\/2024\/02\/CR6-264x300.jpg 264w, https:\/\/schupp.ch\/wp-content\/uploads\/2024\/02\/CR6.jpg 283w\" sizes=\"auto, (max-width: 264px) 100vw, 264px\" \/><\/td>\n<td width=\"302\"><img loading=\"lazy\" decoding=\"async\" class=\"alignnone size-medium wp-image-4143\" src=\"https:\/\/schupp.ch\/wp-content\/uploads\/2024\/02\/SR6-214x300.jpg\" alt=\"\" width=\"214\" height=\"300\" srcset=\"https:\/\/schupp.ch\/wp-content\/uploads\/2024\/02\/SR6-214x300.jpg 214w, https:\/\/schupp.ch\/wp-content\/uploads\/2024\/02\/SR6.jpg 232w\" sizes=\"auto, (max-width: 214px) 100vw, 214px\" \/><\/td>\n<\/tr>\n<\/tbody>\n<\/table>\n<p>&nbsp;<\/p>\n<table width=\"633\">\n<tbody>\n<tr>\n<td width=\"361\"><strong>Type de commutation :<\/strong><\/td>\n<td width=\"137\"><strong>Contact \u00e0 ouverture CR6 autobloquant<\/strong><\/td>\n<td width=\"134\"><strong>Contact \u00e0 ouverture SR6 autobloquant<\/strong><\/td>\n<\/tr>\n<tr>\n<td width=\"361\">isol\u00e9 :<\/td>\n<td width=\"137\">non<\/td>\n<td width=\"134\">oui<\/td>\n<\/tr>\n<tr>\n<td colspan=\"3\" width=\"633\"><strong>Temp\u00e9rature<\/strong><\/td>\n<\/tr>\n<tr>\n<td width=\"361\">Temp\u00e9rature de commutation nominale (TCN), par incr\u00e9ments de 5 K [\u00b0C].<\/td>\n<td colspan=\"2\" width=\"271\">60 &#8211; 180<\/td>\n<\/tr>\n<tr>\n<td width=\"361\">Plage de tol\u00e9rances \u2264 140 \u00b0C Tol [ [K]<\/td>\n<td colspan=\"2\" width=\"271\">\u00b1 5<\/td>\n<\/tr>\n<tr>\n<td width=\"361\">Plage de tol\u00e9rances \u2265140 \u00b0C Tol [ [K]<\/td>\n<td colspan=\"2\" width=\"271\">\u00b1 10<\/td>\n<\/tr>\n<tr>\n<td width=\"361\">Commutateur inverse de temperature\u00a0(RST inf\u00e9rieure \u00e0 NST) UL [ [K]<\/td>\n<td colspan=\"2\" width=\"271\">\u2265 35<\/td>\n<\/tr>\n<tr>\n<td width=\"361\">(RST d\u00e9fini sur demande du client) VDE [ \u00b0C]<\/td>\n<td colspan=\"2\" width=\"271\">\u2265 35<\/td>\n<\/tr>\n<tr>\n<td colspan=\"3\" width=\"633\"><strong>Tension<\/strong><\/td>\n<\/tr>\n<tr>\n<td width=\"361\">Plage de tension de fonctionnement jusqu&rsquo;\u00e0 &#8230;<\/td>\n<td colspan=\"2\" width=\"271\">250 V<\/td>\n<\/tr>\n<tr>\n<td width=\"361\">Tension assign\u00e9e AC [VAC]<\/td>\n<td colspan=\"2\" width=\"271\">120\/230 (VDE), 250 (UL)<\/td>\n<\/tr>\n<tr>\n<td colspan=\"3\" width=\"633\"><strong>Courant\/cycles de commutation<\/strong><\/td>\n<\/tr>\n<tr>\n<td width=\"361\">Courant assign\u00e9 &#8211; cos \u03c6 = 1,0 [A] \/ [n]<\/td>\n<td colspan=\"2\" width=\"271\"><strong>10,0 <\/strong>\/ 1&rsquo;000<\/td>\n<\/tr>\n<tr>\n<td width=\"361\">Courant assign\u00e9 -cos \u03c6 = 0,6 [A] \/ [n]<\/td>\n<td colspan=\"2\" width=\"271\"><strong>6,3 <\/strong>\/ 1&rsquo;000<\/td>\n<\/tr>\n<tr>\n<td width=\"361\">max. Courant de commutation&#8211; cos \u03c6 = 1,0 [A] \/ [n]<\/td>\n<td colspan=\"2\" width=\"271\"><strong>25,0 <\/strong>\/ 1&rsquo;000<\/td>\n<\/tr>\n<tr>\n<td colspan=\"3\" width=\"633\"><strong>Sp\u00e9cifications suppl\u00e9mentaires<\/strong><\/td>\n<\/tr>\n<tr>\n<td width=\"361\">R\u00e9sistance \u00e0 la haute tension [kV]<\/td>\n<td width=\"137\">&#8212;<\/td>\n<td width=\"134\">2<\/td>\n<\/tr>\n<tr>\n<td width=\"361\">Temps total de rebondissement [ms]<\/td>\n<td colspan=\"2\" width=\"271\">&lt; 1<\/td>\n<\/tr>\n<tr>\n<td width=\"361\">R\u00e9sistance de contact (selon MIL-STD R5757) [m\u03a9]<\/td>\n<td colspan=\"2\" width=\"271\"><u>&lt;<\/u> 50<\/td>\n<\/tr>\n<tr>\n<td width=\"361\">R\u00e9sistance aux vibrations 10 &#8230; 60 Hz [<sup>m\/s2<\/sup>]<\/td>\n<td colspan=\"2\" width=\"271\">100<\/td>\n<\/tr>\n<tr>\n<td width=\"361\">R\u00e9sistance \u00e0 la pression du bo\u00eetier de commande [N].<\/td>\n<td colspan=\"2\" width=\"271\">600<\/td>\n<\/tr>\n<tr>\n<td colspan=\"3\" width=\"633\"><strong>Licences et approbations disponibles<\/strong><\/td>\n<\/tr>\n<tr>\n<td width=\"361\">veuillez pr\u00e9ciser<\/td>\n<td colspan=\"2\" width=\"271\">IEC, ENEC, VDE, UL, CSA, CQC<\/td>\n<\/tr>\n<tr>\n<td colspan=\"3\" width=\"633\"><strong>Dimensions (standard)<\/strong><\/td>\n<\/tr>\n<tr>\n<td width=\"361\">Diam\u00e8tre \u00d8 d [mm]<\/td>\n<td width=\"137\">9,0<\/td>\n<td width=\"134\">9,4<\/td>\n<\/tr>\n<tr>\n<td width=\"361\">Hauteur h [mm]<\/td>\n<td width=\"137\">\u00e0 partir de 6,3<\/td>\n<td width=\"134\">\u00e0 partir de 6,7<\/td>\n<\/tr>\n<tr>\n<td width=\"361\">Longueur du capuchon d&rsquo;isolation l [mm]<\/td>\n<td width=\"137\">&#8212;<\/td>\n<td width=\"134\">17,0<\/td>\n<\/tr>\n<tr>\n<td width=\"361\">Raccordement standard Toron :<\/td>\n<td colspan=\"2\" width=\"271\">0,75 mm2\/AWG 18<\/td>\n<\/tr>\n<tr>\n<td colspan=\"3\" width=\"633\"><strong>Sch\u00e9ma de fonctionnement<\/strong><\/td>\n<\/tr>\n<tr>\n<td colspan=\"3\" width=\"633\">&nbsp;<\/p>\n<p><img loading=\"lazy\" decoding=\"async\" class=\"alignnone wp-image-4146\" src=\"https:\/\/schupp.ch\/wp-content\/uploads\/2024\/02\/CR6_FSB.jpg\" alt=\"\" width=\"368\" height=\"235\" \/><\/p>\n<p>&nbsp;<\/p>\n<p>La c\u00e9ramique r\u00e9sistive connect\u00e9e en parall\u00e8le au commutateur s&rsquo;\u00e9chauffe apr\u00e8s l&rsquo;ouverture du Contact, ce qui maintient le Contact en position ouverte.<\/p>\n<p>&nbsp;<\/td>\n<\/tr>\n<\/tbody>\n<\/table>\n<p>&nbsp;<\/p>\n<table>\n<tbody>\n<tr>\n<td width=\"302\"><strong>CR6<\/strong><\/td>\n<td width=\"302\"><strong>SR6<\/strong><\/td>\n<\/tr>\n<tr>\n<td width=\"302\"><img loading=\"lazy\" decoding=\"async\" class=\"alignnone size-medium wp-image-8635\" src=\"https:\/\/schupp.ch\/wp-content\/uploads\/2024\/02\/TW_CR6-300x300.jpg\" alt=\"\" width=\"300\" height=\"300\" srcset=\"https:\/\/schupp.ch\/wp-content\/uploads\/2024\/02\/TW_CR6-300x300.jpg 300w, https:\/\/schupp.ch\/wp-content\/uploads\/2024\/02\/TW_CR6-600x600.jpg 600w, https:\/\/schupp.ch\/wp-content\/uploads\/2024\/02\/TW_CR6-900x900.jpg 900w, https:\/\/schupp.ch\/wp-content\/uploads\/2024\/02\/TW_CR6-100x100.jpg 100w, https:\/\/schupp.ch\/wp-content\/uploads\/2024\/02\/TW_CR6-150x150.jpg 150w, https:\/\/schupp.ch\/wp-content\/uploads\/2024\/02\/TW_CR6-768x768.jpg 768w, https:\/\/schupp.ch\/wp-content\/uploads\/2024\/02\/TW_CR6-1024x1024.jpg 1024w\" sizes=\"auto, (max-width: 300px) 100vw, 300px\" \/><\/td>\n<td width=\"302\"><img loading=\"lazy\" decoding=\"async\" class=\"alignnone size-medium wp-image-8639\" src=\"https:\/\/schupp.ch\/wp-content\/uploads\/2024\/02\/TW_SR6-300x300.jpg\" alt=\"\" width=\"300\" height=\"300\" srcset=\"https:\/\/schupp.ch\/wp-content\/uploads\/2024\/02\/TW_SR6-300x300.jpg 300w, https:\/\/schupp.ch\/wp-content\/uploads\/2024\/02\/TW_SR6-600x600.jpg 600w, https:\/\/schupp.ch\/wp-content\/uploads\/2024\/02\/TW_SR6-900x900.jpg 900w, https:\/\/schupp.ch\/wp-content\/uploads\/2024\/02\/TW_SR6-100x100.jpg 100w, https:\/\/schupp.ch\/wp-content\/uploads\/2024\/02\/TW_SR6-150x150.jpg 150w, https:\/\/schupp.ch\/wp-content\/uploads\/2024\/02\/TW_SR6-768x768.jpg 768w, https:\/\/schupp.ch\/wp-content\/uploads\/2024\/02\/TW_SR6-1024x1024.jpg 1024w\" sizes=\"auto, (max-width: 300px) 100vw, 300px\" \/><\/td>\n<\/tr>\n<\/tbody>\n<\/table>\n<p>&nbsp;<\/p>\n<p><strong>Note<\/strong><\/p>\n<p>Les donn\u00e9es et informations indiqu\u00e9es sont bas\u00e9es sur des tests et des s\u00e9ries d&rsquo;essais. Elles ont un caract\u00e8re indicatif, c&rsquo;est pourquoi il peut y avoir des diff\u00e9rences pour certaines applications et utilisations. L&rsquo;utilisateur doit v\u00e9rifier au cas par cas si le produit convient \u00e0 une application concr\u00e8te.<\/p>\n<p>&nbsp;<\/p>\n","protected":false},"excerpt":{"rendered":"<p>&nbsp;<\/p>\n<h5><strong>Les types CR6 <\/strong>et <strong>SR6 sont <\/strong>non \u00e0 r\u00e9armement automatique, maintenus sous tension<strong>, <\/strong>avec cordons de raccordement, avec Expoxy<\/h5>\n<h5><\/h5>\n<h5><strong>SR6 <\/strong>avec capuchon isolant Mylar\u00ae-Nomex\u00ae<\/h5>\n<p>&nbsp;<\/p>\n","protected":false},"featured_media":2307,"template":"","meta":{"_acf_changed":false},"product_brand":[],"product_cat":[189,289],"product_tag":[],"class_list":{"0":"post-5959","1":"product","2":"type-product","3":"status-publish","4":"has-post-thumbnail","6":"product_cat-surveillance-de-la-temperature","7":"product_cat-limiteur-de-temperature-4-0-25-a","9":"first","10":"instock","11":"shipping-taxable","12":"purchasable","13":"product-type-simple"},"acf":[],"_links":{"self":[{"href":"https:\/\/schupp.ch\/fr\/wp-json\/wp\/v2\/product\/5959","targetHints":{"allow":["GET"]}}],"collection":[{"href":"https:\/\/schupp.ch\/fr\/wp-json\/wp\/v2\/product"}],"about":[{"href":"https:\/\/schupp.ch\/fr\/wp-json\/wp\/v2\/types\/product"}],"wp:featuredmedia":[{"embeddable":true,"href":"https:\/\/schupp.ch\/fr\/wp-json\/wp\/v2\/media\/2307"}],"wp:attachment":[{"href":"https:\/\/schupp.ch\/fr\/wp-json\/wp\/v2\/media?parent=5959"}],"wp:term":[{"taxonomy":"product_brand","embeddable":true,"href":"https:\/\/schupp.ch\/fr\/wp-json\/wp\/v2\/product_brand?post=5959"},{"taxonomy":"product_cat","embeddable":true,"href":"https:\/\/schupp.ch\/fr\/wp-json\/wp\/v2\/product_cat?post=5959"},{"taxonomy":"product_tag","embeddable":true,"href":"https:\/\/schupp.ch\/fr\/wp-json\/wp\/v2\/product_tag?post=5959"}],"curies":[{"name":"wp","href":"https:\/\/api.w.org\/{rel}","templated":true}]}}