{"id":5960,"date":"2024-02-01T10:50:42","date_gmt":"2024-02-01T09:50:42","guid":{"rendered":"https:\/\/schupp.ch\/p\/limiteur-de-temperature-type-c08-s08-l08-4-0-25-a\/"},"modified":"2025-11-27T14:47:28","modified_gmt":"2025-11-27T13:47:28","slug":"limiteur-de-temperature-type-c08-s08-l08-4-0-25-a","status":"publish","type":"product","link":"https:\/\/schupp.ch\/fr\/p\/limiteur-de-temperature-type-c08-s08-l08-4-0-25-a\/","title":{"rendered":"Limiteur de Temp\u00e9rature Type C08 \/ S08 \/ L08 ; 4.0 &#8211; 25 A"},"content":{"rendered":"<table>\n<tbody>\n<tr>\n<td width=\"201\">\n<h5 style=\"text-align: center;\">C08<\/h5>\n<\/td>\n<td style=\"text-align: center;\" width=\"201\">\n<h5>S08<\/h5>\n<\/td>\n<td width=\"201\">\n<h5 style=\"text-align: center;\">L08<\/h5>\n<\/td>\n<\/tr>\n<tr>\n<td width=\"201\"><img loading=\"lazy\" decoding=\"async\" class=\"size-medium wp-image-4203 aligncenter\" src=\"https:\/\/schupp.ch\/wp-content\/uploads\/2024\/02\/C08-281x300.jpg\" alt=\"\" width=\"281\" height=\"300\" srcset=\"https:\/\/schupp.ch\/wp-content\/uploads\/2024\/02\/C08-281x300.jpg 281w, https:\/\/schupp.ch\/wp-content\/uploads\/2024\/02\/C08.jpg 295w\" sizes=\"auto, (max-width: 281px) 100vw, 281px\" \/><\/td>\n<td width=\"201\"><img loading=\"lazy\" decoding=\"async\" class=\"size-medium wp-image-4206 aligncenter\" src=\"https:\/\/schupp.ch\/wp-content\/uploads\/2024\/02\/S08-159x300.jpg\" alt=\"\" width=\"159\" height=\"300\" srcset=\"https:\/\/schupp.ch\/wp-content\/uploads\/2024\/02\/S08-159x300.jpg 159w, https:\/\/schupp.ch\/wp-content\/uploads\/2024\/02\/S08.jpg 170w\" sizes=\"auto, (max-width: 159px) 100vw, 159px\" \/><\/td>\n<td width=\"201\"><img loading=\"lazy\" decoding=\"async\" class=\"size-medium wp-image-4209 aligncenter\" src=\"https:\/\/schupp.ch\/wp-content\/uploads\/2024\/02\/L08-231x300.jpg\" alt=\"\" width=\"231\" height=\"300\" srcset=\"https:\/\/schupp.ch\/wp-content\/uploads\/2024\/02\/L08-231x300.jpg 231w, https:\/\/schupp.ch\/wp-content\/uploads\/2024\/02\/L08.jpg 250w\" sizes=\"auto, (max-width: 231px) 100vw, 231px\" \/><\/td>\n<\/tr>\n<\/tbody>\n<\/table>\n<p>&nbsp;<\/p>\n<table>\n<tbody>\n<tr>\n<td width=\"274\"><strong>Type de commutation :<\/strong><\/td>\n<td width=\"148\"><strong>Contact \u00e0 fermeture C08 \u00e0 r\u00e9armement<\/strong><\/td>\n<td width=\"93\"><strong>Contact \u00e0 fermeture S08 \u00e0 r\u00e9armement<\/strong><\/td>\n<td width=\"116\"><strong>Contact \u00e0 fermeture L08 \u00e0 r\u00e9armement<\/strong><\/td>\n<\/tr>\n<tr>\n<td width=\"274\">isol\u00e9s : capuchon\/bo\u00eetier isolant<\/td>\n<td width=\"148\">non<\/td>\n<td width=\"93\">oui<\/td>\n<td width=\"116\">oui<\/td>\n<\/tr>\n<tr>\n<td colspan=\"4\" width=\"632\"><strong>Temp\u00e9rature<\/strong><\/td>\n<\/tr>\n<tr>\n<td width=\"274\">* Temp\u00e9rature de commutation nominale (NST) [\u00b0C] par incr\u00e9ments de 5 K<\/td>\n<td colspan=\"3\" width=\"358\">70 &#8211; 200<\/td>\n<\/tr>\n<tr>\n<td width=\"274\">*Plage de tol\u00e9rance -Tol standard [ [K]<\/td>\n<td colspan=\"3\" width=\"358\">\u00b1 5<\/td>\n<\/tr>\n<tr>\n<td width=\"274\">Commutateur inverse de temperature\u00a0(RST inf\u00e9rieure \u00e0 NST) UL [K]<br \/>\nVDE [\u00b0C]<\/td>\n<td colspan=\"3\" width=\"358\">-35 \u00b1 15<br \/>\n\u2265 35<\/td>\n<\/tr>\n<tr>\n<td colspan=\"4\" width=\"632\"><strong>Tension<\/strong><\/td>\n<\/tr>\n<tr>\n<td width=\"274\">max. Plage de tensions de fonctionnement AC \u00e0 &#8230; [VAC]<\/td>\n<td colspan=\"3\" width=\"358\">500 V<\/td>\n<\/tr>\n<tr>\n<td width=\"274\">Tension assign\u00e9e AC [VAC]<\/td>\n<td colspan=\"3\" width=\"358\">250 (VDE), 277 (UL)<\/td>\n<\/tr>\n<tr>\n<td colspan=\"4\" width=\"632\"><strong>Courant\/cycles de commutation<\/strong><\/td>\n<\/tr>\n<tr>\n<td width=\"274\">Courant assign\u00e9 AC &#8211; cos \u03c6 = 1,0 [A] \/ [n]<\/td>\n<td colspan=\"3\" width=\"358\"><strong>10,0 <\/strong>\/ 10&rsquo;000<\/td>\n<\/tr>\n<tr>\n<td width=\"274\">Courant assign\u00e9 AC &#8211; cos \u03c6 = 0,6 [A] \/ [n]<\/td>\n<td colspan=\"3\" width=\"358\"><strong>6,3 <\/strong>\/ 10&rsquo;000<\/td>\n<\/tr>\n<tr>\n<td colspan=\"4\" width=\"632\"><strong>Sp\u00e9cifications suppl\u00e9mentaires<\/strong><\/td>\n<\/tr>\n<tr>\n<td width=\"274\">R\u00e9sistance \u00e0 la haute tension [kV]<\/td>\n<td width=\"148\">&#8212;<\/td>\n<td width=\"93\">2<\/td>\n<td width=\"116\">2<\/td>\n<\/tr>\n<tr>\n<td width=\"274\">Temps total de rebondissement [ms]<\/td>\n<td colspan=\"3\" width=\"358\">&lt; 1<\/td>\n<\/tr>\n<tr>\n<td width=\"274\">R\u00e9sistance de contact (selon MIL-STD R5757) [m\u03a9]<\/td>\n<td colspan=\"3\" width=\"358\"><u>&lt;<\/u> 50<\/td>\n<\/tr>\n<tr>\n<td width=\"274\">R\u00e9sistance aux vibrations 10 &#8230; 60 Hz [<sup>m\/s2<\/sup>]<\/td>\n<td colspan=\"3\" width=\"358\">100<\/td>\n<\/tr>\n<tr>\n<td width=\"274\">R\u00e9sistance \u00e0 la pression du bo\u00eetier de commande [N].<\/td>\n<td colspan=\"3\" width=\"358\">600<\/td>\n<\/tr>\n<tr>\n<td width=\"274\">Convient pour l&rsquo;installationn dans la classe de protection<\/td>\n<td width=\"148\">I<\/td>\n<td width=\"93\">I + II<\/td>\n<td width=\"116\">I + II<\/td>\n<\/tr>\n<tr>\n<td width=\"274\">R\u00e9sistance \u00e0 l&rsquo;impr\u00e9gnation<\/td>\n<td colspan=\"3\" width=\"358\">convient<\/td>\n<\/tr>\n<tr>\n<td colspan=\"4\" width=\"632\"><strong>Licences et approbations disponibles<\/strong><\/td>\n<\/tr>\n<tr>\n<td width=\"274\">veuillez pr\u00e9ciser<\/td>\n<td colspan=\"3\" width=\"358\">IEC, ENEC, VDE, UL, CSA, CQC<\/td>\n<\/tr>\n<tr>\n<td colspan=\"4\" width=\"632\"><strong>Dimensions (standard)<\/strong><\/td>\n<\/tr>\n<tr>\n<td width=\"274\">Diam\u00e8tre ou dimension \u00d8 d ou l x b[mm]<\/td>\n<td width=\"148\">9,0<\/td>\n<td width=\"93\">9,4<\/td>\n<td width=\"116\">10,0<\/td>\n<\/tr>\n<tr>\n<td width=\"274\">Hauteur h [mm]<\/td>\n<td width=\"148\">\u00e0 partir de 6,3<\/td>\n<td width=\"93\">\u00e0 partir de 6,7<\/td>\n<td width=\"116\">\u00e0 partir de 5,0<\/td>\n<\/tr>\n<tr>\n<td width=\"274\">Longueur du capuchon d&rsquo;isolation l [mm]<\/td>\n<td width=\"148\">&#8212;<\/td>\n<td width=\"93\">16,0<\/td>\n<td width=\"116\">&#8212;<\/td>\n<\/tr>\n<tr>\n<td width=\"274\">Filetage (taille x longueur ) [Mx x mm]<\/td>\n<td width=\"148\">&#8212;<\/td>\n<td width=\"93\">&#8212;<\/td>\n<td width=\"116\">M4 x 5,0<\/td>\n<\/tr>\n<tr>\n<td width=\"274\">Ouverture de cl\u00e9\/ Couple maxi [mm\/Nm]<\/td>\n<td width=\"148\">&#8212;<\/td>\n<td width=\"93\">&#8212;<\/td>\n<td width=\"116\">10,0 \/ 2<\/td>\n<\/tr>\n<tr>\n<td width=\"274\">Raccordement standard Toron :<\/td>\n<td colspan=\"3\" width=\"358\">0,75 mm2\/AWG18<\/td>\n<\/tr>\n<\/tbody>\n<\/table>\n<p>&nbsp;<\/p>\n<table>\n<tbody>\n<tr>\n<td width=\"201\"><strong>C08<\/strong><\/td>\n<td width=\"201\"><strong>S08<\/strong><\/td>\n<td width=\"201\"><strong>L08<\/strong><\/td>\n<\/tr>\n<tr>\n<td width=\"201\"><img loading=\"lazy\" decoding=\"async\" class=\"alignnone size-medium wp-image-8612\" src=\"https:\/\/schupp.ch\/wp-content\/uploads\/2024\/02\/TW_C08-300x300.jpg\" alt=\"\" width=\"300\" height=\"300\" srcset=\"https:\/\/schupp.ch\/wp-content\/uploads\/2024\/02\/TW_C08-300x300.jpg 300w, https:\/\/schupp.ch\/wp-content\/uploads\/2024\/02\/TW_C08-600x600.jpg 600w, https:\/\/schupp.ch\/wp-content\/uploads\/2024\/02\/TW_C08-900x900.jpg 900w, https:\/\/schupp.ch\/wp-content\/uploads\/2024\/02\/TW_C08-100x100.jpg 100w, https:\/\/schupp.ch\/wp-content\/uploads\/2024\/02\/TW_C08-150x150.jpg 150w, https:\/\/schupp.ch\/wp-content\/uploads\/2024\/02\/TW_C08-768x768.jpg 768w, https:\/\/schupp.ch\/wp-content\/uploads\/2024\/02\/TW_C08-1024x1024.jpg 1024w\" sizes=\"auto, (max-width: 300px) 100vw, 300px\" \/><\/td>\n<td width=\"201\"><img loading=\"lazy\" decoding=\"async\" class=\"alignnone size-medium wp-image-8615\" src=\"https:\/\/schupp.ch\/wp-content\/uploads\/2024\/02\/TW_S08-300x300.jpg\" alt=\"\" width=\"300\" height=\"300\" srcset=\"https:\/\/schupp.ch\/wp-content\/uploads\/2024\/02\/TW_S08-300x300.jpg 300w, https:\/\/schupp.ch\/wp-content\/uploads\/2024\/02\/TW_S08-600x600.jpg 600w, https:\/\/schupp.ch\/wp-content\/uploads\/2024\/02\/TW_S08-900x900.jpg 900w, https:\/\/schupp.ch\/wp-content\/uploads\/2024\/02\/TW_S08-100x100.jpg 100w, https:\/\/schupp.ch\/wp-content\/uploads\/2024\/02\/TW_S08-150x150.jpg 150w, https:\/\/schupp.ch\/wp-content\/uploads\/2024\/02\/TW_S08-768x768.jpg 768w, https:\/\/schupp.ch\/wp-content\/uploads\/2024\/02\/TW_S08-1024x1024.jpg 1024w\" sizes=\"auto, (max-width: 300px) 100vw, 300px\" \/><\/td>\n<td width=\"201\"><img loading=\"lazy\" decoding=\"async\" class=\"alignnone size-medium wp-image-8618\" src=\"https:\/\/schupp.ch\/wp-content\/uploads\/2024\/02\/TW_L08-300x300.jpg\" alt=\"\" width=\"300\" height=\"300\" srcset=\"https:\/\/schupp.ch\/wp-content\/uploads\/2024\/02\/TW_L08-300x300.jpg 300w, https:\/\/schupp.ch\/wp-content\/uploads\/2024\/02\/TW_L08-600x600.jpg 600w, https:\/\/schupp.ch\/wp-content\/uploads\/2024\/02\/TW_L08-900x900.jpg 900w, https:\/\/schupp.ch\/wp-content\/uploads\/2024\/02\/TW_L08-100x100.jpg 100w, https:\/\/schupp.ch\/wp-content\/uploads\/2024\/02\/TW_L08-150x150.jpg 150w, https:\/\/schupp.ch\/wp-content\/uploads\/2024\/02\/TW_L08-768x768.jpg 768w, https:\/\/schupp.ch\/wp-content\/uploads\/2024\/02\/TW_L08-1024x1024.jpg 1024w\" sizes=\"auto, (max-width: 300px) 100vw, 300px\" \/><\/td>\n<\/tr>\n<\/tbody>\n<\/table>\n<p>&nbsp;<\/p>\n<p><strong>Note<\/strong><\/p>\n<p>Les donn\u00e9es et informations indiqu\u00e9es sont bas\u00e9es sur des tests et des s\u00e9ries d&rsquo;essais. Elles ont un caract\u00e8re indicatif, c&rsquo;est pourquoi il peut y avoir des diff\u00e9rences pour certaines applications et utilisations. L&rsquo;utilisateur doit v\u00e9rifier au cas par cas si le produit convient \u00e0 une application concr\u00e8te.<\/p>\n<p>&nbsp;<\/p>\n","protected":false},"excerpt":{"rendered":"<p>&nbsp;<\/p>\n<h5><strong>Les types C08<\/strong>, <strong>S08 <\/strong>et <strong>L08 <\/strong>sont des interrupteurs avec c\u00e2bles de raccordement, \u00e0 r\u00e9armement automatique avec ou sans Expoxy.<\/h5>\n<h5><\/h5>\n<h5><strong>S08 <\/strong>avec \u00e9poxy, enti\u00e8rement isol\u00e9e avec capuchon Mylar\u00aeNomex<\/h5>\n<h5><\/h5>\n<h5><strong>L08 <\/strong>avec bo\u00eetier \u00e0 visser en aluminium<\/h5>\n<h5><\/h5>\n<h5>Applications possibles dans les armoires \u00e9lectriques, sur les carters de moteur ou les dissipateurs thermiques<\/h5>\n<p>&nbsp;<\/p>\n","protected":false},"featured_media":2307,"template":"","meta":{"_acf_changed":false},"product_brand":[],"product_cat":[189,289],"product_tag":[],"class_list":{"0":"post-5960","1":"product","2":"type-product","3":"status-publish","4":"has-post-thumbnail","6":"product_cat-surveillance-de-la-temperature","7":"product_cat-limiteur-de-temperature-4-0-25-a","9":"first","10":"instock","11":"shipping-taxable","12":"purchasable","13":"product-type-simple"},"acf":[],"_links":{"self":[{"href":"https:\/\/schupp.ch\/fr\/wp-json\/wp\/v2\/product\/5960","targetHints":{"allow":["GET"]}}],"collection":[{"href":"https:\/\/schupp.ch\/fr\/wp-json\/wp\/v2\/product"}],"about":[{"href":"https:\/\/schupp.ch\/fr\/wp-json\/wp\/v2\/types\/product"}],"wp:featuredmedia":[{"embeddable":true,"href":"https:\/\/schupp.ch\/fr\/wp-json\/wp\/v2\/media\/2307"}],"wp:attachment":[{"href":"https:\/\/schupp.ch\/fr\/wp-json\/wp\/v2\/media?parent=5960"}],"wp:term":[{"taxonomy":"product_brand","embeddable":true,"href":"https:\/\/schupp.ch\/fr\/wp-json\/wp\/v2\/product_brand?post=5960"},{"taxonomy":"product_cat","embeddable":true,"href":"https:\/\/schupp.ch\/fr\/wp-json\/wp\/v2\/product_cat?post=5960"},{"taxonomy":"product_tag","embeddable":true,"href":"https:\/\/schupp.ch\/fr\/wp-json\/wp\/v2\/product_tag?post=5960"}],"curies":[{"name":"wp","href":"https:\/\/api.w.org\/{rel}","templated":true}]}}