{"id":5961,"date":"2024-02-01T10:59:41","date_gmt":"2024-02-01T09:59:41","guid":{"rendered":"https:\/\/schupp.ch\/p\/limiteur-de-temperature-tripolaire-pour-point-neutre-type-sy6-cy6-syh-cyh-4-0-25-a\/"},"modified":"2026-02-18T14:43:31","modified_gmt":"2026-02-18T13:43:31","slug":"limiteur-de-temperature-tripolaire-pour-point-neutre-type-sy6-cy6-syh-cyh-4-0-25-a","status":"publish","type":"product","link":"https:\/\/schupp.ch\/fr\/p\/limiteur-de-temperature-tripolaire-pour-point-neutre-type-sy6-cy6-syh-cyh-4-0-25-a\/","title":{"rendered":"Limiteur de Temp\u00e9rature tripolaire pour point neutre type SY6 \/ CY6 \/ SYH \/ CYH ; 4.0 &#8211; 25 A"},"content":{"rendered":"<table>\n<tbody>\n<tr>\n<td width=\"151\">\n<h5 style=\"text-align: center;\">SY6<\/h5>\n<\/td>\n<td style=\"text-align: center;\" width=\"151\">\n<h5>CY6<\/h5>\n<\/td>\n<td style=\"text-align: center;\" width=\"151\">\n<h5>SYH<\/h5>\n<\/td>\n<td width=\"151\">\n<h5 style=\"text-align: center;\">CYH<\/h5>\n<\/td>\n<\/tr>\n<tr>\n<td width=\"151\"><img loading=\"lazy\" decoding=\"async\" class=\"size-medium wp-image-4125 aligncenter\" src=\"https:\/\/schupp.ch\/wp-content\/uploads\/2024\/02\/SY6-96x300.jpg\" alt=\"\" width=\"96\" height=\"300\" srcset=\"https:\/\/schupp.ch\/wp-content\/uploads\/2024\/02\/SY6-96x300.jpg 96w, https:\/\/schupp.ch\/wp-content\/uploads\/2024\/02\/SY6.jpg 132w\" sizes=\"auto, (max-width: 96px) 100vw, 96px\" \/><\/td>\n<td width=\"151\"><img loading=\"lazy\" decoding=\"async\" class=\"size-medium wp-image-4128 aligncenter\" src=\"https:\/\/schupp.ch\/wp-content\/uploads\/2024\/02\/CY6-96x300.jpg\" alt=\"\" width=\"96\" height=\"300\" srcset=\"https:\/\/schupp.ch\/wp-content\/uploads\/2024\/02\/CY6-96x300.jpg 96w, https:\/\/schupp.ch\/wp-content\/uploads\/2024\/02\/CY6-128x400.jpg 128w\" sizes=\"auto, (max-width: 96px) 100vw, 96px\" \/><\/td>\n<td width=\"151\"><img loading=\"lazy\" decoding=\"async\" class=\"size-medium wp-image-4131 aligncenter\" src=\"https:\/\/schupp.ch\/wp-content\/uploads\/2024\/02\/SYH-108x300.jpg\" alt=\"\" width=\"108\" height=\"300\" srcset=\"https:\/\/schupp.ch\/wp-content\/uploads\/2024\/02\/SYH-108x300.jpg 108w, https:\/\/schupp.ch\/wp-content\/uploads\/2024\/02\/SYH.jpg 150w\" sizes=\"auto, (max-width: 108px) 100vw, 108px\" \/><\/td>\n<td width=\"151\"><img loading=\"lazy\" decoding=\"async\" class=\"size-medium wp-image-4134 aligncenter\" src=\"https:\/\/schupp.ch\/wp-content\/uploads\/2024\/02\/CYH-113x300.jpg\" alt=\"\" width=\"113\" height=\"300\" srcset=\"https:\/\/schupp.ch\/wp-content\/uploads\/2024\/02\/CYH-113x300.jpg 113w, https:\/\/schupp.ch\/wp-content\/uploads\/2024\/02\/CYH.jpg 151w\" sizes=\"auto, (max-width: 113px) 100vw, 113px\" \/><\/td>\n<\/tr>\n<\/tbody>\n<\/table>\n<p>&nbsp;<\/p>\n<table width=\"643\">\n<tbody>\n<tr>\n<td width=\"255\">Type de commutation<\/td>\n<td width=\"94\"><strong>Contact \u00e0 ouverture SY6 \u00e0 r\u00e9armement<\/strong><\/td>\n<td width=\"94\"><strong>Contact \u00e0 ouverture CY6 \u00e0 r\u00e9armement<\/strong><\/td>\n<td width=\"94\"><strong>Contact \u00e0 ouverture SYH \u00e0 r\u00e9armement<\/strong><\/td>\n<td width=\"94\"><strong>Contact \u00e0 ouverture CYH \u00e0 r\u00e9armement<\/strong><\/td>\n<\/tr>\n<tr>\n<td width=\"255\">isol\u00e9s par rapport \u00e0 l&rsquo;ext\u00e9rieur : Bo\u00eetier<\/td>\n<td width=\"94\">oui<\/td>\n<td width=\"94\">non<\/td>\n<td width=\"94\">oui<\/td>\n<td width=\"94\">non<\/td>\n<\/tr>\n<tr>\n<td width=\"255\"><strong>Temp\u00e9rature<\/strong><\/td>\n<td width=\"94\"><\/td>\n<td width=\"94\"><\/td>\n<td width=\"94\"><\/td>\n<td width=\"94\"><\/td>\n<\/tr>\n<tr>\n<td width=\"255\">Temp\u00e9rature de commutation nominale (TCN), par incr\u00e9ments de 5 K [\u00b0C].<\/td>\n<td colspan=\"2\" width=\"190\">70 &#8211; 200<\/td>\n<td colspan=\"2\" width=\"190\">70 &#8211; 180<\/td>\n<\/tr>\n<tr>\n<td width=\"255\">Plage de tol\u00e9rances -Tol standard [ [K]<\/td>\n<td colspan=\"2\" width=\"190\">\u00b1 5<\/td>\n<td colspan=\"2\" width=\"190\">\u00b1 10<\/td>\n<\/tr>\n<tr>\n<td width=\"255\">Commutateur inverse de temperature\u00a0(RST inf\u00e9rieure \u00e0 NST) UL (\u00b0C)<\/td>\n<td colspan=\"4\" width=\"382\">-35 \u00b1 15<\/td>\n<\/tr>\n<tr>\n<td width=\"255\">( RST d\u00e9fini possible sur demande du client) VDE (\u00b0C)<\/td>\n<td colspan=\"4\" width=\"382\">\u2265 35<\/td>\n<\/tr>\n<tr>\n<td width=\"255\"><strong>Tension<\/strong><\/td>\n<td width=\"94\"><\/td>\n<td width=\"94\"><\/td>\n<td width=\"94\"><\/td>\n<td width=\"94\"><\/td>\n<\/tr>\n<tr>\n<td width=\"255\">max. Plage de tension de fonctionnement AC jusqu&rsquo;\u00e0 AC]<\/td>\n<td colspan=\"2\" width=\"190\">440<\/td>\n<td colspan=\"2\" width=\"190\">440<\/td>\n<\/tr>\n<tr>\n<td width=\"255\">Tension assign\u00e9e AC (VAC)<\/td>\n<td colspan=\"2\" width=\"190\">3 x 440 V 50\/60 Hz<\/td>\n<td colspan=\"2\" width=\"190\">3 x 440 V 50\/60 Hz<\/td>\n<\/tr>\n<tr>\n<td width=\"255\"><strong>Courant \/ Cycles de commutation<\/strong><\/td>\n<td width=\"94\"><\/td>\n<td width=\"94\"><\/td>\n<td width=\"94\"><\/td>\n<td width=\"94\"><\/td>\n<\/tr>\n<tr>\n<td width=\"255\">Courant assign\u00e9- cos \u03c6 = 1,0 (A) \/ (n)<\/td>\n<td colspan=\"2\" width=\"190\"><strong>2,5 <\/strong>\/ 10&rsquo;000<\/td>\n<td colspan=\"2\" width=\"190\"><strong>2,5 <\/strong>\/ 10&rsquo;000<\/td>\n<\/tr>\n<tr>\n<td width=\"255\">max. Courant de commutation &#8211; cos \u03c6 = 1,0 (A) \/ (n)<\/td>\n<td colspan=\"2\" width=\"190\"><strong>6,3 <\/strong>\/ 3&rsquo;000<\/td>\n<td colspan=\"2\" width=\"190\"><strong>12 <\/strong>\/ 3&rsquo;000<\/td>\n<\/tr>\n<tr>\n<td colspan=\"5\" width=\"639\"><strong>Sp\u00e9cifications suppl\u00e9mentaires<\/strong><\/td>\n<\/tr>\n<tr>\n<td width=\"255\">Temps de rebond total (ms)<\/td>\n<td colspan=\"4\" width=\"382\">&lt; 1<\/td>\n<\/tr>\n<tr>\n<td width=\"255\">R\u00e9sistance de contact (selon MIL-STD R5757 (m\u03a9)<\/td>\n<td colspan=\"4\" width=\"382\"><u>&lt;<\/u> <u>50<\/u><\/td>\n<\/tr>\n<tr>\n<td width=\"255\">R\u00e9sistance aux vibrations 10 &#8230; 60 Hz (m\/s2)<\/td>\n<td colspan=\"4\" width=\"382\">100<\/td>\n<\/tr>\n<tr>\n<td width=\"255\">R\u00e9sistance \u00e0 la pression du bo\u00eetier de commande (N)<\/td>\n<td colspan=\"4\" width=\"382\">600<\/td>\n<\/tr>\n<tr>\n<td width=\"255\">Convient pour une installation en classe de protection<\/td>\n<td width=\"94\">I +II<\/td>\n<td width=\"94\">I<\/td>\n<td width=\"94\">I + II<\/td>\n<td width=\"94\">I<\/td>\n<\/tr>\n<tr>\n<td width=\"255\">R\u00e9sistance \u00e0 l&rsquo;impr\u00e9gnation<\/td>\n<td colspan=\"4\" width=\"382\">convient<\/td>\n<\/tr>\n<tr>\n<td colspan=\"5\" width=\"639\"><strong>Licences et approbations disponibles<\/strong><\/td>\n<\/tr>\n<tr>\n<td width=\"255\">biite sp\u00e9cifier<\/td>\n<td colspan=\"2\" width=\"190\">UL, CSA, CQC<\/td>\n<td colspan=\"2\" width=\"190\">&#8212;<\/td>\n<\/tr>\n<tr>\n<td colspan=\"5\" width=\"639\"><strong>Dimensions (standard)<\/strong><\/td>\n<\/tr>\n<tr>\n<td width=\"255\">Diam\u00e8tre \u00d8 d [mm ]<\/td>\n<td width=\"94\">9,0<\/td>\n<td width=\"94\">9,4<\/td>\n<td width=\"94\">9,0<\/td>\n<td width=\"94\">9,4<\/td>\n<\/tr>\n<tr>\n<td width=\"255\">Hauteur h [mm ]<\/td>\n<td width=\"94\">\u00e0 partir de 6,3<\/td>\n<td width=\"94\">\u00e0 partir de 6,7<\/td>\n<td width=\"94\">\u00e0 partir de 6,3<\/td>\n<td width=\"94\">\u00e0 partir de 6,7<\/td>\n<\/tr>\n<tr>\n<td width=\"255\">Longueur du capuchon d&rsquo;isolation hl [mm ]<\/td>\n<td width=\"94\">16,0<\/td>\n<td width=\"94\">&#8212;<\/td>\n<td width=\"94\">16,0<\/td>\n<td width=\"94\">&#8212;<\/td>\n<\/tr>\n<tr>\n<td width=\"255\">Raccordement standard Toron :<\/td>\n<td colspan=\"2\" width=\"190\">0,5 mm2 \/ AWG 20<\/td>\n<td colspan=\"2\" width=\"190\">1,0 mm2 \/ AWG 18<\/td>\n<\/tr>\n<tr>\n<td colspan=\"5\" width=\"639\"><strong>Sch\u00e9ma de fonctionnement<\/strong><\/td>\n<\/tr>\n<tr>\n<td colspan=\"5\" width=\"639\"><img loading=\"lazy\" decoding=\"async\" class=\"wp-image-9950 size-full aligncenter\" src=\"https:\/\/schupp.ch\/wp-content\/uploads\/2024\/02\/TWSY_Sternschaltung_01_EN.jpg\" alt=\"\" width=\"494\" height=\"326\" \/><\/td>\n<\/tr>\n<\/tbody>\n<\/table>\n<p>&nbsp;<\/p>\n<table>\n<tbody>\n<tr>\n<td width=\"151\"><strong>SY6<\/strong><\/td>\n<td width=\"151\"><strong>CY6<\/strong><\/td>\n<td width=\"151\"><strong>SYH<\/strong><\/td>\n<td width=\"151\"><strong>CYH<\/strong><\/td>\n<\/tr>\n<tr>\n<td width=\"151\"><img loading=\"lazy\" decoding=\"async\" class=\"alignnone size-medium wp-image-8565\" src=\"https:\/\/schupp.ch\/wp-content\/uploads\/2024\/02\/TW_SY6-300x300.jpg\" alt=\"\" width=\"300\" height=\"300\" srcset=\"https:\/\/schupp.ch\/wp-content\/uploads\/2024\/02\/TW_SY6-300x300.jpg 300w, https:\/\/schupp.ch\/wp-content\/uploads\/2024\/02\/TW_SY6-600x600.jpg 600w, https:\/\/schupp.ch\/wp-content\/uploads\/2024\/02\/TW_SY6-900x900.jpg 900w, https:\/\/schupp.ch\/wp-content\/uploads\/2024\/02\/TW_SY6-100x100.jpg 100w, https:\/\/schupp.ch\/wp-content\/uploads\/2024\/02\/TW_SY6-150x150.jpg 150w, https:\/\/schupp.ch\/wp-content\/uploads\/2024\/02\/TW_SY6-768x768.jpg 768w, https:\/\/schupp.ch\/wp-content\/uploads\/2024\/02\/TW_SY6-1024x1024.jpg 1024w\" sizes=\"auto, (max-width: 300px) 100vw, 300px\" \/><\/td>\n<td width=\"151\"><img loading=\"lazy\" decoding=\"async\" class=\"alignnone size-medium wp-image-8569\" src=\"https:\/\/schupp.ch\/wp-content\/uploads\/2024\/02\/TW_CY6-300x300.jpg\" alt=\"\" width=\"300\" height=\"300\" srcset=\"https:\/\/schupp.ch\/wp-content\/uploads\/2024\/02\/TW_CY6-300x300.jpg 300w, https:\/\/schupp.ch\/wp-content\/uploads\/2024\/02\/TW_CY6-600x600.jpg 600w, https:\/\/schupp.ch\/wp-content\/uploads\/2024\/02\/TW_CY6-900x900.jpg 900w, https:\/\/schupp.ch\/wp-content\/uploads\/2024\/02\/TW_CY6-100x100.jpg 100w, https:\/\/schupp.ch\/wp-content\/uploads\/2024\/02\/TW_CY6-150x150.jpg 150w, https:\/\/schupp.ch\/wp-content\/uploads\/2024\/02\/TW_CY6-768x768.jpg 768w, https:\/\/schupp.ch\/wp-content\/uploads\/2024\/02\/TW_CY6-1024x1024.jpg 1024w\" sizes=\"auto, (max-width: 300px) 100vw, 300px\" \/><\/td>\n<td width=\"151\"><img loading=\"lazy\" decoding=\"async\" class=\"alignnone size-medium wp-image-8572\" src=\"https:\/\/schupp.ch\/wp-content\/uploads\/2024\/02\/TW_SYH-300x300.jpg\" alt=\"\" width=\"300\" height=\"300\" srcset=\"https:\/\/schupp.ch\/wp-content\/uploads\/2024\/02\/TW_SYH-300x300.jpg 300w, https:\/\/schupp.ch\/wp-content\/uploads\/2024\/02\/TW_SYH-600x600.jpg 600w, https:\/\/schupp.ch\/wp-content\/uploads\/2024\/02\/TW_SYH-900x900.jpg 900w, https:\/\/schupp.ch\/wp-content\/uploads\/2024\/02\/TW_SYH-100x100.jpg 100w, https:\/\/schupp.ch\/wp-content\/uploads\/2024\/02\/TW_SYH-150x150.jpg 150w, https:\/\/schupp.ch\/wp-content\/uploads\/2024\/02\/TW_SYH-768x768.jpg 768w, https:\/\/schupp.ch\/wp-content\/uploads\/2024\/02\/TW_SYH-1024x1024.jpg 1024w\" sizes=\"auto, (max-width: 300px) 100vw, 300px\" \/><\/td>\n<td width=\"151\"><img loading=\"lazy\" decoding=\"async\" class=\"alignnone size-medium wp-image-8576\" src=\"https:\/\/schupp.ch\/wp-content\/uploads\/2024\/02\/TW_CYH-300x300.jpg\" alt=\"\" width=\"300\" height=\"300\" srcset=\"https:\/\/schupp.ch\/wp-content\/uploads\/2024\/02\/TW_CYH-300x300.jpg 300w, https:\/\/schupp.ch\/wp-content\/uploads\/2024\/02\/TW_CYH-600x600.jpg 600w, https:\/\/schupp.ch\/wp-content\/uploads\/2024\/02\/TW_CYH-900x900.jpg 900w, https:\/\/schupp.ch\/wp-content\/uploads\/2024\/02\/TW_CYH-100x100.jpg 100w, https:\/\/schupp.ch\/wp-content\/uploads\/2024\/02\/TW_CYH-150x150.jpg 150w, https:\/\/schupp.ch\/wp-content\/uploads\/2024\/02\/TW_CYH-768x768.jpg 768w, https:\/\/schupp.ch\/wp-content\/uploads\/2024\/02\/TW_CYH-1024x1024.jpg 1024w\" sizes=\"auto, (max-width: 300px) 100vw, 300px\" \/><\/td>\n<\/tr>\n<\/tbody>\n<\/table>\n<p>&nbsp;<\/p>\n<p><strong>Note<\/strong><\/p>\n<p>Les donn\u00e9es et informations indiqu\u00e9es sont bas\u00e9es sur des tests et des s\u00e9ries d&rsquo;essais. Elles ont un caract\u00e8re indicatif, c&rsquo;est pourquoi il peut y avoir des diff\u00e9rences pour certaines applications et utilisations. L&rsquo;utilisateur doit v\u00e9rifier au cas par cas si le produit convient \u00e0 une application concr\u00e8te.<\/p>\n<p>Nous sommes \u00e0 votre disposition de vous conseiller.<\/p>\n","protected":false},"excerpt":{"rendered":"<p>&nbsp;<\/p>\n<h5><strong>Les types CY6<\/strong>, <strong>SY6, CYH <\/strong>et <strong>SYH <\/strong>sont des contacts normalement ferm\u00e9s destin\u00e9s \u00e0 \u00eatre utilis\u00e9s dans le point neutre des moteurs triphas\u00e9s, \u00e0 r\u00e9armement automatique, avec \u00e9poxy.<\/h5>\n<h5><\/h5>\n<h5><strong>Les Types CY6 <\/strong>, <strong>CYH sont <\/strong>sans isolation<\/h5>\n<h5><\/h5>\n<h5><strong>Les Types SY6 <\/strong>, <strong>SYH sont<\/strong>\u00a0isol\u00e9 avec un capuchon en Mylar\u00ae-Nomex\u00ae.<\/h5>\n<p>&nbsp;<\/p>\n","protected":false},"featured_media":2307,"template":"","meta":{"_acf_changed":false},"product_brand":[],"product_cat":[189,289],"product_tag":[],"class_list":{"0":"post-5961","1":"product","2":"type-product","3":"status-publish","4":"has-post-thumbnail","6":"product_cat-surveillance-de-la-temperature","7":"product_cat-limiteur-de-temperature-4-0-25-a","9":"first","10":"instock","11":"shipping-taxable","12":"purchasable","13":"product-type-simple"},"acf":[],"_links":{"self":[{"href":"https:\/\/schupp.ch\/fr\/wp-json\/wp\/v2\/product\/5961","targetHints":{"allow":["GET"]}}],"collection":[{"href":"https:\/\/schupp.ch\/fr\/wp-json\/wp\/v2\/product"}],"about":[{"href":"https:\/\/schupp.ch\/fr\/wp-json\/wp\/v2\/types\/product"}],"wp:featuredmedia":[{"embeddable":true,"href":"https:\/\/schupp.ch\/fr\/wp-json\/wp\/v2\/media\/2307"}],"wp:attachment":[{"href":"https:\/\/schupp.ch\/fr\/wp-json\/wp\/v2\/media?parent=5961"}],"wp:term":[{"taxonomy":"product_brand","embeddable":true,"href":"https:\/\/schupp.ch\/fr\/wp-json\/wp\/v2\/product_brand?post=5961"},{"taxonomy":"product_cat","embeddable":true,"href":"https:\/\/schupp.ch\/fr\/wp-json\/wp\/v2\/product_cat?post=5961"},{"taxonomy":"product_tag","embeddable":true,"href":"https:\/\/schupp.ch\/fr\/wp-json\/wp\/v2\/product_tag?post=5961"}],"curies":[{"name":"wp","href":"https:\/\/api.w.org\/{rel}","templated":true}]}}