{"id":5962,"date":"2024-02-01T10:52:20","date_gmt":"2024-02-01T09:52:20","guid":{"rendered":"https:\/\/schupp.ch\/p\/limiteur-de-temperature-type-p08-h08-v08-4-0-25-a\/"},"modified":"2025-11-27T15:20:36","modified_gmt":"2025-11-27T14:20:36","slug":"limiteur-de-temperature-type-p08-h08-v08-4-0-25-a","status":"publish","type":"product","link":"https:\/\/schupp.ch\/fr\/p\/limiteur-de-temperature-type-p08-h08-v08-4-0-25-a\/","title":{"rendered":"Limiteur de Temp\u00e9rature Type P08 \/ H08 \/ V08 ; 4.0 &#8211; 25 A"},"content":{"rendered":"<table>\n<tbody>\n<tr>\n<td width=\"201\">\n<h5 style=\"text-align: center;\">P08<\/h5>\n<\/td>\n<td style=\"text-align: center;\" width=\"201\">\n<h5>H08<\/h5>\n<\/td>\n<td width=\"201\">\n<h5 style=\"text-align: center;\">V08<\/h5>\n<\/td>\n<\/tr>\n<tr>\n<td width=\"201\"><img loading=\"lazy\" decoding=\"async\" class=\"size-full wp-image-4149 aligncenter\" src=\"https:\/\/schupp.ch\/wp-content\/uploads\/2024\/02\/P08.jpg\" alt=\"\" width=\"211\" height=\"301\" \/><\/td>\n<td width=\"201\"><img loading=\"lazy\" decoding=\"async\" class=\"size-medium wp-image-4152 aligncenter\" src=\"https:\/\/schupp.ch\/wp-content\/uploads\/2024\/02\/H08-200x300.jpg\" alt=\"\" width=\"200\" height=\"300\" srcset=\"https:\/\/schupp.ch\/wp-content\/uploads\/2024\/02\/H08-200x300.jpg 200w, https:\/\/schupp.ch\/wp-content\/uploads\/2024\/02\/H08.jpg 207w\" sizes=\"auto, (max-width: 200px) 100vw, 200px\" \/><\/td>\n<td width=\"201\"><img loading=\"lazy\" decoding=\"async\" class=\"size-medium wp-image-4155 aligncenter\" src=\"https:\/\/schupp.ch\/wp-content\/uploads\/2024\/02\/V08-244x300.jpg\" alt=\"\" width=\"244\" height=\"300\" srcset=\"https:\/\/schupp.ch\/wp-content\/uploads\/2024\/02\/V08-244x300.jpg 244w, https:\/\/schupp.ch\/wp-content\/uploads\/2024\/02\/V08.jpg 250w\" sizes=\"auto, (max-width: 244px) 100vw, 244px\" \/><\/td>\n<\/tr>\n<\/tbody>\n<\/table>\n<p>&nbsp;<\/p>\n<table>\n<tbody>\n<tr>\n<td width=\"274\"><strong>Type de commutation :<\/strong><\/td>\n<td width=\"120\"><strong>Contact \u00e0 fermeture P08 \u00e0 r\u00e9armement<\/strong><\/td>\n<td width=\"111\"><strong>contact \u00e0 fermeture H08 \u00e0 r\u00e9armement<\/strong><\/td>\n<td width=\"127\"><strong>Contact \u00e0 fermeture V08 \u00e0 r\u00e9armement<\/strong><\/td>\n<\/tr>\n<tr>\n<td width=\"274\">isol\u00e9s, par exemple :<\/td>\n<td width=\"120\">oui<\/td>\n<td width=\"111\">oui<\/td>\n<td width=\"127\">oui<\/td>\n<\/tr>\n<tr>\n<td colspan=\"4\" width=\"631\"><strong>Temp\u00e9rature<\/strong><\/td>\n<\/tr>\n<tr>\n<td width=\"274\">Temp\u00e9rature de commutation nominale (NST), [\u00b0C]<br \/>\npar incr\u00e9ments de 5 K<\/td>\n<td colspan=\"2\" width=\"231\">70 &#8211; 200<\/td>\n<td width=\"127\">70 &#8211; 150<\/td>\n<\/tr>\n<tr>\n<td width=\"274\">Plage de tol\u00e9rance -Standard Tol [K]<\/td>\n<td colspan=\"3\" width=\"357\">\u00b1 5<\/td>\n<\/tr>\n<tr>\n<td width=\"274\">Commutateur inverse de temperature\u00a0(RST inf\u00e9rieure \u00e0 NST) UL [K]<br \/>\nCommutateur inverse de temperature\u00a0(RST inf\u00e9rieure \u00e0 NST) VDE [\u00b0C]<\/td>\n<td colspan=\"3\" width=\"357\">-35 \u00b1 15<br \/>\n\u2265 35<\/td>\n<\/tr>\n<tr>\n<td colspan=\"4\" width=\"631\"><strong>Tension<\/strong><\/td>\n<\/tr>\n<tr>\n<td width=\"274\">max. Plage de tensions de fonctionnement AC \u00e0 [VAC]<\/td>\n<td colspan=\"3\" width=\"357\">500 V<\/td>\n<\/tr>\n<tr>\n<td width=\"274\">Tension assign\u00e9e AC [VAC]<\/td>\n<td colspan=\"3\" width=\"357\">250 (VDE), 277 (UL)<\/td>\n<\/tr>\n<tr>\n<td colspan=\"4\" width=\"631\"><strong>Courant\/cycles de commutation<\/strong><\/td>\n<\/tr>\n<tr>\n<td width=\"274\">Courant assign\u00e9 AC &#8211; cos \u03c6 = 1,0 [A] \/ [n]<\/td>\n<td colspan=\"3\" width=\"357\"><strong>10,0 <\/strong>\/ 10&rsquo;000<\/td>\n<\/tr>\n<tr>\n<td width=\"274\">Courant assign\u00e9 AC &#8211; cos \u03c6 = 0,6 [A] \/ [n]<\/td>\n<td colspan=\"3\" width=\"357\"><strong>6,3 <\/strong>\/ 10&rsquo;000<\/td>\n<\/tr>\n<tr>\n<td colspan=\"4\" width=\"631\"><strong>Sp\u00e9cifications suppl\u00e9mentaires<\/strong><\/td>\n<\/tr>\n<tr>\n<td width=\"274\">R\u00e9sistance aux hautes tensions [kV]<\/td>\n<td colspan=\"2\" width=\"231\">2<\/td>\n<td width=\"127\">3,75<\/td>\n<\/tr>\n<tr>\n<td width=\"274\">Rebond total ms]<\/td>\n<td colspan=\"3\" width=\"357\">&lt; 1<\/td>\n<\/tr>\n<tr>\n<td width=\"274\">R\u00e9sistance de contact (selon MIL-STD R5757) [m\u03a9]<\/td>\n<td colspan=\"3\" width=\"357\"><u>&lt;<\/u> 50<\/td>\n<\/tr>\n<tr>\n<td width=\"274\">R\u00e9sistance aux vibrations 10 &#8230; 60 Hz [<sup>m\/s2<\/sup>]<\/td>\n<td colspan=\"3\" width=\"357\">100<\/td>\n<\/tr>\n<tr>\n<td width=\"274\">R\u00e9sistance \u00e0 la pression du bo\u00eetier de commande [N].<\/td>\n<td colspan=\"3\" width=\"357\">600<\/td>\n<\/tr>\n<tr>\n<td width=\"274\">Convient pour l&rsquo;installationn dans la classe de protection<\/td>\n<td width=\"120\">I + II<\/td>\n<td width=\"111\">I + II<\/td>\n<td width=\"127\">II<\/td>\n<\/tr>\n<tr>\n<td width=\"274\">R\u00e9sistance \u00e0 l&rsquo;impr\u00e9gnation<\/td>\n<td colspan=\"3\" width=\"357\">convient<\/td>\n<\/tr>\n<tr>\n<td colspan=\"4\" width=\"631\"><strong>Licences et approbations disponibles<\/strong><\/td>\n<\/tr>\n<tr>\n<td width=\"274\">veuillez pr\u00e9ciser<\/td>\n<td colspan=\"3\" width=\"357\">IEC, ENEC, VDE (appr. &lt;150\u00b0C), CQC<\/td>\n<\/tr>\n<tr>\n<td colspan=\"4\" width=\"631\"><strong>Dimensions (standard)<\/strong><\/td>\n<\/tr>\n<tr>\n<td width=\"274\">Diam\u00e8tre ou dimension \u00d8 d ou l x b[mm]<\/td>\n<td width=\"120\">17 x 11,0<\/td>\n<td width=\"111\">17,0 x 11,0<\/td>\n<td width=\"127\">26,0 x 13,5<\/td>\n<\/tr>\n<tr>\n<td width=\"274\">Hauteur h [mm]<\/td>\n<td width=\"120\">\u00e0 partir de 6,0<\/td>\n<td width=\"111\">\u00e0 partir de 7,5<\/td>\n<td width=\"127\">\u00e0 partir de 10<\/td>\n<\/tr>\n<tr>\n<td width=\"274\">Longueur du capuchon d&rsquo;isolation l [mm]<\/td>\n<td width=\"120\">&#8212;<\/td>\n<td width=\"111\">&#8212;<\/td>\n<td width=\"127\">&#8212;<\/td>\n<\/tr>\n<tr>\n<td width=\"274\">Max. Couple [SW\/Nm]<\/td>\n<td width=\"120\">&#8212;<\/td>\n<td width=\"111\">3,0<\/td>\n<td width=\"127\">2,5<\/td>\n<\/tr>\n<tr>\n<td width=\"274\">Connexion standard toron :<\/td>\n<td width=\"120\">&#8212;<\/td>\n<td width=\"111\">0,75 mm2\/AWG18<\/td>\n<td width=\"127\">0,50 mm2\/AWG 20<\/td>\n<\/tr>\n<\/tbody>\n<\/table>\n<p>&nbsp;<\/p>\n<table>\n<tbody>\n<tr>\n<td width=\"201\"><strong>P08<\/strong><\/td>\n<td width=\"201\"><strong>H08<\/strong><\/td>\n<td width=\"201\"><strong>V08<\/strong><\/td>\n<\/tr>\n<tr>\n<td width=\"201\"><img loading=\"lazy\" decoding=\"async\" class=\"alignnone size-medium wp-image-8657\" src=\"https:\/\/schupp.ch\/wp-content\/uploads\/2024\/02\/TW_P08-300x300.jpg\" alt=\"\" width=\"300\" height=\"300\" srcset=\"https:\/\/schupp.ch\/wp-content\/uploads\/2024\/02\/TW_P08-300x300.jpg 300w, https:\/\/schupp.ch\/wp-content\/uploads\/2024\/02\/TW_P08-600x600.jpg 600w, https:\/\/schupp.ch\/wp-content\/uploads\/2024\/02\/TW_P08-900x900.jpg 900w, https:\/\/schupp.ch\/wp-content\/uploads\/2024\/02\/TW_P08-100x100.jpg 100w, https:\/\/schupp.ch\/wp-content\/uploads\/2024\/02\/TW_P08-150x150.jpg 150w, https:\/\/schupp.ch\/wp-content\/uploads\/2024\/02\/TW_P08-768x768.jpg 768w, https:\/\/schupp.ch\/wp-content\/uploads\/2024\/02\/TW_P08-1024x1024.jpg 1024w\" sizes=\"auto, (max-width: 300px) 100vw, 300px\" \/><\/td>\n<td width=\"201\"><img loading=\"lazy\" decoding=\"async\" class=\"alignnone size-medium wp-image-8660\" src=\"https:\/\/schupp.ch\/wp-content\/uploads\/2024\/02\/TW_H08-300x300.jpg\" alt=\"\" width=\"300\" height=\"300\" srcset=\"https:\/\/schupp.ch\/wp-content\/uploads\/2024\/02\/TW_H08-300x300.jpg 300w, https:\/\/schupp.ch\/wp-content\/uploads\/2024\/02\/TW_H08-600x600.jpg 600w, https:\/\/schupp.ch\/wp-content\/uploads\/2024\/02\/TW_H08-900x900.jpg 900w, https:\/\/schupp.ch\/wp-content\/uploads\/2024\/02\/TW_H08-100x100.jpg 100w, https:\/\/schupp.ch\/wp-content\/uploads\/2024\/02\/TW_H08-150x150.jpg 150w, https:\/\/schupp.ch\/wp-content\/uploads\/2024\/02\/TW_H08-768x768.jpg 768w, https:\/\/schupp.ch\/wp-content\/uploads\/2024\/02\/TW_H08-1024x1024.jpg 1024w\" sizes=\"auto, (max-width: 300px) 100vw, 300px\" \/><\/td>\n<td width=\"201\"><img loading=\"lazy\" decoding=\"async\" class=\"alignnone size-medium wp-image-8664\" src=\"https:\/\/schupp.ch\/wp-content\/uploads\/2024\/02\/TW_V08-300x300.jpg\" alt=\"\" width=\"300\" height=\"300\" srcset=\"https:\/\/schupp.ch\/wp-content\/uploads\/2024\/02\/TW_V08-300x300.jpg 300w, https:\/\/schupp.ch\/wp-content\/uploads\/2024\/02\/TW_V08-600x600.jpg 600w, https:\/\/schupp.ch\/wp-content\/uploads\/2024\/02\/TW_V08-900x900.jpg 900w, https:\/\/schupp.ch\/wp-content\/uploads\/2024\/02\/TW_V08-100x100.jpg 100w, https:\/\/schupp.ch\/wp-content\/uploads\/2024\/02\/TW_V08-150x150.jpg 150w, https:\/\/schupp.ch\/wp-content\/uploads\/2024\/02\/TW_V08-768x768.jpg 768w, https:\/\/schupp.ch\/wp-content\/uploads\/2024\/02\/TW_V08-1024x1024.jpg 1024w\" sizes=\"auto, (max-width: 300px) 100vw, 300px\" \/><\/td>\n<\/tr>\n<\/tbody>\n<\/table>\n<p>&nbsp;<\/p>\n<p><strong>Note<\/strong><\/p>\n<p>Les donn\u00e9es et informations indiqu\u00e9es sont bas\u00e9es sur des tests et des s\u00e9ries d&rsquo;essais. Elles ont un caract\u00e8re indicatif, c&rsquo;est pourquoi il peut y avoir des diff\u00e9rences pour certaines applications et utilisations. L&rsquo;utilisateur doit v\u00e9rifier au cas par cas si le produit convient \u00e0 une application concr\u00e8te.<\/p>\n<p>&nbsp;<\/p>\n","protected":false},"excerpt":{"rendered":"<p>&nbsp;<\/p>\n<h5><strong>Les types C08<\/strong>, <strong>S08 <\/strong>et <strong>L08 <\/strong>sont des interrupteurs avec bo\u00eetiers en saillie, enti\u00e8rement isol\u00e9s, \u00e0 r\u00e9armement automatique avec Expoxy.<\/h5>\n<h5><\/h5>\n<h5><strong>Le type P08 <\/strong>est \u00e9quip\u00e9 de broches de connexion<\/h5>\n<h5><\/h5>\n<h5><strong>Les types S08 <\/strong>et <strong>L08 <\/strong>sont \u00e9quip\u00e9s de c\u00e2bles de raccordement.<\/h5>\n<p>&nbsp;<\/p>\n","protected":false},"featured_media":2307,"template":"","meta":{"_acf_changed":false},"product_brand":[],"product_cat":[189,289],"product_tag":[],"class_list":{"0":"post-5962","1":"product","2":"type-product","3":"status-publish","4":"has-post-thumbnail","6":"product_cat-surveillance-de-la-temperature","7":"product_cat-limiteur-de-temperature-4-0-25-a","9":"first","10":"instock","11":"shipping-taxable","12":"purchasable","13":"product-type-simple"},"acf":[],"_links":{"self":[{"href":"https:\/\/schupp.ch\/fr\/wp-json\/wp\/v2\/product\/5962","targetHints":{"allow":["GET"]}}],"collection":[{"href":"https:\/\/schupp.ch\/fr\/wp-json\/wp\/v2\/product"}],"about":[{"href":"https:\/\/schupp.ch\/fr\/wp-json\/wp\/v2\/types\/product"}],"wp:featuredmedia":[{"embeddable":true,"href":"https:\/\/schupp.ch\/fr\/wp-json\/wp\/v2\/media\/2307"}],"wp:attachment":[{"href":"https:\/\/schupp.ch\/fr\/wp-json\/wp\/v2\/media?parent=5962"}],"wp:term":[{"taxonomy":"product_brand","embeddable":true,"href":"https:\/\/schupp.ch\/fr\/wp-json\/wp\/v2\/product_brand?post=5962"},{"taxonomy":"product_cat","embeddable":true,"href":"https:\/\/schupp.ch\/fr\/wp-json\/wp\/v2\/product_cat?post=5962"},{"taxonomy":"product_tag","embeddable":true,"href":"https:\/\/schupp.ch\/fr\/wp-json\/wp\/v2\/product_tag?post=5962"}],"curies":[{"name":"wp","href":"https:\/\/api.w.org\/{rel}","templated":true}]}}