{"id":5964,"date":"2024-02-13T12:29:29","date_gmt":"2024-02-13T11:29:29","guid":{"rendered":"https:\/\/schupp.ch\/p\/noyaux-de-bande-de-coupe-sm\/"},"modified":"2025-12-03T15:22:53","modified_gmt":"2025-12-03T14:22:53","slug":"noyaux-de-bande-de-coupe-sm","status":"publish","type":"product","link":"https:\/\/schupp.ch\/fr\/p\/noyaux-de-bande-de-coupe-sm\/","title":{"rendered":"Tores fendus enroul\u00e9s SM"},"content":{"rendered":"<p>&nbsp;<\/p>\n<p><strong>Propri\u00e9t\u00e9es<\/strong><\/p>\n<p>\u00c9paisseur de bande 0,30 mm, acier au silicium \u00e0 grains orient\u00e9s<\/p>\n<p><sub>Bmax<\/sub> = 1,7 Wb\/m2, f =50 Hz<\/p>\n<p>Tol\u00e9rances identiques \u00e0 la s\u00e9rie HWR<\/p>\n<p>&nbsp;<\/p>\n<p><img loading=\"lazy\" decoding=\"async\" class=\"alignnone wp-image-4525\" src=\"https:\/\/schupp.ch\/wp-content\/uploads\/2024\/02\/SK_SM-300x272.jpg\" alt=\"\" width=\"417\" height=\"378\" srcset=\"https:\/\/schupp.ch\/wp-content\/uploads\/2024\/02\/SK_SM-300x272.jpg 300w, https:\/\/schupp.ch\/wp-content\/uploads\/2024\/02\/SK_SM.jpg 426w\" sizes=\"auto, (max-width: 417px) 100vw, 417px\" \/><\/p>\n<p>&nbsp;<\/p>\n<table width=\"100%\">\n<tbody>\n<tr>\n<td width=\"11%\"><strong>Art. No.<\/strong><\/td>\n<td width=\"5%\"><strong>Type SM<\/strong><\/td>\n<td width=\"5%\"><strong>B<\/strong><\/td>\n<td width=\"6%\"><strong>A<\/strong><\/td>\n<td width=\"3%\"><strong>Em<\/strong><\/td>\n<td width=\"5%\"><strong>Gmin<\/strong><\/td>\n<td width=\"4%\"><strong>D<\/strong><\/td>\n<td width=\"5%\"><strong>Fmin<\/strong><\/td>\n<td width=\"5%\"><strong>Rmax<\/strong><\/td>\n<td width=\"4%\"><strong>Lm<\/strong><\/td>\n<td width=\"6%\"><strong>Section de tore Sn (*)<\/strong><\/td>\n<td width=\"7%\"><strong>Poids<\/strong><\/td>\n<td width=\"8%\"><strong>Puissance transmise<\/strong><\/td>\n<td width=\"10%\"><strong>Nombre de spires par volt<\/strong><\/td>\n<td width=\"7%\"><strong>Densit\u00e9 de courant<\/strong><\/td>\n<\/tr>\n<tr>\n<td width=\"11%\"><\/td>\n<td width=\"5%\"><\/td>\n<td width=\"5%\">[mm]<\/td>\n<td width=\"6%\">[mm]<\/td>\n<td width=\"3%\">[mm]<\/td>\n<td width=\"5%\">[mm]<\/td>\n<td width=\"4%\">[mm]<\/td>\n<td width=\"5%\">[mm]<\/td>\n<td width=\"5%\">[mm]<\/td>\n<td width=\"4%\">[cm]<\/td>\n<td width=\"6%\">[cm 2]<\/td>\n<td width=\"7%\">[kg]<\/td>\n<td width=\"8%\">[W]<\/td>\n<td width=\"10%\"><\/td>\n<td width=\"7%\">[A\/mm2]<\/td>\n<\/tr>\n<tr>\n<td width=\"11%\"><strong>SKSM042<\/strong><\/td>\n<td width=\"5%\">42<\/td>\n<td width=\"5%\">43,6<\/td>\n<td width=\"6%\">21,8<\/td>\n<td width=\"3%\">6<\/td>\n<td width=\"5%\">31<\/td>\n<td width=\"4%\">15<\/td>\n<td width=\"5%\">9,5<\/td>\n<td width=\"5%\">1,5<\/td>\n<td width=\"4%\">9,7<\/td>\n<td width=\"6%\">0,9<\/td>\n<td width=\"7%\">0,057<\/td>\n<td width=\"8%\">3<\/td>\n<td width=\"10%\">31,17<\/td>\n<td width=\"7%\">7<\/td>\n<\/tr>\n<tr>\n<td width=\"11%\"><strong>SKSM055<\/strong><\/td>\n<td width=\"5%\">55<\/td>\n<td width=\"5%\">56,3<\/td>\n<td width=\"6%\">28,4<\/td>\n<td width=\"3%\">8<\/td>\n<td width=\"5%\">38,5<\/td>\n<td width=\"4%\">20<\/td>\n<td width=\"5%\">11<\/td>\n<td width=\"5%\">1,5<\/td>\n<td width=\"4%\">12,3<\/td>\n<td width=\"6%\">1,54<\/td>\n<td width=\"7%\">0,145<\/td>\n<td width=\"8%\">11<\/td>\n<td width=\"10%\">18,15<\/td>\n<td width=\"7%\">6,5<\/td>\n<\/tr>\n<tr>\n<td width=\"11%\"><strong>SKSM065<\/strong><\/td>\n<td width=\"5%\">65<\/td>\n<td width=\"5%\">65,6<\/td>\n<td width=\"6%\">33,2<\/td>\n<td width=\"3%\">9<\/td>\n<td width=\"5%\">45<\/td>\n<td width=\"4%\">27<\/td>\n<td width=\"5%\">13<\/td>\n<td width=\"5%\">1,5<\/td>\n<td width=\"4%\">14,5<\/td>\n<td width=\"6%\">2,36<\/td>\n<td width=\"7%\">0,260<\/td>\n<td width=\"8%\">23<\/td>\n<td width=\"10%\">11,62<\/td>\n<td width=\"7%\">6<\/td>\n<\/tr>\n<tr>\n<td width=\"11%\"><strong>SKSM074<\/strong><\/td>\n<td width=\"5%\">74<\/td>\n<td width=\"5%\">74,6<\/td>\n<td width=\"6%\">37,7<\/td>\n<td width=\"3%\">11<\/td>\n<td width=\"5%\">51<\/td>\n<td width=\"4%\">32<\/td>\n<td width=\"5%\">14,5<\/td>\n<td width=\"5%\">1,5<\/td>\n<td width=\"4%\">16,4<\/td>\n<td width=\"6%\">3,31<\/td>\n<td width=\"7%\">0,412<\/td>\n<td width=\"8%\">43<\/td>\n<td width=\"10%\">8,46<\/td>\n<td width=\"7%\">5,8<\/td>\n<\/tr>\n<tr>\n<td width=\"11%\"><strong>SKSM085A<\/strong><\/td>\n<td width=\"5%\">85 a<\/td>\n<td width=\"5%\">85,6<\/td>\n<td width=\"6%\">43,2<\/td>\n<td width=\"3%\">14<\/td>\n<td width=\"5%\">56<\/td>\n<td width=\"4%\">32<\/td>\n<td width=\"5%\">14<\/td>\n<td width=\"5%\">2<\/td>\n<td width=\"4%\">18,2<\/td>\n<td width=\"6%\">4,22<\/td>\n<td width=\"7%\">0,579<\/td>\n<td width=\"8%\">58<\/td>\n<td width=\"10%\">6,49<\/td>\n<td width=\"7%\">5,5<\/td>\n<\/tr>\n<tr>\n<td width=\"11%\"><strong>SKSM085B<\/strong><\/td>\n<td width=\"5%\">85 b<\/td>\n<td width=\"5%\">85,6<\/td>\n<td width=\"6%\">43,2<\/td>\n<td width=\"3%\">14<\/td>\n<td width=\"5%\">56<\/td>\n<td width=\"4%\">45<\/td>\n<td width=\"5%\">14<\/td>\n<td width=\"5%\">2<\/td>\n<td width=\"4%\">18,2<\/td>\n<td width=\"6%\">5,96<\/td>\n<td width=\"7%\">0,818<\/td>\n<td width=\"8%\">80<\/td>\n<td width=\"10%\">4,49<\/td>\n<td width=\"7%\">5,2<\/td>\n<\/tr>\n<tr>\n<td width=\"11%\"><strong>SKSM102A<\/strong><\/td>\n<td width=\"5%\">102 a<\/td>\n<td width=\"5%\">103<\/td>\n<td width=\"6%\">51,9<\/td>\n<td width=\"3%\">16<\/td>\n<td width=\"5%\">68<\/td>\n<td width=\"4%\">35<\/td>\n<td width=\"5%\">17,5<\/td>\n<td width=\"5%\">2<\/td>\n<td width=\"4%\">22,1<\/td>\n<td width=\"6%\">5,49<\/td>\n<td width=\"7%\">0,904<\/td>\n<td width=\"8%\">105<\/td>\n<td width=\"10%\">4,99<\/td>\n<td width=\"7%\">5<\/td>\n<\/tr>\n<tr>\n<td width=\"11%\"><strong>SKSM102B<\/strong><\/td>\n<td width=\"5%\">102 b<\/td>\n<td width=\"5%\">103<\/td>\n<td width=\"6%\">51,9<\/td>\n<td width=\"3%\">16<\/td>\n<td width=\"5%\">68<\/td>\n<td width=\"4%\">51<\/td>\n<td width=\"5%\">17,5<\/td>\n<td width=\"5%\">2<\/td>\n<td width=\"4%\">22,1<\/td>\n<td width=\"6%\">8,19<\/td>\n<td width=\"7%\">1,358<\/td>\n<td width=\"8%\">155<\/td>\n<td width=\"10%\">3,42<\/td>\n<td width=\"7%\">4,8<\/td>\n<\/tr>\n<\/tbody>\n<\/table>\n<p>&nbsp;<\/p>\n<p>(*) Pour obtenir la section nette du fer, appliquer le coefficient de foisonnement K = 0,95.<\/p>\n<p>&nbsp;<\/p>\n","protected":false},"excerpt":{"rendered":"<p>&nbsp;<\/p>\n<h5>Les noyaux sont bobin\u00e9s \u00e0 partir d&rsquo;une bande de t\u00f4le magn\u00e9tique \u00e0 grains orient\u00e9s dans le sens de l&rsquo;orientation des grains, ce qui permet d&rsquo;obtenir les pertes sp\u00e9cifiques les plus faibles avec la meilleure perm\u00e9abilit\u00e9, que ce soit \u00e0 faible ou \u00e0 forte induction.<\/h5>\n<h5>Nous livrons tous les tores fendues enroul\u00e9s avec un vernis de protection noir en standard. Afin d&rsquo;\u00e9viter toute confusion entre les noyaux et tout montage incorrect des diff\u00e9rentes moiti\u00e9s de noyau, celles-ci sont num\u00e9rot\u00e9es par paires de mani\u00e8re cons\u00e9cutive.<\/h5>\n<p>&nbsp;<\/p>\n","protected":false},"featured_media":3450,"template":"","meta":{"_acf_changed":false},"product_brand":[],"product_cat":[181,294],"product_tag":[],"class_list":{"0":"post-5964","1":"product","2":"type-product","3":"status-publish","4":"has-post-thumbnail","6":"product_cat-noyaux-de-bandes-coupees-noyaux-de-bandes-annulaires","7":"product_cat-noyaux-de-bande-de-coupe-monophases","9":"first","10":"instock","11":"shipping-taxable","12":"purchasable","13":"product-type-simple"},"acf":[],"_links":{"self":[{"href":"https:\/\/schupp.ch\/fr\/wp-json\/wp\/v2\/product\/5964","targetHints":{"allow":["GET"]}}],"collection":[{"href":"https:\/\/schupp.ch\/fr\/wp-json\/wp\/v2\/product"}],"about":[{"href":"https:\/\/schupp.ch\/fr\/wp-json\/wp\/v2\/types\/product"}],"wp:featuredmedia":[{"embeddable":true,"href":"https:\/\/schupp.ch\/fr\/wp-json\/wp\/v2\/media\/3450"}],"wp:attachment":[{"href":"https:\/\/schupp.ch\/fr\/wp-json\/wp\/v2\/media?parent=5964"}],"wp:term":[{"taxonomy":"product_brand","embeddable":true,"href":"https:\/\/schupp.ch\/fr\/wp-json\/wp\/v2\/product_brand?post=5964"},{"taxonomy":"product_cat","embeddable":true,"href":"https:\/\/schupp.ch\/fr\/wp-json\/wp\/v2\/product_cat?post=5964"},{"taxonomy":"product_tag","embeddable":true,"href":"https:\/\/schupp.ch\/fr\/wp-json\/wp\/v2\/product_tag?post=5964"}],"curies":[{"name":"wp","href":"https:\/\/api.w.org\/{rel}","templated":true}]}}