{"id":5966,"date":"2024-02-13T12:30:25","date_gmt":"2024-02-13T11:30:25","guid":{"rendered":"https:\/\/schupp.ch\/p\/noyaux-de-bande-de-coupe-bf-profil-bas\/"},"modified":"2025-12-03T13:11:04","modified_gmt":"2025-12-03T12:11:04","slug":"noyaux-de-bande-de-coupe-bf-profil-bas","status":"publish","type":"product","link":"https:\/\/schupp.ch\/fr\/p\/noyaux-de-bande-de-coupe-bf-profil-bas\/","title":{"rendered":"Tores fendus enroul\u00e9s BF (Profil bas)"},"content":{"rendered":"<p>&nbsp;<\/p>\n<p><strong>Propri\u00e9t\u00e9s<\/strong><\/p>\n<p>\u00c9paisseur de bande 0,30 mm Acier au silicium \u00e0 grains orient\u00e9s<\/p>\n<p><sub>Bmax<\/sub> = 1,7 Wb\/m2, f =50 Hz<\/p>\n<p>Tol\u00e9rances identiques \u00e0 la s\u00e9rie HWR<\/p>\n<p><img loading=\"lazy\" decoding=\"async\" class=\"alignnone wp-image-4521\" src=\"https:\/\/schupp.ch\/wp-content\/uploads\/2024\/02\/SK_BF-300x283.jpg\" alt=\"\" width=\"403\" height=\"380\" srcset=\"https:\/\/schupp.ch\/wp-content\/uploads\/2024\/02\/SK_BF-300x283.jpg 300w, https:\/\/schupp.ch\/wp-content\/uploads\/2024\/02\/SK_BF.jpg 425w\" sizes=\"auto, (max-width: 403px) 100vw, 403px\" \/><\/p>\n<p>&nbsp;<\/p>\n<table width=\"100%\">\n<tbody>\n<tr>\n<td width=\"11%\"><strong>Art. No.<\/strong><\/td>\n<td width=\"7%\">Type BF<\/td>\n<td width=\"4%\">B]<\/td>\n<td width=\"5%\">A<\/td>\n<td width=\"5%\">E<\/td>\n<td width=\"4%\">Gmin<\/td>\n<td width=\"5%\">D<\/td>\n<td width=\"5%\">Fmin<\/td>\n<td width=\"5%\">Rmax<\/td>\n<td width=\"4%\">Lm<\/td>\n<td width=\"6%\">Section de tore Sn (*)<\/td>\n<td width=\"8%\">Poids<\/td>\n<td width=\"7%\">Puissance transmise<\/td>\n<td width=\"10%\">Nombre de spires par volt<\/td>\n<td width=\"7%\">Densit\u00e9 de courant<\/td>\n<\/tr>\n<tr>\n<td width=\"11%\"><\/td>\n<td width=\"7%\"><\/td>\n<td width=\"4%\">[mm]<\/td>\n<td width=\"5%\">[mm]<\/td>\n<td width=\"5%\">[mm]<\/td>\n<td width=\"4%\">[mm]<\/td>\n<td width=\"5%\">[mm]<\/td>\n<td width=\"5%\">[mm]<\/td>\n<td width=\"5%\">[mm]<\/td>\n<td width=\"4%\">[cm]<\/td>\n<td width=\"6%\">[cm 2]<\/td>\n<td width=\"8%\">[kg]<\/td>\n<td width=\"7%\">[W]<\/td>\n<td width=\"10%\"><\/td>\n<td width=\"7%\">[A\/mm2]<\/td>\n<\/tr>\n<tr>\n<td width=\"11%\"><strong>SKBF30\/10<\/strong><\/td>\n<td width=\"7%\">30\/10<\/td>\n<td width=\"4%\">51<\/td>\n<td width=\"5%\">30<\/td>\n<td width=\"5%\">9,5<\/td>\n<td width=\"4%\">30<\/td>\n<td width=\"5%\">10<\/td>\n<td width=\"5%\">10<\/td>\n<td width=\"5%\">1,5<\/td>\n<td width=\"4%\">11<\/td>\n<td width=\"6%\">0,95<\/td>\n<td width=\"8%\">0,080<\/td>\n<td width=\"7%\">4<\/td>\n<td width=\"10%\">29,43<\/td>\n<td width=\"7%\">6,5<\/td>\n<\/tr>\n<tr>\n<td width=\"11%\"><strong>SKBF30\/16<\/strong><\/td>\n<td width=\"7%\">30\/16<\/td>\n<td width=\"4%\">51<\/td>\n<td width=\"5%\">30<\/td>\n<td width=\"5%\">9,5<\/td>\n<td width=\"4%\">30<\/td>\n<td width=\"5%\">16<\/td>\n<td width=\"5%\">10<\/td>\n<td width=\"5%\">1,5<\/td>\n<td width=\"4%\">11<\/td>\n<td width=\"6%\">1,52<\/td>\n<td width=\"8%\">0,130<\/td>\n<td width=\"7%\">7<\/td>\n<td width=\"10%\">18,4<\/td>\n<td width=\"7%\">6,5<\/td>\n<\/tr>\n<tr>\n<td width=\"11%\"><strong>SKBF39\/10<\/strong><\/td>\n<td width=\"7%\">39\/10<\/td>\n<td width=\"4%\">68<\/td>\n<td width=\"5%\">40<\/td>\n<td width=\"5%\">13<\/td>\n<td width=\"4%\">40<\/td>\n<td width=\"5%\">11,5<\/td>\n<td width=\"5%\">13<\/td>\n<td width=\"5%\">1,5<\/td>\n<td width=\"4%\">14,7<\/td>\n<td width=\"6%\">1,49<\/td>\n<td width=\"8%\">0,158<\/td>\n<td width=\"7%\">11<\/td>\n<td width=\"10%\">18,8<\/td>\n<td width=\"7%\">5,8<\/td>\n<\/tr>\n<tr>\n<td width=\"11%\"><strong>SKBF39\/13<\/strong><\/td>\n<td width=\"7%\">39\/13<\/td>\n<td width=\"4%\">68<\/td>\n<td width=\"5%\">40<\/td>\n<td width=\"5%\">13<\/td>\n<td width=\"4%\">40<\/td>\n<td width=\"5%\">13<\/td>\n<td width=\"5%\">13<\/td>\n<td width=\"5%\">1,5<\/td>\n<td width=\"4%\">14,7<\/td>\n<td width=\"6%\">1,69<\/td>\n<td width=\"8%\">0,178<\/td>\n<td width=\"7%\">14<\/td>\n<td width=\"10%\">16,5<\/td>\n<td width=\"7%\">5,5<\/td>\n<\/tr>\n<tr>\n<td width=\"11%\"><strong>SKBF39\/16<\/strong><\/td>\n<td width=\"7%\">39\/16<\/td>\n<td width=\"4%\">68<\/td>\n<td width=\"5%\">40<\/td>\n<td width=\"5%\">13<\/td>\n<td width=\"4%\">40<\/td>\n<td width=\"5%\">15,5<\/td>\n<td width=\"5%\">13<\/td>\n<td width=\"5%\">1,5<\/td>\n<td width=\"4%\">14,7<\/td>\n<td width=\"6%\">2<\/td>\n<td width=\"8%\">0,250<\/td>\n<td width=\"7%\">14<\/td>\n<td width=\"10%\">14<\/td>\n<td width=\"7%\">5,4<\/td>\n<\/tr>\n<tr>\n<td width=\"11%\"><strong>SKBF39\/20<\/strong><\/td>\n<td width=\"7%\">39\/20<\/td>\n<td width=\"4%\">68<\/td>\n<td width=\"5%\">40<\/td>\n<td width=\"5%\">13<\/td>\n<td width=\"4%\">40<\/td>\n<td width=\"5%\">20<\/td>\n<td width=\"5%\">13<\/td>\n<td width=\"5%\">1,5<\/td>\n<td width=\"4%\">14,7<\/td>\n<td width=\"6%\">2,6<\/td>\n<td width=\"8%\">0,285<\/td>\n<td width=\"7%\">22<\/td>\n<td width=\"10%\">10,7<\/td>\n<td width=\"7%\">5,2<\/td>\n<\/tr>\n<tr>\n<td width=\"11%\"><strong>SKBF48\/10<\/strong><\/td>\n<td width=\"7%\">48\/10<\/td>\n<td width=\"4%\">82<\/td>\n<td width=\"5%\">48<\/td>\n<td width=\"5%\">15,5<\/td>\n<td width=\"4%\">49<\/td>\n<td width=\"5%\">10<\/td>\n<td width=\"5%\">15<\/td>\n<td width=\"5%\">1,5<\/td>\n<td width=\"4%\">17,9<\/td>\n<td width=\"6%\">1,55<\/td>\n<td width=\"8%\">0,200<\/td>\n<td width=\"7%\">20<\/td>\n<td width=\"10%\">18<\/td>\n<td width=\"7%\">5,3<\/td>\n<\/tr>\n<tr>\n<td width=\"11%\"><strong>SKBF48\/16<\/strong><\/td>\n<td width=\"7%\">48\/16<\/td>\n<td width=\"4%\">82<\/td>\n<td width=\"5%\">48<\/td>\n<td width=\"5%\">15,5<\/td>\n<td width=\"4%\">49<\/td>\n<td width=\"5%\">16<\/td>\n<td width=\"5%\">15<\/td>\n<td width=\"5%\">1,5<\/td>\n<td width=\"4%\">17,9<\/td>\n<td width=\"6%\">2,48<\/td>\n<td width=\"8%\">0,310<\/td>\n<td width=\"7%\">32<\/td>\n<td width=\"10%\">11,3<\/td>\n<td width=\"7%\">5,2<\/td>\n<\/tr>\n<tr>\n<td width=\"11%\"><strong>SKBF48\/20<\/strong><\/td>\n<td width=\"7%\">48\/20<\/td>\n<td width=\"4%\">82<\/td>\n<td width=\"5%\">48<\/td>\n<td width=\"5%\">15,5<\/td>\n<td width=\"4%\">49<\/td>\n<td width=\"5%\">20<\/td>\n<td width=\"5%\">15<\/td>\n<td width=\"5%\">1,5<\/td>\n<td width=\"4%\">17,9<\/td>\n<td width=\"6%\">3,1<\/td>\n<td width=\"8%\">0,395<\/td>\n<td width=\"7%\">40<\/td>\n<td width=\"10%\">9<\/td>\n<td width=\"7%\">5<\/td>\n<\/tr>\n<tr>\n<td width=\"11%\"><strong>SKBF48\/25<\/strong><\/td>\n<td width=\"7%\">48\/25<\/td>\n<td width=\"4%\">82<\/td>\n<td width=\"5%\">48<\/td>\n<td width=\"5%\">15,5<\/td>\n<td width=\"4%\">49<\/td>\n<td width=\"5%\">25<\/td>\n<td width=\"5%\">15<\/td>\n<td width=\"5%\">1,5<\/td>\n<td width=\"4%\">17,9<\/td>\n<td width=\"6%\">3,87<\/td>\n<td width=\"8%\">0,459<\/td>\n<td width=\"7%\">50<\/td>\n<td width=\"10%\">7,3<\/td>\n<td width=\"7%\">4,8<\/td>\n<\/tr>\n<\/tbody>\n<\/table>\n<p>&nbsp;<\/p>\n<p>(*) Pour obtenir la section nette du fer, appliquer le coefficient de foisonnement K = 0,95.<\/p>\n<p>&nbsp;<\/p>\n","protected":false},"excerpt":{"rendered":"<h5><\/h5>\n<h5>Les noyaux sont bobin\u00e9s \u00e0 partir d&rsquo;une bande de t\u00f4le magn\u00e9tique \u00e0 grains orient\u00e9s dans le sens de l&rsquo;orientation des grains, ce qui permet d&rsquo;obtenir les pertes sp\u00e9cifiques les plus faibles avec la meilleure perm\u00e9abilit\u00e9, que ce soit \u00e0 faible ou \u00e0 forte induction.<\/h5>\n<h5>Nous livrons tous les tores fendues enroul\u00e9s avec un vernis de protection noir en standard. Afin d&rsquo;\u00e9viter toute confusion entre les noyaux et tout montage incorrect des diff\u00e9rentes moiti\u00e9s de noyau, celles-ci sont num\u00e9rot\u00e9es par paires de mani\u00e8re cons\u00e9cutive.<\/h5>\n<p>&nbsp;<\/p>\n","protected":false},"featured_media":3450,"template":"","meta":{"_acf_changed":false},"product_brand":[],"product_cat":[181,294],"product_tag":[],"class_list":{"0":"post-5966","1":"product","2":"type-product","3":"status-publish","4":"has-post-thumbnail","6":"product_cat-noyaux-de-bandes-coupees-noyaux-de-bandes-annulaires","7":"product_cat-noyaux-de-bande-de-coupe-monophases","9":"first","10":"instock","11":"shipping-taxable","12":"purchasable","13":"product-type-simple"},"acf":[],"_links":{"self":[{"href":"https:\/\/schupp.ch\/fr\/wp-json\/wp\/v2\/product\/5966","targetHints":{"allow":["GET"]}}],"collection":[{"href":"https:\/\/schupp.ch\/fr\/wp-json\/wp\/v2\/product"}],"about":[{"href":"https:\/\/schupp.ch\/fr\/wp-json\/wp\/v2\/types\/product"}],"wp:featuredmedia":[{"embeddable":true,"href":"https:\/\/schupp.ch\/fr\/wp-json\/wp\/v2\/media\/3450"}],"wp:attachment":[{"href":"https:\/\/schupp.ch\/fr\/wp-json\/wp\/v2\/media?parent=5966"}],"wp:term":[{"taxonomy":"product_brand","embeddable":true,"href":"https:\/\/schupp.ch\/fr\/wp-json\/wp\/v2\/product_brand?post=5966"},{"taxonomy":"product_cat","embeddable":true,"href":"https:\/\/schupp.ch\/fr\/wp-json\/wp\/v2\/product_cat?post=5966"},{"taxonomy":"product_tag","embeddable":true,"href":"https:\/\/schupp.ch\/fr\/wp-json\/wp\/v2\/product_tag?post=5966"}],"curies":[{"name":"wp","href":"https:\/\/api.w.org\/{rel}","templated":true}]}}