{"id":5967,"date":"2024-02-13T12:27:47","date_gmt":"2024-02-13T11:27:47","guid":{"rendered":"https:\/\/schupp.ch\/p\/noyaux-de-bande-de-coupe-se\/"},"modified":"2025-12-03T15:08:38","modified_gmt":"2025-12-03T14:08:38","slug":"noyaux-de-bande-de-coupe-se","status":"publish","type":"product","link":"https:\/\/schupp.ch\/fr\/p\/noyaux-de-bande-de-coupe-se\/","title":{"rendered":"Tores fendus enroul\u00e9s SE"},"content":{"rendered":"<p>&nbsp;<\/p>\n<p><strong>Propri\u00e9t\u00e9s<\/strong><\/p>\n<p>\u00c9paisseur de bande 0,30 mm Acier au silicium \u00e0 grains orient\u00e9s<\/p>\n<p>B max =1,7 Wb\/m2, f = 50 Hz<\/p>\n<p>Tol\u00e9rances identiques \u00e0 la s\u00e9rie HWR<\/p>\n<p>&nbsp;<\/p>\n<p><img loading=\"lazy\" decoding=\"async\" class=\"alignnone wp-image-4529\" src=\"https:\/\/schupp.ch\/wp-content\/uploads\/2024\/02\/SK_SE-300x270.jpg\" alt=\"\" width=\"416\" height=\"374\" srcset=\"https:\/\/schupp.ch\/wp-content\/uploads\/2024\/02\/SK_SE-300x270.jpg 300w, https:\/\/schupp.ch\/wp-content\/uploads\/2024\/02\/SK_SE.jpg 435w\" sizes=\"auto, (max-width: 416px) 100vw, 416px\" \/><\/p>\n<p>&nbsp;<\/p>\n<p>&nbsp;<\/p>\n<table>\n<tbody>\n<tr>\n<td width=\"70\"><strong>Art. No.<\/strong><\/td>\n<td width=\"31\"><strong>Type SE<\/strong><\/td>\n<td width=\"34\"><strong>B [mm]<\/strong><\/td>\n<td width=\"34\"><strong>A\u00a0[mm]<\/strong><\/td>\n<td width=\"34\"><strong>E [mm]<\/strong><\/td>\n<td width=\"35\"><strong>Gmin [mm]<\/strong><\/td>\n<td width=\"34\"><strong>D\u00a0[mm]<\/strong><\/td>\n<td width=\"34\"><strong>Fmin\u00a0[mm]<\/strong><\/td>\n<td width=\"36\"><strong>Rmax\u00a0[mm]<\/strong><\/td>\n<td width=\"29\"><strong>Lm\u00a0[cm]<\/strong><\/td>\n<td width=\"45\"><strong>Section de tore S (*) cm2]<\/strong><\/td>\n<td width=\"34\"><strong>Poids [kg]<\/strong><\/td>\n<td width=\"58\"><strong>Puissance transmise [W]<\/strong><\/td>\n<td width=\"49\"><strong>Nombre de spires par volt<\/strong><\/td>\n<td width=\"60\"><strong>Densit\u00e9 de courant [A\/mm2]]<\/strong><\/td>\n<\/tr>\n<tr>\n<td width=\"70\"><strong>SKSE060<\/strong><\/td>\n<td width=\"31\">60<\/td>\n<td width=\"34\">52,2<\/td>\n<td width=\"34\">30<\/td>\n<td width=\"34\">9<\/td>\n<td width=\"35\">32<\/td>\n<td width=\"34\">20<\/td>\n<td width=\"34\">10,5<\/td>\n<td width=\"36\">1,5<\/td>\n<td width=\"29\">11,4<\/td>\n<td width=\"45\">1,8<\/td>\n<td width=\"34\">0,150<\/td>\n<td width=\"58\">10,2<\/td>\n<td width=\"49\">14,7<\/td>\n<td width=\"60\">6<\/td>\n<\/tr>\n<tr>\n<td width=\"70\"><strong>SKSE066<\/strong><\/td>\n<td width=\"31\">66<\/td>\n<td width=\"34\">57,2<\/td>\n<td width=\"34\">33,5<\/td>\n<td width=\"34\">10<\/td>\n<td width=\"35\">35<\/td>\n<td width=\"34\">22<\/td>\n<td width=\"34\">11,5<\/td>\n<td width=\"36\">1,5<\/td>\n<td width=\"29\">12,5<\/td>\n<td width=\"45\">2,2<\/td>\n<td width=\"34\">0,200<\/td>\n<td width=\"58\">15<\/td>\n<td width=\"49\">12,15<\/td>\n<td width=\"60\">5,8<\/td>\n<\/tr>\n<tr>\n<td width=\"70\"><strong>SKSE078<\/strong><\/td>\n<td width=\"31\">78<\/td>\n<td width=\"34\">68,2<\/td>\n<td width=\"34\">39,5<\/td>\n<td width=\"34\">12<\/td>\n<td width=\"35\">42<\/td>\n<td width=\"34\">27<\/td>\n<td width=\"34\">13,5<\/td>\n<td width=\"36\">2<\/td>\n<td width=\"29\">14,9<\/td>\n<td width=\"45\">3,24<\/td>\n<td width=\"34\">0,342<\/td>\n<td width=\"58\">31,5<\/td>\n<td width=\"49\">8,46<\/td>\n<td width=\"60\">5,7<\/td>\n<\/tr>\n<tr>\n<td width=\"70\"><strong>SKSE084A<\/strong><\/td>\n<td width=\"31\">84 a<\/td>\n<td width=\"34\">73,4<\/td>\n<td width=\"34\">42,6<\/td>\n<td width=\"34\">13<\/td>\n<td width=\"35\">45<\/td>\n<td width=\"34\">29<\/td>\n<td width=\"34\">14,5<\/td>\n<td width=\"36\">2<\/td>\n<td width=\"29\">16<\/td>\n<td width=\"45\">4,03<\/td>\n<td width=\"34\">0,430<\/td>\n<td width=\"58\">43<\/td>\n<td width=\"49\">7<\/td>\n<td width=\"60\">5,6<\/td>\n<\/tr>\n<tr>\n<td width=\"70\"><strong>SKSE084B<\/strong><\/td>\n<td width=\"31\">84 b<\/td>\n<td width=\"34\">73,4<\/td>\n<td width=\"34\">42,6<\/td>\n<td width=\"34\">13<\/td>\n<td width=\"35\">45<\/td>\n<td width=\"34\">42<\/td>\n<td width=\"34\">14,5<\/td>\n<td width=\"36\">2<\/td>\n<td width=\"29\">16<\/td>\n<td width=\"45\">5,98<\/td>\n<td width=\"34\">0,640<\/td>\n<td width=\"58\">62,5<\/td>\n<td width=\"49\">5<\/td>\n<td width=\"60\">5,2<\/td>\n<\/tr>\n<tr>\n<td width=\"70\"><strong>SKSE092A<\/strong><\/td>\n<td width=\"31\">92 a<\/td>\n<td width=\"34\">77,6<\/td>\n<td width=\"34\">46,2<\/td>\n<td width=\"34\">11<\/td>\n<td width=\"35\">54<\/td>\n<td width=\"34\">23<\/td>\n<td width=\"34\">23<\/td>\n<td width=\"36\">2<\/td>\n<td width=\"29\">18,7<\/td>\n<td width=\"45\">2,73<\/td>\n<td width=\"34\">0,330<\/td>\n<td width=\"58\">48<\/td>\n<td width=\"49\">10<\/td>\n<td width=\"60\">5,492<\/td>\n<\/tr>\n<tr>\n<td width=\"70\"><strong>SKSE092B<\/strong><\/td>\n<td width=\"31\">92 b<\/td>\n<td width=\"34\">77,6<\/td>\n<td width=\"34\">46,2<\/td>\n<td width=\"34\">11<\/td>\n<td width=\"35\">54<\/td>\n<td width=\"34\">32<\/td>\n<td width=\"34\">23<\/td>\n<td width=\"36\">2<\/td>\n<td width=\"29\">18,7<\/td>\n<td width=\"45\">3,76<\/td>\n<td width=\"34\">0,460<\/td>\n<td width=\"58\">66<\/td>\n<td width=\"49\">7,34<\/td>\n<td width=\"60\">5,1<\/td>\n<\/tr>\n<tr>\n<td width=\"70\"><strong>SKSE106A<\/strong><\/td>\n<td width=\"31\">106 a<\/td>\n<td width=\"34\">88,6<\/td>\n<td width=\"34\">53,2<\/td>\n<td width=\"34\">14<\/td>\n<td width=\"35\">59<\/td>\n<td width=\"34\">32<\/td>\n<td width=\"34\">24<\/td>\n<td width=\"36\">2<\/td>\n<td width=\"29\">20,9<\/td>\n<td width=\"45\">4,75<\/td>\n<td width=\"34\">0,660<\/td>\n<td width=\"58\">100<\/td>\n<td width=\"49\">6,2<\/td>\n<td width=\"60\">5<\/td>\n<\/tr>\n<tr>\n<td width=\"70\"><strong>SKSE106B<\/strong><\/td>\n<td width=\"31\">106 b<\/td>\n<td width=\"34\">88,6<\/td>\n<td width=\"34\">53,2<\/td>\n<td width=\"34\">14<\/td>\n<td width=\"35\">59<\/td>\n<td width=\"34\">45<\/td>\n<td width=\"34\">24<\/td>\n<td width=\"36\">2<\/td>\n<td width=\"29\">20,9<\/td>\n<td width=\"45\">6,62<\/td>\n<td width=\"34\">0,930<\/td>\n<td width=\"58\">135<\/td>\n<td width=\"49\">4,16<\/td>\n<td width=\"60\">4,8<\/td>\n<\/tr>\n<tr>\n<td width=\"70\"><strong>SKSE130A<\/strong><\/td>\n<td width=\"31\">130 a<\/td>\n<td width=\"34\">108,8<\/td>\n<td width=\"34\">65,3<\/td>\n<td width=\"34\">17<\/td>\n<td width=\"35\">73<\/td>\n<td width=\"34\">36<\/td>\n<td width=\"34\">30<\/td>\n<td width=\"36\">2<\/td>\n<td width=\"29\">25,7<\/td>\n<td width=\"45\">5,94<\/td>\n<td width=\"34\">1,14<\/td>\n<td width=\"58\">150<\/td>\n<td width=\"49\">4,65<\/td>\n<td width=\"60\">4,5<\/td>\n<\/tr>\n<tr>\n<td width=\"70\"><strong>SKSE130B<\/strong><\/td>\n<td width=\"31\">130 b<\/td>\n<td width=\"34\">108,8<\/td>\n<td width=\"34\">65,3<\/td>\n<td width=\"34\">17<\/td>\n<td width=\"35\">73<\/td>\n<td width=\"34\">46<\/td>\n<td width=\"34\">30<\/td>\n<td width=\"36\">2<\/td>\n<td width=\"29\">25,7<\/td>\n<td width=\"45\">7,59<\/td>\n<td width=\"34\">1,46<\/td>\n<td width=\"58\">248<\/td>\n<td width=\"49\">3,62<\/td>\n<td width=\"60\">4,1<\/td>\n<\/tr>\n<tr>\n<td width=\"70\"><strong>SKSE150A<\/strong><\/td>\n<td width=\"31\">150 a<\/td>\n<td width=\"34\">123,8<\/td>\n<td width=\"34\">75,2<\/td>\n<td width=\"34\">19<\/td>\n<td width=\"35\">83<\/td>\n<td width=\"34\">40<\/td>\n<td width=\"34\">35<\/td>\n<td width=\"36\">2<\/td>\n<td width=\"29\">29,6<\/td>\n<td width=\"45\">7,56<\/td>\n<td width=\"34\">1,66<\/td>\n<td width=\"58\">295<\/td>\n<td width=\"49\">3,62<\/td>\n<td width=\"60\">4<\/td>\n<\/tr>\n<tr>\n<td width=\"70\"><strong>SKSE150B<\/strong><\/td>\n<td width=\"31\">150 b<\/td>\n<td width=\"34\">123,8<\/td>\n<td width=\"34\">75,2<\/td>\n<td width=\"34\">19<\/td>\n<td width=\"35\">83<\/td>\n<td width=\"34\">50<\/td>\n<td width=\"34\">35<\/td>\n<td width=\"36\">2<\/td>\n<td width=\"29\">29,6<\/td>\n<td width=\"45\">9,45<\/td>\n<td width=\"34\">2,08<\/td>\n<td width=\"58\">360<\/td>\n<td width=\"49\">2,9<\/td>\n<td width=\"60\">3,8<\/td>\n<\/tr>\n<tr>\n<td width=\"70\"><strong>SKSE150C<\/strong><\/td>\n<td width=\"31\">150 c<\/td>\n<td width=\"34\">123,8<\/td>\n<td width=\"34\">75,2<\/td>\n<td width=\"34\">19<\/td>\n<td width=\"35\">83<\/td>\n<td width=\"34\">60<\/td>\n<td width=\"34\">35<\/td>\n<td width=\"36\">2<\/td>\n<td width=\"29\">29,6<\/td>\n<td width=\"45\">11,34<\/td>\n<td width=\"34\">2,49<\/td>\n<td width=\"58\">430<\/td>\n<td width=\"49\">2,44<\/td>\n<td width=\"60\">3,5<\/td>\n<\/tr>\n<tr>\n<td width=\"70\"><strong>SKSE170A<\/strong><\/td>\n<td width=\"31\">170 a<\/td>\n<td width=\"34\">145,8<\/td>\n<td width=\"34\">85<\/td>\n<td width=\"34\">21<\/td>\n<td width=\"35\">100<\/td>\n<td width=\"34\">55<\/td>\n<td width=\"34\">40<\/td>\n<td width=\"36\">3<\/td>\n<td width=\"29\">34,4<\/td>\n<td width=\"45\">11,50<\/td>\n<td width=\"34\">2,96<\/td>\n<td width=\"58\">565<\/td>\n<td width=\"49\">2,4<\/td>\n<td width=\"60\">3,2<\/td>\n<\/tr>\n<tr>\n<td width=\"70\"><strong>SKSE170B<\/strong><\/td>\n<td width=\"31\">170 b<\/td>\n<td width=\"34\">145,8<\/td>\n<td width=\"34\">85<\/td>\n<td width=\"34\">21<\/td>\n<td width=\"35\">100<\/td>\n<td width=\"34\">65<\/td>\n<td width=\"34\">40<\/td>\n<td width=\"36\">3<\/td>\n<td width=\"29\">34,4<\/td>\n<td width=\"45\">13,61<\/td>\n<td width=\"34\">3,50<\/td>\n<td width=\"58\">654<\/td>\n<td width=\"49\">2<\/td>\n<td width=\"60\">3<\/td>\n<\/tr>\n<tr>\n<td width=\"70\"><strong>SKSE170C<\/strong><\/td>\n<td width=\"31\">170 c<\/td>\n<td width=\"34\">145,8<\/td>\n<td width=\"34\">85<\/td>\n<td width=\"34\">21<\/td>\n<td width=\"35\">100<\/td>\n<td width=\"34\">75<\/td>\n<td width=\"34\">40<\/td>\n<td width=\"36\">3<\/td>\n<td width=\"29\">34,4<\/td>\n<td width=\"45\">15,72<\/td>\n<td width=\"34\">4,04<\/td>\n<td width=\"58\">745<\/td>\n<td width=\"49\">1,76<\/td>\n<td width=\"60\">2,8<\/td>\n<\/tr>\n<tr>\n<td width=\"70\"><strong>SKSE195A<\/strong><\/td>\n<td width=\"31\">195 a<\/td>\n<td width=\"34\">187,0<\/td>\n<td width=\"34\">98,3<\/td>\n<td width=\"34\">26<\/td>\n<td width=\"35\">130<\/td>\n<td width=\"34\">55<\/td>\n<td width=\"34\">42,5<\/td>\n<td width=\"36\">3<\/td>\n<td width=\"29\">42,6<\/td>\n<td width=\"45\">15,54<\/td>\n<td width=\"34\">4,78<\/td>\n<td width=\"58\">945<\/td>\n<td width=\"49\">1,78<\/td>\n<td width=\"60\">2,6<\/td>\n<\/tr>\n<tr>\n<td width=\"70\"><strong>SKSE195B<\/strong><\/td>\n<td width=\"31\">195 b<\/td>\n<td width=\"34\">187,0<\/td>\n<td width=\"34\">98,3<\/td>\n<td width=\"34\">26<\/td>\n<td width=\"35\">130<\/td>\n<td width=\"34\">70<\/td>\n<td width=\"34\">42,5<\/td>\n<td width=\"36\">3<\/td>\n<td width=\"29\">42,6<\/td>\n<td width=\"45\">17,95<\/td>\n<td width=\"34\">5,89<\/td>\n<td width=\"58\">1125<\/td>\n<td width=\"49\">1,55<\/td>\n<td width=\"60\">2,4<\/td>\n<\/tr>\n<tr>\n<td width=\"70\"><strong>SKSE195C<\/strong><\/td>\n<td width=\"31\">195 c<\/td>\n<td width=\"34\">187,0<\/td>\n<td width=\"34\">98,3<\/td>\n<td width=\"34\">26<\/td>\n<td width=\"35\">130<\/td>\n<td width=\"34\">84<\/td>\n<td width=\"34\">42,5<\/td>\n<td width=\"36\">3<\/td>\n<td width=\"29\">42,6<\/td>\n<td width=\"45\">21,88<\/td>\n<td width=\"34\">7,19<\/td>\n<td width=\"58\">1345<\/td>\n<td width=\"49\">1,26<\/td>\n<td width=\"60\">2,2<\/td>\n<\/tr>\n<tr>\n<td width=\"70\"><strong>SKSE231A<\/strong><\/td>\n<td width=\"31\">231 a<\/td>\n<td width=\"34\">216,0<\/td>\n<td width=\"34\">116,1<\/td>\n<td width=\"34\">31<\/td>\n<td width=\"35\">149<\/td>\n<td width=\"34\">62<\/td>\n<td width=\"34\">50,5<\/td>\n<td width=\"36\">3<\/td>\n<td width=\"29\">49,5<\/td>\n<td width=\"45\">18,93<\/td>\n<td width=\"34\">6.90<\/td>\n<td width=\"58\">1500<\/td>\n<td width=\"49\">1,47<\/td>\n<td width=\"60\">2<\/td>\n<\/tr>\n<tr>\n<td width=\"70\"><strong>SKSE231B<\/strong><\/td>\n<td width=\"31\">231 b<\/td>\n<td width=\"34\">216,0<\/td>\n<td width=\"34\">116,1<\/td>\n<td width=\"34\">31<\/td>\n<td width=\"35\">149<\/td>\n<td width=\"34\">78<\/td>\n<td width=\"34\">50,5<\/td>\n<td width=\"36\">3<\/td>\n<td width=\"29\">49,5<\/td>\n<td width=\"45\">23,87<\/td>\n<td width=\"34\">8,85<\/td>\n<td width=\"58\">1855<\/td>\n<td width=\"49\">1,16<\/td>\n<td width=\"60\">1,2<\/td>\n<\/tr>\n<tr>\n<td width=\"70\"><strong>SKSE231C<\/strong><\/td>\n<td width=\"31\">231 c<\/td>\n<td width=\"34\">216,0<\/td>\n<td width=\"34\">116,1<\/td>\n<td width=\"34\">31<\/td>\n<td width=\"35\">149<\/td>\n<td width=\"34\">97<\/td>\n<td width=\"34\">50,5<\/td>\n<td width=\"36\">3<\/td>\n<td width=\"29\">49,5<\/td>\n<td width=\"45\">29,72<\/td>\n<td width=\"34\">10,94<\/td>\n<td width=\"58\">2200<\/td>\n<td width=\"49\">0,92<\/td>\n<td width=\"60\">1,8<\/td>\n<\/tr>\n<\/tbody>\n<\/table>\n<p>(*) Pour obtenir la section nette du fer, appliquer le coefficient de foisonnement K = 0,95.<\/p>\n<p>&nbsp;<\/p>\n","protected":false},"excerpt":{"rendered":"<p>&nbsp;<\/p>\n<h5>Les noyaux sont bobin\u00e9s \u00e0 partir d&rsquo;une bande de t\u00f4le magn\u00e9tique \u00e0 grains orient\u00e9s dans le sens de l&rsquo;orientation des grains, ce qui permet d&rsquo;obtenir les pertes sp\u00e9cifiques les plus faibles avec la meilleure perm\u00e9abilit\u00e9, que ce soit \u00e0 faible ou \u00e0 forte induction.<\/h5>\n<h5>Nous livrons tous les tores fendues enroul\u00e9s avec un vernis de protection noir en standard. Afin d&rsquo;\u00e9viter toute confusion entre les noyaux et tout montage incorrect des diff\u00e9rentes moiti\u00e9s de noyau, celles-ci sont num\u00e9rot\u00e9es par paires de mani\u00e8re cons\u00e9cutive.<\/h5>\n<p>&nbsp;<\/p>\n","protected":false},"featured_media":878,"template":"","meta":{"_acf_changed":false},"product_brand":[],"product_cat":[181,294],"product_tag":[],"class_list":{"0":"post-5967","1":"product","2":"type-product","3":"status-publish","4":"has-post-thumbnail","6":"product_cat-noyaux-de-bandes-coupees-noyaux-de-bandes-annulaires","7":"product_cat-noyaux-de-bande-de-coupe-monophases","9":"first","10":"instock","11":"shipping-taxable","12":"purchasable","13":"product-type-simple"},"acf":[],"_links":{"self":[{"href":"https:\/\/schupp.ch\/fr\/wp-json\/wp\/v2\/product\/5967","targetHints":{"allow":["GET"]}}],"collection":[{"href":"https:\/\/schupp.ch\/fr\/wp-json\/wp\/v2\/product"}],"about":[{"href":"https:\/\/schupp.ch\/fr\/wp-json\/wp\/v2\/types\/product"}],"wp:featuredmedia":[{"embeddable":true,"href":"https:\/\/schupp.ch\/fr\/wp-json\/wp\/v2\/media\/878"}],"wp:attachment":[{"href":"https:\/\/schupp.ch\/fr\/wp-json\/wp\/v2\/media?parent=5967"}],"wp:term":[{"taxonomy":"product_brand","embeddable":true,"href":"https:\/\/schupp.ch\/fr\/wp-json\/wp\/v2\/product_brand?post=5967"},{"taxonomy":"product_cat","embeddable":true,"href":"https:\/\/schupp.ch\/fr\/wp-json\/wp\/v2\/product_cat?post=5967"},{"taxonomy":"product_tag","embeddable":true,"href":"https:\/\/schupp.ch\/fr\/wp-json\/wp\/v2\/product_tag?post=5967"}],"curies":[{"name":"wp","href":"https:\/\/api.w.org\/{rel}","templated":true}]}}