{"id":5975,"date":"2024-01-25T10:27:53","date_gmt":"2024-01-25T09:27:53","guid":{"rendered":"https:\/\/schupp.ch\/p\/resines-polyurethanes-transparentes-a-deux-composants-bectron-pu\/"},"modified":"2025-11-21T20:05:04","modified_gmt":"2025-11-21T19:05:04","slug":"resines-polyurethanes-transparentes-a-deux-composants-bectron-pu","status":"publish","type":"product","link":"https:\/\/schupp.ch\/fr\/p\/resines-polyurethanes-transparentes-a-deux-composants-bectron-pu\/","title":{"rendered":"R\u00e9sines polyur\u00e9thanes transparentes \u00e0 deux composants Bectron\u00ae PU"},"content":{"rendered":"<p><strong>\u00a0<\/strong><\/p>\n<table width=\"663\">\n<tbody>\n<tr>\n<td colspan=\"2\" width=\"163\"><strong>Num\u00e9ro principal<\/strong><\/td>\n<td rowspan=\"2\" width=\"144\">Rapport de m\u00e9lange r\u00e9sine\/durcisseur (Parties en poids)<\/td>\n<td width=\"108\">Viscosit\u00e9 de m\u00e9lange \u00e0 25\u00b0C<br \/>\nDIN 53019<\/td>\n<td width=\"89\">Temps de durissement \u00e0 23\u00b0C<\/td>\n<td width=\"52\">Duret\u00e9 DIN 53505<\/td>\n<td rowspan=\"2\" width=\"44\">Temp. Indice TI<\/td>\n<td rowspan=\"2\" width=\"47\">Couleur R\u00e9sine<\/td>\n<\/tr>\n<tr>\n<td width=\"80\"><strong>R\u00e9sine<\/strong><\/td>\n<td width=\"81\"><strong>Durcisseur<\/strong><\/td>\n<td width=\"108\">[mPa*s]<\/td>\n<td width=\"89\">[h]<\/td>\n<td width=\"52\">[Shore]<\/td>\n<\/tr>\n<tr>\n<td width=\"80\"><strong>\u00a0<a href=\"https:\/\/schupp.ch\/wp-content\/uploads\/2024\/09\/Bectron_PU_4501.pdf\">GHPU4501<\/a><\/strong><\/td>\n<td width=\"81\"><strong>\u00a0GHPH4901<\/strong><\/td>\n<td width=\"144\">\u00a0100 : 50<\/td>\n<td width=\"108\">\u00a0500<\/td>\n<td width=\"89\">241 (80\u00b0)0,5 (90\u00b0)<\/td>\n<td width=\"52\">\u00a0A 25-45<\/td>\n<td width=\"44\">\u00a0105<\/td>\n<td rowspan=\"5\" width=\"47\">tranparent<\/td>\n<\/tr>\n<tr>\n<td width=\"80\"><strong>GHPU4532<\/strong><\/td>\n<td width=\"81\"><strong>GHPH4902<\/strong><\/td>\n<td width=\"144\">100 : 125<\/td>\n<td width=\"108\">700 \u00b1 150<\/td>\n<td width=\"89\">12-161- 2 (60\u201c)<\/td>\n<td width=\"52\">D50 \u00b1 5<\/td>\n<td width=\"44\">&#8212;<\/td>\n<\/tr>\n<tr>\n<td width=\"80\"><strong>GHPU4533<\/strong><\/td>\n<td width=\"81\"><strong>GHPH4901<\/strong><\/td>\n<td width=\"144\">100 : 13<\/td>\n<td width=\"108\">800 \u00b1 100<\/td>\n<td width=\"89\">24-483 -4 (90\u00b0)<\/td>\n<td width=\"52\">A 35 \u00b1 5<\/td>\n<td width=\"44\">112<\/td>\n<\/tr>\n<tr>\n<td width=\"80\"><strong>GHPU4535<\/strong><\/td>\n<td width=\"81\"><strong>GHPH4901<\/strong><\/td>\n<td width=\"144\">100 : 60<\/td>\n<td width=\"108\">500<\/td>\n<td width=\"89\">12 -161 (60\u00b0)<\/td>\n<td width=\"52\">A 55 \u00b1 10<\/td>\n<td width=\"44\">138.<\/td>\n<\/tr>\n<tr>\n<td width=\"80\"><strong>GHPU4536<\/strong><\/td>\n<td width=\"81\"><strong>GHPH4902<\/strong><\/td>\n<td width=\"144\">100 : 175<\/td>\n<td width=\"108\">1100<\/td>\n<td width=\"89\">12 -16<\/td>\n<td width=\"52\">D75 \u00b1 10<\/td>\n<td width=\"44\">&#8212;<\/td>\n<\/tr>\n<\/tbody>\n<\/table>\n<p>Ouvrir la fiche technique en cliquant sur le num\u00e9ro de fiche.<\/p>\n<p>Avant d&rsquo;utiliser la r\u00e9sine, veuillez lire les instructions d&rsquo;utilisation! Elles peuvent \u00eatre obtenues aupr\u00e8s de nos services. Vous pouvez \u00e9galement les t\u00e9l\u00e9charger en cliquant sur le bouton.<\/p>\n<p>&nbsp;<\/p>\n<p>&nbsp;<\/p>\n<p><strong>Unit\u00e9s de vente<\/strong><\/p>\n<table>\n<tbody>\n<tr>\n<td width=\"139\"><strong>No. d\u2019article r\u00e9sine<\/strong><\/td>\n<td width=\"77\">Ratio<\/td>\n<td width=\"122\">Unit\u00e9 de vente [kg]<\/td>\n<td width=\"150\"><strong>No. d\u2019article durcisseur<\/strong><\/td>\n<td width=\"133\">Unit\u00e9s de vente [kg]<\/td>\n<\/tr>\n<tr>\n<td width=\"139\"><strong>GHPU4501\/04500<\/strong><\/td>\n<td width=\"77\">100 : 50<\/td>\n<td width=\"122\">4,5<\/td>\n<td width=\"150\"><strong>GHPH4901\/02250<\/strong><\/td>\n<td width=\"133\">2,25<\/td>\n<\/tr>\n<tr>\n<td width=\"139\"><strong><em>\u00a0<\/em>GHPU4532\/xxxxx<\/strong><\/td>\n<td width=\"77\"><strong><em>\u00a0<\/em><\/strong>100 : 125<\/td>\n<td width=\"122\">sur demande<\/td>\n<td width=\"150\"><strong>GHPH4902\/01000 GHPH4902\/05000 GHPH4902\/25000<\/strong><\/td>\n<td width=\"133\">1,0<br \/>\n5,0<br \/>\n25<\/td>\n<\/tr>\n<tr>\n<td width=\"139\"><strong>GHPU4533\/01000<\/strong><\/td>\n<td width=\"77\">100 :13<\/td>\n<td width=\"122\">1<\/td>\n<td rowspan=\"3\" width=\"150\"><strong><em>\u00a0<\/em><\/strong><\/p>\n<p><strong>GHPH4901\/02250<\/strong><\/td>\n<td rowspan=\"3\" width=\"133\"><strong><em>\u00a0<\/em><\/strong><\/p>\n<p>2,25<\/td>\n<\/tr>\n<tr>\n<td width=\"139\"><strong>GHPU4533\/01500<\/strong><\/td>\n<td width=\"77\">100 : 13<\/td>\n<td width=\"122\">1,5<\/td>\n<\/tr>\n<tr>\n<td width=\"139\"><strong>GHPU4533\/25000<\/strong><\/td>\n<td width=\"77\">100 : 13<\/td>\n<td width=\"122\">25<\/td>\n<\/tr>\n<tr>\n<td width=\"139\"><strong>GHPU4535\/01500<\/strong><\/td>\n<td width=\"77\">100 : 60<\/td>\n<td width=\"122\">1,5<\/td>\n<td width=\"150\"><strong>GHPH4901\/02250<\/strong><\/td>\n<td width=\"133\">2,25<\/td>\n<\/tr>\n<tr>\n<td width=\"139\"><strong>GHPU4536\/xxxxx<\/strong><\/td>\n<td width=\"77\"><strong><em>\u00a0<\/em><\/strong>100 : 175<\/td>\n<td width=\"122\"><strong><em>\u00a0<\/em><\/strong>Sur demande<\/td>\n<td width=\"150\"><strong>GHPH4902\/01000 GHPH4902\/05000 GHPH4902\/25000<\/strong><\/td>\n<td width=\"133\">1,0<br \/>\n5,0<br \/>\n25<\/td>\n<\/tr>\n<\/tbody>\n<\/table>\n<p>&nbsp;<\/p>\n<p><strong>Note<\/strong><\/p>\n<p>Les fiches techniques sont disponibles sur demande ou en cliquant sur le num\u00e9ro de fiche. Les informations techniques sont donn\u00e9es en toute bonne foi. Elles ne dispensent pas l&rsquo;utilisateur de v\u00e9rifier l&rsquo;ad\u00e9quation du produit par ses propres essais.<\/p>\n<p>\u00ae Marques d\u00e9pos\u00e9es \/ \u00a9 Karl Schupp AG<\/p>\n<p>&nbsp;<\/p>\n","protected":false},"excerpt":{"rendered":"<p class=\"KSStandard\">\n<h5>Cette r\u00e9sine \u00e0 deux composants \u00e0 base de polyur\u00e9thane est extr\u00eamement transparente et appropri\u00e9e \u00e0 d\u2019applications dans l\u2018opto\u00e9lectronique.<\/h5>\n<p>&nbsp;<\/p>\n<p>&nbsp;<\/p>\n","protected":false},"featured_media":1403,"template":"","meta":{"_acf_changed":false},"product_brand":[],"product_cat":[241,325],"product_tag":[],"class_list":{"0":"post-5975","1":"product","2":"type-product","3":"status-publish","4":"has-post-thumbnail","6":"product_cat-isolants-et-adhesifs-liquides-pour-la-protection-de-lelectronique","7":"product_cat-resines-de-coulee-masses-de-scellement","9":"first","10":"instock","11":"shipping-taxable","12":"purchasable","13":"product-type-simple"},"acf":[],"_links":{"self":[{"href":"https:\/\/schupp.ch\/fr\/wp-json\/wp\/v2\/product\/5975","targetHints":{"allow":["GET"]}}],"collection":[{"href":"https:\/\/schupp.ch\/fr\/wp-json\/wp\/v2\/product"}],"about":[{"href":"https:\/\/schupp.ch\/fr\/wp-json\/wp\/v2\/types\/product"}],"wp:featuredmedia":[{"embeddable":true,"href":"https:\/\/schupp.ch\/fr\/wp-json\/wp\/v2\/media\/1403"}],"wp:attachment":[{"href":"https:\/\/schupp.ch\/fr\/wp-json\/wp\/v2\/media?parent=5975"}],"wp:term":[{"taxonomy":"product_brand","embeddable":true,"href":"https:\/\/schupp.ch\/fr\/wp-json\/wp\/v2\/product_brand?post=5975"},{"taxonomy":"product_cat","embeddable":true,"href":"https:\/\/schupp.ch\/fr\/wp-json\/wp\/v2\/product_cat?post=5975"},{"taxonomy":"product_tag","embeddable":true,"href":"https:\/\/schupp.ch\/fr\/wp-json\/wp\/v2\/product_tag?post=5975"}],"curies":[{"name":"wp","href":"https:\/\/api.w.org\/{rel}","templated":true}]}}