{"id":5978,"date":"2024-01-24T16:47:27","date_gmt":"2024-01-24T15:47:27","guid":{"rendered":"https:\/\/schupp.ch\/p\/guillotine-coupe-tuyaux-en-plastique-fluore\/"},"modified":"2025-12-29T13:42:29","modified_gmt":"2025-12-29T12:42:29","slug":"guillotine-coupe-tuyaux-en-plastique-fluore","status":"publish","type":"product","link":"https:\/\/schupp.ch\/fr\/p\/guillotine-coupe-tuyaux-en-plastique-fluore\/","title":{"rendered":"Guillotine pour couper des gaines en mat\u00e9ri\u00e9l synth\u00e9tique fluor\u00e9"},"content":{"rendered":"<p>&nbsp;<\/p>\n<p><strong>Num\u00e9ros d&rsquo;articles :<\/strong><\/p>\n<p>Coupe-gaine guillotine <strong>KWSV794<br \/>\n<\/strong>Lame de rechange <strong>KWSV795<\/strong><\/p>\n<p>&nbsp;<\/p>\n","protected":false},"excerpt":{"rendered":"<p>&nbsp;<\/p>\n<h5 class=\"KSStandard\">Cet outil permettant de couper rapidement et pr\u00e9cis\u00e9ment les tuyaux en plastique garantit une coupe droite et nette, sans d\u00e9formation. Il convient aux tuyaux en PU, PE, PA, PVC, PTFE et autres mati\u00e8res plastiques.<\/h5>\n<p>&nbsp;<\/p>\n","protected":false},"featured_media":1265,"template":"","meta":{"_acf_changed":false},"product_brand":[],"product_cat":[217,297],"product_tag":[],"class_list":{"0":"post-5978","1":"product","2":"type-product","3":"status-publish","4":"has-post-thumbnail","6":"product_cat-tuyaux-techniques","7":"product_cat-tuyaux-en-plastique-fluore","9":"first","10":"instock","11":"shipping-taxable","12":"purchasable","13":"product-type-simple"},"acf":[],"_links":{"self":[{"href":"https:\/\/schupp.ch\/fr\/wp-json\/wp\/v2\/product\/5978","targetHints":{"allow":["GET"]}}],"collection":[{"href":"https:\/\/schupp.ch\/fr\/wp-json\/wp\/v2\/product"}],"about":[{"href":"https:\/\/schupp.ch\/fr\/wp-json\/wp\/v2\/types\/product"}],"wp:featuredmedia":[{"embeddable":true,"href":"https:\/\/schupp.ch\/fr\/wp-json\/wp\/v2\/media\/1265"}],"wp:attachment":[{"href":"https:\/\/schupp.ch\/fr\/wp-json\/wp\/v2\/media?parent=5978"}],"wp:term":[{"taxonomy":"product_brand","embeddable":true,"href":"https:\/\/schupp.ch\/fr\/wp-json\/wp\/v2\/product_brand?post=5978"},{"taxonomy":"product_cat","embeddable":true,"href":"https:\/\/schupp.ch\/fr\/wp-json\/wp\/v2\/product_cat?post=5978"},{"taxonomy":"product_tag","embeddable":true,"href":"https:\/\/schupp.ch\/fr\/wp-json\/wp\/v2\/product_tag?post=5978"}],"curies":[{"name":"wp","href":"https:\/\/api.w.org\/{rel}","templated":true}]}}