{"id":5980,"date":"2024-01-24T16:44:07","date_gmt":"2024-01-24T15:44:07","guid":{"rendered":"https:\/\/schupp.ch\/p\/kit-easy-flange\/"},"modified":"2025-12-28T17:53:07","modified_gmt":"2025-12-28T16:53:07","slug":"kit-easy-flange","status":"publish","type":"product","link":"https:\/\/schupp.ch\/fr\/p\/kit-easy-flange\/","title":{"rendered":"Kit Easy-Flange"},"content":{"rendered":"<p>&nbsp;<\/p>\n<p><strong>Propri\u00e9t\u00e9s<\/strong><\/p>\n<ul>\n<li>Outil pratique pour un bridage parfait<\/li>\n<li>Ne n\u00e9cessite pas de chaleur ni d&rsquo;\u00e9lectricit\u00e9<\/li>\n<li>pas de pollution de l&rsquo;environnement<\/li>\n<\/ul>\n<p>&nbsp;<\/p>\n<p><strong>Num\u00e9ro d&rsquo;article : KWSV201540<\/strong><\/p>\n<p>Un kit &lsquo;Easy-Flange&rsquo; se compose des \u00e9l\u00e9ments suivants :<\/p>\n<ul>\n<li>Mallette en plastique<\/li>\n<li>Rondelle de bride pour tige de 0,5 mm en acier inoxydable pour tuyaux PEEK<\/li>\n<li>Rondelle de bride avec broche de 0,8 mm en plastique fluor\u00e9<\/li>\n<li>Rondelle de bride avec tige de 0,8 mm en titane<\/li>\n<li>Rondelle de bride avec broche de 1,3 mm en plastique fluor\u00e9<\/li>\n<li>Rondelle de bride avec tige de 1,3 mm en titane<\/li>\n<li>Outil de coupe de tuyau<\/li>\n<li>3 m de gaine en PTFE 1\/16&Prime; avec un diam\u00e8tre int\u00e9rieur de 0,75 mm<\/li>\n<\/ul>\n<p>&nbsp;<\/p>\n","protected":false},"excerpt":{"rendered":"<p>&nbsp;<\/p>\n<h5>L&rsquo;outil \u00ab\u00a0Easy Flange\u00a0\u00bb est utilis\u00e9 pour fixer des brides sur des gaines en mazi\u00e8re synth\u00e9tique fluor\u00e9 d&rsquo;un diam\u00e8tre ext\u00e9rieur de 1\/16 \u00e0 1\/8 pouce. Il forme la bride uniquement par une force m\u00e9canique et ne n\u00e9cessite donc pas d&rsquo;\u00e9lectricit\u00e9. La bride pr\u00e9sente une qualit\u00e9 \u00e9lev\u00e9e car la gaine n&rsquo;est pas soumis \u00e0 la chaleur. La pi\u00e8ce de formage au profil conique n\u00e9gatif sp\u00e9cial produit des brides aux propri\u00e9t\u00e9s d&rsquo;\u00e9tanch\u00e9it\u00e9 \u00e9lev\u00e9es.<\/h5>\n<p>&nbsp;<\/p>\n<p>&nbsp;<\/p>\n","protected":false},"featured_media":1246,"template":"","meta":{"_acf_changed":false},"product_brand":[],"product_cat":[217,297],"product_tag":[],"class_list":{"0":"post-5980","1":"product","2":"type-product","3":"status-publish","4":"has-post-thumbnail","6":"product_cat-tuyaux-techniques","7":"product_cat-tuyaux-en-plastique-fluore","9":"first","10":"instock","11":"shipping-taxable","12":"purchasable","13":"product-type-simple"},"acf":[],"_links":{"self":[{"href":"https:\/\/schupp.ch\/fr\/wp-json\/wp\/v2\/product\/5980","targetHints":{"allow":["GET"]}}],"collection":[{"href":"https:\/\/schupp.ch\/fr\/wp-json\/wp\/v2\/product"}],"about":[{"href":"https:\/\/schupp.ch\/fr\/wp-json\/wp\/v2\/types\/product"}],"wp:featuredmedia":[{"embeddable":true,"href":"https:\/\/schupp.ch\/fr\/wp-json\/wp\/v2\/media\/1246"}],"wp:attachment":[{"href":"https:\/\/schupp.ch\/fr\/wp-json\/wp\/v2\/media?parent=5980"}],"wp:term":[{"taxonomy":"product_brand","embeddable":true,"href":"https:\/\/schupp.ch\/fr\/wp-json\/wp\/v2\/product_brand?post=5980"},{"taxonomy":"product_cat","embeddable":true,"href":"https:\/\/schupp.ch\/fr\/wp-json\/wp\/v2\/product_cat?post=5980"},{"taxonomy":"product_tag","embeddable":true,"href":"https:\/\/schupp.ch\/fr\/wp-json\/wp\/v2\/product_tag?post=5980"}],"curies":[{"name":"wp","href":"https:\/\/api.w.org\/{rel}","templated":true}]}}