{"id":5981,"date":"2024-01-24T16:52:15","date_gmt":"2024-01-24T15:52:15","guid":{"rendered":"https:\/\/schupp.ch\/p\/mastic-dequilibrage-pour-les-bandages-en-polyverre\/"},"modified":"2025-11-30T19:57:54","modified_gmt":"2025-11-30T18:57:54","slug":"mastic-dequilibrage-pour-les-bandages-en-polyverre","status":"publish","type":"product","link":"https:\/\/schupp.ch\/fr\/p\/mastic-dequilibrage-pour-les-bandages-en-polyverre\/","title":{"rendered":"Mastic d&rsquo;\u00e9quilibrage pour les bandages en polyverre"},"content":{"rendered":"<p>&nbsp;<\/p>\n<p><strong>Propri\u00e9t\u00e9s:<\/strong><\/p>\n<p>&nbsp;<\/p>\n<p><strong>M\u00e9lange:<br \/>\n<\/strong>100 unit\u00e9s poids mati\u00e8re A (bleu) 86 unit\u00e9s poids mati\u00e8re B (jaune) Tol\u00e9rance \u00b12%<\/p>\n<p><strong>Temps<\/strong> <strong>de durcissement:<br \/>\n<\/strong>entre 23 \u00e0 25\u00b0C 3 \u00e0 4 heures \u00e0 150\u00b0C environ 30 minutes<\/p>\n<p><strong>Temps<\/strong> <strong>de traitement des composants:<br \/>\n<\/strong>1 \u00bd heures environ \u00e0 20\u00b0C<\/p>\n<p><strong>Classe de temp\u00e9rature:<br \/>\n<\/strong>H (180\u00b0C)<\/p>\n<p><strong>Conditionnement:<br \/>\n<\/strong>Bo\u00eetes \u00e0 1 kg<\/p>\n<p><strong>No d\u2018art. : AKA\/1<br \/>\n<\/strong>Composant A (bleu)<\/p>\n<p><strong>No d\u2018art. : AKB\/1<br \/>\n<\/strong>Composant B (jaune)<\/p>\n<p><strong>Conditionnement sp\u00e9cial:<br \/>\n<\/strong>Bo\u00eetes \u00e0 5kg<\/p>\n<p><strong>N\u00b0<\/strong> <strong>d\u2019art. <\/strong><strong>: AKA\/5<br \/>\n<\/strong>Composant A (bleu)<\/p>\n<p><strong>N\u00b0<\/strong> <strong>d\u2019art. <\/strong><strong>: AKB\/5<br \/>\n<\/strong>Composant B (jaune)<\/p>\n<p>&nbsp;<\/p>\n<p>&nbsp;<\/p>\n<p><strong>Mode d\u2018emploi<\/strong><\/p>\n<p>M\u00e9langer les deux mati\u00e8res avec un rapport de m\u00e9lange de 100 : 86 jusqu\u2018\u00e0 obtention d\u2018un m\u00e9lange homog\u00e8ne vert. Il est recommand\u00e9, de presser le mastic dans la t\u00eate du bobinage, sous le bandage. Si tel n\u2018est pas possible, le mastic peut \u00eatre pos\u00e9 sur le bandage en POLYGLAS. Dans ce cas, il faut chauffer localement le bandage en POLYGLAS avec une soufflante \u00e0 air chaud, r\u00e9glable. L\u2018\u00e9chauffement permet une adh\u00e9sion durable entre le bandage en POLYGLAS et le mastic.<\/p>\n<p>Gr\u00e2ce au temps d\u2018utilisation du m\u00e9lange assez \u00e9lev\u00e9, il n\u2018est pas n\u00e9cessaire de m\u00e9langer le mastic durant le processus d\u2018\u00e9quilibrage. Ce temps peut \u00eatre prolong\u00e9, si vous gardez le m\u00e9lange au frais dans un r\u00e9frig\u00e9rateur. Ces indications d\u2018application servent uniquement de directives g\u00e9n\u00e9rales et ne dispensent aucunement d\u2018effectuer des essais individuels.<\/p>\n<p>&nbsp;<\/p>\n","protected":false},"excerpt":{"rendered":"<p>&nbsp;<\/p>\n<p>Ce mastic \u00e0 deux composants a sp\u00e9cialement \u00e9t\u00e9 con\u00e7u pour les bandages en POLYGLAS.<\/p>\n<p>&nbsp;<\/p>\n","protected":false},"featured_media":1284,"template":"","meta":{"_acf_changed":false},"product_brand":[],"product_cat":[142,298],"product_tag":[],"class_list":{"0":"post-5981","1":"product","2":"type-product","3":"status-publish","4":"has-post-thumbnail","6":"product_cat-technique-de-bobinage","7":"product_cat-mastic-dequilibrage","9":"first","10":"instock","11":"shipping-taxable","12":"purchasable","13":"product-type-simple"},"acf":[],"_links":{"self":[{"href":"https:\/\/schupp.ch\/fr\/wp-json\/wp\/v2\/product\/5981","targetHints":{"allow":["GET"]}}],"collection":[{"href":"https:\/\/schupp.ch\/fr\/wp-json\/wp\/v2\/product"}],"about":[{"href":"https:\/\/schupp.ch\/fr\/wp-json\/wp\/v2\/types\/product"}],"wp:featuredmedia":[{"embeddable":true,"href":"https:\/\/schupp.ch\/fr\/wp-json\/wp\/v2\/media\/1284"}],"wp:attachment":[{"href":"https:\/\/schupp.ch\/fr\/wp-json\/wp\/v2\/media?parent=5981"}],"wp:term":[{"taxonomy":"product_brand","embeddable":true,"href":"https:\/\/schupp.ch\/fr\/wp-json\/wp\/v2\/product_brand?post=5981"},{"taxonomy":"product_cat","embeddable":true,"href":"https:\/\/schupp.ch\/fr\/wp-json\/wp\/v2\/product_cat?post=5981"},{"taxonomy":"product_tag","embeddable":true,"href":"https:\/\/schupp.ch\/fr\/wp-json\/wp\/v2\/product_tag?post=5981"}],"curies":[{"name":"wp","href":"https:\/\/api.w.org\/{rel}","templated":true}]}}