{"id":5985,"date":"2024-01-24T17:12:48","date_gmt":"2024-01-24T16:12:48","guid":{"rendered":"https:\/\/schupp.ch\/p\/films-polyester-mylar-hostaphan-etc\/"},"modified":"2025-11-18T16:19:06","modified_gmt":"2025-11-18T15:19:06","slug":"films-polyester-mylar-hostaphan-etc","status":"publish","type":"product","link":"https:\/\/schupp.ch\/fr\/p\/films-polyester-mylar-hostaphan-etc\/","title":{"rendered":"Films polyester Mylar\u00ae, Hostaphan\u00ae"},"content":{"rendered":"<p>&nbsp;<\/p>\n<h5>Charact\u00e9ristiques<\/h5>\n<p>&nbsp;<\/p>\n<p><strong>Mat\u00e9riel :<br \/>\n<\/strong>Poly\u00e9thyl\u00e8ne t\u00e9r\u00e9phtalate (PET)<br \/>\nMylar\u00ae A l\u00e9g\u00e8rement opaque (PFM)<br \/>\nHostaphan\u00ae RN l\u00e9g\u00e8rement opaque (PFHRN)<br \/>\nHostaphan\u00ae WN blanc laiteux (PFHWN)<\/p>\n<p><strong>Classe de temp\u00e9rature :<\/strong><br \/>\nB (130\u00b0C)<\/p>\n<p><strong>Densit\u00e9 :<\/strong><br \/>\n1,395 g\/cm3<\/p>\n<p><strong>Dimensions :<br \/>\n<\/strong>0,023 mm &#8211; 0,500 mm \u00c9paisseur<\/p>\n<p><strong>Diam\u00e8tre ext\u00e9rieur de rouleau:<br \/>\n<\/strong>d&rsquo;environ 240 mm pour une longueur de course standard<\/p>\n<p>&nbsp;<\/p>\n<p><strong>Donn\u00e9es techniques Mylar\u00ae A : \u00a0 \u00a0 \u00a0\u00a0 <\/strong>( donn\u00e9es techniques pour Hostaphan\u00ae sur demande )<\/p>\n<table width=\"633\">\n<tbody>\n<tr>\n<td colspan=\"2\" width=\"109\"><strong>Num\u00e9ro principal<\/strong><\/td>\n<td width=\"78\">\u00c9paisseur nominale [\u00b5m] \u00b110<\/td>\n<td width=\"132\">Tension de claquage [kV]<\/td>\n<td width=\"103\">Poids surfacique [g\/m2]<\/td>\n<td width=\"95\">Rendement [m2\/kg]<\/td>\n<td width=\"116\">Longueur de course standard [m]<\/td>\n<\/tr>\n<tr>\n<td width=\"98\"><strong>PFM023<\/strong><\/td>\n<td width=\"11\"><strong>*<\/strong><\/td>\n<td width=\"78\">23<\/td>\n<td width=\"132\">4<\/td>\n<td width=\"103\">32<\/td>\n<td width=\"95\">31<\/td>\n<td width=\"116\">1690<\/td>\n<\/tr>\n<tr>\n<td width=\"98\"><strong>PFM036<\/strong><\/td>\n<td width=\"11\"><strong>*<\/strong><\/td>\n<td width=\"78\">36<\/td>\n<td width=\"132\">5,5<\/td>\n<td width=\"103\">50<\/td>\n<td width=\"95\">20<\/td>\n<td width=\"116\">1080<\/td>\n<\/tr>\n<tr>\n<td width=\"98\"><strong>PFM050<\/strong><\/td>\n<td width=\"11\"><strong>*<\/strong><\/td>\n<td width=\"78\">50<\/td>\n<td width=\"132\">7,7<\/td>\n<td width=\"103\">70<\/td>\n<td width=\"95\">14,0<\/td>\n<td width=\"116\">780<\/td>\n<\/tr>\n<tr>\n<td width=\"98\"><strong>PFM075<\/strong><\/td>\n<td width=\"11\"><span style=\"color: #ff0000;\"><strong>\u2666<\/strong><\/span><\/td>\n<td width=\"78\">75<\/td>\n<td width=\"132\">10<\/td>\n<td width=\"103\">105<\/td>\n<td width=\"95\">9,6<\/td>\n<td width=\"116\">520<\/td>\n<\/tr>\n<tr>\n<td width=\"98\"><strong>PFM100<\/strong><\/td>\n<td width=\"11\"><span style=\"color: #ff0000;\"><strong>\u2666<\/strong><\/span><\/td>\n<td width=\"78\">100<\/td>\n<td width=\"132\">11,75<\/td>\n<td width=\"103\">140<\/td>\n<td width=\"95\">7,2<\/td>\n<td width=\"116\">390<\/td>\n<\/tr>\n<tr>\n<td width=\"98\"><strong>PFM125<\/strong><\/td>\n<td width=\"11\"><span style=\"color: #00ff00;\">\u2666<\/span><\/td>\n<td width=\"78\">125<\/td>\n<td width=\"132\">13,5<\/td>\n<td width=\"103\">175<\/td>\n<td width=\"95\">5,7<\/td>\n<td width=\"116\">310<\/td>\n<\/tr>\n<tr>\n<td width=\"98\"><strong>PFM190<\/strong><\/td>\n<td width=\"11\"><span style=\"color: #00ff00;\">\u2666<\/span><\/td>\n<td width=\"78\">190<\/td>\n<td width=\"132\">17,7<\/td>\n<td width=\"103\">265<\/td>\n<td width=\"95\">3,8<\/td>\n<td width=\"116\">200<\/td>\n<\/tr>\n<tr>\n<td width=\"98\"><strong>PFM250<\/strong><\/td>\n<td width=\"11\"><span style=\"color: #00ff00;\">\u2666<\/span><\/td>\n<td width=\"78\">250<\/td>\n<td width=\"132\">19<\/td>\n<td width=\"103\">350<\/td>\n<td width=\"95\">2,9<\/td>\n<td width=\"116\">160<\/td>\n<\/tr>\n<tr>\n<td width=\"98\"><strong>PFM300<\/strong><\/td>\n<td width=\"11\"><span style=\"color: #ff0000;\"><strong>\u2666<\/strong><\/span><\/td>\n<td width=\"78\">300<\/td>\n<td width=\"132\">19,5<\/td>\n<td width=\"103\">418<\/td>\n<td width=\"95\">2,4<\/td>\n<td width=\"116\">130<\/td>\n<\/tr>\n<tr>\n<td width=\"98\"><strong>PFM350<\/strong><\/td>\n<td width=\"11\"><span style=\"color: #ff0000;\"><strong>\u2666<\/strong><\/span><\/td>\n<td width=\"78\">350<\/td>\n<td width=\"132\">20<\/td>\n<td width=\"103\">480<\/td>\n<td width=\"95\">2,1<\/td>\n<td width=\"116\">110<\/td>\n<\/tr>\n<tr>\n<td width=\"98\"><strong>PFM500<\/strong><\/td>\n<td width=\"11\"><span style=\"color: #ff0000;\"><strong>\u2666<\/strong><\/span><\/td>\n<td width=\"78\">500\u00a8<\/td>\n<td width=\"132\">32,5<\/td>\n<td width=\"103\">670<\/td>\n<td width=\"95\">1,5<\/td>\n<td width=\"116\">80<\/td>\n<\/tr>\n<\/tbody>\n<\/table>\n<p><span style=\"color: #00ff00;\">\u2666<\/span> en rouleaux larges en stock<br \/>\n<span style=\"color: #ff0000;\">\u2666<\/span> pas d&rsquo;article en stock<\/p>\n<p>&nbsp;<\/p>\n<table>\n<tbody>\n<tr>\n<td width=\"200\"><strong>Conditionnement :<\/strong><\/td>\n<td width=\"140\">Rouleaux standard<\/td>\n<td width=\"302\">900 &#8211; 1230 mm de largeur<\/td>\n<\/tr>\n<tr>\n<td width=\"200\"><\/td>\n<td width=\"140\">Rouleaux \u00e9troits<\/td>\n<td width=\"302\">\u00e0 partir de 4 mm de largeur<\/td>\n<\/tr>\n<tr>\n<td width=\"200\"><\/td>\n<td width=\"140\">Diam\u00e8tre des rouleaux<\/td>\n<td width=\"302\">240 &#8211; 250 mm<\/td>\n<\/tr>\n<tr>\n<td width=\"200\"><\/td>\n<td width=\"140\">Crantage<\/td>\n<td width=\"302\">Profondeur 1- 4 mm\/pas de 0,5 mm<\/td>\n<\/tr>\n<tr>\n<td width=\"200\"><strong>Num\u00e9ro d&rsquo;article :<\/strong><\/td>\n<td width=\"140\">Exemple : PFM190\/022.5<\/td>\n<td width=\"302\"><\/td>\n<\/tr>\n<tr>\n<td width=\"200\"><\/td>\n<td width=\"140\">PFM190<\/td>\n<td width=\"302\">= num\u00e9ro principal<\/td>\n<\/tr>\n<tr>\n<td width=\"200\"><\/td>\n<td width=\"140\">022.5<\/td>\n<td width=\"302\">= Largeur 22,5 mm<\/td>\n<\/tr>\n<\/tbody>\n<\/table>\n<p>&nbsp;<\/p>\n","protected":false},"excerpt":{"rendered":"<p>&nbsp;<\/p>\n<h5>Mylar\u00ae et Hostaphan\u00ae sont des films polyester (PET, poly\u00e9thyl\u00e8ne t\u00e9r\u00e9phtalate) de haute qualit\u00e9 qui peuvent \u00eatre utilis\u00e9s dans les syst\u00e8mes d&rsquo;isolation \u00e9lectrique comme isolation \u00e9lectrique r\u00e9sistante \u00e0 la tension. Gr\u00e2ce \u00e0 son excellente rigidit\u00e9 di\u00e9lectrique, le film PET convient \u00e0 une utilisation comme fermeture d&rsquo;encoche et isolation d&rsquo;encoche.<\/h5>\n<p>&nbsp;<\/p>\n<p>&nbsp;<\/p>\n","protected":false},"featured_media":1310,"template":"","meta":{"_acf_changed":false},"product_brand":[],"product_cat":[158,170,154],"product_tag":[],"class_list":{"0":"post-5985","1":"product","2":"type-product","3":"status-publish","4":"has-post-thumbnail","6":"product_cat-isolation-fr","7":"product_cat-films-isolants","8":"product_cat-isolants-electriques-flexibles","10":"first","11":"instock","12":"shipping-taxable","13":"purchasable","14":"product-type-simple"},"acf":[],"_links":{"self":[{"href":"https:\/\/schupp.ch\/fr\/wp-json\/wp\/v2\/product\/5985","targetHints":{"allow":["GET"]}}],"collection":[{"href":"https:\/\/schupp.ch\/fr\/wp-json\/wp\/v2\/product"}],"about":[{"href":"https:\/\/schupp.ch\/fr\/wp-json\/wp\/v2\/types\/product"}],"wp:featuredmedia":[{"embeddable":true,"href":"https:\/\/schupp.ch\/fr\/wp-json\/wp\/v2\/media\/1310"}],"wp:attachment":[{"href":"https:\/\/schupp.ch\/fr\/wp-json\/wp\/v2\/media?parent=5985"}],"wp:term":[{"taxonomy":"product_brand","embeddable":true,"href":"https:\/\/schupp.ch\/fr\/wp-json\/wp\/v2\/product_brand?post=5985"},{"taxonomy":"product_cat","embeddable":true,"href":"https:\/\/schupp.ch\/fr\/wp-json\/wp\/v2\/product_cat?post=5985"},{"taxonomy":"product_tag","embeddable":true,"href":"https:\/\/schupp.ch\/fr\/wp-json\/wp\/v2\/product_tag?post=5985"}],"curies":[{"name":"wp","href":"https:\/\/api.w.org\/{rel}","templated":true}]}}