{"id":5988,"date":"2024-01-24T17:49:33","date_gmt":"2024-01-24T16:49:33","guid":{"rendered":"https:\/\/schupp.ch\/p\/films-isolants-electriques-peek\/"},"modified":"2026-02-17T17:35:33","modified_gmt":"2026-02-17T16:35:33","slug":"films-isolants-electriques-peek","status":"publish","type":"product","link":"https:\/\/schupp.ch\/fr\/p\/films-isolants-electriques-peek\/","title":{"rendered":"Films isolants \u00e9lectriques PEEK"},"content":{"rendered":"<p>&nbsp;<\/p>\n<p><strong>Exemples d&rsquo;applications :<\/strong><\/p>\n<p>&nbsp;<\/p>\n<table>\n<tbody>\n<tr>\n<td width=\"338\"><strong>Industrie<\/strong><\/td>\n<td width=\"309\"><strong>A\u00e9ronautique et a\u00e9rospatiale<\/strong><\/td>\n<\/tr>\n<tr>\n<td width=\"338\">Isolation \u00e9lectrique<\/td>\n<td width=\"309\">Capteurs de pression<\/td>\n<\/tr>\n<tr>\n<td width=\"338\">Rubans adh\u00e9sifs<\/td>\n<td width=\"309\">Membranes de haut-parleurs et bobines acoustiques<\/td>\n<\/tr>\n<tr>\n<td width=\"338\">Substrats de circuits imprim\u00e9s<\/td>\n<td width=\"309\">Condensateurs<\/td>\n<\/tr>\n<tr>\n<td width=\"338\">\u00c9tiquettes haute temp\u00e9rature<\/td>\n<td width=\"309\">Structures composites<\/td>\n<\/tr>\n<tr>\n<td width=\"338\">Rondelles d&rsquo;\u00e9tanch\u00e9it\u00e9 dans les moteurs \u00e0 grande vitesse<\/td>\n<td width=\"309\">Convient pour une utilisation avec des m\u00e9taux d&rsquo;apport sans plomb<\/td>\n<\/tr>\n<tr>\n<td width=\"338\">Rondelles d&rsquo;\u00e9tanch\u00e9it\u00e9 dans les charni\u00e8res de t\u00e9l\u00e9phone portable<\/td>\n<td width=\"309\"><\/td>\n<\/tr>\n<tr>\n<td width=\"338\">\u00c9l\u00e9ments chauffants flexibles<\/td>\n<td width=\"309\"><\/td>\n<\/tr>\n<\/tbody>\n<\/table>\n<p>&nbsp;<\/p>\n<p>&nbsp;<\/p>\n<p><strong>\u00c9paisseurs et largeurs standard :<\/strong><\/p>\n<p>La largeur standard du film est de 610 mm &#8211; largeurs jusqu&rsquo;\u00e0 1500 mm sur demande.<br \/>\n\u00c9paisseurs standard (en \u00b5m) &#8211; 12, 18, 25, 38, 50, 63, 75, 100, 125, 150, 200. Autres \u00e9paisseurs 250, 300 ,500, 750 \u00b5m sur demande. La tol\u00e9rance d&rsquo;\u00e9paisseur est de +\/- 7%.<\/p>\n<p>&nbsp;<\/p>\n<table>\n<tbody>\n<tr>\n<td width=\"206\"><strong>Quantit\u00e9 minimale de commande 10kg<\/strong><\/td>\n<td width=\"53\">25 \u00b5m<\/td>\n<td width=\"53\">50 \u00b5m<\/td>\n<td width=\"53\">75 \u00b5m<\/td>\n<td width=\"53\">100 \u00b5m<\/td>\n<td width=\"53\">150 \u00b5m<\/td>\n<td width=\"53\">200 \u00b5m<\/td>\n<td width=\"53\">300 \u00b5m<\/td>\n<td width=\"53\">500 \u00b5m<\/td>\n<\/tr>\n<tr>\n<td width=\"206\">Surface [m2]<\/td>\n<td width=\"53\">environ 300<\/td>\n<td width=\"53\">environ 160<\/td>\n<td width=\"53\">environ 100<\/td>\n<td width=\"53\">environ 80<\/td>\n<td width=\"53\">environ 50<\/td>\n<td width=\"53\">environ 40<\/td>\n<td width=\"53\">env.26<\/td>\n<td width=\"53\">environ 15<\/td>\n<\/tr>\n<\/tbody>\n<\/table>\n<p>&nbsp;<\/p>\n<p><img loading=\"lazy\" decoding=\"async\" class=\"alignnone wp-image-9946\" src=\"https:\/\/schupp.ch\/wp-content\/uploads\/2024\/01\/PEEK_Folien_01-EN.jpg\" alt=\"\" width=\"630\" height=\"408\" \/><\/p>\n<p><span data-contrast=\"auto\">Figure 1 :\u00a0<\/span><span data-contrast=\"auto\">Propri\u00e9t\u00e9s physiques \u00e0 23 \u00b0C et 200 \u00b0C pour le film, 50 \u00b5m (ISO 527)<\/span><\/p>\n<p>&nbsp;<\/p>\n<p><strong>Propri\u00e9t\u00e9s m\u00e9caniques pour diff\u00e9rentes \u00e9paisseurs de film :<\/strong><\/p>\n<table>\n<tbody>\n<tr>\n<td colspan=\"6\" width=\"446\">ISO 527 \u00e0 23 \u00b0C<\/td>\n<\/tr>\n<tr>\n<td width=\"107\">25 \u00b5m<\/td>\n<td width=\"68\">50 \u00b5m<\/td>\n<td width=\"68\">125 \u00b5m<\/td>\n<td width=\"68\">250 \u00b5m<\/td>\n<td width=\"68\"><\/td>\n<td width=\"68\"><\/td>\n<\/tr>\n<tr>\n<td width=\"107\">R\u00e9sistance \u00e0 la traction<\/td>\n<td width=\"68\">MPa<\/td>\n<td width=\"68\">130<\/td>\n<td width=\"68\">120<\/td>\n<td width=\"68\">110<\/td>\n<td width=\"68\">100<\/td>\n<\/tr>\n<tr>\n<td width=\"107\">Module d&rsquo;\u00e9lasticit\u00e9<\/td>\n<td width=\"68\">GPa<\/td>\n<td width=\"68\">3.0<\/td>\n<td width=\"68\">2.8<\/td>\n<td width=\"68\">2.4<\/td>\n<td width=\"68\">2.2<\/td>\n<\/tr>\n<tr>\n<td width=\"107\">Allongement \u00e0 la rupture<\/td>\n<td width=\"68\">%<\/td>\n<td width=\"68\">&gt;150<\/td>\n<td width=\"68\">&gt;150<\/td>\n<td width=\"68\">&gt;150<\/td>\n<td width=\"68\">&gt;150<\/td>\n<\/tr>\n<\/tbody>\n<\/table>\n<p>&nbsp;<\/p>\n<p><strong>Propri\u00e9t\u00e9s \u00e9lectriques pour diff\u00e9rentes \u00e9paisseurs de film :<\/strong><\/p>\n<table>\n<tbody>\n<tr>\n<td colspan=\"6\" width=\"445\">ATSM D149, 23\u00b0C, \u00e9lectrode 1\/4<\/td>\n<\/tr>\n<tr>\n<td width=\"159\"><\/td>\n<td width=\"58\"><\/td>\n<td width=\"56\">25 \u00b5m<\/td>\n<td width=\"50\">50 \u00b5m<\/td>\n<td width=\"58\">125 \u00b5m<\/td>\n<td width=\"64\">250 \u00b5m<\/td>\n<\/tr>\n<tr>\n<td width=\"159\">R\u00e9sistance di\u00e9lectrique<\/td>\n<td width=\"58\">kV\/mm<\/td>\n<td width=\"56\">270<\/td>\n<td width=\"50\">190<\/td>\n<td width=\"58\">120<\/td>\n<td width=\"64\">70<\/td>\n<\/tr>\n<tr>\n<td width=\"159\">Tension de claquage<\/td>\n<td width=\"58\">kV<\/td>\n<td width=\"56\">6.75<\/td>\n<td width=\"50\">9.5<\/td>\n<td width=\"58\">15<\/td>\n<td width=\"64\">17.5<\/td>\n<\/tr>\n<\/tbody>\n<\/table>\n<p>&nbsp;<\/p>\n<table>\n<tbody>\n<tr>\n<td width=\"243\"><strong>M\u00e9thode de test<\/strong><\/td>\n<td width=\"126\">Conditions de test<\/td>\n<td width=\"130\">Unit\u00e9<\/td>\n<td width=\"65\">50 \u00b5m<\/td>\n<td width=\"65\"><\/td>\n<\/tr>\n<tr>\n<td width=\"243\">Propri\u00e9t\u00e9<\/td>\n<td width=\"126\"><\/td>\n<td width=\"130\"><\/td>\n<td width=\"65\"><\/td>\n<td width=\"65\"><\/td>\n<\/tr>\n<tr>\n<td width=\"243\">Module d&rsquo;\u00e9lasticit\u00e9<\/td>\n<td width=\"126\">ISO 527<\/td>\n<td width=\"130\">23 \u00baC<\/td>\n<td width=\"65\">GPa<\/td>\n<td width=\"65\">2,8<\/td>\n<\/tr>\n<tr>\n<td width=\"243\">R\u00e9sistance \u00e0 la traction (\u00e0 la rupture)<\/td>\n<td width=\"126\">ISO 527<\/td>\n<td width=\"130\">23 \u00baC<\/td>\n<td width=\"65\">M Pa<\/td>\n<td width=\"65\">120<\/td>\n<\/tr>\n<tr>\n<td width=\"243\">Allongement \u00e0 la rupture<\/td>\n<td width=\"126\">ISO 527<\/td>\n<td width=\"130\">23 \u00baC<\/td>\n<td width=\"65\">%<\/td>\n<td width=\"65\">&gt;150<\/td>\n<\/tr>\n<tr>\n<td width=\"243\">R\u00e9sistance \u00e0 la perforation<\/td>\n<td width=\"126\">Def Stan 81-75<\/td>\n<td width=\"130\">23 \u00baC<\/td>\n<td width=\"65\">kJ\/m2<\/td>\n<td width=\"65\">26<\/td>\n<\/tr>\n<tr>\n<td width=\"243\">R\u00e9sistance \u00e0 la d\u00e9chirure<\/td>\n<td width=\"126\">ISO 6383-1<\/td>\n<td width=\"130\">23 \u00baC<\/td>\n<td width=\"65\">N\/m m<\/td>\n<td width=\"65\">6,7<\/td>\n<\/tr>\n<tr>\n<td width=\"243\">Retrait<\/td>\n<td width=\"126\">TM-VX-84<\/td>\n<td width=\"130\">200 \u00baC<\/td>\n<td width=\"65\">%<\/td>\n<td width=\"65\">&lt;2<\/td>\n<\/tr>\n<tr>\n<td width=\"243\">Densit\u00e9<\/td>\n<td width=\"126\">ISO 1183<\/td>\n<td width=\"130\">23 \u00baC<\/td>\n<td width=\"65\">kg\/dm3<\/td>\n<td width=\"65\">1,30<\/td>\n<\/tr>\n<tr>\n<td width=\"243\">Absorption d&rsquo;eau (50 % d&rsquo;humidit\u00e9 relative)<\/td>\n<td width=\"126\">ISO 62<\/td>\n<td width=\"130\">23 \u00baC, 24h<\/td>\n<td width=\"65\">%<\/td>\n<td width=\"65\">0,04<\/td>\n<\/tr>\n<tr>\n<td width=\"243\">Coefficient de dilatation thermique lin\u00e9aire<\/td>\n<td width=\"126\">ASTM D696<\/td>\n<td width=\"130\">MD, en dessous de Tg<\/td>\n<td width=\"65\">ppm<\/td>\n<td width=\"65\">47<\/td>\n<\/tr>\n<tr>\n<td width=\"243\">Rigidit\u00e9 di\u00e9lectrique<\/td>\n<td width=\"126\">ASTM D149<\/td>\n<td width=\"130\">23 \u00baC, \u00e9lectrode de 1\/4<\/td>\n<td width=\"65\">kV\/mm<\/td>\n<td width=\"65\">190<\/td>\n<\/tr>\n<tr>\n<td width=\"243\">R\u00e9sistance de contact<\/td>\n<td width=\"126\">ASTM D257<\/td>\n<td width=\"130\">100 V, 23 \u00baC<\/td>\n<td width=\"65\">Ohm cm<\/td>\n<td width=\"65\">4 x 1016<\/td>\n<\/tr>\n<tr>\n<td width=\"243\">Constante di\u00e9lectrique<\/td>\n<td width=\"126\">ASTM D150<\/td>\n<td width=\"130\">23 \u00baC, 10 MHz<\/td>\n<td width=\"65\">&#8211;<\/td>\n<td width=\"65\">3,5<\/td>\n<\/tr>\n<tr>\n<td width=\"243\">Facteur de perte tan \u03b4<\/td>\n<td width=\"126\">ASTM D150<\/td>\n<td width=\"130\">23 \u00baC, 10 MHz<\/td>\n<td width=\"65\">&#8211;<\/td>\n<td width=\"65\">0,002<\/td>\n<\/tr>\n<\/tbody>\n<\/table>\n<p>&nbsp;<\/p>\n","protected":false},"excerpt":{"rendered":"<p>&nbsp;<\/p>\n<h5>Ces films sont non renforc\u00e9s et semi-cristallins en polym\u00e8re PEEK\u2122-Polyetheretherketone. Ils offrent aux ing\u00e9nieurs une solution mat\u00e9rielle pour les applications \u00e0 hautes performances. Ils pr\u00e9sentent une combinaison unique de propri\u00e9t\u00e9s telles que la r\u00e9sistance aux temp\u00e9ratures \u00e9lev\u00e9es, la l\u00e9g\u00e8ret\u00e9, la r\u00e9sistance m\u00e9canique, la durabilit\u00e9, une excellente r\u00e9sistance aux radiations, \u00e0 l&rsquo;hydrolyse et aux produits chimiques, l&rsquo;isolation \u00e9lectrique, la r\u00e9sistance \u00e0 l&rsquo;abrasion et \u00e0 l&rsquo;usure, d&rsquo;excellentes propri\u00e9t\u00e9s de barri\u00e8re avec une grande puret\u00e9, un faible niveau d&rsquo;inflammabilit\u00e9 sans utilisation de retardateurs de flamme, une faible toxicit\u00e9 des produits de combustion et une faible absorption d&rsquo;humidit\u00e9. Les films intrins\u00e8quement ignifuges sont faciles \u00e0 mettre en \u0153uvre.<\/h5>\n<p>&nbsp;<\/p>\n<p>&nbsp;<\/p>\n<p>&nbsp;<\/p>\n","protected":false},"featured_media":4417,"template":"","meta":{"_acf_changed":false},"product_brand":[],"product_cat":[158,170,154],"product_tag":[],"class_list":{"0":"post-5988","1":"product","2":"type-product","3":"status-publish","4":"has-post-thumbnail","6":"product_cat-isolation-fr","7":"product_cat-films-isolants","8":"product_cat-isolants-electriques-flexibles","10":"first","11":"instock","12":"shipping-taxable","13":"purchasable","14":"product-type-simple"},"acf":[],"_links":{"self":[{"href":"https:\/\/schupp.ch\/fr\/wp-json\/wp\/v2\/product\/5988","targetHints":{"allow":["GET"]}}],"collection":[{"href":"https:\/\/schupp.ch\/fr\/wp-json\/wp\/v2\/product"}],"about":[{"href":"https:\/\/schupp.ch\/fr\/wp-json\/wp\/v2\/types\/product"}],"wp:featuredmedia":[{"embeddable":true,"href":"https:\/\/schupp.ch\/fr\/wp-json\/wp\/v2\/media\/4417"}],"wp:attachment":[{"href":"https:\/\/schupp.ch\/fr\/wp-json\/wp\/v2\/media?parent=5988"}],"wp:term":[{"taxonomy":"product_brand","embeddable":true,"href":"https:\/\/schupp.ch\/fr\/wp-json\/wp\/v2\/product_brand?post=5988"},{"taxonomy":"product_cat","embeddable":true,"href":"https:\/\/schupp.ch\/fr\/wp-json\/wp\/v2\/product_cat?post=5988"},{"taxonomy":"product_tag","embeddable":true,"href":"https:\/\/schupp.ch\/fr\/wp-json\/wp\/v2\/product_tag?post=5988"}],"curies":[{"name":"wp","href":"https:\/\/api.w.org\/{rel}","templated":true}]}}