{"id":5989,"date":"2024-01-24T17:23:51","date_gmt":"2024-01-24T16:23:51","guid":{"rendered":"https:\/\/schupp.ch\/p\/film-isolant-en-polypropylene-ignifuge\/"},"modified":"2025-11-18T16:46:41","modified_gmt":"2025-11-18T15:46:41","slug":"film-isolant-en-polypropylene-ignifuge","status":"publish","type":"product","link":"https:\/\/schupp.ch\/fr\/p\/film-isolant-en-polypropylene-ignifuge\/","title":{"rendered":"Films isolant en polypropyl\u00e8ne, ignifug\u00e9"},"content":{"rendered":"<p>&nbsp;<\/p>\n<p><strong>Exemples d&rsquo;applications :<\/strong><\/p>\n<p>Informatique, moniteurs, imprimantes, p\u00e9riph\u00e9riques, \u00e9lectronique grand public<\/p>\n<blockquote>\n<ul>\n<li>Isolation entre composants \u00e9lectroniques et le bo\u00eetier m\u00e9tallique<\/li>\n<li>Isolation entre les cartes d&rsquo;extension<\/li>\n<li>Lamin\u00e9 avec une feuille m\u00e9tallique comme blindage EMC\/EMI<\/li>\n<li>en version noire, sert \u00e9galement de couvercle \u00e9tanche \u00e0 la lumi\u00e8re pour les fentes du bo\u00eetier<\/li>\n<\/ul>\n<\/blockquote>\n<p>&nbsp;<\/p>\n<p><strong>\u00c9clairage:<\/strong><\/p>\n<p>Applications les plus diverses comme pi\u00e8ces isolantes d\u00e9coup\u00e9es dans les \u00e9clairages de secours, les panneaux de signalisation et l&rsquo;\u00e9clairage public<\/p>\n<p>&nbsp;<\/p>\n<p><strong>Machines \u00e0 laver, r\u00e9frig\u00e9rateurs, s\u00e9choirs, etc.<\/strong><\/p>\n<ul>\n<li>S\u00e9paration fiable et l&rsquo;\u00e9lectronique peut \u00eatre enti\u00e8rement \u00ab\u00a0emball\u00e9e\u00a0\u00bb dans les pi\u00e8ces d\u00e9coup\u00e9es pli\u00e9es.<\/li>\n<li>comme protection contre les contacts accidentels avec des pi\u00e8ces sous tension<\/li>\n<li>Protection contre la vapeur d&rsquo;eau ou l&rsquo;eau<\/li>\n<\/ul>\n<p>&nbsp;<\/p>\n<p><strong>\u00c9quipements<\/strong> <strong>de distribution \u00e9lectrique<\/strong><\/p>\n<p>Tels que les disjoncteurs de surintensit\u00e9, les compteurs de consommation, les armoires \u00e9lectriques, les appareils de mesure et les bo\u00eetiers d&rsquo;interrupteur. Utilisation comme isolation entre la masse et la tension de fonctionnement.<\/p>\n<p>Les conditions d&rsquo;utilisation sont les suivantes :<\/p>\n<ul>\n<li>bonne r\u00e9sistance aux courants de fuite (CTI ; 600V), ininflammabilit\u00e9 (UL94 V0)<\/li>\n<li>pas de propri\u00e9t\u00e9s hygroscopiques<\/li>\n<li>bonne rigidit\u00e9 di\u00e9lectrique (&gt; 6000V) et bonne r\u00e9sistance \u00e0 la temp\u00e9rature (115\u00b0C).<\/li>\n<\/ul>\n<p>Tous les points sont satisfaits par les produits du groupe 278xx.<\/p>\n<p>Application en tant qu&rsquo;isolation entre des parties sous tension, en tant que couverture de connexions non utilis\u00e9es et dans des applications de \u00ab\u00a0barre de bus\u00a0\u00bb.<\/p>\n<p>Les films sont tr\u00e8s faciles \u00e0 d\u00e9couper. Il est \u00e9galement possible d&rsquo;utiliser des \u00ab\u00a0bo\u00eetiers\u00a0\u00bb ferm\u00e9s comme isolation ignifuge gr\u00e2ce \u00e0 des perforations ou des bords pli\u00e9s appropri\u00e9s. La plupart des produits de la s\u00e9rie 278xx peuvent \u00e9galement \u00eatre rendus auto-adh\u00e9sifs.<\/p>\n<p>&nbsp;<\/p>\n<p><strong>Donn\u00e9es techniques :<\/strong><\/p>\n<p>&nbsp;<\/p>\n<table>\n<tbody>\n<tr>\n<td rowspan=\"2\" width=\"180\"><strong>Caract\u00e9ristiques<\/strong><\/td>\n<td rowspan=\"2\" width=\"60\"><strong>M\u00e9thode de test<\/strong><\/td>\n<td colspan=\"4\" width=\"189\"><strong>Types standard *)<\/strong><\/td>\n<td colspan=\"4\" width=\"204\"><strong>Types sp\u00e9ciaux<\/strong><\/td>\n<\/tr>\n<tr>\n<td width=\"47\"><strong>PP27805<\/strong><\/td>\n<td width=\"47\"><strong>PP27810<\/strong><\/td>\n<td width=\"47\"><strong>PP27817<\/strong><\/td>\n<td width=\"47\"><strong>PP27830<\/strong><\/td>\n<td width=\"47\"><strong>PP27840<\/strong><\/td>\n<td width=\"47\"><strong>PP27862<\/strong><\/td>\n<td width=\"56\"><strong>PP27894BK<\/strong><\/td>\n<td width=\"53\"><strong>PP27825BK<\/strong><\/td>\n<\/tr>\n<tr>\n<td rowspan=\"2\" width=\"180\">Couleurs<\/td>\n<td rowspan=\"2\" width=\"60\"><\/td>\n<td width=\"47\">&#8212;<\/td>\n<td width=\"47\">blanc<\/td>\n<td width=\"47\">blanc<\/td>\n<td width=\"47\">&#8212;<\/td>\n<td width=\"47\">blanc<\/td>\n<td width=\"47\">blanc<\/td>\n<td width=\"56\">&#8212;<\/td>\n<td width=\"53\">&#8212;<\/td>\n<\/tr>\n<tr>\n<td width=\"47\">noir<\/td>\n<td width=\"47\">noir<\/td>\n<td width=\"47\">noir<\/td>\n<td width=\"47\">noir<\/td>\n<td width=\"47\">noir<\/td>\n<td width=\"47\">noir<\/td>\n<td width=\"56\">noir<\/td>\n<td width=\"53\">noir<\/td>\n<\/tr>\n<tr>\n<td width=\"180\">\u00c9paisseur en mm<\/td>\n<td width=\"60\"><\/td>\n<td width=\"47\">0,127<\/td>\n<td width=\"47\">0,25<\/td>\n<td width=\"47\">0,43<\/td>\n<td width=\"47\">0,76<\/td>\n<td width=\"47\">1,02<\/td>\n<td width=\"47\">1,57<\/td>\n<td width=\"56\">2,38<\/td>\n<td width=\"53\">3,18<\/td>\n<\/tr>\n<tr>\n<td width=\"180\">Tol\u00e9rance \u00e0 l&rsquo;amidon +<\/td>\n<td width=\"60\"><\/td>\n<td width=\"47\">0,025<\/td>\n<td width=\"47\">0,08<\/td>\n<td width=\"47\">0,1<\/td>\n<td width=\"47\">0,05<\/td>\n<td width=\"47\">0,05<\/td>\n<td width=\"47\">0,1<\/td>\n<td width=\"56\">0,1<\/td>\n<td width=\"53\">0,18<\/td>\n<\/tr>\n<tr>\n<td width=\"180\">Tol\u00e9rance \u00e0 l&rsquo;amidon &#8211;<\/td>\n<td width=\"60\"><\/td>\n<td width=\"47\">0,025<\/td>\n<td width=\"47\">0,04<\/td>\n<td width=\"47\">0,05<\/td>\n<td width=\"47\">0,05<\/td>\n<td width=\"47\">0,05<\/td>\n<td width=\"47\">0,1<\/td>\n<td width=\"56\">0,1<\/td>\n<td width=\"53\">0,18<\/td>\n<\/tr>\n<tr>\n<td width=\"180\"><strong>Propri\u00e9t\u00e9s m\u00e9caniques<\/strong><\/td>\n<td width=\"60\"><\/td>\n<td width=\"47\"><\/td>\n<td width=\"47\"><\/td>\n<td width=\"47\"><\/td>\n<td width=\"47\"><\/td>\n<td width=\"47\"><\/td>\n<td width=\"47\"><\/td>\n<td width=\"56\"><\/td>\n<td width=\"53\"><\/td>\n<\/tr>\n<tr>\n<td width=\"180\">R\u00e9sistance \u00e0 la traction PSI<\/td>\n<td width=\"60\">ASTM D 882<\/td>\n<td width=\"47\"><\/td>\n<td width=\"47\"><\/td>\n<td width=\"47\"><\/td>\n<td width=\"47\"><\/td>\n<td width=\"47\"><\/td>\n<td width=\"47\"><\/td>\n<td width=\"56\"><\/td>\n<td width=\"53\"><\/td>\n<\/tr>\n<tr>\n<td width=\"180\">Direction longitudinale<\/td>\n<td width=\"60\"><\/td>\n<td width=\"47\">4400<\/td>\n<td width=\"47\">4400<\/td>\n<td width=\"47\">4400<\/td>\n<td width=\"47\">4400<\/td>\n<td width=\"47\">4400<\/td>\n<td width=\"47\">4400<\/td>\n<td width=\"56\">4800<\/td>\n<td width=\"53\">4800<\/td>\n<\/tr>\n<tr>\n<td width=\"180\">Direction transversale<\/td>\n<td width=\"60\"><\/td>\n<td width=\"47\">3200<\/td>\n<td width=\"47\">3200<\/td>\n<td width=\"47\">3200<\/td>\n<td width=\"47\">3200<\/td>\n<td width=\"47\">3200<\/td>\n<td width=\"47\">3200<\/td>\n<td width=\"56\">3600<\/td>\n<td width=\"53\">3600<\/td>\n<\/tr>\n<tr>\n<td width=\"180\"><strong>Propri\u00e9t\u00e9s physiques<\/strong><\/td>\n<td width=\"60\"><\/td>\n<td width=\"47\"><\/td>\n<td width=\"47\"><\/td>\n<td width=\"47\"><\/td>\n<td width=\"47\"><\/td>\n<td width=\"47\"><\/td>\n<td width=\"47\"><\/td>\n<td width=\"56\"><\/td>\n<td width=\"53\"><\/td>\n<\/tr>\n<tr>\n<td width=\"180\">Densit\u00e9<\/td>\n<td width=\"60\">ASTM D 792<\/td>\n<td width=\"47\">1,035<\/td>\n<td width=\"47\">1,035<\/td>\n<td width=\"47\">1,035<\/td>\n<td width=\"47\">1,035<\/td>\n<td width=\"47\">1,035<\/td>\n<td width=\"47\">1,035<\/td>\n<td width=\"56\">1,035<\/td>\n<td width=\"53\">1,035<\/td>\n<\/tr>\n<tr>\n<td width=\"180\">Inflammabilit\u00e9<\/td>\n<td width=\"60\">UL 94<\/td>\n<td width=\"47\">VTM-0<\/td>\n<td width=\"47\">VTM -0<\/td>\n<td width=\"47\">V 0<\/td>\n<td width=\"47\">V 0<\/td>\n<td width=\"47\">V 0<\/td>\n<td width=\"47\">V 0<\/td>\n<td width=\"56\">V 0<\/td>\n<td width=\"53\">V 0<\/td>\n<\/tr>\n<tr>\n<td width=\"180\">Teneur en oxyg\u00e8ne<\/td>\n<td width=\"60\">ASTM D 2863<\/td>\n<td width=\"47\">28<\/td>\n<td width=\"47\">28<\/td>\n<td width=\"47\">28<\/td>\n<td width=\"47\">28<\/td>\n<td width=\"47\">28<\/td>\n<td width=\"47\">28<\/td>\n<td width=\"56\">28<\/td>\n<td width=\"53\">28<\/td>\n<\/tr>\n<tr>\n<td width=\"180\">Absorption d&rsquo;eau<\/td>\n<td width=\"60\"><\/td>\n<td width=\"47\"><\/td>\n<td width=\"47\"><\/td>\n<td width=\"47\"><\/td>\n<td width=\"47\"><\/td>\n<td width=\"47\"><\/td>\n<td width=\"47\"><\/td>\n<td width=\"56\"><\/td>\n<td width=\"53\"><\/td>\n<\/tr>\n<tr>\n<td width=\"180\">% de variation de poids<\/td>\n<td width=\"60\">ASTM D 570<\/td>\n<td width=\"47\">0,06<\/td>\n<td width=\"47\">0,06<\/td>\n<td width=\"47\">0,06<\/td>\n<td width=\"47\">0,06<\/td>\n<td width=\"47\">0,06<\/td>\n<td width=\"47\">0,06<\/td>\n<td width=\"56\">0,06<\/td>\n<td width=\"53\">0,06<\/td>\n<\/tr>\n<tr>\n<td width=\"180\">Indice de chaleur relative (RTI)<\/td>\n<td width=\"60\">UL 746 B<\/td>\n<td width=\"47\"><\/td>\n<td width=\"47\"><\/td>\n<td width=\"47\"><\/td>\n<td width=\"47\"><\/td>\n<td width=\"47\"><\/td>\n<td width=\"47\"><\/td>\n<td width=\"56\"><\/td>\n<td width=\"53\"><\/td>\n<\/tr>\n<tr>\n<td width=\"180\">\u00c9lectrique<\/td>\n<td width=\"60\"><\/td>\n<td width=\"47\">115 \u00b0 C<\/td>\n<td width=\"47\">115\u00b0 C<\/td>\n<td width=\"47\">115\u00b0 C<\/td>\n<td width=\"47\">115\u00b0 C<\/td>\n<td width=\"47\">115\u00b0 C<\/td>\n<td width=\"47\">115\u00b0 C<\/td>\n<td width=\"56\">110\u00b0 C<\/td>\n<td width=\"53\">110\u00b0 C<\/td>\n<\/tr>\n<tr>\n<td width=\"180\">M\u00e9canique sans pression<\/td>\n<td width=\"60\"><\/td>\n<td width=\"47\">115\u00b0 C<\/td>\n<td width=\"47\">115\u00b0 C<\/td>\n<td width=\"47\">115\u00b0 C<\/td>\n<td width=\"47\">115\u00b0 C<\/td>\n<td width=\"47\">115\u00b0 C<\/td>\n<td width=\"47\">115\u00b0 C<\/td>\n<td width=\"56\">110\u00b0 C<\/td>\n<td width=\"53\">120\u00b0 C<\/td>\n<\/tr>\n<tr>\n<td width=\"180\"><strong>Caract\u00e9ristiques \u00e9lectriques<\/strong><\/td>\n<td width=\"60\"><\/td>\n<td width=\"47\"><\/td>\n<td width=\"47\"><\/td>\n<td width=\"47\"><\/td>\n<td width=\"47\"><\/td>\n<td width=\"47\"><\/td>\n<td width=\"47\"><\/td>\n<td width=\"56\"><\/td>\n<td width=\"53\"><\/td>\n<\/tr>\n<tr>\n<td width=\"180\">R\u00e9sistance sp\u00e9cifique de surface Ohm \/ carr\u00e9<\/td>\n<td width=\"60\">ASTM D 257<\/td>\n<td width=\"47\">109 \u00e0 1011<\/td>\n<td width=\"47\">109 \u00e0 1011<\/td>\n<td width=\"47\">109 \u00e0 1011<\/td>\n<td width=\"47\">109 \u00e0 1011<\/td>\n<td width=\"47\">109 \u00e0 1011<\/td>\n<td width=\"47\">109 \u00e0 1011<\/td>\n<td width=\"56\">109 \u00e0 1011<\/td>\n<td width=\"53\">109 \u00e0 1011<\/td>\n<\/tr>\n<tr>\n<td width=\"180\">Tension de claquage<\/td>\n<td width=\"60\">ASTM D 149<\/td>\n<td width=\"47\">13 kV<\/td>\n<td width=\"47\">22 kV<\/td>\n<td width=\"47\">24,8 kV<\/td>\n<td width=\"47\">32 kV<\/td>\n<td width=\"47\">37,8 kV<\/td>\n<td width=\"47\">45 kV<\/td>\n<td width=\"56\">56,4 kV<\/td>\n<td width=\"53\">62,5 kV<\/td>\n<\/tr>\n<tr>\n<td width=\"180\">Rigidit\u00e9 di\u00e9lectrique &#8211; Volt \/ 25,4\u00b5m<\/td>\n<td width=\"60\">ASTM D 149<\/td>\n<td width=\"47\">2625<\/td>\n<td width=\"47\">2200<\/td>\n<td width=\"47\">1460<\/td>\n<td width=\"47\">1080<\/td>\n<td width=\"47\">945<\/td>\n<td width=\"47\">730<\/td>\n<td width=\"56\">600<\/td>\n<td width=\"53\">500<\/td>\n<\/tr>\n<tr>\n<td width=\"180\">R\u00e9sistance sp\u00e9cifique de passage Ohm -cm<\/td>\n<td width=\"60\">ASTM D 257<\/td>\n<td width=\"47\">3,97&#215;1015<\/td>\n<td width=\"47\">3,97&#215;1015<\/td>\n<td width=\"47\">3,97&#215;1015<\/td>\n<td width=\"47\">3,97&#215;1015<\/td>\n<td width=\"47\">3,97&#215;1015<\/td>\n<td width=\"47\">3,97&#215;1015<\/td>\n<td width=\"56\">3,97&#215;1015<\/td>\n<td width=\"53\">3,97&#215;1015<\/td>\n<\/tr>\n<tr>\n<td width=\"180\">Constante di\u00e9lectrique<\/td>\n<td width=\"60\">ASTM D 150<\/td>\n<td width=\"47\">2,3<\/td>\n<td width=\"47\">2,3<\/td>\n<td width=\"47\">2,3<\/td>\n<td width=\"47\">2,3<\/td>\n<td width=\"47\">2,3<\/td>\n<td width=\"47\">2,3<\/td>\n<td width=\"56\">2,3<\/td>\n<td width=\"53\">2,3<\/td>\n<\/tr>\n<tr>\n<td width=\"180\">Facteur de perte<\/td>\n<td width=\"60\">ASTM D 150<\/td>\n<td width=\"47\">0,0019<\/td>\n<td width=\"47\">0,0019<\/td>\n<td width=\"47\">0,0019<\/td>\n<td width=\"47\">0,0019<\/td>\n<td width=\"47\">0,0019<\/td>\n<td width=\"47\">0,0019<\/td>\n<td width=\"56\">0,0019<\/td>\n<td width=\"53\">0,0019<\/td>\n<\/tr>\n<tr>\n<td width=\"180\">Amor\u00e7age de l&rsquo;arc \u00e0 haute intensit\u00e9 ; nombre ; arcs jusqu&rsquo;\u00e0 l&rsquo;amor\u00e7age<\/td>\n<td width=\"60\">UL 746A<\/td>\n<td width=\"47\">200<\/td>\n<td width=\"47\">200<\/td>\n<td width=\"47\">162<\/td>\n<td width=\"47\">200<\/td>\n<td width=\"47\">200<\/td>\n<td width=\"47\">200<\/td>\n<td width=\"56\">200<\/td>\n<td width=\"53\">200<\/td>\n<\/tr>\n<tr>\n<td width=\"180\">Trace d&rsquo;arc haute tension en \/ min<\/td>\n<td width=\"60\">UL 746A<\/td>\n<td width=\"47\">0<\/td>\n<td width=\"47\">0<\/td>\n<td width=\"47\">0<\/td>\n<td width=\"47\">0<\/td>\n<td width=\"47\">0<\/td>\n<td width=\"47\">0<\/td>\n<td width=\"56\">0<\/td>\n<td width=\"53\">0<\/td>\n<\/tr>\n<tr>\n<td width=\"180\">Filament Allumage &#8211; sec.<\/td>\n<td width=\"60\">UL 746A<\/td>\n<td width=\"47\">9<\/td>\n<td width=\"47\">7<\/td>\n<td width=\"47\">9<\/td>\n<td width=\"47\">12<\/td>\n<td width=\"47\">12<\/td>\n<td width=\"47\">12<\/td>\n<td width=\"56\">30<\/td>\n<td width=\"53\">36<\/td>\n<\/tr>\n<tr>\n<td width=\"180\">Indice de fuite relatif &#8211; Volt (CTI) 600V = 0<\/td>\n<td width=\"60\">ASTM D 3638<\/td>\n<td width=\"47\">600<\/td>\n<td width=\"47\">600<\/td>\n<td width=\"47\">600<\/td>\n<td width=\"47\">600<\/td>\n<td width=\"47\">600<\/td>\n<td width=\"47\">600<\/td>\n<td width=\"56\">600<\/td>\n<td width=\"53\">600<\/td>\n<\/tr>\n<\/tbody>\n<\/table>\n<p>*) Les types standard sont \u00e9galement disponibles en plus petites quantit\u00e9s.<\/p>\n<p>&nbsp;<\/p>\n","protected":false},"excerpt":{"rendered":"<p>&nbsp;<\/p>\n<h5>Un film isolant tr\u00e8s r\u00e9sistant (115\u00b0C) avec une inflammabilit\u00e9 UL94-V0 et une excellente rigidit\u00e9 di\u00e9lectrique. Le film est disponible sous forme de feuilles ou de pi\u00e8ces d\u00e9coup\u00e9es (autocollantes). En particulier sous forme de pi\u00e8ces d\u00e9coup\u00e9es, le film se distingue par sa bonne pliabilit\u00e9, sa stabilit\u00e9 dimensionnelle et sa conformit\u00e9 \u00e0 diverses exigences normatives en mati\u00e8re d&rsquo;\u00e9paisseur et de r\u00e9sistance aux courants de fuite. Ainsi, les normes CEI 950 \/ EN 60950 et UL 1959 exigent une \u00e9paisseur minimale d&rsquo;isolation de 0,4 mm entre les parties \u00e9lectriques actives et la masse pour les isolations dans les appareils (par exemple, les alimentations \u00e0 d\u00e9coupage, l&rsquo;isolation de la connexion 230V au ch\u00e2ssis) de la technologie de l&rsquo;information. Tous les produits de la s\u00e9rie 278xx d&rsquo;une \u00e9paisseur sup\u00e9rieure \u00e0 0,4 mm r\u00e9pondent \u00e0 cette exigence et sont \u00e9galement inflammables selon la norme UL 94 V0.<\/h5>\n<p>&nbsp;<\/p>\n<p>&nbsp;<\/p>\n","protected":false},"featured_media":1314,"template":"","meta":{"_acf_changed":false},"product_brand":[],"product_cat":[158,170,154],"product_tag":[],"class_list":{"0":"post-5989","1":"product","2":"type-product","3":"status-publish","4":"has-post-thumbnail","6":"product_cat-isolation-fr","7":"product_cat-films-isolants","8":"product_cat-isolants-electriques-flexibles","10":"first","11":"instock","12":"shipping-taxable","13":"purchasable","14":"product-type-simple"},"acf":[],"_links":{"self":[{"href":"https:\/\/schupp.ch\/fr\/wp-json\/wp\/v2\/product\/5989","targetHints":{"allow":["GET"]}}],"collection":[{"href":"https:\/\/schupp.ch\/fr\/wp-json\/wp\/v2\/product"}],"about":[{"href":"https:\/\/schupp.ch\/fr\/wp-json\/wp\/v2\/types\/product"}],"wp:featuredmedia":[{"embeddable":true,"href":"https:\/\/schupp.ch\/fr\/wp-json\/wp\/v2\/media\/1314"}],"wp:attachment":[{"href":"https:\/\/schupp.ch\/fr\/wp-json\/wp\/v2\/media?parent=5989"}],"wp:term":[{"taxonomy":"product_brand","embeddable":true,"href":"https:\/\/schupp.ch\/fr\/wp-json\/wp\/v2\/product_brand?post=5989"},{"taxonomy":"product_cat","embeddable":true,"href":"https:\/\/schupp.ch\/fr\/wp-json\/wp\/v2\/product_cat?post=5989"},{"taxonomy":"product_tag","embeddable":true,"href":"https:\/\/schupp.ch\/fr\/wp-json\/wp\/v2\/product_tag?post=5989"}],"curies":[{"name":"wp","href":"https:\/\/api.w.org\/{rel}","templated":true}]}}