{"id":5991,"date":"2024-01-24T17:50:45","date_gmt":"2024-01-24T16:50:45","guid":{"rendered":"https:\/\/schupp.ch\/p\/films-polyimide-kapton\/"},"modified":"2026-02-09T16:03:17","modified_gmt":"2026-02-09T15:03:17","slug":"films-polyimide-kapton","status":"publish","type":"product","link":"https:\/\/schupp.ch\/fr\/p\/films-polyimide-kapton\/","title":{"rendered":"Films polyimide Kapton\u00ae"},"content":{"rendered":"<p>&nbsp;<\/p>\n<p><span lang=\"DE-CH\">Le film polyimide Kapton\u00ae est obtenu par polycondensation d&rsquo;un dianhydride aromatique et d&rsquo;une diamine aromatique. Une structure cristalline se forme par r\u00e9action chimique et une structure de film amorphe par conversion thermique. De plus, des proc\u00e9d\u00e9s de fabrication sp\u00e9ciaux permettent &#8211; \u00e0 partir du type de base &#8211; d&rsquo;adapter les propri\u00e9t\u00e9s aux domaines d&rsquo;application les plus divers. <\/span><\/p>\n<ul>\n<li>Kapton\u00ae peut \u00eatre utilis\u00e9 pour de courtes p\u00e9riodes de -269 \u00b0C \u00e0 +400 \u00b0C ; il r\u00e9siste \u00e0 des temp\u00e9ratures continues jusqu&rsquo;\u00e0 +230 \u00b0C.<\/li>\n<li>Kapton\u00ae est difficilement inflammable, auto-extinguible et ne commence \u00e0 se carboniser qu&rsquo;\u00e0 800 \u00b0C. Kapton\u00ae n&rsquo;a pas de point de fusion.<\/li>\n<li>Kapton\u00ae offre un haut degr\u00e9 de r\u00e9sistance chimique ; aucun solvant organique n&rsquo;est connu \u00e0 ce jour.<\/li>\n<li>Kapton\u00ae pr\u00e9sente une r\u00e9sistance \u00e9lev\u00e9e \u00e0 l&rsquo;irradiation radioactive.<\/li>\n<li>Kapton\u00ae est le seul film \u00e0 pr\u00e9senter une r\u00e9sistance aux d\u00e9charges corona (pour le type CR).<\/li>\n<li>Kapton\u00ae est approuv\u00e9 par UL (File-Nr. E39505).<\/li>\n<\/ul>\n<p>Gr\u00e2ce \u00e0 la capacit\u00e9 \u00e0 conserver ses excellentes propri\u00e9t\u00e9s chimiques, m\u00e9caniques et \u00e9lectriques dans une large range de temp\u00e9ratures, Kapton\u00ae ouvre de nombreuses possibilit\u00e9s de conception et d&rsquo;application. Le film polyimide Kapton\u00ae est particuli\u00e8rement adapt\u00e9 aux applications caract\u00e9ris\u00e9es par des temp\u00e9ratures de service \u00e9lev\u00e9es et pour lesquelles les autres films plastiques ne fonctionnent pas. Les propri\u00e9t\u00e9s de Kapton\u00ae peuvent \u00eatre adapt\u00e9es par : un traitement antistatique, une pigmentation de couleur, des charges \u00e9lectroconductrices.<\/p>\n<p>&nbsp;<\/p>\n<h5>Les types de Kapton\u00ae et leurs applications<\/h5>\n<p>&nbsp;<\/p>\n<p><strong>Types standard<\/strong><\/p>\n<table>\n<tbody>\n<tr>\n<td width=\"115\">Type<\/td>\n<td width=\"215\">Caract\u00e9risation<\/td>\n<td width=\"303\">Application<\/td>\n<\/tr>\n<tr>\n<td width=\"115\">Kapton\u00ae HN<\/td>\n<td width=\"215\">Film de base en polyimide<\/td>\n<td width=\"303\">Isolation de fils, conducteurs, c\u00e2bles, enroulements, encoches de moteur, bobines magn\u00e9tiques, transformateurs et condensateurs<\/td>\n<\/tr>\n<tr>\n<td width=\"115\">Kapton\u00ae FN<\/td>\n<td width=\"215\">Film polyimide avec rev\u00eatement thermosoudable en Teflon\u00ae.<\/td>\n<td width=\"303\">Isolation de fils, c\u00e2bles et c\u00e2bles plats r\u00e9sistants aux hautes temp\u00e9ratures ; rubans de masquage<\/td>\n<\/tr>\n<\/tbody>\n<\/table>\n<p>&nbsp;<\/p>\n<p><strong>Types sp\u00e9ciaux Kapton\u00ae<\/strong><\/p>\n<table>\n<tbody>\n<tr>\n<td width=\"115\">Kapton\u00ae CR<\/td>\n<td width=\"215\">Film polyimide r\u00e9sistant \u00e0 la corrosion<\/td>\n<td width=\"303\">Isolation des conducteurs profil\u00e9s et des c\u00e2bles &#8211; en particulier dans les syst\u00e8mes \u00e0 forte intensit\u00e9 \u00e9lectrique, particuli\u00e8rement r\u00e9sistant aux d\u00e9charges partielles.<\/td>\n<\/tr>\n<tr>\n<td width=\"115\">Kapton\u00ae FCR<\/td>\n<td width=\"215\">Kapton\u00ae CR avec rev\u00eatement thermosoudable en T\u00e9flon\u00ae.<\/td>\n<td width=\"303\">Isolation des conducteurs profil\u00e9s et des c\u00e2bles &#8211; en particulier dans les syst\u00e8mes \u00e0 forte intensit\u00e9 \u00e9lectrique.<\/td>\n<\/tr>\n<tr>\n<td width=\"115\">Kapton\u00ae MT<\/td>\n<td width=\"215\">Film polyimide \u00e0 haute conductivit\u00e9 thermique<\/td>\n<td width=\"303\">Isolation des enroulements de moteur, film de support pour mat\u00e9riaux de base flexibles<\/td>\n<\/tr>\n<tr>\n<td width=\"115\">Kapton\u00ae FMT<\/td>\n<td width=\"215\">Kapton\u00ae MT avec rev\u00eatement thermosoudable en T\u00e9flon\u00ae.<\/td>\n<td width=\"303\">El\u00e9ments chauffants, capteurs<\/td>\n<\/tr>\n<tr>\n<td width=\"115\">Kapton\u00ae HPP-ST<\/td>\n<td width=\"215\">Film polyimide \u00e0 haute stabilit\u00e9 dimensionnelle et traitement de surface pour une bonne adh\u00e9sion.<\/td>\n<td width=\"303\">Fabrication de stratifi\u00e9s et applications sp\u00e9ciales avec des exigences \u00e9lev\u00e9es en mati\u00e8re de stabilit\u00e9 dimensionnelle.<\/td>\n<\/tr>\n<tr>\n<td width=\"115\">Kapton\u00ae XC<\/td>\n<td width=\"215\">Film polyimide \u00e9lectroconducteur et antistatique<\/td>\n<td width=\"303\">film de masquage antistatique pour une utilisation \u00e0 haute temp\u00e9rature dans la fabrication \u00e9lectronique<\/td>\n<\/tr>\n<tr>\n<td width=\"115\">Kapton\u00ae CB<\/td>\n<td width=\"215\">Film polyimide noir<\/td>\n<td width=\"303\">Protection thermique<\/td>\n<\/tr>\n<tr>\n<td width=\"115\">Kapton\u00ae MTB<\/td>\n<td width=\"215\">film polyimide noir avec une conductivit\u00e9 thermique \u00e9lev\u00e9e et de tr\u00e8s bonnes propri\u00e9t\u00e9s adh\u00e9sives<\/td>\n<td width=\"303\">Bobines de haut-parleurs, applications d&rsquo;isolation avec collage difficile<\/td>\n<\/tr>\n<tr>\n<td width=\"115\">Kapton\u00ae BCL-Y<\/td>\n<td width=\"215\">Film polyimide pigment\u00e9, imprimable<\/td>\n<td width=\"303\">Etiquettes \u00e0 code-barres<\/td>\n<\/tr>\n<\/tbody>\n<\/table>\n<p>&nbsp;<\/p>\n","protected":false},"excerpt":{"rendered":"<h5><\/h5>\n<h5>Le film polyimide Kapton\u00ae combine des propri\u00e9t\u00e9s qui ne se retrouvent pas dans cette combinaison unique dans les mat\u00e9riaux polym\u00e8res en film. Le film polyimide Kapton\u00ae est obtenu par polycondensation d&rsquo;un dianhydride aromatique et d&rsquo;une diamine aromatique. Une r\u00e9action chimique forme une structure cristalline, tandis qu&rsquo;une transformation thermique forme une structure de film amorphe. De plus, des proc\u00e9d\u00e9s de fabrication sp\u00e9ciaux permettent d&rsquo;adapter les propri\u00e9t\u00e9s du produit de base \u00e0 une grande vari\u00e9t\u00e9 d&rsquo;applications.<\/h5>\n<h5><\/h5>\n","protected":false},"featured_media":4420,"template":"","meta":{"_acf_changed":false},"product_brand":[],"product_cat":[158,170,154],"product_tag":[],"class_list":{"0":"post-5991","1":"product","2":"type-product","3":"status-publish","4":"has-post-thumbnail","6":"product_cat-isolation-fr","7":"product_cat-films-isolants","8":"product_cat-isolants-electriques-flexibles","10":"first","11":"instock","12":"shipping-taxable","13":"purchasable","14":"product-type-simple"},"acf":[],"_links":{"self":[{"href":"https:\/\/schupp.ch\/fr\/wp-json\/wp\/v2\/product\/5991","targetHints":{"allow":["GET"]}}],"collection":[{"href":"https:\/\/schupp.ch\/fr\/wp-json\/wp\/v2\/product"}],"about":[{"href":"https:\/\/schupp.ch\/fr\/wp-json\/wp\/v2\/types\/product"}],"wp:featuredmedia":[{"embeddable":true,"href":"https:\/\/schupp.ch\/fr\/wp-json\/wp\/v2\/media\/4420"}],"wp:attachment":[{"href":"https:\/\/schupp.ch\/fr\/wp-json\/wp\/v2\/media?parent=5991"}],"wp:term":[{"taxonomy":"product_brand","embeddable":true,"href":"https:\/\/schupp.ch\/fr\/wp-json\/wp\/v2\/product_brand?post=5991"},{"taxonomy":"product_cat","embeddable":true,"href":"https:\/\/schupp.ch\/fr\/wp-json\/wp\/v2\/product_cat?post=5991"},{"taxonomy":"product_tag","embeddable":true,"href":"https:\/\/schupp.ch\/fr\/wp-json\/wp\/v2\/product_tag?post=5991"}],"curies":[{"name":"wp","href":"https:\/\/api.w.org\/{rel}","templated":true}]}}