{"id":5994,"date":"2024-01-24T17:31:24","date_gmt":"2024-01-24T16:31:24","guid":{"rendered":"https:\/\/schupp.ch\/p\/feuilles-thermoconductrices-adhesives\/"},"modified":"2026-02-25T11:55:41","modified_gmt":"2026-02-25T10:55:41","slug":"feuilles-thermoconductrices-adhesives","status":"publish","type":"product","link":"https:\/\/schupp.ch\/fr\/p\/feuilles-thermoconductrices-adhesives\/","title":{"rendered":"Rubans thermoconducteurs, adh\u00e9sives"},"content":{"rendered":"<p>&nbsp;<\/p>\n<p><strong>Kapton\u00ae MT<\/strong><br \/>\nKapton\u00ae MT est un film isolant tr\u00e8s performant qui poss\u00e8de d&rsquo;excellentes propri\u00e9t\u00e9s m\u00e9caniques et qui est \u00e9galement conducteur de chaleur. D&rsquo;autres films thermoconducteurs \u00e0 base de feuilles de cuivre et d&rsquo;aluminium sont principalement utilis\u00e9s comme \u00ab\u00a0\u00e9carteurs de chaleur\u00a0\u00bb pour r\u00e9partir rapidement un d\u00e9gagement de chaleur ponctuel sur une grande surface. Gr\u00e2ce \u00e0 un rev\u00eatement avec un adh\u00e9sif acrylique performant, il est possible de pr\u00e9-assembler facilement des composants par collage.<\/p>\n<p><strong>Les films de silicone<\/strong><br \/>\nLes films de silicone faites d&rsquo;un mat\u00e9riau souple et thermoconducteur, rev\u00eatues d&rsquo;un adh\u00e9sif sur une face et tr\u00e8s flexibles, sont \u00e9galement une option pour dissiper la chaleur tout en offrant une grande r\u00e9sistance au claquage.<\/p>\n<p>Pour plus d&rsquo;informations, veuillez prendre contact avec nous.<\/p>\n<p>&nbsp;<\/p>\n<p><strong>Films en Kapton\u00ae MT, adh\u00e9sives<\/strong><\/p>\n<table width=\"643\">\n<tbody>\n<tr>\n<td width=\"75\"><strong>Num\u00e9ro principal<\/strong><\/td>\n<td width=\"75\">Mat\u00e9riau de base<\/td>\n<td width=\"57\">Couleur<\/td>\n<td width=\"101\">\u00c9paisseur du film<br \/>\n[ mm]<\/td>\n<td width=\"109\">\u00c9paisseur totale<br \/>\n[mm]<\/td>\n<td width=\"100\">Type d&rsquo;adh\u00e9sif<\/td>\n<td width=\"110\">Classe de temp\u00e9rature<\/td>\n<\/tr>\n<tr>\n<td width=\"75\"><a href=\"https:\/\/nx5412.your-storageshare.de\/s\/SrypJiQxJCfQzqK\" target=\"_blank\" rel=\"noopener\"><strong>EK70791<\/strong><\/a><\/td>\n<td width=\"75\">Kapton\u00ae MT<\/td>\n<td width=\"57\">marron<\/td>\n<td width=\"101\">0,050\u00b115%<\/td>\n<td width=\"109\">0,078\u00b110%<\/td>\n<td width=\"100\">Acrylate<\/td>\n<td width=\"110\">F<\/td>\n<\/tr>\n<tr>\n<td width=\"75\"><strong>EK70810<\/strong><\/td>\n<td width=\"75\">Kapton\u00ae MT<\/td>\n<td width=\"57\">marron<\/td>\n<td width=\"101\">0,070\u00b110%<\/td>\n<td width=\"109\">0,140\u00b110%<\/td>\n<td width=\"100\">Acrylate \/ cire<\/td>\n<td width=\"110\">F<\/td>\n<\/tr>\n<tr>\n<td width=\"75\"><a href=\"https:\/\/nx5412.your-storageshare.de\/s\/98XzmtjKJQPQXHj\" target=\"_blank\" rel=\"noopener\"><strong>EK70821<\/strong><\/a><\/td>\n<td width=\"75\">Kapton\u00ae MT<\/td>\n<td width=\"57\">marron<\/td>\n<td width=\"101\">0,050\u00b110%<\/td>\n<td width=\"109\">0,093\u00b115%<\/td>\n<td width=\"100\">Acrylate \/ cire<\/td>\n<td width=\"110\">F<\/td>\n<\/tr>\n<tr>\n<td width=\"75\"><a href=\"https:\/\/nx5412.your-storageshare.de\/s\/cmoqHL5qwppGqtL\" target=\"_blank\" rel=\"noopener\"><strong>EK70880<\/strong><\/a><\/td>\n<td width=\"75\">Kapton\u00ae MT<\/td>\n<td width=\"57\">marron<\/td>\n<td width=\"101\">0,050\u00b115%<\/td>\n<td width=\"109\">0,140\u00b110%<\/td>\n<td width=\"100\">Acrylate \/ Acrylique<\/td>\n<td width=\"110\">F<\/td>\n<\/tr>\n<tr>\n<td width=\"75\"><strong>EK73250<\/strong><\/td>\n<td width=\"75\">Kapton\u00ae MT<\/td>\n<td width=\"57\">marron<\/td>\n<td width=\"101\">environ 0,025<\/td>\n<td width=\"109\">environ 0,045<\/td>\n<td width=\"100\">Acrylate<\/td>\n<td width=\"110\">F<\/td>\n<\/tr>\n<tr>\n<td colspan=\"7\" width=\"639\">\u00a0La cire (temp\u00e9rature de fusion 55 \u00b0C) garantit un bon transfert thermique<\/td>\n<\/tr>\n<\/tbody>\n<\/table>\n<p>&nbsp;<\/p>\n<p>Les fiches techniques sont disponibles sur demande ou en cliquant sur le num\u00e9ro de fiche.<\/p>\n<p>&nbsp;<\/p>\n","protected":false},"excerpt":{"rendered":"<p>&nbsp;<\/p>\n<h5>Les rubans adh\u00e9sifs \u00e0 base de film Kapton MT prot\u00e8gent les composants \u00e9lectroniques gr\u00e2ce \u00e0 leurs excellentes propri\u00e9t\u00e9s di\u00e9lectriques associ\u00e9es \u00e0 une bonne conductivit\u00e9 thermique<\/h5>\n<p>&nbsp;<\/p>\n","protected":false},"featured_media":1318,"template":"","meta":{"_acf_changed":false},"product_brand":[],"product_cat":[165,368,229],"product_tag":[],"class_list":{"0":"post-5994","1":"product","2":"type-product","3":"status-publish","4":"has-post-thumbnail","6":"product_cat-bandes-techniques","7":"product_cat-rubans-et-films-thermoconducteurs-et-isolants-adhesifs","8":"product_cat-bandes-et-applications-speciales","10":"first","11":"instock","12":"shipping-taxable","13":"purchasable","14":"product-type-simple"},"acf":[],"_links":{"self":[{"href":"https:\/\/schupp.ch\/fr\/wp-json\/wp\/v2\/product\/5994","targetHints":{"allow":["GET"]}}],"collection":[{"href":"https:\/\/schupp.ch\/fr\/wp-json\/wp\/v2\/product"}],"about":[{"href":"https:\/\/schupp.ch\/fr\/wp-json\/wp\/v2\/types\/product"}],"wp:featuredmedia":[{"embeddable":true,"href":"https:\/\/schupp.ch\/fr\/wp-json\/wp\/v2\/media\/1318"}],"wp:attachment":[{"href":"https:\/\/schupp.ch\/fr\/wp-json\/wp\/v2\/media?parent=5994"}],"wp:term":[{"taxonomy":"product_brand","embeddable":true,"href":"https:\/\/schupp.ch\/fr\/wp-json\/wp\/v2\/product_brand?post=5994"},{"taxonomy":"product_cat","embeddable":true,"href":"https:\/\/schupp.ch\/fr\/wp-json\/wp\/v2\/product_cat?post=5994"},{"taxonomy":"product_tag","embeddable":true,"href":"https:\/\/schupp.ch\/fr\/wp-json\/wp\/v2\/product_tag?post=5994"}],"curies":[{"name":"wp","href":"https:\/\/api.w.org\/{rel}","templated":true}]}}