{"id":5995,"date":"2024-01-24T17:53:24","date_gmt":"2024-01-24T16:53:24","guid":{"rendered":"https:\/\/schupp.ch\/p\/feuilles-disolation-electrique-en-ptfe-g400-pelees\/"},"modified":"2025-11-18T17:04:44","modified_gmt":"2025-11-18T16:04:44","slug":"feuilles-disolation-electrique-en-ptfe-g400-pelees","status":"publish","type":"product","link":"https:\/\/schupp.ch\/fr\/p\/feuilles-disolation-electrique-en-ptfe-g400-pelees\/","title":{"rendered":"Film d&rsquo;isolation \u00e9lectrique en PTFE G400, pel\u00e9"},"content":{"rendered":"<p>&nbsp;<\/p>\n<p><strong>Donn\u00e9es techniques<\/strong><\/p>\n<ul>\n<li>faibles coefficients de frottement<\/li>\n<li>Valeurs de r\u00e9sistance et de duret\u00e9 \u00e9lev\u00e9es<\/li>\n<li>Applications \u00e0 des temp\u00e9ratures extr\u00eamement \u00e9lev\u00e9es<\/li>\n<li>Valeurs de r\u00e9sistance \u00e0 la compression \u00e9lev\u00e9es<\/li>\n<li>Cycles de vie des produits extr\u00eamement longs et co\u00fbts d&rsquo;exploitation r\u00e9duits en cons\u00e9quence<\/li>\n<\/ul>\n<p>&nbsp;<\/p>\n<p><strong>Donn\u00e9es techniques<\/strong><\/p>\n<table>\n<tbody>\n<tr>\n<td width=\"219\">Caract\u00e9ristiques<\/td>\n<td width=\"56\">Unit\u00e9<\/td>\n<td width=\"85\">Test<\/td>\n<td width=\"70\">extrud\u00e9<\/td>\n<td width=\"60\">press\u00e9<\/td>\n<\/tr>\n<tr>\n<td width=\"219\">Poids sp\u00e9cifique<\/td>\n<td width=\"56\">g\/cm3<\/td>\n<td width=\"85\">ASTM D792<\/td>\n<td colspan=\"2\" width=\"131\">2,14 -2,18<\/td>\n<\/tr>\n<tr>\n<td width=\"219\">R\u00e9sistance \u00e0 la traction<\/td>\n<td width=\"56\">N\/mm2<\/td>\n<td width=\"85\">ASTM D4894<\/td>\n<td width=\"70\"><span style=\"text-decoration: underline;\">&gt;<\/span> 20<\/td>\n<td width=\"60\"><span style=\"text-decoration: underline;\">&gt;<\/span> 24<\/td>\n<\/tr>\n<tr>\n<td width=\"219\">Allongement \u00e0 la rupture<\/td>\n<td width=\"56\">%<\/td>\n<td width=\"85\">ASTM D4894<\/td>\n<td width=\"70\"><span style=\"text-decoration: underline;\">&gt;<\/span> 200<\/td>\n<td width=\"60\"><span style=\"text-decoration: underline;\">&gt;<\/span> 250<\/td>\n<\/tr>\n<tr>\n<td width=\"219\">R\u00e9sistance \u00e0 la compression \u00e0 1% de d\u00e9formation<\/td>\n<td width=\"56\">N\/mm2<\/td>\n<td width=\"85\">ASTM D695<\/td>\n<td colspan=\"2\" width=\"131\">4 -5<\/td>\n<\/tr>\n<tr>\n<td width=\"219\">Coefficient de frottement<\/td>\n<td width=\"56\">&#8211;<\/td>\n<td width=\"85\">ASTM D1894<\/td>\n<td colspan=\"2\" width=\"131\">0,06<\/td>\n<\/tr>\n<tr>\n<td width=\"219\">Range de temp\u00e9rature de service<\/td>\n<td width=\"56\">\u00b0C<\/td>\n<td width=\"85\">&#8212;<\/td>\n<td colspan=\"2\" width=\"131\">&#8211; 200 \u00e0 + 260<\/td>\n<\/tr>\n<tr>\n<td width=\"219\">rigidit\u00e9 di\u00e9lectrique<\/td>\n<td width=\"56\">kV\/mm<\/td>\n<td width=\"85\">ASTM D149<\/td>\n<td width=\"70\"><span style=\"text-decoration: underline;\">&gt;<\/span> 20<\/td>\n<td width=\"60\"><span style=\"text-decoration: underline;\">&gt;<\/span> 40<\/td>\n<\/tr>\n<\/tbody>\n<\/table>\n<p>&nbsp;<\/p>\n<p><strong>Dimensions :<\/strong><\/p>\n<table>\n<tbody>\n<tr>\n<td colspan=\"2\" width=\"158\"><strong>Num\u00e9ro principal<\/strong><\/td>\n<td width=\"94\">\u00c9paisseur [mm]<\/td>\n<td width=\"109\">Tol\u00e9rance[mm]<\/td>\n<td width=\"109\">Taille [mm]<\/td>\n<td width=\"109\">Tol\u00e9rance [mm]<\/td>\n<\/tr>\n<tr>\n<td width=\"131\"><strong>PTFE0500<\/strong><\/td>\n<td width=\"26\"><span style=\"color: #00ff00;\">\u2666<\/span><\/td>\n<td width=\"94\">0,50<\/td>\n<td width=\"109\">+0,03 &#8211; 0<\/td>\n<td width=\"109\"><\/td>\n<td width=\"109\"><\/td>\n<\/tr>\n<tr>\n<td width=\"131\"><strong>PTFE1000<\/strong><\/td>\n<td width=\"26\"><span style=\"color: #00ff00;\">\u2666<\/span><\/td>\n<td width=\"94\">1,00<\/td>\n<td width=\"109\">+0,05 &#8211; 0<\/td>\n<td width=\"109\"><\/td>\n<td width=\"109\"><\/td>\n<\/tr>\n<tr>\n<td width=\"131\"><strong>PTFE1500<\/strong><\/td>\n<td width=\"26\"><span style=\"color: #00ff00;\">\u2666<\/span><\/td>\n<td width=\"94\">1,50<\/td>\n<td width=\"109\">+0,10 &#8211; 0<\/td>\n<td width=\"109\"><\/td>\n<td width=\"109\"><\/td>\n<\/tr>\n<tr>\n<td width=\"131\"><strong>PTFE2000<\/strong><\/td>\n<td width=\"26\"><span style=\"color: #00ff00;\">\u2666<\/span><\/td>\n<td width=\"94\">2,00<\/td>\n<td width=\"109\">+0,20 &#8211; 0<\/td>\n<td width=\"109\">600 x 600<\/td>\n<td width=\"109\">+20 &#8211; 0<\/td>\n<\/tr>\n<tr>\n<td width=\"131\"><strong>PTFE2500<\/strong><\/td>\n<td width=\"26\"><span style=\"color: #00ff00;\">\u2666<\/span><\/td>\n<td width=\"94\">2,50<\/td>\n<td width=\"109\">+0,25 &#8211; 0<\/td>\n<td width=\"109\">1000 x 1000<\/td>\n<td width=\"109\">+30 &#8211; 0<\/td>\n<\/tr>\n<tr>\n<td width=\"131\"><strong>PTFE3000<\/strong><\/td>\n<td width=\"26\"><span style=\"color: #00ff00;\">\u2666<\/span><\/td>\n<td width=\"94\">3,00<\/td>\n<td width=\"109\">+0,30 &#8211; 0<\/td>\n<td width=\"109\">1200 x 1200<\/td>\n<td width=\"109\">+40 &#8211; 0<\/td>\n<\/tr>\n<tr>\n<td width=\"131\"><strong>PTFE4000<\/strong><\/td>\n<td width=\"26\"><span style=\"color: #00ff00;\">\u2666<\/span><\/td>\n<td width=\"94\">4,00<\/td>\n<td width=\"109\">+0,40 &#8211; 0<\/td>\n<td width=\"109\">1500 x 1500<\/td>\n<td width=\"109\">+40 &#8211; 0<\/td>\n<\/tr>\n<tr>\n<td width=\"131\"><strong>PTFE5000<\/strong><\/td>\n<td width=\"26\"><span style=\"color: #00ff00;\">\u2666<\/span><\/td>\n<td width=\"94\">5,00<\/td>\n<td width=\"109\">+0,50 &#8211; 0<\/td>\n<td width=\"109\"><\/td>\n<td width=\"109\"><\/td>\n<\/tr>\n<tr>\n<td width=\"131\"><strong>PTFE6000<\/strong><\/td>\n<td width=\"26\"><span style=\"color: #00ff00;\">\u2666<\/span><\/td>\n<td width=\"94\">6,00<\/td>\n<td width=\"109\">+0,60 &#8211; 0<\/td>\n<td width=\"109\"><\/td>\n<td width=\"109\"><\/td>\n<\/tr>\n<\/tbody>\n<\/table>\n<p><span style=\"color: #00ff00;\">\u2666<\/span> Disponible de stock d&rsquo;usine<\/p>\n<p>&nbsp;<\/p>\n<p><strong>Num\u00e9ro d&rsquo;article : <\/strong><\/p>\n<p>Exemple : PTFE0500\/xxxx\/yyyy<br \/>\nPTFE0500 = num\u00e9ro principal<br \/>\nxxxx = longueur<br \/>\nyyyy = largeur<\/p>\n<p>&nbsp;<\/p>\n","protected":false},"excerpt":{"rendered":"<p>&nbsp;<\/p>\n<h5>Les charges sp\u00e9cialement ajout\u00e9es au PTFE par le fabricant permettent, gr\u00e2ce \u00e0 la technologie de production utilis\u00e9e, de produire des films pel\u00e9s qui pr\u00e9sentent d&rsquo;excellentes propri\u00e9t\u00e9s.<\/h5>\n<p>&nbsp;<\/p>\n<p>&nbsp;<\/p>\n","protected":false},"featured_media":1324,"template":"","meta":{"_acf_changed":false},"product_brand":[],"product_cat":[158,170,154],"product_tag":[],"class_list":{"0":"post-5995","1":"product","2":"type-product","3":"status-publish","4":"has-post-thumbnail","6":"product_cat-isolation-fr","7":"product_cat-films-isolants","8":"product_cat-isolants-electriques-flexibles","10":"first","11":"instock","12":"shipping-taxable","13":"purchasable","14":"product-type-simple"},"acf":[],"_links":{"self":[{"href":"https:\/\/schupp.ch\/fr\/wp-json\/wp\/v2\/product\/5995","targetHints":{"allow":["GET"]}}],"collection":[{"href":"https:\/\/schupp.ch\/fr\/wp-json\/wp\/v2\/product"}],"about":[{"href":"https:\/\/schupp.ch\/fr\/wp-json\/wp\/v2\/types\/product"}],"wp:featuredmedia":[{"embeddable":true,"href":"https:\/\/schupp.ch\/fr\/wp-json\/wp\/v2\/media\/1324"}],"wp:attachment":[{"href":"https:\/\/schupp.ch\/fr\/wp-json\/wp\/v2\/media?parent=5995"}],"wp:term":[{"taxonomy":"product_brand","embeddable":true,"href":"https:\/\/schupp.ch\/fr\/wp-json\/wp\/v2\/product_brand?post=5995"},{"taxonomy":"product_cat","embeddable":true,"href":"https:\/\/schupp.ch\/fr\/wp-json\/wp\/v2\/product_cat?post=5995"},{"taxonomy":"product_tag","embeddable":true,"href":"https:\/\/schupp.ch\/fr\/wp-json\/wp\/v2\/product_tag?post=5995"}],"curies":[{"name":"wp","href":"https:\/\/api.w.org\/{rel}","templated":true}]}}