{"id":5998,"date":"2024-01-25T09:12:40","date_gmt":"2024-01-25T08:12:40","guid":{"rendered":"https:\/\/schupp.ch\/p\/gaines-thermoretractables-haute-temperature-type-ssky-kynar\/"},"modified":"2026-01-06T19:36:16","modified_gmt":"2026-01-06T18:36:16","slug":"gaines-thermoretractables-haute-temperature-type-ssky-kynar","status":"publish","type":"product","link":"https:\/\/schupp.ch\/fr\/p\/gaines-thermoretractables-haute-temperature-type-ssky-kynar\/","title":{"rendered":"PVDF Gaines thermor\u00e9tractables de haute temp\u00e9rature Type SSKY (Kynar\u00ae)"},"content":{"rendered":"<p>&nbsp;<\/p>\n<h5><strong>Donn\u00e9es techniques :<\/strong><\/h5>\n<p>&nbsp;<\/p>\n<p><strong>Mat\u00e9riau : <\/strong>Polyfluorure de vinylid\u00e8ne (PVDF), Kynar\u00ae<\/p>\n<p><strong>Rapport de r\u00e9train : <\/strong>2 : 1<\/p>\n<p><strong>Temp\u00e9rature de service: <\/strong>-55 \u00b0C \u00e0 175 \u00b0C<\/p>\n<p><strong>Temp\u00e9rature de r\u00e9traction : <\/strong>&gt; 170 \u00b0C<\/p>\n<p><strong>R\u00e9sistance : <\/strong>excellente \u00e0 l&rsquo;abrasion, aux produits chimiques et aux solvants<\/p>\n<p><strong>Application : <\/strong>dans des conditions environnementales d\u00e9favorables<\/p>\n<p>&nbsp;<\/p>\n<table width=\"643\">\n<tbody>\n<tr>\n<td width=\"213\"><\/td>\n<td width=\"207\"><strong>D\u00e9scription<\/strong><\/td>\n<td width=\"222\"><strong>Donn\u00e9es<\/strong><\/td>\n<\/tr>\n<tr>\n<td width=\"213\">R\u00e9sistance \u00e0 la traction<\/td>\n<td width=\"207\">IEC 60684-2 paragraphes 19.1 et 19.2<\/td>\n<td width=\"222\">&gt; 35 MPa<\/td>\n<\/tr>\n<tr>\n<td width=\"213\">Allongement \u00e0 la rupture<\/td>\n<td width=\"207\">IEC 60684-2 paragraphes 19.1 et 19.2<\/td>\n<td width=\"222\">&gt; 150%<\/td>\n<\/tr>\n<tr>\n<td width=\"213\">Choc thermique<\/td>\n<td width=\"207\">IEC 60684-2 paragraphe 6<br \/>\n(4h \u00e0 300 \u02daC)<\/td>\n<td width=\"222\">Pas de gouttes, de rupture ou d&rsquo;\u00e9coulement de la paroi externe<\/td>\n<\/tr>\n<tr>\n<td width=\"213\">Vieillissement thermique<br \/>\nR\u00e9sistance \u00e0 la traction Allongement \u00e0 la rupture<\/td>\n<td width=\"207\">IEC 60684-2 paragraphe 39<br \/>\n(168 h \u00e0 200 \u00b0C)<br \/>\nparagraphes 19.1 et 19.2<br \/>\nparagraphes 19.1 et 19.2<\/td>\n<td width=\"222\">\n<blockquote><p>15 MPa<br \/>\n&gt; 75%<\/p><\/blockquote>\n<\/td>\n<\/tr>\n<tr>\n<td width=\"213\">R\u00e9sistance \u00e0 la corrosion (Cuivre)<\/td>\n<td width=\"207\">IEC 60684-2 paragraphe 33<\/td>\n<td width=\"222\">Pas de corrosion<\/td>\n<\/tr>\n<tr>\n<td width=\"213\">Absorption d&rsquo;eau<\/td>\n<td width=\"207\">IEC 60684-2 paragraphe 40<\/td>\n<td width=\"222\">&lt; 0.5%<\/td>\n<\/tr>\n<tr>\n<td width=\"213\">R\u00e9sistance aux liquides agressifs<br \/>\nR\u00e9sistance \u00e0 la traction<br \/>\nAllongement \u00e0 la rupture<\/td>\n<td width=\"207\">IEC 60684-2 paragraphe 36<br \/>\nparagraphes 19.1 et 19.2<\/td>\n<td width=\"222\">excellentes valeurs<br \/>\n&gt; 25 MPa<br \/>\n&gt; 150%<\/td>\n<\/tr>\n<tr>\n<td width=\"213\">R\u00e9sistance fongique<br \/>\nR\u00e9sistance \u00e0 la traction<br \/>\nAllongement \u00e0 la rupture<\/td>\n<td width=\"207\">ISO 846 m\u00e9thode B IEC 60684-2<br \/>\nparagraphes 19.1 et 19.2<\/td>\n<td width=\"222\">pas de fongique<br \/>\n&gt; 35 MPa<br \/>\n&gt; 150%<\/td>\n<\/tr>\n<\/tbody>\n<\/table>\n<p>&nbsp;<\/p>\n<p><strong>Homologations :<\/strong><\/p>\n<table width=\"643\">\n<tbody>\n<tr>\n<td width=\"213\"><strong>Militaire<\/strong><\/td>\n<td width=\"207\"><strong>UL<\/strong><\/td>\n<td width=\"222\"><strong>CSA<\/strong><\/td>\n<\/tr>\n<tr>\n<td width=\"213\">MIL-DTL 23053\/8 DEF STAN 59-97<br \/>\nVG95343 Pt 5<\/td>\n<td width=\"207\">UL 224 VW1<br \/>\n600 V, 125 \u02daC<\/td>\n<td width=\"222\">LR 31929<br \/>\n600 V, 125 \u02daC<br \/>\n(SOUVENT)<\/td>\n<\/tr>\n<\/tbody>\n<\/table>\n<p>&nbsp;<\/p>\n<p><strong>Dimensions :<\/strong><\/p>\n<table width=\"643\">\n<tbody>\n<tr>\n<td colspan=\"2\" rowspan=\"2\" width=\"115\"><strong>Num\u00e9ro principal<\/strong><\/td>\n<td colspan=\"2\" rowspan=\"2\" width=\"133\"><strong>min. Diam\u00e8tre<\/strong><\/td>\n<td colspan=\"2\" rowspan=\"2\" width=\"137\"><strong>max. Diam\u00e8tre r\u00e9tr\u00e9ci<\/strong><\/td>\n<td colspan=\"2\" rowspan=\"2\" width=\"131\"><strong>\u00c9paisseur de paroi apr\u00e8s r\u00e9traction<\/strong><\/td>\n<td colspan=\"2\" width=\"127\"><strong>Conditionnement<\/strong><\/td>\n<\/tr>\n<tr>\n<td width=\"64\"><strong>Pi\u00e8ces<\/strong><\/td>\n<td width=\"63\"><strong>Rouleaux<\/strong><\/td>\n<\/tr>\n<tr>\n<td width=\"89\"><\/td>\n<td width=\"26\"><\/td>\n<td width=\"64\"><strong>[mm]<\/strong><\/td>\n<td width=\"69\"><strong>[inches]<\/strong><\/td>\n<td width=\"69\"><strong>[mm]<\/strong><\/td>\n<td width=\"69\"><strong>[inches]<\/strong><\/td>\n<td width=\"69\"><strong>[mm]<\/strong><\/td>\n<td width=\"62\"><strong>[inches]<\/strong><\/td>\n<td width=\"64\"><strong>[m]<\/strong><\/td>\n<td width=\"63\"><strong>[m]<\/strong><\/td>\n<\/tr>\n<tr>\n<td width=\"89\"><strong>SSKY3\/64&Prime;<\/strong><\/td>\n<td width=\"26\"><span style=\"color: #ff6600;\">\u2666<\/span><\/td>\n<td width=\"64\">1,2<\/td>\n<td width=\"69\">0.046<\/td>\n<td width=\"69\">0,6<\/td>\n<td width=\"69\">0.023<\/td>\n<td width=\"69\">0,25<\/td>\n<td width=\"62\">0.010<\/td>\n<td width=\"64\">1,22<\/td>\n<td width=\"63\">300<\/td>\n<\/tr>\n<tr>\n<td width=\"89\"><strong>SSKY1\/16&Prime;<\/strong><\/td>\n<td width=\"26\"><span style=\"color: #ff6600;\">\u2666<\/span><\/td>\n<td width=\"64\">1,6<\/td>\n<td width=\"69\">0.063<\/td>\n<td width=\"69\">0,8<\/td>\n<td width=\"69\">0.031<\/td>\n<td width=\"69\">0,25<\/td>\n<td width=\"62\">0.010<\/td>\n<td width=\"64\">1,22<\/td>\n<td width=\"63\">300<\/td>\n<\/tr>\n<tr>\n<td width=\"89\"><strong>SSKY3\/32&Prime;<\/strong><\/td>\n<td width=\"26\"><span style=\"color: #ff6600;\">\u2666<\/span><\/td>\n<td width=\"64\">2,4<\/td>\n<td width=\"69\">0.093<\/td>\n<td width=\"69\">1,2<\/td>\n<td width=\"69\">0.046<\/td>\n<td width=\"69\">0,25<\/td>\n<td width=\"62\">0.010<\/td>\n<td width=\"64\">1,22<\/td>\n<td width=\"63\">150<\/td>\n<\/tr>\n<tr>\n<td width=\"89\"><strong>SSKY1\/8&Prime;<\/strong><\/td>\n<td width=\"26\"><span style=\"color: #ff6600;\">\u2666<\/span><\/td>\n<td width=\"64\">3,2<\/td>\n<td width=\"69\">0.125<\/td>\n<td width=\"69\">1,6<\/td>\n<td width=\"69\">0.062<\/td>\n<td width=\"69\">0,25<\/td>\n<td width=\"62\">0.010<\/td>\n<td width=\"64\">1,22<\/td>\n<td width=\"63\">150<\/td>\n<\/tr>\n<tr>\n<td width=\"89\"><strong>SSKY3\/16&Prime;<\/strong><\/td>\n<td width=\"26\"><span style=\"color: #ff6600;\">\u2666<\/span><\/td>\n<td width=\"64\">4,8<\/td>\n<td width=\"69\">0.187<\/td>\n<td width=\"69\">2,4<\/td>\n<td width=\"69\">0.093<\/td>\n<td width=\"69\">0,25<\/td>\n<td width=\"62\">0.010<\/td>\n<td width=\"64\">1,22<\/td>\n<td width=\"63\">150<\/td>\n<\/tr>\n<tr>\n<td width=\"89\"><strong>SSKY1\/4&Prime;<\/strong><\/td>\n<td width=\"26\"><span style=\"color: #ff6600;\">\u2666<\/span><\/td>\n<td width=\"64\">6,4<\/td>\n<td width=\"69\">0.250<\/td>\n<td width=\"69\">3,2<\/td>\n<td width=\"69\">0.125<\/td>\n<td width=\"69\">0,30<\/td>\n<td width=\"62\">0.012<\/td>\n<td width=\"64\">1,22<\/td>\n<td width=\"63\">75<\/td>\n<\/tr>\n<tr>\n<td width=\"89\"><strong>SSKY3\/8&Prime;<\/strong><\/td>\n<td width=\"26\"><span style=\"color: #ff6600;\">\u2666<\/span><\/td>\n<td width=\"64\">9,5<\/td>\n<td width=\"69\">0.375<\/td>\n<td width=\"69\">4,8<\/td>\n<td width=\"69\">0.187<\/td>\n<td width=\"69\">0,30<\/td>\n<td width=\"62\">0.012<\/td>\n<td width=\"64\">1,22<\/td>\n<td width=\"63\">75<\/td>\n<\/tr>\n<tr>\n<td width=\"89\"><strong>SSKY1\/2&Prime;<\/strong><\/td>\n<td width=\"26\"><span style=\"color: #ff6600;\">\u2666<\/span><\/td>\n<td width=\"64\">12,7<\/td>\n<td width=\"69\">0.500<\/td>\n<td width=\"69\">6,4<\/td>\n<td width=\"69\">0.250<\/td>\n<td width=\"69\">0,30<\/td>\n<td width=\"62\">0.012<\/td>\n<td width=\"64\">1,22<\/td>\n<td width=\"63\">75<\/td>\n<\/tr>\n<tr>\n<td width=\"89\"><strong>SSKY3\/4&Prime;<\/strong><\/td>\n<td width=\"26\"><span style=\"color: #ff6600;\">\u2666<\/span><\/td>\n<td width=\"64\">19,1<\/td>\n<td width=\"69\">0.750<\/td>\n<td width=\"69\">9,5<\/td>\n<td width=\"69\">0.375<\/td>\n<td width=\"69\">0,43<\/td>\n<td width=\"62\">0.017<\/td>\n<td width=\"64\">1,22<\/td>\n<td width=\"63\">60<\/td>\n<\/tr>\n<tr>\n<td width=\"89\"><strong>SSKY1&Prime;<\/strong><\/td>\n<td width=\"26\"><span style=\"color: #ff6600;\">\u2666<\/span><\/td>\n<td width=\"64\">25,4<\/td>\n<td width=\"69\">1.000<\/td>\n<td width=\"69\">12,7<\/td>\n<td width=\"69\">0.500<\/td>\n<td width=\"69\">0,48<\/td>\n<td width=\"62\">0.019<\/td>\n<td width=\"64\">1,22<\/td>\n<td width=\"63\">60<\/td>\n<\/tr>\n<\/tbody>\n<\/table>\n<p>\u2666 <span style=\"color: #ff6600;\">s<\/span>ur demande<\/p>\n<p><strong>Couleur standard :<br \/>\n<\/strong>transparent (tr)<\/p>\n<p>&nbsp;<\/p>\n","protected":false},"excerpt":{"rendered":"<p>&nbsp;<\/p>\n<h5>Cette gaine thermor\u00e9tractable robuste est utilis\u00e9e, par exemple, pour l&rsquo;isolation et la protection m\u00e9canique d&rsquo;objets fragiles, tels que les corps en verre ou les tubes fluorescents. Le mat\u00e9riau PVDF est adapt\u00e9 \u00e9galement \u00e0 une grande r\u00e9sistance aux produits chimiques.<\/h5>\n<p>&nbsp;<\/p>\n","protected":false},"featured_media":1337,"template":"","meta":{"_acf_changed":false},"product_brand":[],"product_cat":[217,228],"product_tag":[],"class_list":{"0":"post-5998","1":"product","2":"type-product","3":"status-publish","4":"has-post-thumbnail","6":"product_cat-tuyaux-techniques","7":"product_cat-gaines-thermoretractables","9":"first","10":"instock","11":"shipping-taxable","12":"purchasable","13":"product-type-simple"},"acf":[],"_links":{"self":[{"href":"https:\/\/schupp.ch\/fr\/wp-json\/wp\/v2\/product\/5998","targetHints":{"allow":["GET"]}}],"collection":[{"href":"https:\/\/schupp.ch\/fr\/wp-json\/wp\/v2\/product"}],"about":[{"href":"https:\/\/schupp.ch\/fr\/wp-json\/wp\/v2\/types\/product"}],"wp:featuredmedia":[{"embeddable":true,"href":"https:\/\/schupp.ch\/fr\/wp-json\/wp\/v2\/media\/1337"}],"wp:attachment":[{"href":"https:\/\/schupp.ch\/fr\/wp-json\/wp\/v2\/media?parent=5998"}],"wp:term":[{"taxonomy":"product_brand","embeddable":true,"href":"https:\/\/schupp.ch\/fr\/wp-json\/wp\/v2\/product_brand?post=5998"},{"taxonomy":"product_cat","embeddable":true,"href":"https:\/\/schupp.ch\/fr\/wp-json\/wp\/v2\/product_cat?post=5998"},{"taxonomy":"product_tag","embeddable":true,"href":"https:\/\/schupp.ch\/fr\/wp-json\/wp\/v2\/product_tag?post=5998"}],"curies":[{"name":"wp","href":"https:\/\/api.w.org\/{rel}","templated":true}]}}