{"id":5999,"date":"2024-01-25T08:58:59","date_gmt":"2024-01-25T07:58:59","guid":{"rendered":"https:\/\/schupp.ch\/p\/tuyaux-en-peek\/"},"modified":"2025-12-28T15:23:50","modified_gmt":"2025-12-28T14:23:50","slug":"tuyaux-en-peek","status":"publish","type":"product","link":"https:\/\/schupp.ch\/fr\/p\/tuyaux-en-peek\/","title":{"rendered":"Gaines en PEEK\u2122"},"content":{"rendered":"<h5><strong>Principales caract\u00e9ristiques<\/strong><\/h5>\n<p>&nbsp;<\/p>\n<p>&nbsp;<\/p>\n<p>&gt; Remplacement id\u00e9al de l&rsquo;acier inoxydable en termes de poids et de compatibilit\u00e9 chimique<\/p>\n<p>&gt; Stabilit\u00e9 exceptionnelle \u00e0 la torsion<\/p>\n<p>&gt; Bonne abtitude au moulage par la chaleur<\/p>\n<p>&gt; R\u00e9sistant aux rayons gamma<\/p>\n<p>&gt; Pression d&rsquo;\u00e9clatement \u00e9lev\u00e9e<\/p>\n<p>&gt; Peut \u00eatre st\u00e9rilis\u00e9 plusieurs fois en autoclave<\/p>\n<p>&gt; Haute r\u00e9sistance<\/p>\n<p>&gt; Haute r\u00e9sistance aux temp\u00e9ratures \u00e9lev\u00e9es<\/p>\n<p>&gt; Excellente r\u00e9sistance aux produits chimiques et aux solvants<\/p>\n<p>&gt; Excellente r\u00e9sistance aux chocs et \u00e0 l&rsquo;usure<\/p>\n<p>&gt; Faible in\ufb02ammabilit\u00e9<\/p>\n<p>&gt; Excellente r\u00e9sistance au fluage et \u00e0 la fatigue<\/p>\n<p>&gt; Excellente r\u00e9sistance \u00e0 l&rsquo;hydrclyse<\/p>\n<p>&gt; Tol\u00e9rances d&rsquo;extrusion \u00e9troites<\/p>\n<p>&nbsp;<\/p>\n<p>Modification des mat\u00e9riaux: Mat\u00e9riaux de remplissage radioopaques, verre, carbone, pigments et bien plus encore<\/p>\n<p>&nbsp;<\/p>\n<h5><strong>Ex\u00e9cutions PEEK<\/strong><\/h5>\n<p>&nbsp;<\/p>\n<p><strong>Ex\u00e9cution<\/strong><strong>\u00a0standard<br \/>\n<\/strong>Ce grade est destin\u00e9 aux applications g\u00e9n\u00e9rales, avec l&rsquo;allongement \u00e0 la rupture le plus \u00e9lev\u00e9 et les valeurs les plus basses en termes de r\u00e9sistance \u00e0 la traction, de r\u00e9sistance \u00e0 la flexion et de module de flexion. Le PEEK\u2122 pur pr\u00e9sente les meilleures valeurs de r\u00e9silience.<\/p>\n<p><strong>Ex\u00e9cution rempli de 30% de fibres de verre<br \/>\n<\/strong>Le remplissage avec des fibres de verre permet d&rsquo;obtenir de meilleures valeurs m\u00e9caniques en termes de r\u00e9sistance \u00e0 la traction, de r\u00e9sistance \u00e0 la flexion et de module de flexion, mais r\u00e9duit les valeurs d&rsquo;allongement \u00e0 la rupture et de r\u00e9silience, en particulier \u00e0 basse temp\u00e9rature. Le PEEK\u2122 charg\u00e9 de fibres de verre a un coefficient de dilatation plus faible et convient donc aux applications \u00e0 haute temp\u00e9rature.<\/p>\n<p><strong>Ex\u00e9cution rempli de 30% de fibres de carbone<br \/>\n<\/strong>Le remplissage avec des fibres de carbone permet d&rsquo;obtenir de meilleures valeurs m\u00e9caniques en termes de r\u00e9sistance \u00e0 la traction, de r\u00e9sistance \u00e0 la flexion et de module de flexion, mais r\u00e9duit les valeurs d&rsquo;allongement \u00e0 la rupture et de r\u00e9silience, en particulier \u00e0 basse temp\u00e9rature. Le PEEK\u2122 charg\u00e9 de fibres de carbone a un coefficient de dilatation tr\u00e8s bas et une tr\u00e8s bonne conductivit\u00e9 thermique.<\/p>\n<p><strong>Ex\u00e9cution de lubrification<br \/>\n<\/strong>L&rsquo;ajout de 30% de carbone\/PTFE am\u00e9liore les propri\u00e9t\u00e9s de frottement et d&rsquo;abrasion du PEEK\u2122. Cet ajout augmente \u00e9galement l&rsquo;usinabilit\u00e9 et rend ce grade tr\u00e8s adapt\u00e9 \u00e0 la fabrication de roulements finis.<\/p>\n<p>&nbsp;<\/p>\n<p><strong>Donn\u00e9es techniques<\/strong><\/p>\n<table>\n<tbody>\n<tr>\n<td width=\"273\"><strong>Caract\u00e9ristiques<\/strong><\/td>\n<td colspan=\"3\" width=\"362\"><strong>Valeurs indicatives<\/strong><\/td>\n<\/tr>\n<tr>\n<td width=\"273\"><strong>Ex\u00e9cution<\/strong><\/td>\n<td width=\"111\">Standard<\/td>\n<td width=\"118\">30% Fibres de verre<\/td>\n<td width=\"129\">30% Fibres de carbone<\/td>\n<\/tr>\n<tr>\n<td width=\"273\">R\u00e9sistance \u00e0 la traction (\u00e0 23\u00b0C)<\/td>\n<td width=\"111\">100 MPa<\/td>\n<td width=\"118\">150 MPa<\/td>\n<td width=\"129\">215 MPa<\/td>\n<\/tr>\n<tr>\n<td width=\"273\">Module d&rsquo;\u00e9lasticit\u00e9 (avec 1% d&rsquo;allongement \u00e0 23\u00b0C)<\/td>\n<td width=\"111\">3,5 GPa<\/td>\n<td width=\"118\">11,4 GPa<\/td>\n<td width=\"129\">22,3 GPa<\/td>\n<\/tr>\n<tr>\n<td width=\"273\">Allongement \u00e0 la rupture (\u00e0 23\u00b0C)<\/td>\n<td width=\"111\">34%<\/td>\n<td width=\"118\">2%<\/td>\n<td width=\"129\">1.8%<\/td>\n<\/tr>\n<tr>\n<td width=\"273\">R\u00e9sistance \u00e0 la flexion (\u00e0 23\u00b0C)<\/td>\n<td width=\"111\">163 MPa<\/td>\n<td width=\"118\">212 MPa<\/td>\n<td width=\"129\">298 MPa<\/td>\n<\/tr>\n<tr>\n<td width=\"273\">R\u00e9sistance \u00e0 l&rsquo;impact (\u00e0 23\u00b0C)<\/td>\n<td width=\"111\">7,5 kJ\/m2<\/td>\n<td width=\"118\">10,3 kJ\/m2<\/td>\n<td width=\"129\">5,4 kJ\/m2<\/td>\n<\/tr>\n<tr>\n<td width=\"273\">Temp\u00e9rature sp\u00e9cifique de fusion<\/td>\n<td width=\"111\">2.16 kJ\/kg\u00b0C<\/td>\n<td width=\"118\">1.7 kJ\/kg\u00b0C<\/td>\n<td width=\"129\">1.8 kJ\/kg\u00b0C<\/td>\n<\/tr>\n<tr>\n<td width=\"273\">Temp\u00e9rature de transition vitreuse<\/td>\n<td width=\"111\">143 \u00b0C<\/td>\n<td width=\"118\">143 \u00b0C<\/td>\n<td width=\"129\">143 \u00b0C<\/td>\n<\/tr>\n<tr>\n<td width=\"273\">Temp\u00e9rature de d\u00e9formation<\/td>\n<td width=\"111\">152 \u00b0C<\/td>\n<td width=\"118\">315 \u00b0C<\/td>\n<td width=\"129\">315 \u00b0C<\/td>\n<\/tr>\n<tr>\n<td width=\"273\">Coefficient de dilatation<\/td>\n<td width=\"111\">&lt; Tg 4,7 x 10-5\/\u00b0C<br \/>\n&gt; Tg 10,8 x 10-5\/\u00b0C<\/td>\n<td width=\"118\">&lt; Tg 1,5 x 10-5\/\u00b0C<\/td>\n<td width=\"129\">&lt; Tg 1,5 x 10-5\/\u00b0C<\/td>\n<\/tr>\n<tr>\n<td width=\"273\">Temp\u00e9rature de service continu \u00e9lectrique<\/td>\n<td width=\"111\">260 \u00b0C<\/td>\n<td width=\"118\">240 \u00b0C<\/td>\n<td width=\"129\">&#8212;<\/td>\n<\/tr>\n<tr>\n<td width=\"273\">Temp\u00e9rature de service continu sans contrainte m\u00e9canique<\/td>\n<td width=\"111\">240 \u00b0C<\/td>\n<td width=\"118\">240 \u00b0C<\/td>\n<td width=\"129\">240 \u00b0C<\/td>\n<\/tr>\n<tr>\n<td width=\"273\">Temp\u00e9rature de service continu avec contrainte m\u00e9canique<\/td>\n<td width=\"111\">180 \u00b0C<\/td>\n<td width=\"118\">220 \u00b0C<\/td>\n<td width=\"129\">200 \u00b0C<\/td>\n<\/tr>\n<tr>\n<td width=\"273\">Densit\u00e9<\/td>\n<td width=\"111\">1,0<\/td>\n<td width=\"118\">1,51<\/td>\n<td width=\"129\">1,40<\/td>\n<\/tr>\n<tr>\n<td width=\"273\">Absorption d&rsquo;eau<\/td>\n<td width=\"111\">0,50% (50% rh)<\/td>\n<td width=\"118\">0,11% (50% rh)<\/td>\n<td width=\"129\">0,06% (50% rh)<\/td>\n<\/tr>\n<tr>\n<td width=\"273\">Transmission lumineuse<\/td>\n<td width=\"111\">pas de<\/td>\n<td width=\"118\">aucune<\/td>\n<td width=\"129\">aucune<\/td>\n<\/tr>\n<tr>\n<td width=\"273\">Couleur<\/td>\n<td width=\"111\">gris-brun<\/td>\n<td width=\"118\">marron<\/td>\n<td width=\"129\">noir<\/td>\n<\/tr>\n<\/tbody>\n<\/table>\n<p>&nbsp;<\/p>\n<p><strong>Dimensions<\/strong><\/p>\n<table>\n<tbody>\n<tr>\n<td width=\"124\"><strong>Num\u00e9ro d&rsquo;article<\/strong><\/td>\n<td colspan=\"2\" width=\"195\"><strong>Dimensions en Inch<\/strong><\/td>\n<td colspan=\"3\" width=\"311\"><strong>Dimensions m\u00e9triques [mm]<\/strong><\/td>\n<\/tr>\n<tr>\n<td width=\"124\"><\/td>\n<td width=\"97\"><strong>\u00d8 int\u00e9rieur<\/strong><\/td>\n<td width=\"98\"><strong>\u00d8 ext\u00e9rieur<\/strong><\/td>\n<td width=\"93\"><strong>\u00d8 int\u00e9rieur<\/strong><\/td>\n<td width=\"102\"><strong>\u00d8 ext\u00e9rieur<\/strong><\/td>\n<td width=\"117\"><strong>pression admissible*<\/strong><\/td>\n<\/tr>\n<tr>\n<td width=\"124\"><strong>ISPEEK003\/020<\/strong><\/td>\n<td width=\"97\">0,003<\/td>\n<td width=\"98\">0,020<\/td>\n<td width=\"93\">0,076<\/td>\n<td width=\"102\">0,508<\/td>\n<td width=\"117\">2000 psi<\/td>\n<\/tr>\n<tr>\n<td width=\"124\"><strong>ISPEEK005\/020<\/strong><\/td>\n<td width=\"97\">0,005<\/td>\n<td width=\"98\">0,020<\/td>\n<td width=\"93\">0,127<\/td>\n<td width=\"102\">0,508<\/td>\n<td width=\"117\">2000 psi<\/td>\n<\/tr>\n<tr>\n<td width=\"124\"><strong>ISPEEK010\/020<\/strong><\/td>\n<td width=\"97\">0,010<\/td>\n<td width=\"98\">0,020<\/td>\n<td width=\"93\">0,254<\/td>\n<td width=\"102\">0,508<\/td>\n<td width=\"117\">2000 psi<\/td>\n<\/tr>\n<tr>\n<td width=\"124\"><strong>ISPEEK003\/062<\/strong><\/td>\n<td width=\"97\">0,003<\/td>\n<td width=\"98\">0,062<\/td>\n<td width=\"93\">0,076<\/td>\n<td width=\"102\">1,575<\/td>\n<td width=\"117\">5000 psi<\/td>\n<\/tr>\n<tr>\n<td width=\"124\"><strong>ISPEEK005\/062<\/strong><\/td>\n<td width=\"97\">0,005<\/td>\n<td width=\"98\">0,062<\/td>\n<td width=\"93\">0,127<\/td>\n<td width=\"102\">1,575<\/td>\n<td width=\"117\">5000 psi<\/td>\n<\/tr>\n<tr>\n<td width=\"124\"><strong>ISPEEK007\/062<\/strong><\/td>\n<td width=\"97\">0,007<\/td>\n<td width=\"98\">0,062<\/td>\n<td width=\"93\">0,178<\/td>\n<td width=\"102\">1,575<\/td>\n<td width=\"117\">5000 psi<\/td>\n<\/tr>\n<tr>\n<td width=\"124\"><strong>ISPEEK010\/062<\/strong><\/td>\n<td width=\"97\">0,010<\/td>\n<td width=\"98\">0,062<\/td>\n<td width=\"93\">0,254<\/td>\n<td width=\"102\">1,575<\/td>\n<td width=\"117\">5000 psi<\/td>\n<\/tr>\n<tr>\n<td width=\"124\"><strong>ISPEEK020\/062<\/strong><\/td>\n<td width=\"97\">0,020<\/td>\n<td width=\"98\">0,062<\/td>\n<td width=\"93\">0,508<\/td>\n<td width=\"102\">1,575<\/td>\n<td width=\"117\">5000 psi<\/td>\n<\/tr>\n<tr>\n<td width=\"124\"><strong>ISPEEK030\/062<\/strong><\/td>\n<td width=\"97\">0,030<\/td>\n<td width=\"98\">0,062<\/td>\n<td width=\"93\">0,762<\/td>\n<td width=\"102\">1,575<\/td>\n<td width=\"117\">5000 psi<\/td>\n<\/tr>\n<tr>\n<td width=\"124\"><strong>ISPEEK040\/062<\/strong><\/td>\n<td width=\"97\">0,040<\/td>\n<td width=\"98\">0,062<\/td>\n<td width=\"93\">1,016<\/td>\n<td width=\"102\">1,575<\/td>\n<td width=\"117\">5000 psi<\/td>\n<\/tr>\n<tr>\n<td width=\"124\"><strong>ISPEEK055\/062<\/strong><\/td>\n<td width=\"97\">0,055<\/td>\n<td width=\"98\">0,062<\/td>\n<td width=\"93\">1,397<\/td>\n<td width=\"102\">1,575<\/td>\n<td width=\"117\">5000 psi<\/td>\n<\/tr>\n<tr>\n<td width=\"124\"><strong>ISPEEK062\/125<\/strong><\/td>\n<td width=\"97\">0,062<\/td>\n<td width=\"98\">0,125<\/td>\n<td width=\"93\">1,575<\/td>\n<td width=\"102\">3,175<\/td>\n<td width=\"117\">5000 psi<\/td>\n<\/tr>\n<tr>\n<td width=\"124\"><strong>ISPEEK080\/125<\/strong><\/td>\n<td width=\"97\">0,080<\/td>\n<td width=\"98\">0,125<\/td>\n<td width=\"93\">2,032<\/td>\n<td width=\"102\">3,175<\/td>\n<td width=\"117\">3000 psi<\/td>\n<\/tr>\n<\/tbody>\n<\/table>\n<p>* Pression maximale de service recommand\u00e9e<\/p>\n<p>Maintenant dans des configurations \u00e0 parois tr\u00e8s fines avec des \u00e9paisseurs de paroi allant jusqu&rsquo;\u00e0 0,051 mm pour de nombreuses tailles. Tol\u00e9rances de +\/- 0,25 mm (0,001&Prime;) disponibles pour la plupart des tailles.<\/p>\n<p>&nbsp;<\/p>\n","protected":false},"excerpt":{"rendered":"<p>&nbsp;<\/p>\n<h5><strong>PEEK \u2122 (poly\u00e9ther\u00e9therc\u00e9tone)<\/strong><\/h5>\n<h5>Le PEEK\u2122 est un polym\u00e8re technique haute performance qui pr\u00e9sente des caract\u00e9ristiques \u00e9tonnantes de solidit\u00e9 et de r\u00e9sistance \u00e0 la temp\u00e9rature. Dans les applications telles que. comme l&rsquo;a\u00e9rospatiale, o\u00f9 le poids est d&rsquo;une importance capitale, le PEEK\u2122 est devenu un substitut populaire au m\u00e9tal. En raison de sa puret\u00e9, de sa pression d&rsquo;\u00e9clatement \u00e9lev\u00e9e et de sa r\u00e9sistance chimique, il est \u00e9galement devenu la norme pour les applications dans le domaine des sciences analytiques. Dans les applications m\u00e9dicales, la biocompatibilit\u00e9, la haute r\u00e9sistance \u00e0 la traction et la capacit\u00e9 de glissement font du PEEK\u2122 un substitut id\u00e9al \u00e0 l&rsquo;acier inoxydable. Le PEEK\u2122 est un mati\u00e8re synth\u00e9tique tr\u00e8s rigide avec une excellente capacit\u00e9 de glissement. Sa couleur naturelle est le beige.<\/h5>\n<p>&nbsp;<\/p>\n","protected":false},"featured_media":1329,"template":"","meta":{"_acf_changed":false},"product_brand":[],"product_cat":[217,284],"product_tag":[],"class_list":{"0":"post-5999","1":"product","2":"type-product","3":"status-publish","4":"has-post-thumbnail","6":"product_cat-tuyaux-techniques","7":"product_cat-tuyaux-extrudes","9":"first","10":"instock","11":"shipping-taxable","12":"purchasable","13":"product-type-simple"},"acf":[],"_links":{"self":[{"href":"https:\/\/schupp.ch\/fr\/wp-json\/wp\/v2\/product\/5999","targetHints":{"allow":["GET"]}}],"collection":[{"href":"https:\/\/schupp.ch\/fr\/wp-json\/wp\/v2\/product"}],"about":[{"href":"https:\/\/schupp.ch\/fr\/wp-json\/wp\/v2\/types\/product"}],"wp:featuredmedia":[{"embeddable":true,"href":"https:\/\/schupp.ch\/fr\/wp-json\/wp\/v2\/media\/1329"}],"wp:attachment":[{"href":"https:\/\/schupp.ch\/fr\/wp-json\/wp\/v2\/media?parent=5999"}],"wp:term":[{"taxonomy":"product_brand","embeddable":true,"href":"https:\/\/schupp.ch\/fr\/wp-json\/wp\/v2\/product_brand?post=5999"},{"taxonomy":"product_cat","embeddable":true,"href":"https:\/\/schupp.ch\/fr\/wp-json\/wp\/v2\/product_cat?post=5999"},{"taxonomy":"product_tag","embeddable":true,"href":"https:\/\/schupp.ch\/fr\/wp-json\/wp\/v2\/product_tag?post=5999"}],"curies":[{"name":"wp","href":"https:\/\/api.w.org\/{rel}","templated":true}]}}