{"id":6002,"date":"2024-01-25T09:14:45","date_gmt":"2024-01-25T08:14:45","guid":{"rendered":"https:\/\/schupp.ch\/p\/gaines-thermoretractables-haute-temperature-type-ssptfe\/"},"modified":"2026-01-06T19:49:29","modified_gmt":"2026-01-06T18:49:29","slug":"gaines-thermoretractables-haute-temperature-type-ssptfe","status":"publish","type":"product","link":"https:\/\/schupp.ch\/fr\/p\/gaines-thermoretractables-haute-temperature-type-ssptfe\/","title":{"rendered":"Gaines thermor\u00e9tractables haute temp\u00e9rature Type SSPTFE"},"content":{"rendered":"<p>&nbsp;<\/p>\n<h5><strong>Donn\u00e9es techniques :<\/strong><\/h5>\n<p>&nbsp;<\/p>\n<p><strong>Rapport de r\u00e9train: <\/strong>4 : 1<br \/>\n<strong>Mat\u00e9riau : <\/strong>Polyt\u00e9trafluoro\u00e9thyl\u00e8ne (PTFE) r\u00e9sistance exceptionnelle aux produits chimiques et aux temp\u00e9ratures<br \/>\n<strong>Temp\u00e9rature de service : <\/strong>-67 \u00b0C \u00e0 250 \u00b0C<br \/>\n<strong>Temp\u00e9rature de r\u00e9traction : <\/strong>&gt; 327 \u00b0C<br \/>\n<strong>Inflammabilit\u00e9 : <\/strong>ignifuge<br \/>\n<strong>Applications : <\/strong>a\u00e9ronautique, m\u00e9dical<\/p>\n<p>&nbsp;<\/p>\n<table width=\"643\">\n<tbody>\n<tr>\n<td width=\"255\"><\/td>\n<td width=\"165\"><strong>D\u00e9scription<\/strong><\/td>\n<td width=\"223\"><strong>Donn\u00e9es<\/strong><\/td>\n<\/tr>\n<tr>\n<td width=\"255\">R\u00e9sistance \u00e0 la traction<\/td>\n<td width=\"165\">ASTM D638<\/td>\n<td width=\"223\">&gt; 2500 &#8211; 4000psi<\/td>\n<\/tr>\n<tr>\n<td width=\"255\">Allongement \u00e0 la rupture<\/td>\n<td width=\"165\">ASTM D638<\/td>\n<td width=\"223\">&gt; 225 &#8211; 450%<\/td>\n<\/tr>\n<tr>\n<td width=\"255\">Flexibilit\u00e9 \u00e0 basse temp\u00e9rature<\/td>\n<td width=\"165\">MIL-1-23053<\/td>\n<td width=\"223\">pas de rupture<\/td>\n<\/tr>\n<tr>\n<td width=\"255\">Coefficient de frottement<\/td>\n<td width=\"165\"><\/td>\n<td width=\"223\">0,10<\/td>\n<\/tr>\n<tr>\n<td width=\"255\">R\u00e9sistance au claquage \u00e9lectrique<\/td>\n<td width=\"165\">ASTM D876<\/td>\n<td width=\"223\">&gt; 14 kV\/mm<\/td>\n<\/tr>\n<tr>\n<td width=\"255\">Constante di\u00e9lectrique<\/td>\n<td width=\"165\">ASTM D150<\/td>\n<td width=\"223\">2,05 \u00b1 0,05<\/td>\n<\/tr>\n<tr>\n<td width=\"255\">R\u00e9sistance d&rsquo;isolement<\/td>\n<td width=\"165\">ASTM D876<\/td>\n<td width=\"223\">1018 W\/cm<\/td>\n<\/tr>\n<tr>\n<td width=\"255\">R\u00e9sistance \u00e0 la corrosion (Cuivre )<\/td>\n<td width=\"165\">MIL-1-23053<\/td>\n<td width=\"223\">pas de corrosion<\/td>\n<\/tr>\n<tr>\n<td width=\"255\">Inflammabilit\u00e9<\/td>\n<td width=\"165\">ASTM D876<\/td>\n<td width=\"223\">non inflammable<\/td>\n<\/tr>\n<tr>\n<td width=\"255\">Absorption d&rsquo;eau<\/td>\n<td width=\"165\">ASTM D570<\/td>\n<td width=\"223\">&lt; 0,01%<\/td>\n<\/tr>\n<tr>\n<td width=\"255\">R\u00e9sistance aux liquides agressifs<\/td>\n<td width=\"165\">MIL-1-23053<\/td>\n<td width=\"223\">Aucune modification des propri\u00e9t\u00e9s<\/td>\n<\/tr>\n<\/tbody>\n<\/table>\n<p>&nbsp;<\/p>\n<p><strong>Dimensions<\/strong><\/p>\n<table width=\"643\">\n<tbody>\n<tr>\n<td rowspan=\"2\" width=\"148\"><strong>Num\u00e9ro principal<\/strong><\/td>\n<td width=\"98\"><strong>min.<\/strong><br \/>\n<strong>diam\u00e8tre<\/strong><\/td>\n<td width=\"98\"><strong>max.<\/strong><br \/>\n<strong>Diam\u00e8tre r\u00e9tr\u00e9ci<\/strong><\/td>\n<td width=\"113\"><strong>\u00c9paisseur de paroi apr\u00e8s r\u00e9tr\u00e9cissement<\/strong><\/td>\n<td width=\"186\"><strong>Longueur<\/strong><\/td>\n<\/tr>\n<tr>\n<td width=\"98\"><strong>[mm]<\/strong><\/td>\n<td width=\"98\"><strong>[mm]<\/strong><\/td>\n<td width=\"113\"><strong>[mm]<\/strong><\/td>\n<td width=\"186\"><strong>[m]<\/strong><\/td>\n<\/tr>\n<tr>\n<td width=\"148\"><strong>SSPTFE5\/64&Prime;<\/strong><\/td>\n<td width=\"98\">1,98<\/td>\n<td width=\"98\">0,63<\/td>\n<td width=\"113\">0,23<\/td>\n<td width=\"186\">1,2<\/td>\n<\/tr>\n<tr>\n<td width=\"148\"><strong>SSPTFE1\/8&Prime;<\/strong><\/td>\n<td width=\"98\">3,17<\/td>\n<td width=\"98\">0,94<\/td>\n<td width=\"113\">0,25<\/td>\n<td width=\"186\">1,2<\/td>\n<\/tr>\n<tr>\n<td width=\"148\"><strong>SSPTFE3\/16&Prime;<\/strong><\/td>\n<td width=\"98\">4,75<\/td>\n<td width=\"98\">1,27<\/td>\n<td width=\"113\">0,30<\/td>\n<td width=\"186\">1,2<\/td>\n<\/tr>\n<tr>\n<td width=\"148\"><strong>SSPTFE1\/4&Prime;<\/strong><\/td>\n<td width=\"98\">6,35<\/td>\n<td width=\"98\">1,60<\/td>\n<td width=\"113\">0,30<\/td>\n<td width=\"186\">1,2<\/td>\n<\/tr>\n<tr>\n<td width=\"148\"><strong>SSPTFE3\/8&Prime;<\/strong><\/td>\n<td width=\"98\">9,52<\/td>\n<td width=\"98\">2,44<\/td>\n<td width=\"113\">0,30<\/td>\n<td width=\"186\">1,2<\/td>\n<\/tr>\n<tr>\n<td width=\"148\"><strong>SSPTFE1\/2&Prime;<\/strong><\/td>\n<td width=\"98\">12,70<\/td>\n<td width=\"98\">3,66<\/td>\n<td width=\"113\">0,38<\/td>\n<td width=\"186\">1,2<\/td>\n<\/tr>\n<tr>\n<td width=\"148\"><strong>SSPTFE5\/8&Prime;<\/strong><\/td>\n<td width=\"98\">15,87<\/td>\n<td width=\"98\">4,52<\/td>\n<td width=\"113\">0,38<\/td>\n<td width=\"186\">1,2<\/td>\n<\/tr>\n<tr>\n<td width=\"148\"><strong>SSPTFE3\/4&Prime;<\/strong><\/td>\n<td width=\"98\">19,05<\/td>\n<td width=\"98\">5,69<\/td>\n<td width=\"113\">0,38<\/td>\n<td width=\"186\">1,2<\/td>\n<\/tr>\n<tr>\n<td width=\"148\"><strong>SSPTFE1&Prime;<\/strong><\/td>\n<td width=\"98\">25,40<\/td>\n<td width=\"98\">7,06<\/td>\n<td width=\"113\">0,38<\/td>\n<td width=\"186\">1,2<\/td>\n<\/tr>\n<\/tbody>\n<\/table>\n<p>&nbsp;<\/p>\n<p><strong>Couleur standard :<br \/>\n<\/strong>transparent (tr)<br \/>\nautres couleurs sur demande<\/p>\n<p><strong>No. principal:<\/strong><br \/>\nExample: SSPTFE5\/64\u201cTR<br \/>\nSSPTFE5\/64\u201c = No. principal<br \/>\nTR = Code couleur<\/p>\n<p>&nbsp;<\/p>\n","protected":false},"excerpt":{"rendered":"<p>&nbsp;<\/p>\n<h5>Les gaines thermor\u00e9tractables en PTFE sont principalement utilis\u00e9es dans les domaines de la technologie m\u00e9dicale, de l&rsquo;analyse, des techniques de laboratoire et dans diverses applications industrielles. Elles ont une r\u00e9sistance \u00e9lev\u00e9e aux produits chimiques et \u00e0 la temp\u00e9rature. Les gaines thermor\u00e9tractables en PTFE peuvent \u00e9galement \u00eatre fabriqu\u00e9es avec des \u00e9paisseurs de paroi extr\u00eamement fines.<\/h5>\n<p>&nbsp;<\/p>\n<p>&nbsp;<\/p>\n","protected":false},"featured_media":1341,"template":"","meta":{"_acf_changed":false},"product_brand":[],"product_cat":[217,228],"product_tag":[],"class_list":{"0":"post-6002","1":"product","2":"type-product","3":"status-publish","4":"has-post-thumbnail","6":"product_cat-tuyaux-techniques","7":"product_cat-gaines-thermoretractables","9":"first","10":"instock","11":"shipping-taxable","12":"purchasable","13":"product-type-simple"},"acf":[],"_links":{"self":[{"href":"https:\/\/schupp.ch\/fr\/wp-json\/wp\/v2\/product\/6002","targetHints":{"allow":["GET"]}}],"collection":[{"href":"https:\/\/schupp.ch\/fr\/wp-json\/wp\/v2\/product"}],"about":[{"href":"https:\/\/schupp.ch\/fr\/wp-json\/wp\/v2\/types\/product"}],"wp:featuredmedia":[{"embeddable":true,"href":"https:\/\/schupp.ch\/fr\/wp-json\/wp\/v2\/media\/1341"}],"wp:attachment":[{"href":"https:\/\/schupp.ch\/fr\/wp-json\/wp\/v2\/media?parent=6002"}],"wp:term":[{"taxonomy":"product_brand","embeddable":true,"href":"https:\/\/schupp.ch\/fr\/wp-json\/wp\/v2\/product_brand?post=6002"},{"taxonomy":"product_cat","embeddable":true,"href":"https:\/\/schupp.ch\/fr\/wp-json\/wp\/v2\/product_cat?post=6002"},{"taxonomy":"product_tag","embeddable":true,"href":"https:\/\/schupp.ch\/fr\/wp-json\/wp\/v2\/product_tag?post=6002"}],"curies":[{"name":"wp","href":"https:\/\/api.w.org\/{rel}","templated":true}]}}