{"id":6005,"date":"2024-01-25T09:55:34","date_gmt":"2024-01-25T08:55:34","guid":{"rendered":"https:\/\/schupp.ch\/p\/gaines-thermoretractables-en-elastomere\/"},"modified":"2026-01-06T19:20:29","modified_gmt":"2026-01-06T18:20:29","slug":"gaines-thermoretractables-en-elastomere","status":"publish","type":"product","link":"https:\/\/schupp.ch\/fr\/p\/gaines-thermoretractables-en-elastomere\/","title":{"rendered":"Gaines thermor\u00e9tractables en \u00e9lastom\u00e8re"},"content":{"rendered":"<h5><strong>Donn\u00e9es techniques :<\/strong><\/h5>\n<p>&nbsp;<\/p>\n<p><strong>Type SSED:\u00a0 <\/strong>r\u00e9sistant aux carburants, r\u00e9sistant \u00e0 l&rsquo;abrasion<\/p>\n<p><strong>Mat\u00e9riau : <\/strong>\u00e9lastom\u00e8re<\/p>\n<p><strong>Rapport de r\u00e9train : <\/strong>2 : 1<\/p>\n<p><strong>Temp\u00e9rature de service : <\/strong>-75 \u00b0C \u00e0 150 \u00b0C<\/p>\n<p><strong>Temp\u00e9rature de r\u00e9traction : <\/strong>&gt; 175 \u00b0C<\/p>\n<p><strong>Application : <\/strong>pour prot\u00e9ger les c\u00e2bles dans les environnements charg\u00e9s en carburant<\/p>\n<p>&nbsp;<\/p>\n<table width=\"643\">\n<tbody>\n<tr>\n<td width=\"255\"><\/td>\n<td width=\"165\"><strong>D\u00e9scription<\/strong><\/td>\n<td width=\"223\"><strong>Donn\u00e9es<\/strong><\/td>\n<\/tr>\n<tr>\n<td width=\"255\">R\u00e9sistance \u00e0 la traction<\/td>\n<td width=\"165\">ISO 37<\/td>\n<td width=\"223\">&gt; 14 MPa<\/td>\n<\/tr>\n<tr>\n<td width=\"255\">Allongement \u00e0 la rupture<\/td>\n<td width=\"165\">ISO 37<\/td>\n<td width=\"223\">&gt; 350%<\/td>\n<\/tr>\n<tr>\n<td width=\"255\">Choc thermique<\/td>\n<td width=\"165\">ASTM D2671 (4 h \u00e0 215\u00b0C)<\/td>\n<td width=\"223\">pas de goutte, de rupture ou de fluage<\/td>\n<\/tr>\n<tr>\n<td width=\"255\">Vieillissement thermique R\u00e9sistance \u00e0 la traction<br \/>\nAllongement \u00e0 la rupture<\/td>\n<td width=\"165\">ISO 188 (168 h \u00e0 160\u00b0C)<br \/>\nISO 37<\/td>\n<td width=\"223\">\u00a010 MPa 200%<\/td>\n<\/tr>\n<tr>\n<td width=\"255\">Flexibilit\u00e9 \u00e0 basse temp\u00e9rature<\/td>\n<td width=\"165\">ASTM D2671 (4h \u00e0 -75\u00b0C)<\/td>\n<td width=\"223\">pas de rupture<\/td>\n<\/tr>\n<tr>\n<td width=\"255\">Inflammabilit\u00e9<\/td>\n<td width=\"165\">ASTM D876<\/td>\n<td width=\"223\">pass\u00e9<\/td>\n<\/tr>\n<tr>\n<td width=\"255\">R\u00e9sistance au claquage \u00e9lectrique<\/td>\n<td width=\"165\">IEC 243-1<\/td>\n<td width=\"223\">&gt; 8 kV\/mm<\/td>\n<\/tr>\n<tr>\n<td width=\"255\">R\u00e9sistance \u00e0 la corrosion (Cuivre)<\/td>\n<td width=\"165\">ASTM D2671<\/td>\n<td width=\"223\">pas de corrosion<\/td>\n<\/tr>\n<tr>\n<td width=\"255\">R\u00e9sistance aux liquides agressifs<\/p>\n<blockquote><p>&gt; Diesel, essence, k\u00e9ros\u00e8ne<br \/>\n&gt; Huiles lubrifiantes<br \/>\n<span style=\"font-family: inherit; font-size: inherit;\">&gt; Huiles hydrauliques<br \/>\n<\/span><span style=\"font-family: inherit; font-size: inherit;\">&gt; R\u00e9sistance \u00e0 la traction<br \/>\n<\/span><span style=\"font-family: inherit; font-size: inherit;\">&gt; Allongement \u00e0 la rupture<\/span><\/p><\/blockquote>\n<\/td>\n<td width=\"165\">ISO 1817<\/p>\n<p>ISO 37<\/td>\n<td width=\"223\">&gt;10 MPa<\/p>\n<p>&gt; 300%<\/td>\n<\/tr>\n<tr>\n<td width=\"255\">R\u00e9sistance fongique<\/td>\n<td width=\"165\">BS 2011 Pt 2.1J<\/td>\n<td width=\"223\">pas plus grand que la notation 2<\/td>\n<\/tr>\n<\/tbody>\n<\/table>\n<p>&nbsp;<\/p>\n<p><strong>Homologations<\/strong><\/p>\n<table>\n<tbody>\n<tr>\n<td width=\"633\"><strong>Militaire<\/strong><\/td>\n<\/tr>\n<tr>\n<td width=\"633\">MIL-DTL 23053\/16 VG95343 Pt 5\u00a0 \u00a0\/\u00a0 \u00a0DEF STAN 59-97\u00a0 \u00a0\/\u00a0 \u00a0Type 6B<\/td>\n<\/tr>\n<\/tbody>\n<\/table>\n<p>&nbsp;<\/p>\n<p><strong>Dimensions : <\/strong><\/p>\n<table>\n<tbody>\n<tr>\n<td rowspan=\"2\" width=\"114\"><strong>Num\u00e9ro principal<\/strong><\/td>\n<td colspan=\"2\" width=\"133\"><strong>min. Diam\u00e8tre<\/strong><\/td>\n<td colspan=\"2\" width=\"137\"><strong>max. Diam\u00e8tre <\/strong><strong>r\u00e9tr\u00e9ci<\/strong><\/td>\n<td colspan=\"2\" width=\"137\"><strong>\u00c9paisseur de paroi apr\u00e8s <\/strong><strong>R\u00e9tr\u00e9cissement<\/strong><\/td>\n<td rowspan=\"2\" width=\"110\"><strong>Conditionnement [m]<\/strong><\/td>\n<\/tr>\n<tr>\n<td width=\"64\"><strong>[mm]<\/strong><\/td>\n<td width=\"68\"><strong>[inches]<\/strong><\/td>\n<td width=\"68\"><strong>[mm]<\/strong><\/td>\n<td width=\"68\"><strong>[inches]<\/strong><\/td>\n<td width=\"68\"><strong>[mm]<\/strong><\/td>\n<td width=\"68\"><strong>[inches]<\/strong><\/td>\n<\/tr>\n<tr>\n<td width=\"114\"><strong>SSED1\/8&Prime;<\/strong><\/td>\n<td width=\"64\">3,2<\/td>\n<td width=\"68\">0.125<\/td>\n<td width=\"68\">1,6<\/td>\n<td width=\"68\">0.062<\/td>\n<td width=\"68\">0.76<\/td>\n<td width=\"68\">0.027<\/td>\n<td width=\"110\">50<\/td>\n<\/tr>\n<tr>\n<td width=\"114\"><strong>SSED3\/16&Prime;<\/strong><\/td>\n<td width=\"64\">4,8<\/td>\n<td width=\"68\">0.187<\/td>\n<td width=\"68\">2,4<\/td>\n<td width=\"68\">0.093<\/td>\n<td width=\"68\">0,84<\/td>\n<td width=\"68\">0.033<\/td>\n<td width=\"110\">50<\/td>\n<\/tr>\n<tr>\n<td width=\"114\"><strong>SSED1\/4&Prime;<\/strong><\/td>\n<td width=\"64\">6,4<\/td>\n<td width=\"68\">0.250<\/td>\n<td width=\"68\">3,2<\/td>\n<td width=\"68\">0.125<\/td>\n<td width=\"68\">0,89<\/td>\n<td width=\"68\">0.035<\/td>\n<td width=\"110\">50<\/td>\n<\/tr>\n<tr>\n<td width=\"114\"><strong>SSED3\/8&Prime;<\/strong><\/td>\n<td width=\"64\">9,5<\/td>\n<td width=\"68\">0.375<\/td>\n<td width=\"68\">4,8<\/td>\n<td width=\"68\">0.187<\/td>\n<td width=\"68\">1,02<\/td>\n<td width=\"68\">0.040<\/td>\n<td width=\"110\">50<\/td>\n<\/tr>\n<tr>\n<td width=\"114\"><strong>SSED1\/2&Prime;<\/strong><\/td>\n<td width=\"64\">12,7<\/td>\n<td width=\"68\">0.500<\/td>\n<td width=\"68\">6,4<\/td>\n<td width=\"68\">0.250<\/td>\n<td width=\"68\">1,22<\/td>\n<td width=\"68\">0.048<\/td>\n<td width=\"110\">30<\/td>\n<\/tr>\n<tr>\n<td width=\"114\"><strong>SSED3\/4&Prime;<\/strong><\/td>\n<td width=\"64\">19,0<\/td>\n<td width=\"68\">0.750<\/td>\n<td width=\"68\">9,5<\/td>\n<td width=\"68\">0.375<\/td>\n<td width=\"68\">1,45<\/td>\n<td width=\"68\">0.057<\/td>\n<td width=\"110\">30<\/td>\n<\/tr>\n<tr>\n<td width=\"114\"><strong>SSED1&Prime;<\/strong><\/td>\n<td width=\"64\">25,4<\/td>\n<td width=\"68\">1.000<\/td>\n<td width=\"68\">12,7<\/td>\n<td width=\"68\">0.500<\/td>\n<td width=\"68\">1,78<\/td>\n<td width=\"68\">0.070<\/td>\n<td width=\"110\">30<\/td>\n<\/tr>\n<tr>\n<td width=\"114\"><strong>SSED1-1\/2&Prime;<br \/>\n<\/strong><\/td>\n<td width=\"64\">38,0<\/td>\n<td width=\"68\">1.500<\/td>\n<td width=\"68\">19,1<\/td>\n<td width=\"68\">0.750<\/td>\n<td width=\"68\">2,41<\/td>\n<td width=\"68\">0.095<\/td>\n<td width=\"110\">15<\/td>\n<\/tr>\n<tr>\n<td width=\"114\"><strong>SSED2&Prime;<\/strong><\/td>\n<td width=\"64\">50,8<\/td>\n<td width=\"68\">2.000<\/td>\n<td width=\"68\">25,4<\/td>\n<td width=\"68\">1.000<\/td>\n<td width=\"68\">2,79<\/td>\n<td width=\"68\">0.110<\/td>\n<td width=\"110\">22<\/td>\n<\/tr>\n<\/tbody>\n<\/table>\n<p>&nbsp;<\/p>\n<p><strong>Couleur standard : <\/strong><\/p>\n<p>noir (sw)<\/p>\n<p>&nbsp;<\/p>\n","protected":false},"excerpt":{"rendered":"<p>&nbsp;<\/p>\n<h5>Cette gaine thermor\u00e9tractable en \u00e9lastom\u00e8re irradi\u00e9 est tr\u00e8s r\u00e9sistante aux contraintes m\u00e9caniques. Elle offre \u00e9galement une r\u00e9sistance durable au diesel, aux fluides hydrauliques et aux produits chimiques. Gr\u00e2ce \u00e0 ces propri\u00e9t\u00e9s, elle est id\u00e9ale pour une utilisation dans les domaines a\u00e9rospatial et militaire.<\/h5>\n<p>&nbsp;<\/p>\n","protected":false},"featured_media":1346,"template":"","meta":{"_acf_changed":false},"product_brand":[],"product_cat":[217,228],"product_tag":[],"class_list":{"0":"post-6005","1":"product","2":"type-product","3":"status-publish","4":"has-post-thumbnail","6":"product_cat-tuyaux-techniques","7":"product_cat-gaines-thermoretractables","9":"first","10":"instock","11":"shipping-taxable","12":"purchasable","13":"product-type-simple"},"acf":[],"_links":{"self":[{"href":"https:\/\/schupp.ch\/fr\/wp-json\/wp\/v2\/product\/6005","targetHints":{"allow":["GET"]}}],"collection":[{"href":"https:\/\/schupp.ch\/fr\/wp-json\/wp\/v2\/product"}],"about":[{"href":"https:\/\/schupp.ch\/fr\/wp-json\/wp\/v2\/types\/product"}],"wp:featuredmedia":[{"embeddable":true,"href":"https:\/\/schupp.ch\/fr\/wp-json\/wp\/v2\/media\/1346"}],"wp:attachment":[{"href":"https:\/\/schupp.ch\/fr\/wp-json\/wp\/v2\/media?parent=6005"}],"wp:term":[{"taxonomy":"product_brand","embeddable":true,"href":"https:\/\/schupp.ch\/fr\/wp-json\/wp\/v2\/product_brand?post=6005"},{"taxonomy":"product_cat","embeddable":true,"href":"https:\/\/schupp.ch\/fr\/wp-json\/wp\/v2\/product_cat?post=6005"},{"taxonomy":"product_tag","embeddable":true,"href":"https:\/\/schupp.ch\/fr\/wp-json\/wp\/v2\/product_tag?post=6005"}],"curies":[{"name":"wp","href":"https:\/\/api.w.org\/{rel}","templated":true}]}}